{"id":43,"date":"2019-10-07T18:05:22","date_gmt":"2019-10-07T16:05:22","guid":{"rendered":"https:\/\/www.oaxaca.gob.mx\/jefatura\/?page_id=43"},"modified":"2022-09-21T13:19:12","modified_gmt":"2022-09-21T18:19:12","slug":"mision-vision-y-objetivos","status":"publish","type":"page","link":"https:\/\/www.oaxaca.gob.mx\/sed\/mision-vision-y-objetivos\/","title":{"rendered":"Misi\u00f3n, Visi\u00f3n y Objetivos"},"content":{"rendered":"<div>\n<div class=\"fav-custom-content-wrap\">\n<h3>Misi\u00f3n<\/h3>\n<hr \/>\n<p>Somos un \u00f3rgano desconcentrado creado para impulsar y fortalecer la gesti\u00f3n gubernamental orientada a resultados, a trav\u00e9s del seguimiento, evaluaci\u00f3n e integraci\u00f3n de informes sobre el desempe\u00f1o de la Administraci\u00f3n P\u00fablica Estatal, a fin de contribuir a la mejora continua de las pol\u00edticas p\u00fablicas en favor del desarrollo de la entidad.<\/p>\n<h3>Visi\u00f3n<\/h3>\n<hr \/>\n<p>Ser una instancia estrat\u00e9gica para el desarrollo del estado, por su contribuci\u00f3n sustantiva a la mejora continua de las pol\u00edticas, programas y acciones de la Administraci\u00f3n P\u00fablica Estatal, a trav\u00e9s de la consistencia y rigor t\u00e9cnico en la integraci\u00f3n, generaci\u00f3n y utilizaci\u00f3n de la informaci\u00f3n de desempe\u00f1o.<\/p>\n<h3>Objetivos<\/h3>\n<hr>\n<p>Evaluar y dar seguimiento a las pol\u00edticas, programas y acciones a cargo de las dependencias y entidades de la Administraci\u00f3n P\u00fablica Estatal, mediante la implementaci\u00f3n del Sistema de Evaluaci\u00f3n del Desempe\u00f1o y la integraci\u00f3n de informes sobre la situaci\u00f3n que guarda el Ejecutivo Estatal, para la mejora continua y logro de resultados de la gesti\u00f3n gubernamental.<\/p>\n<\/div>\n<\/div>\n","protected":false},"excerpt":{"rendered":"<p>Misi\u00f3n Somos un \u00f3rgano desconcentrado creado para impulsar y fortalecer la gesti\u00f3n gubernamental orientada a resultados, a trav\u00e9s del seguimiento, evaluaci\u00f3n e integraci\u00f3n de informes sobre el desempe\u00f1o de la Administraci\u00f3n P\u00fablica Estatal, a fin de contribuir a la mejora continua de las pol\u00edticas p\u00fablicas en favor del desarrollo de la entidad. Visi\u00f3n Ser una [&hellip;]<\/p>\n","protected":false},"author":1,"featured_media":0,"parent":0,"menu_order":0,"comment_status":"closed","ping_status":"closed","template":"","meta":{"episode_type":"","audio_file":"","podmotor_file_id":"","podmotor_episode_id":"","cover_image":"","cover_image_id":"","duration":"","filesize":"","filesize_raw":"","date_recorded":"","explicit":"","block":"","itunes_episode_number":"","itunes_title":"","itunes_season_number":"","itunes_episode_type":"","footnotes":""},"categories":[],"tags":[],"class_list":["post-43","page","type-page","status-publish","hentry"],"acf":[],"publishpress_future_action":{"enabled":false,"date":"2026-05-10 02:50:00","action":"change-status","newStatus":"draft","terms":[],"taxonomy":"category","extraData":[]},"publishpress_future_workflow_manual_trigger":{"enabledWorkflows":[]},"_links":{"self":[{"href":"https:\/\/www.oaxaca.gob.mx\/sed\/wp-json\/wp\/v2\/pages\/43","targetHints":{"allow":["GET"]}}],"collection":[{"href":"https:\/\/www.oaxaca.gob.mx\/sed\/wp-json\/wp\/v2\/pages"}],"about":[{"href":"https:\/\/www.oaxaca.gob.mx\/sed\/wp-json\/wp\/v2\/types\/page"}],"author":[{"embeddable":true,"href":"https:\/\/www.oaxaca.gob.mx\/sed\/wp-json\/wp\/v2\/users\/1"}],"replies":[{"embeddable":true,"href":"https:\/\/www.oaxaca.gob.mx\/sed\/wp-json\/wp\/v2\/comments?post=43"}],"version-history":[{"count":7,"href":"https:\/\/www.oaxaca.gob.mx\/sed\/wp-json\/wp\/v2\/pages\/43\/revisions"}],"predecessor-version":[{"id":1885,"href":"https:\/\/www.oaxaca.gob.mx\/sed\/wp-json\/wp\/v2\/pages\/43\/revisions\/1885"}],"wp:attachment":[{"href":"https:\/\/www.oaxaca.gob.mx\/sed\/wp-json\/wp\/v2\/media?parent=43"}],"wp:term":[{"taxonomy":"category","embeddable":true,"href":"https:\/\/www.oaxaca.gob.mx\/sed\/wp-json\/wp\/v2\/categories?post=43"},{"taxonomy":"post_tag","embeddable":true,"href":"https:\/\/www.oaxaca.gob.mx\/sed\/wp-json\/wp\/v2\/tags?post=43"}],"curies":[{"name":"wp","href":"https:\/\/api.w.org\/{rel}","templated":true}]}}