{"id":429,"date":"2019-11-25T19:25:02","date_gmt":"2019-11-25T18:25:02","guid":{"rendered":"https:\/\/www.oaxaca.gob.mx\/jefatura\/?page_id=429"},"modified":"2021-12-15T11:40:43","modified_gmt":"2021-12-15T17:40:43","slug":"marco-conceptual","status":"publish","type":"page","link":"https:\/\/www.oaxaca.gob.mx\/sed\/marco-conceptual\/","title":{"rendered":"Marco Conceptual"},"content":{"rendered":"<nav style=\"margin-bottom: 30px\">\n<div id=\"nav-tab\" class=\"nav nav-tabs\" role=\"tablist\"><a id=\"nav_tab_uno\" class=\"nav-item nav-link active\" role=\"tab\" href=\"#nav_uno\" data-toggle=\"tab\">GpR<\/a><br \/>\n<a id=\"nav_tab_dos\" class=\"nav-item nav-link\" role=\"tab\" href=\"#nav_dos\" data-toggle=\"tab\">PbR<\/a><br \/>\n<a id=\"nav_tab_tres\" class=\"nav-item nav-link\" role=\"tab\" href=\"#nav_tres\" data-toggle=\"tab\">SED<\/a><br \/>\n<a id=\"nav_tab_cuatro\" class=\"nav-item nav-link\" role=\"tab\" href=\"#nav_cuatro\" data-toggle=\"tab\">Beneficios<\/a><br \/>\n<a id=\"nav_tab_cinco\" class=\"nav-item nav-link\" role=\"tab\" href=\"#nav_cinco\" data-toggle=\"tab\">Retos<\/a><br \/>\n<a id=\"nav_tab_seis\" class=\"nav-item nav-link\" role=\"tab\" href=\"#nav_seis\" data-toggle=\"tab\">Actores<\/a><\/div>\n<\/nav>\n<div id=\"nav-tabContent\" class=\"tab-content\">\n<div id=\"nav_uno\" class=\"tab-pane fade show active\" role=\"tabpanel\" aria-labelledby=\"nav_tab_uno\">\n<h4>Gesti\u00f3n para Resultados<\/h4>\n<p>Modelo de cultura organizacional, directiva y de gesti\u00f3n que pone \u00e9nfasis en los resultados m\u00e1s que en procedimientos; cobra mayor relevancia los impacto de la gesti\u00f3n en la vida de la poblaci\u00f3n, es decir, la creaci\u00f3n de valor p\u00fablico<\/p>\n<\/div>\n<div id=\"nav_dos\" class=\"tab-pane fade\" role=\"tabpanel\" aria-labelledby=\"nav_tab_dos\">\n<h4>Presupuesto basado en Resultados<\/h4>\n<p>Procesos e instrumentos que permiten que las decisiones de presupuesto consideren los resultados obtenidos y esperados de la aplicaci\u00f3n de los recursos p\u00fablicos y que a su vez, incentiven su logro a las instituciones p\u00fablicas.<\/p>\n<\/div>\n<div id=\"nav_tres\" class=\"tab-pane fade\" role=\"tabpanel\" aria-labelledby=\"nav_tab_tres\">\n<h4>Sistema de Evaluaci\u00f3n del Desempe\u00f1o<\/h4>\n<p>Permite realizar una valoraci\u00f3n objetiva del desempe\u00f1o de los programas a partir de la verificaci\u00f3n del grado de cumplimiento de metas y objetivos, as\u00ed como el impacto social de las pol\u00edticas, programas y de los proyectos.<br \/>\n<a href=\"http:\/\/www.jefaturadelagubernatura.oaxaca.gob.mx\/files\/pdf\/conceptual\/formato_enlace.docx\">Formato de Enlace<\/a><\/p>\n<\/div>\n<div id=\"nav_cuatro\" class=\"tab-pane fade\" role=\"tabpanel\" aria-labelledby=\"nav_tab_cuatro\">\n<h4>Beneficios<\/h4>\n<ul class=\"listas-geo\">\n<li>Mejorar la calidad del gasto mediante la productividad y eficiencia de los procesos gubernamentales<\/li>\n<li>Conocer resultados del ejercicio de los recursos y el impacto social de los programas<\/li>\n<li>Identificar y atender \u00e1reas de oportunidad para la mejora del desempe\u00f1o de las pol\u00edticas y programas.<\/li>\n<li>Permite el aprendizaje y la toma de desiciones informada.<\/li>\n<\/ul>\n<\/div>\n<div id=\"nav_cinco\" class=\"tab-pane fade\" role=\"tabpanel\" aria-labelledby=\"nav_tab_cinco\">\n<h4>Principales retos<\/h4>\n<ul class=\"listas-geo\">\n<li>Adecuaciones normativas, planeaci\u00f3n y dise\u00f1o de pol\u00edticas p\u00fablicas<\/li>\n<li>Creaci\u00f3n de infraestructura institucional orientada a la GpR<\/li>\n<li>Proceso gradual de apropiaci\u00f3n y desarrollo de capacidad institucional<\/li>\n<li>Generaci\u00f3n y sistematizaci\u00f3n de informaci\u00f3n del desempe\u00f1o para la toma de decisiones<\/li>\n<\/ul>\n<\/div>\n<div id=\"nav_seis\" class=\"tab-pane fade\" role=\"tabpanel\" aria-labelledby=\"nav_tab_seis\">\n<h4>Actores<\/h4>\n<ul class=\"listas-geo\">\n<li>Secretar\u00eda de Finanzas<\/li>\n<li>Secretar\u00eda de Administraci\u00f3n<\/li>\n<li>Secretar\u00eda de Contralor\u00eda y Transparencia Gubernamental<\/li>\n<li>Jefatura de la Gubernatura<\/li>\n<li>Dependencias y entidades ejecutoras<\/li>\n<\/ul>\n<\/div>\n<\/div>\n","protected":false},"excerpt":{"rendered":"<p>GpR PbR SED Beneficios Retos Actores Gesti\u00f3n para Resultados Modelo de cultura organizacional, directiva y de gesti\u00f3n que pone \u00e9nfasis en los resultados m\u00e1s que en procedimientos; cobra mayor relevancia los impacto de la gesti\u00f3n en la vida de la poblaci\u00f3n, es decir, la creaci\u00f3n de valor p\u00fablico Presupuesto basado en Resultados Procesos e instrumentos [&hellip;]<\/p>\n","protected":false},"author":1,"featured_media":0,"parent":0,"menu_order":0,"comment_status":"closed","ping_status":"closed","template":"","meta":{"episode_type":"","audio_file":"","podmotor_file_id":"","podmotor_episode_id":"","cover_image":"","cover_image_id":"","duration":"","filesize":"","filesize_raw":"","date_recorded":"","explicit":"","block":"","itunes_episode_number":"","itunes_title":"","itunes_season_number":"","itunes_episode_type":"","footnotes":""},"categories":[],"tags":[],"class_list":["post-429","page","type-page","status-publish","hentry"],"acf":[],"publishpress_future_action":{"enabled":false,"date":"2026-05-10 02:50:00","action":"change-status","newStatus":"draft","terms":[],"taxonomy":"category","extraData":[]},"publishpress_future_workflow_manual_trigger":{"enabledWorkflows":[]},"_links":{"self":[{"href":"https:\/\/www.oaxaca.gob.mx\/sed\/wp-json\/wp\/v2\/pages\/429","targetHints":{"allow":["GET"]}}],"collection":[{"href":"https:\/\/www.oaxaca.gob.mx\/sed\/wp-json\/wp\/v2\/pages"}],"about":[{"href":"https:\/\/www.oaxaca.gob.mx\/sed\/wp-json\/wp\/v2\/types\/page"}],"author":[{"embeddable":true,"href":"https:\/\/www.oaxaca.gob.mx\/sed\/wp-json\/wp\/v2\/users\/1"}],"replies":[{"embeddable":true,"href":"https:\/\/www.oaxaca.gob.mx\/sed\/wp-json\/wp\/v2\/comments?post=429"}],"version-history":[{"count":1,"href":"https:\/\/www.oaxaca.gob.mx\/sed\/wp-json\/wp\/v2\/pages\/429\/revisions"}],"predecessor-version":[{"id":1471,"href":"https:\/\/www.oaxaca.gob.mx\/sed\/wp-json\/wp\/v2\/pages\/429\/revisions\/1471"}],"wp:attachment":[{"href":"https:\/\/www.oaxaca.gob.mx\/sed\/wp-json\/wp\/v2\/media?parent=429"}],"wp:term":[{"taxonomy":"category","embeddable":true,"href":"https:\/\/www.oaxaca.gob.mx\/sed\/wp-json\/wp\/v2\/categories?post=429"},{"taxonomy":"post_tag","embeddable":true,"href":"https:\/\/www.oaxaca.gob.mx\/sed\/wp-json\/wp\/v2\/tags?post=429"}],"curies":[{"name":"wp","href":"https:\/\/api.w.org\/{rel}","templated":true}]}}