{"id":388,"date":"2019-10-18T21:49:46","date_gmt":"2019-10-18T19:49:46","guid":{"rendered":"https:\/\/www.oaxaca.gob.mx\/jefatura\/?page_id=388"},"modified":"2020-07-06T17:06:31","modified_gmt":"2020-07-06T22:06:31","slug":"detalle-dci","status":"publish","type":"page","link":"https:\/\/www.oaxaca.gob.mx\/sed\/detalle-dci\/","title":{"rendered":"Desarrollo de Capacidad Institucional"},"content":{"rendered":"<nav style=\"margin-bottom: 30px\">\n<div id=\"nav-tab\" class=\"nav nav-tabs\" role=\"tablist\"><a id=\"nav_tab_uno\" class=\"nav-item nav-link active\" role=\"tab\" href=\"#nav_uno\" data-toggle=\"tab\">Programas Anuales de Capacitaci\u00f3n<\/a><br \/>\n<a id=\"nav_tab_dos\" class=\"nav-item nav-link\" role=\"tab\" href=\"#nav_dos\" data-toggle=\"tab\">Material de apoyo<\/a><br \/>\n<a id=\"nav_tab_tres\" class=\"nav-item nav-link\" role=\"tab\" href=\"#nav_tres\" data-toggle=\"tab\">Detecci\u00f3n de Necesidades de Capacitaci\u00f3n de las UR<\/a><\/div>\n<\/nav>\n<div id=\"nav-tabContent\" class=\"tab-content\">\n<div id=\"nav_uno\" class=\"tab-pane fade show active\" role=\"tabpanel\" aria-labelledby=\"nav_tab_uno\">\n<h4>Programas Anuales de Capacitaci\u00f3n (PAC)<\/h4>\n<table class=\"tablepress dataTable\" style=\"width:100%;\">\r\n    <thead>\r\n        <tr>\r\n            <th style=\"width:20px\">No.<\/th>\r\n            <th>Programa<\/th>\r\n            <th style=\"width:80px\">Descarga<\/th>\r\n        <\/tr>\r\n    <\/thead>\r\n    <tbody>\r\n        <tr>\r\n            <td>1<\/td>\r\n            <td>PAC 2012<\/td>\r\n            <td>\r\n                <a href=\"https:\/\/www.oaxaca.gob.mx\/dgite\/wp-content\/uploads\/sites\/77\/2022\/11\/PAC_2012.pdf\" target=\"_blank\" rel=\"noopener noreferrer\">\r\n                    <i class=\"fa fa-download\"><\/i>\r\n                <\/a>\r\n            <\/td>\r\n        <\/tr>\r\n        <tr>\r\n            <td>2<\/td>\r\n            <td>PAC 2013<\/td>\r\n            <td>\r\n                <a href=\"https:\/\/www.oaxaca.gob.mx\/dgite\/wp-content\/uploads\/sites\/77\/2022\/11\/PAC_2013.pdf\" target=\"_blank\" rel=\"noopener noreferrer\">\r\n                    <i class=\"fa fa-download\"><\/i>\r\n                <\/a>\r\n            <\/td>\r\n        <\/tr>\r\n        <tr>\r\n            <td>3<\/td>\r\n            <td>PAC 2014<\/td>\r\n            <td>\r\n                <a href=\"https:\/\/www.oaxaca.gob.mx\/dgite\/wp-content\/uploads\/sites\/77\/2022\/11\/PAC_2014.pdf\" target=\"_blank\" rel=\"noopener noreferrer\">\r\n                    <i class=\"fa fa-download\"><\/i>\r\n                <\/a>\r\n            <\/td>\r\n        <\/tr>\r\n        <tr>\r\n            <td>4<\/td>\r\n            <td>PAC 2015<\/td>\r\n            <td>\r\n                <a href=\"https:\/\/www.oaxaca.gob.mx\/dgite\/wp-content\/uploads\/sites\/77\/2022\/11\/PAC_2015.pdf\" target=\"_blank\" rel=\"noopener noreferrer\">\r\n                    <i class=\"fa fa-download\"><\/i>\r\n                <\/a>\r\n            <\/td>\r\n        <\/tr>\r\n        <tr>\r\n            <td>5<\/td>\r\n            <td>PAC 2016<\/td>\r\n            <td>\r\n                <a href=\"https:\/\/www.oaxaca.gob.mx\/dgite\/wp-content\/uploads\/sites\/77\/2022\/11\/PAC_2016.pdf\" target=\"_blank\" rel=\"noopener noreferrer\">\r\n                    <i class=\"fa fa-download\"><\/i>\r\n                <\/a>\r\n            <\/td>\r\n        <\/tr>\r\n        <tr>\r\n            <td>6<\/td>\r\n            <td>PAC 2017<\/td>\r\n            <td>\r\n                <a href=\"https:\/\/www.oaxaca.gob.mx\/dgite\/wp-content\/uploads\/sites\/77\/2022\/11\/PAC_2017.pdf\" target=\"_blank\" rel=\"noopener noreferrer\">\r\n                    <i class=\"fa fa-download\"><\/i>\r\n                <\/a>\r\n            <\/td>\r\n        <\/tr>\r\n        <tr>\r\n            <td>7<\/td>\r\n            <td>PAC 2018<\/td>\r\n            <td>\r\n                <a href=\"https:\/\/www.oaxaca.gob.mx\/dgite\/wp-content\/uploads\/sites\/77\/2022\/11\/PAC_2018.pdf\" target=\"_blank\" rel=\"noopener noreferrer\">\r\n                    <i class=\"fa fa-download\"><\/i>\r\n                <\/a>\r\n            <\/td>\r\n        <\/tr>\r\n\t\t<tr>\r\n            <td>8<\/td>\r\n            <td>PAC 2019<\/td>\r\n            <td>\r\n                <a href=\"https:\/\/www.oaxaca.gob.mx\/dgite\/wp-content\/uploads\/sites\/77\/2022\/11\/PAC_2019.pdf\" target=\"_blank\" rel=\"noopener noreferrer\">\r\n                    <i class=\"fa fa-download\"><\/i>\r\n                <\/a>\r\n            <\/td>\r\n        <\/tr>\r\n\t\t<tr>\r\n            <td>9<\/td>\r\n            <td>PAC 2022<\/td>\r\n            <td>\r\n                <a href=\"https:\/\/www.oaxaca.gob.mx\/dgite\/wp-content\/uploads\/sites\/77\/2022\/10\/Programa-Anual-de-Capacitacion-PAC-2022.pdf\" target=\"_blank\" rel=\"noopener noreferrer\">\r\n                    <i class=\"fa fa-download\"><\/i>\r\n                <\/a>\r\n            <\/td>\r\n        <\/tr>\r\n\t\t\r\n    <\/tbody>\r\n<\/table>\n<h4>Informe de Ejecuci\u00f3n<\/h4>\n<table class=\"tablepress dataTable\" style=\"width:100%;\">\r\n    <thead>\r\n        <tr>\r\n            <th style=\"width:20px\">No.<\/th>\r\n            <th>Programa<\/th>\r\n            <th style=\"width:80px\">Descarga<\/th>\r\n        <\/tr>\r\n    <\/thead>\r\n    <tbody>\r\n        <tr>\r\n            <td>1<\/td>\r\n            <td>Informe PAC 2019<\/td>\r\n            <td>\r\n                <a href=\"https:\/\/www.oaxaca.gob.mx\/jefatura\/wp-content\/uploads\/sites\/77\/2020\/07\/INFORME_PAC_2019.pdf\" target=\"_blank\" rel=\"noopener noreferrer\">\r\n                    <i class=\"fa fa-download\"><\/i>\r\n                <\/a>\r\n            <\/td>\r\n        <\/tr>\r\n    <\/tbody>\r\n<\/table>\n<\/div>\n<div id=\"nav_dos\" class=\"tab-pane fade\" role=\"tabpanel\" aria-labelledby=\"nav_tab_dos\">\n<h4>Material de Apoyo<\/h4>\n<h3>Lineamientos de la SEDESOH<\/h3><br>\r\n<table class=\"tablepress dataTable\" style=\"width:100%;\">\r\n    <thead>\r\n        <tr>\r\n            <th style=\"width:20px\">No.<\/th>\r\n            <th>Documento<\/th>\r\n            <th style=\"width:80px\">Descarga<\/th>\r\n        <\/tr>\r\n    <\/thead>\r\n    <tbody>\r\n        <tr>\r\n            <td>1<\/td>\r\n            <td>Lineamientos para la conformaci\u00f3n de las Reglas de Operaci\u00f3n de Programas de Desarrollo Social, y la integraci\u00f3n y administraci\u00f3n del Padr\u00f3n \u00danico de Beneficiarios<\/td>\r\n            <td>\r\n                <a href=\"https:\/\/www.oaxaca.gob.mx\/dgite\/wp-content\/uploads\/sites\/77\/2022\/11\/Lineamientos_ROP_y_PUB_SEDESOH.pdf\" target=\"_blank\">\r\n                    <i class=\"fa fa-download\"><\/i>\r\n                <\/a>\r\n            <\/td>\r\n        <\/tr>\r\n    <\/tbody>\r\n<\/table>\r\n<p>\r\n    \u00a0<\/p>\r\n<h3>Gu\u00edas CONEVAL<\/h3><br>\r\n<table class=\"tablepress dataTable\" style=\"width:100%;\">\r\n    <thead>\r\n        <tr>\r\n            <th style=\"width:20px\">No.<\/th>\r\n            <th>Documento<\/th>\r\n            <th style=\"width:80px\">Descarga<\/th>\r\n        <\/tr>\r\n    <\/thead>\r\n    <tbody>\r\n        <tr>\r\n            <td>1<\/td>\r\n            <td>Manual para el Dise\u00f1o y Construcci\u00f3n de Indicadores<\/td>\r\n            <td>\r\n                <a href=\"https:\/\/www.oaxaca.gob.mx\/dgite\/wp-content\/uploads\/sites\/77\/2022\/11\/CONEVAL_MANUAL_PARA_EL_DISENO_Y_CONTRUCCION_DE_INDICADORES.pdf\" target=\"_blank\">\r\n                    <i class=\"fa fa-download\"><\/i>\r\n                <\/a>\r\n            <\/td>\r\n        <\/tr>\r\n        <tr>\r\n            <td>2<\/td>\r\n            <td>Gu\u00eda para la Elaboraci\u00f3n de Matriz de Indicadores<\/td>\r\n            <td>\r\n                <a href=\"https:\/\/www.oaxaca.gob.mx\/dgite\/wp-content\/uploads\/sites\/77\/2022\/11\/CONEVAL_GUIA_PARA_LA_ELABORACION_DE_MATRIZ_DE_INDICADORES.pdf\" target=\"_blank\">\r\n                    <i class=\"fa fa-download\"><\/i>\r\n                <\/a>\r\n            <\/td>\r\n        <\/tr>\r\n    <\/tbody>\r\n<\/table>\r\n<p>\r\n    \u00a0<\/p>\r\n<h3>Gu\u00edas Secretar\u00eda de Hacienda y Cr\u00e9dito P\u00fablico<\/h3><br>\r\n<table class=\"tablepress dataTable\" style=\"width:100%;\">\r\n    <thead>\r\n        <tr>\r\n            <th style=\"width:20px\">No.<\/th>\r\n            <th>Documento<\/th>\r\n            <th style=\"width:80px\">Descarga<\/th>\r\n        <\/tr>\r\n    <\/thead>\r\n    <tbody>\r\n        <tr>\r\n            <td>1<\/td>\r\n            <td>Gu\u00eda para el dise\u00f1o de Indicadores Estrat\u00e9gicos<\/td>\r\n            <td>\r\n                <a href=\"https:\/\/www.oaxaca.gob.mx\/dgite\/wp-content\/uploads\/sites\/77\/2022\/11\/SHCP_Guia_Indicadores.pdf\" target=\"_blank\">\r\n                    <i class=\"fa fa-download\"><\/i>\r\n                <\/a>\r\n            <\/td>\r\n        <\/tr>\r\n        <tr>\r\n            <td>2<\/td>\r\n            <td>Gu\u00eda para la construcci\u00f3n de la Matriz de Indicadores para Resultados<\/td>\r\n            <td>\r\n                <a href=\"https:\/\/www.oaxaca.gob.mx\/dgite\/wp-content\/uploads\/sites\/77\/2022\/11\/SHCP_Guia_Construccion_Matriz_Indicadores_Resultados.pdf\" target=\"_blank\">\r\n                    <i class=\"fa fa-download\"><\/i>\r\n                <\/a>\r\n            <\/td>\r\n        <\/tr>\r\n    <\/tbody>\r\n<\/table>\r\n<p>\r\n    \u00a0<\/p>\r\n<h3>Presentaciones<\/h3><br>\r\n<table class=\"tablepress dataTable\" style=\"width:100%;\">\r\n    <thead>\r\n        <tr>\r\n            <th style=\"width:20px\">No.<\/th>\r\n            <th>Documento<\/th>\r\n            <th style=\"width:80px\">Descarga<\/th>\r\n        <\/tr>\r\n    <\/thead>\r\n    <tbody>\r\n        <tr>\r\n            <td>1<\/td>\r\n            <td>Metodolog\u00eda del Marco L\u00f3gico<\/td>\r\n            <td>\r\n                <a href=\"https:\/\/www.oaxaca.gob.mx\/dgite\/wp-content\/uploads\/sites\/77\/2022\/11\/Presupuesto-PresentacionMMLyMIR-Agosto2014.pdf\" target=\"_blank\">\r\n                    <i class=\"fa fa-download\"><\/i>\r\n                <\/a>\r\n            <\/td>\r\n        <\/tr>\r\n        <tr>\r\n            <td>2<\/td>\r\n            <td>Dise\u00f1o de Indicadores de Desempe\u00f1o<\/td>\r\n            <td>\r\n                <a href=\"https:\/\/www.oaxaca.gob.mx\/dgite\/wp-content\/uploads\/sites\/77\/2022\/11\/Presupuesto-PresentacionMMLIndicadores19092014.pdf\" target=\"_blank\">\r\n                    <i class=\"fa fa-download\"><\/i>\r\n                <\/a>\r\n            <\/td>\r\n        <\/tr>\r\n    <\/tbody>\r\n<\/table>\r\n<p>\r\n    \u00a0<\/p>\r\n<h3>Material de apoyo para el proceso presupuestal 2016<\/h3><br>\r\n<table class=\"tablepress dataTable\" style=\"width:100%;\">\r\n    <thead>\r\n        <tr>\r\n            <th style=\"width:20px\">No.<\/th>\r\n            <th>Documento<\/th>\r\n            <th style=\"width:80px\">Descarga<\/th>\r\n        <\/tr>\r\n    <\/thead>\r\n    <tbody>\r\n        <tr>\r\n            <td>1<\/td>\r\n            <td>Presentaci\u00f3n<\/td>\r\n            <td>\r\n                <a href=\"https:\/\/www.oaxaca.gob.mx\/dgite\/wp-content\/uploads\/sites\/77\/2022\/11\/PresentacionMIR2016.pdf\" target=\"_blank\">\r\n                    <i class=\"fa fa-download\"><\/i>\r\n                <\/a>\r\n            <\/td>\r\n        <\/tr>\r\n        <tr>\r\n            <td>2<\/td>\r\n            <td>Formato MIR<\/td>\r\n            <td>\r\n                <a href=\"https:\/\/www.oaxaca.gob.mx\/dgite\/wp-content\/uploads\/sites\/77\/2022\/11\/FormatoMIR.xlsx\" target=\"_self\">\r\n                    <i class=\"fa fa-download\"><\/i>\r\n                <\/a>\r\n            <\/td>\r\n        <\/tr>\r\n        <tr>\r\n            <td>3<\/td>\r\n            <td>Instrumento de revisi\u00f3n<\/td>\r\n            <td>\r\n                <a href=\"https:\/\/www.oaxaca.gob.mx\/dgite\/wp-content\/uploads\/sites\/77\/2022\/11\/InstrumentoRevision.xlsx\" target=\"_self\">\r\n                    <i class=\"fa fa-download\"><\/i>\r\n                <\/a>\r\n            <\/td>\r\n        <\/tr>\r\n        <tr>\r\n            <td>4<\/td>\r\n            <td>Ficha de verificaci\u00f3n para la construcci\u00f3n de la MIR<\/td>\r\n            <td>\r\n                <a href=\"https:\/\/www.oaxaca.gob.mx\/dgite\/wp-content\/uploads\/sites\/77\/2022\/11\/InstrumentosRevisionMIR.pdf\" target=\"_blank\">\r\n                    <i class=\"fa fa-download\"><\/i>\r\n                <\/a>\r\n            <\/td>\r\n        <\/tr>\r\n        <tr>\r\n            <td>5<\/td>\r\n            <td>Ficha de verificaci\u00f3n para la construcci\u00f3n de indicadores<\/td>\r\n            <td>\r\n                <a href=\"https:\/\/www.oaxaca.gob.mx\/dgite\/wp-content\/uploads\/sites\/77\/2022\/11\/InstrumentosRevisionIndicador.pdf\" target=\"_blank\">\r\n                    <i class=\"fa fa-download\"><\/i>\r\n                <\/a>\r\n            <\/td>\r\n        <\/tr>\r\n        <tr>\r\n            <td>6<\/td>\r\n            <td>M\u00e9todo de Dise\u00f1o Inverso<\/td>\r\n            <td>\r\n                <a href=\"https:\/\/www.oaxaca.gob.mx\/dgite\/wp-content\/uploads\/sites\/77\/2022\/11\/MDI.pdf\" target=\"_blank\">\r\n                    <i class=\"fa fa-download\"><\/i>\r\n                <\/a>\r\n            <\/td>\r\n        <\/tr>\r\n        <tr>\r\n            <td>7<\/td>\r\n            <td>Gu\u00eda de registro de la Matriz de Indicadores para Resultados y Reporte de Avance de Gesti\u00f3n<\/td>\r\n            <td>\r\n                <a href=\"https:\/\/www.oaxaca.gob.mx\/dgite\/wp-content\/uploads\/sites\/77\/2022\/11\/GUIA_REGISTRO_MIR_AVANCE_GESTION.pdf\" target=\"_blank\">\r\n                    <i class=\"fa fa-download\"><\/i>\r\n                <\/a>\r\n            <\/td>\r\n        <\/tr>\r\n    <\/tbody>\r\n<\/table>\r\n<p>\r\n    \u00a0<\/p>\r\n<h3>Campa\u00f1a term\u00f3metro de \"Mis derechos\"<\/h3><br>\r\n<table class=\"tablepress dataTable\" style=\"width:100%;\">\r\n    <thead>\r\n        <tr>\r\n            <th style=\"width:20px\">No.<\/th>\r\n            <th>Documento<\/th>\r\n            <th style=\"width:80px\">Descarga<\/th>\r\n        <\/tr>\r\n    <\/thead>\r\n    <tbody>\r\n        <tr>\r\n            <td>1<\/td>\r\n            <td>Cat\u00e1logo de indicadores<\/td>\r\n            <td>\r\n                <a href=\"https:\/\/www.oaxaca.gob.mx\/dgite\/wp-content\/uploads\/sites\/77\/2022\/11\/Catalogo-indicadores-110915.pdf\" target=\"_blank\">\r\n                    <i class=\"fa fa-download\"><\/i>\r\n                <\/a>\r\n            <\/td>\r\n        <\/tr>\r\n        <tr>\r\n            <td>2<\/td>\r\n            <td>Infograf\u00edas<\/td>\r\n            <td>\r\n                <a href=\"https:\/\/www.oaxaca.gob.mx\/dgite\/wp-content\/uploads\/sites\/77\/2022\/11\/infografias.zip\" target=\"_self\">\r\n                    <i class=\"fa fa-download\"><\/i>\r\n                <\/a>\r\n            <\/td>\r\n        <\/tr>\r\n    <\/tbody>\r\n<\/table>\r\n<p>\r\n    \u00a0<\/p>\r\n<h3>Material de apoyo para el proceso presupuestal 2017<\/h3><br>\r\n<table class=\"tablepress dataTable\" style=\"width:100%;\">\r\n    <thead>\r\n        <tr>\r\n            <th style=\"width:20px\">No.<\/th>\r\n            <th>Documento<\/th>\r\n            <th style=\"width:80px\">Descarga<\/th>\r\n        <\/tr>\r\n    <\/thead>\r\n    <tbody>\r\n        <tr>\r\n            <td>1<\/td>\r\n            <td>Presentaci\u00f3n<\/td>\r\n            <td>\r\n                <a href=\"https:\/\/www.oaxaca.gob.mx\/dgite\/wp-content\/uploads\/sites\/77\/2022\/11\/PresentacionMIR_POA2017.pdf\" target=\"_blank\">\r\n                    <i class=\"fa fa-download\"><\/i>\r\n                <\/a>\r\n            <\/td>\r\n        <\/tr>\r\n        <tr>\r\n            <td>2<\/td>\r\n            <td>Carta descriptiva<\/td>\r\n            <td>\r\n                <a href=\"https:\/\/www.oaxaca.gob.mx\/dgite\/wp-content\/uploads\/sites\/77\/2022\/11\/Carta_Descriptiva_POA2017.xlsx\" target=\"_self\">\r\n                    <i class=\"fa fa-download\"><\/i>\r\n                <\/a>\r\n            <\/td>\r\n        <\/tr>\r\n        <tr>\r\n            <td>3<\/td>\r\n            <td>Instrumento de revisi\u00f3n<\/td>\r\n            <td>\r\n                <a href=\"https:\/\/www.oaxaca.gob.mx\/dgite\/wp-content\/uploads\/sites\/77\/2022\/11\/InstrumentosRevisionPOA2017.xlsx\" target=\"_self\">\r\n                    <i class=\"fa fa-download\"><\/i>\r\n                <\/a>\r\n            <\/td>\r\n        <\/tr>\r\n    <\/tbody>\r\n<\/table>\r\n<p>\r\n    \u00a0<\/p>\r\n<h3>Material de apoyo para capacitaciones 2017<\/h3><br>\r\n<table class=\"tablepress dataTable\" style=\"width:100%;\">\r\n    <thead>\r\n        <tr>\r\n            <th style=\"width:20px\">No.<\/th>\r\n            <th>Documento<\/th>\r\n            <th style=\"width:80px\">Descarga<\/th>\r\n        <\/tr>\r\n    <\/thead>\r\n    <tbody>\r\n        <tr>\r\n            <td>1<\/td>\r\n            <td>Responsabilidades de los ejecutores de gasto en el marco de la Gesti\u00f3n para Resultados<\/td>\r\n            <td>\r\n                <a href=\"https:\/\/www.oaxaca.gob.mx\/dgite\/wp-content\/uploads\/sites\/77\/2022\/11\/CapacitacionPbR11-ABRIL-2017_Enlaces.pdf\" target=\"_blank\">\r\n                    <i class=\"fa fa-download\"><\/i>\r\n                <\/a>\r\n            <\/td>\r\n        <\/tr>\r\n    <\/tbody>\r\n<\/table>\n<\/div>\n<div id=\"nav_tres\" class=\"tab-pane fade\" role=\"tabpanel\" aria-labelledby=\"nav_tab_tres\">\n<div class=\"row\">\n<div class=\"col-md-2\"><\/div>\n<div class=\"col-md-4\"><a class=\"btn btn-morado\" href=\"https:\/\/forms.gle\/PVHhwit1j8bbBAK67\" target=\"_blank\" rel=\"noopener noreferrer\">Formato de Detecci\u00f3n de Necesidades de Capacitaci\u00f3n<\/a><\/div>\n<div class=\"col-md-4\"><a class=\"btn btn-morado\" href=\"https:\/\/forms.gle\/w7uoPNprSj8Roq48A\" target=\"_blank\" rel=\"noopener noreferrer\">Diagn\u00f3stico de participantes a capacitaciones<\/a><\/div>\n<div class=\"col-md-2\"><\/div>\n<\/div>\n<\/div>\n<\/div>\n","protected":false},"excerpt":{"rendered":"<p>Programas Anuales de Capacitaci\u00f3n Material de apoyo Detecci\u00f3n de Necesidades de Capacitaci\u00f3n de las UR Programas Anuales de Capacitaci\u00f3n (PAC) Informe de Ejecuci\u00f3n Material de Apoyo Formato de Detecci\u00f3n de Necesidades de Capacitaci\u00f3n Diagn\u00f3stico de participantes a capacitaciones<\/p>\n","protected":false},"author":1,"featured_media":0,"parent":0,"menu_order":0,"comment_status":"closed","ping_status":"closed","template":"","meta":{"episode_type":"","audio_file":"","podmotor_file_id":"","podmotor_episode_id":"","cover_image":"","cover_image_id":"","duration":"","filesize":"","filesize_raw":"","date_recorded":"","explicit":"","block":"","itunes_episode_number":"","itunes_title":"","itunes_season_number":"","itunes_episode_type":"","footnotes":""},"categories":[],"tags":[],"class_list":["post-388","page","type-page","status-publish","hentry"],"acf":[],"publishpress_future_action":{"enabled":false,"date":"2026-05-10 02:49:57","action":"change-status","newStatus":"draft","terms":[],"taxonomy":"category","extraData":[]},"publishpress_future_workflow_manual_trigger":{"enabledWorkflows":[]},"_links":{"self":[{"href":"https:\/\/www.oaxaca.gob.mx\/sed\/wp-json\/wp\/v2\/pages\/388","targetHints":{"allow":["GET"]}}],"collection":[{"href":"https:\/\/www.oaxaca.gob.mx\/sed\/wp-json\/wp\/v2\/pages"}],"about":[{"href":"https:\/\/www.oaxaca.gob.mx\/sed\/wp-json\/wp\/v2\/types\/page"}],"author":[{"embeddable":true,"href":"https:\/\/www.oaxaca.gob.mx\/sed\/wp-json\/wp\/v2\/users\/1"}],"replies":[{"embeddable":true,"href":"https:\/\/www.oaxaca.gob.mx\/sed\/wp-json\/wp\/v2\/comments?post=388"}],"version-history":[{"count":7,"href":"https:\/\/www.oaxaca.gob.mx\/sed\/wp-json\/wp\/v2\/pages\/388\/revisions"}],"predecessor-version":[{"id":1143,"href":"https:\/\/www.oaxaca.gob.mx\/sed\/wp-json\/wp\/v2\/pages\/388\/revisions\/1143"}],"wp:attachment":[{"href":"https:\/\/www.oaxaca.gob.mx\/sed\/wp-json\/wp\/v2\/media?parent=388"}],"wp:term":[{"taxonomy":"category","embeddable":true,"href":"https:\/\/www.oaxaca.gob.mx\/sed\/wp-json\/wp\/v2\/categories?post=388"},{"taxonomy":"post_tag","embeddable":true,"href":"https:\/\/www.oaxaca.gob.mx\/sed\/wp-json\/wp\/v2\/tags?post=388"}],"curies":[{"name":"wp","href":"https:\/\/api.w.org\/{rel}","templated":true}]}}