{"id":250,"date":"2019-10-11T22:45:30","date_gmt":"2019-10-11T20:45:30","guid":{"rendered":"https:\/\/www.oaxaca.gob.mx\/jefatura\/?page_id=250"},"modified":"2019-10-11T22:45:30","modified_gmt":"2019-10-11T20:45:30","slug":"desarrollo-de-capacidad-institucional","status":"publish","type":"page","link":"https:\/\/www.oaxaca.gob.mx\/sed\/desarrollo-de-capacidad-institucional\/","title":{"rendered":"Desarrollo de Capacidad Institucional"},"content":{"rendered":"<div>\n<div class=\"fav-custom-content-wrap\">\n<p>Para que el seguimiento y la evaluaci\u00f3n de la gesti\u00f3n p\u00fablica sean verdaderas herramientas para la toma de decisiones, es vital el desarrollo de capacidad institucional y la apropiaci\u00f3n gradual de nuevos h\u00e1bitos de gesti\u00f3n al interior de la Administraci\u00f3n P\u00fablica. Para ello, se proporcionan diversos materiales de apoyo, se han buscado vinculos con otras instituciones, con la finalidad de que los servidores p\u00fablicos desarrollen sus habilidades te\u00f3ricas y pr\u00e1cticas para un Presupuesto en Resultados.<\/p>\n<p>Se ofrece capacitaci\u00f3n en las siguientes modalidades:<\/p>\n<p>PRESENCIAL: Cursos de sensibilizaci\u00f3n y conceptualizaci\u00f3n en GpR, PbR, SED y Evaluaci\u00f3n. Cursos &#8211; talleres en Metodolog\u00eda del Marco L\u00f3gico (MML) y Matriz de Indicadores para Resultados (MIR). Asistencias t\u00e9cnicas para la mejora en la construcci\u00f3n de Matrices de Indicadores para Resultados de los programas presupuestarios.<\/p>\n<p>EN L\u00cdNEA: Se realizan v\u00ednculos con la SHCP, para el Diplomado de Presupuesto basado en Resultados.<\/p>\n<p>La capacitaci\u00f3n se ofrece de acuerdo al nivel de conocimiento, pudiendo ser:<\/p>\n<ul>\n<li>a) B\u00e1sico: Nivel introductorio, en el que explican conceptos b\u00e1sicos en materia de GpR, PbR y SED.<\/li>\n<li>b) Intermedio: Nivel operacional conocimientos en Metodolog\u00eda del Marco L\u00f3gico y Matriz de Indicadores para Resultados.<\/li>\n<li>c) Avanzado: Nivel de especializaci\u00f3n en que se construyen y se mejora la Matriz de Indicadores para Resultados (MIR).<\/li>\n<\/ul>\n<\/div>\n<\/div>\n","protected":false},"excerpt":{"rendered":"<p>Para que el seguimiento y la evaluaci\u00f3n de la gesti\u00f3n p\u00fablica sean verdaderas herramientas para la toma de decisiones, es vital el desarrollo de capacidad institucional y la apropiaci\u00f3n gradual de nuevos h\u00e1bitos de gesti\u00f3n al interior de la Administraci\u00f3n P\u00fablica. Para ello, se proporcionan diversos materiales de apoyo, se han buscado vinculos con otras [&hellip;]<\/p>\n","protected":false},"author":1,"featured_media":0,"parent":0,"menu_order":0,"comment_status":"closed","ping_status":"closed","template":"","meta":{"episode_type":"","audio_file":"","podmotor_file_id":"","podmotor_episode_id":"","cover_image":"","cover_image_id":"","duration":"","filesize":"","filesize_raw":"","date_recorded":"","explicit":"","block":"","itunes_episode_number":"","itunes_title":"","itunes_season_number":"","itunes_episode_type":"","footnotes":""},"categories":[],"tags":[],"class_list":["post-250","page","type-page","status-publish","hentry"],"acf":[],"publishpress_future_action":{"enabled":false,"date":"2026-05-10 02:50:18","action":"change-status","newStatus":"draft","terms":[],"taxonomy":"category","extraData":[]},"publishpress_future_workflow_manual_trigger":{"enabledWorkflows":[]},"_links":{"self":[{"href":"https:\/\/www.oaxaca.gob.mx\/sed\/wp-json\/wp\/v2\/pages\/250","targetHints":{"allow":["GET"]}}],"collection":[{"href":"https:\/\/www.oaxaca.gob.mx\/sed\/wp-json\/wp\/v2\/pages"}],"about":[{"href":"https:\/\/www.oaxaca.gob.mx\/sed\/wp-json\/wp\/v2\/types\/page"}],"author":[{"embeddable":true,"href":"https:\/\/www.oaxaca.gob.mx\/sed\/wp-json\/wp\/v2\/users\/1"}],"replies":[{"embeddable":true,"href":"https:\/\/www.oaxaca.gob.mx\/sed\/wp-json\/wp\/v2\/comments?post=250"}],"version-history":[{"count":0,"href":"https:\/\/www.oaxaca.gob.mx\/sed\/wp-json\/wp\/v2\/pages\/250\/revisions"}],"wp:attachment":[{"href":"https:\/\/www.oaxaca.gob.mx\/sed\/wp-json\/wp\/v2\/media?parent=250"}],"wp:term":[{"taxonomy":"category","embeddable":true,"href":"https:\/\/www.oaxaca.gob.mx\/sed\/wp-json\/wp\/v2\/categories?post=250"},{"taxonomy":"post_tag","embeddable":true,"href":"https:\/\/www.oaxaca.gob.mx\/sed\/wp-json\/wp\/v2\/tags?post=250"}],"curies":[{"name":"wp","href":"https:\/\/api.w.org\/{rel}","templated":true}]}}