{"id":248,"date":"2019-10-11T22:12:41","date_gmt":"2019-10-11T20:12:41","guid":{"rendered":"https:\/\/www.oaxaca.gob.mx\/jefatura\/?page_id=248"},"modified":"2019-10-11T22:12:41","modified_gmt":"2019-10-11T20:12:41","slug":"evaluacion","status":"publish","type":"page","link":"https:\/\/www.oaxaca.gob.mx\/sed\/evaluacion\/","title":{"rendered":"Evaluaci\u00f3n"},"content":{"rendered":"<div>\n<div class=\"fav-custom-content-wrap\">\n<h3>\u00bfPor qu\u00e9 evaluar?<\/h3>\n<p>La evaluaci\u00f3n de la pol\u00edtica p\u00fablica en general, es una herramienta que permite identificar las \u00e1reas de oportunidad, generar informaci\u00f3n objetiva para la toma de decisiones, de tal forma que se traduzca en la mejora constantemente de su desempe\u00f1o.<\/p>\n<h3>\u00bfA qui\u00e9n se eval\u00faa?<\/h3>\n<p>A los programas estatales del Poder Ejecutivo del Estado de Oaxaca.<\/p>\n<h3>\u00bfQui\u00e9nes eval\u00faan?<\/h3>\n<p>Las evaluaciones son realizadas por la Instancia T\u00e9cnica de Evaluaci\u00f3n, ya sea por s\u00ed misma o a trav\u00e9s de la contrataci\u00f3n de terceros.<\/p>\n<\/div>\n<\/div>\n","protected":false},"excerpt":{"rendered":"<p>\u00bfPor qu\u00e9 evaluar? La evaluaci\u00f3n de la pol\u00edtica p\u00fablica en general, es una herramienta que permite identificar las \u00e1reas de oportunidad, generar informaci\u00f3n objetiva para la toma de decisiones, de tal forma que se traduzca en la mejora constantemente de su desempe\u00f1o. \u00bfA qui\u00e9n se eval\u00faa? A los programas estatales del Poder Ejecutivo del Estado [&hellip;]<\/p>\n","protected":false},"author":1,"featured_media":0,"parent":0,"menu_order":0,"comment_status":"closed","ping_status":"closed","template":"","meta":{"episode_type":"","audio_file":"","podmotor_file_id":"","podmotor_episode_id":"","cover_image":"","cover_image_id":"","duration":"","filesize":"","filesize_raw":"","date_recorded":"","explicit":"","block":"","itunes_episode_number":"","itunes_title":"","itunes_season_number":"","itunes_episode_type":"","footnotes":""},"categories":[],"tags":[],"class_list":["post-248","page","type-page","status-publish","hentry"],"acf":[],"publishpress_future_action":{"enabled":false,"date":"2026-05-10 02:50:21","action":"change-status","newStatus":"draft","terms":[],"taxonomy":"category","extraData":[]},"publishpress_future_workflow_manual_trigger":{"enabledWorkflows":[]},"_links":{"self":[{"href":"https:\/\/www.oaxaca.gob.mx\/sed\/wp-json\/wp\/v2\/pages\/248","targetHints":{"allow":["GET"]}}],"collection":[{"href":"https:\/\/www.oaxaca.gob.mx\/sed\/wp-json\/wp\/v2\/pages"}],"about":[{"href":"https:\/\/www.oaxaca.gob.mx\/sed\/wp-json\/wp\/v2\/types\/page"}],"author":[{"embeddable":true,"href":"https:\/\/www.oaxaca.gob.mx\/sed\/wp-json\/wp\/v2\/users\/1"}],"replies":[{"embeddable":true,"href":"https:\/\/www.oaxaca.gob.mx\/sed\/wp-json\/wp\/v2\/comments?post=248"}],"version-history":[{"count":0,"href":"https:\/\/www.oaxaca.gob.mx\/sed\/wp-json\/wp\/v2\/pages\/248\/revisions"}],"wp:attachment":[{"href":"https:\/\/www.oaxaca.gob.mx\/sed\/wp-json\/wp\/v2\/media?parent=248"}],"wp:term":[{"taxonomy":"category","embeddable":true,"href":"https:\/\/www.oaxaca.gob.mx\/sed\/wp-json\/wp\/v2\/categories?post=248"},{"taxonomy":"post_tag","embeddable":true,"href":"https:\/\/www.oaxaca.gob.mx\/sed\/wp-json\/wp\/v2\/tags?post=248"}],"curies":[{"name":"wp","href":"https:\/\/api.w.org\/{rel}","templated":true}]}}