{"id":161,"date":"2019-10-10T22:11:28","date_gmt":"2019-10-10T20:11:28","guid":{"rendered":"https:\/\/www.oaxaca.gob.mx\/jefatura\/?page_id=161"},"modified":"2022-01-12T14:55:11","modified_gmt":"2022-01-12T20:55:11","slug":"funciones","status":"publish","type":"page","link":"https:\/\/www.oaxaca.gob.mx\/sed\/funciones\/","title":{"rendered":"Funciones"},"content":{"rendered":"<ul class=\"listas-geo\">\n<li>Establecer y dar seguimiento a los indicadores que permitan medir las variaciones del desarrollo del Estado de Oaxaca.<\/li>\n<li>Normar y establecer el Sistema de Evaluaci\u00f3n del Desempe\u00f1o para la Evaluaci\u00f3n del Plan Estatal de Desarrollo, los planes y programas que de \u00e9l se deriven, en coordinaci\u00f3n con las Dependencias y Entidades de la Administraci\u00f3n P\u00fablica Estatal;<\/li>\n<li>Establecer los lineamientos generales e integrar el Informe Anual sobre la situaci\u00f3n que guarda la Administraci\u00f3n P\u00fablica Estatal.<\/li>\n<li>Realizar el seguimiento a los aspectos susceptibles de mejora, derivados de las evaluaciones de desempe\u00f1o de las Dependencias y Entidades.<\/li>\n<li>Fomentar la creaci\u00f3n de capacidades para el seguimiento y evaluaci\u00f3n del desempe\u00f1o y los resultados, mediante la asesor\u00eda t\u00e9cnica permanente a las Dependencias y Entidades en la formulaci\u00f3n de instrumentos de su medici\u00f3n.<\/li>\n<\/ul>\n","protected":false},"excerpt":{"rendered":"<p>Establecer y dar seguimiento a los indicadores que permitan medir las variaciones del desarrollo del Estado de Oaxaca. Normar y establecer el Sistema de Evaluaci\u00f3n del Desempe\u00f1o para la Evaluaci\u00f3n del Plan Estatal de Desarrollo, los planes y programas que de \u00e9l se deriven, en coordinaci\u00f3n con las Dependencias y Entidades de la Administraci\u00f3n P\u00fablica [&hellip;]<\/p>\n","protected":false},"author":1,"featured_media":0,"parent":0,"menu_order":0,"comment_status":"closed","ping_status":"closed","template":"","meta":{"episode_type":"","audio_file":"","podmotor_file_id":"","podmotor_episode_id":"","cover_image":"","cover_image_id":"","duration":"","filesize":"","filesize_raw":"","date_recorded":"","explicit":"","block":"","itunes_episode_number":"","itunes_title":"","itunes_season_number":"","itunes_episode_type":"","footnotes":""},"categories":[],"tags":[],"class_list":["post-161","page","type-page","status-publish","hentry"],"acf":[],"publishpress_future_action":{"enabled":false,"date":"2026-05-10 03:12:07","action":"change-status","newStatus":"draft","terms":[],"taxonomy":"category","extraData":[]},"publishpress_future_workflow_manual_trigger":{"enabledWorkflows":[]},"_links":{"self":[{"href":"https:\/\/www.oaxaca.gob.mx\/sed\/wp-json\/wp\/v2\/pages\/161","targetHints":{"allow":["GET"]}}],"collection":[{"href":"https:\/\/www.oaxaca.gob.mx\/sed\/wp-json\/wp\/v2\/pages"}],"about":[{"href":"https:\/\/www.oaxaca.gob.mx\/sed\/wp-json\/wp\/v2\/types\/page"}],"author":[{"embeddable":true,"href":"https:\/\/www.oaxaca.gob.mx\/sed\/wp-json\/wp\/v2\/users\/1"}],"replies":[{"embeddable":true,"href":"https:\/\/www.oaxaca.gob.mx\/sed\/wp-json\/wp\/v2\/comments?post=161"}],"version-history":[{"count":14,"href":"https:\/\/www.oaxaca.gob.mx\/sed\/wp-json\/wp\/v2\/pages\/161\/revisions"}],"predecessor-version":[{"id":1523,"href":"https:\/\/www.oaxaca.gob.mx\/sed\/wp-json\/wp\/v2\/pages\/161\/revisions\/1523"}],"wp:attachment":[{"href":"https:\/\/www.oaxaca.gob.mx\/sed\/wp-json\/wp\/v2\/media?parent=161"}],"wp:term":[{"taxonomy":"category","embeddable":true,"href":"https:\/\/www.oaxaca.gob.mx\/sed\/wp-json\/wp\/v2\/categories?post=161"},{"taxonomy":"post_tag","embeddable":true,"href":"https:\/\/www.oaxaca.gob.mx\/sed\/wp-json\/wp\/v2\/tags?post=161"}],"curies":[{"name":"wp","href":"https:\/\/api.w.org\/{rel}","templated":true}]}}