{"id":1066,"date":"2020-03-19T13:39:24","date_gmt":"2020-03-19T19:39:24","guid":{"rendered":"https:\/\/www.oaxaca.gob.mx\/jefatura\/?page_id=1066"},"modified":"2022-06-20T15:52:23","modified_gmt":"2022-06-20T20:52:23","slug":"etica-e-integridad-publica","status":"publish","type":"page","link":"https:\/\/www.oaxaca.gob.mx\/sed\/etica-e-integridad-publica\/","title":{"rendered":"\u00c9tica e Integridad P\u00fablica"},"content":{"rendered":"<div>\n<div class=\"fav-custom-content-wrap\">\n<p>Derivado del Decreto publicado con fecha 13 de Julio de 2021 en el Extra del Peri\u00f3dico Oficial del Gobierno del Estado de Oaxaca; por el que se crea la Direcci\u00f3n General de la Instancia T\u00e9cnica de Evaluaci\u00f3n como \u00d3rgano Desconcentrado de la Coordinaci\u00f3n General del Comit\u00e9 Estatal de Planeaci\u00f3n para el Desarrollo de Oaxaca (CG-COPLADE). La informaci\u00f3n correspondiente al Comit\u00e9 de \u00c9tica, puede consultarse en el siguiente enlace del sitio de la CG-COPLADE.<\/p>\n<p><a href=\"https:\/\/www.oaxaca.gob.mx\/coplade\/comite-de-etica\/\" target=\"_blank\" rel=\"noopener\">Comit\u00e9 de \u00c9tica CG-COPLADE<\/a><\/p>\n<\/div>\n<\/div>\n","protected":false},"excerpt":{"rendered":"<p>Derivado del Decreto publicado con fecha 13 de Julio de 2021 en el Extra del Peri\u00f3dico Oficial del Gobierno del Estado de Oaxaca; por el que se crea la Direcci\u00f3n General de la Instancia T\u00e9cnica de Evaluaci\u00f3n como \u00d3rgano Desconcentrado de la Coordinaci\u00f3n General del Comit\u00e9 Estatal de Planeaci\u00f3n para el Desarrollo de Oaxaca (CG-COPLADE). [&hellip;]<\/p>\n","protected":false},"author":91,"featured_media":0,"parent":0,"menu_order":0,"comment_status":"closed","ping_status":"closed","template":"","meta":{"episode_type":"","audio_file":"","podmotor_file_id":"","podmotor_episode_id":"","cover_image":"","cover_image_id":"","duration":"","filesize":"","filesize_raw":"","date_recorded":"","explicit":"","block":"","itunes_episode_number":"","itunes_title":"","itunes_season_number":"","itunes_episode_type":"","footnotes":""},"categories":[],"tags":[],"class_list":["post-1066","page","type-page","status-publish","hentry"],"acf":[],"publishpress_future_action":{"enabled":false,"date":"2026-05-10 03:31:35","action":"change-status","newStatus":"draft","terms":[],"taxonomy":"category","extraData":[]},"publishpress_future_workflow_manual_trigger":{"enabledWorkflows":[]},"_links":{"self":[{"href":"https:\/\/www.oaxaca.gob.mx\/sed\/wp-json\/wp\/v2\/pages\/1066","targetHints":{"allow":["GET"]}}],"collection":[{"href":"https:\/\/www.oaxaca.gob.mx\/sed\/wp-json\/wp\/v2\/pages"}],"about":[{"href":"https:\/\/www.oaxaca.gob.mx\/sed\/wp-json\/wp\/v2\/types\/page"}],"author":[{"embeddable":true,"href":"https:\/\/www.oaxaca.gob.mx\/sed\/wp-json\/wp\/v2\/users\/91"}],"replies":[{"embeddable":true,"href":"https:\/\/www.oaxaca.gob.mx\/sed\/wp-json\/wp\/v2\/comments?post=1066"}],"version-history":[{"count":65,"href":"https:\/\/www.oaxaca.gob.mx\/sed\/wp-json\/wp\/v2\/pages\/1066\/revisions"}],"predecessor-version":[{"id":1858,"href":"https:\/\/www.oaxaca.gob.mx\/sed\/wp-json\/wp\/v2\/pages\/1066\/revisions\/1858"}],"wp:attachment":[{"href":"https:\/\/www.oaxaca.gob.mx\/sed\/wp-json\/wp\/v2\/media?parent=1066"}],"wp:term":[{"taxonomy":"category","embeddable":true,"href":"https:\/\/www.oaxaca.gob.mx\/sed\/wp-json\/wp\/v2\/categories?post=1066"},{"taxonomy":"post_tag","embeddable":true,"href":"https:\/\/www.oaxaca.gob.mx\/sed\/wp-json\/wp\/v2\/tags?post=1066"}],"curies":[{"name":"wp","href":"https:\/\/api.w.org\/{rel}","templated":true}]}}