{"id":7980,"date":"2019-05-21T18:49:30","date_gmt":"2019-05-21T16:49:30","guid":{"rendered":"https:\/\/www.oaxaca.gob.mx\/seculta\/?page_id=7980"},"modified":"2025-07-14T11:51:12","modified_gmt":"2025-07-14T17:51:12","slug":"estructura-organica","status":"publish","type":"page","link":"https:\/\/www.oaxaca.gob.mx\/seculta\/estructura-organica\/","title":{"rendered":"Estructura Org\u00e1nica u Organigrama"},"content":{"rendered":"<nav>\n<div id=\"nav-tab\" class=\"nav nav-tabs\" role=\"tablist\"><a id=\"nav-home-tab\" class=\"nav-item nav-link active\" role=\"tab\" href=\"#nav-home\" data-toggle=\"tab\">Organismos Centralizados<\/a><br \/>\n<a id=\"nav-profile-tab\" class=\"nav-item nav-link\" role=\"tab\" href=\"#nav-profile\" data-toggle=\"tab\">Organismos Descentralizados<\/a><br \/>\n<a id=\"nav-contact-tab\" class=\"nav-item nav-link\" role=\"tab\" href=\"#nav-contact\" data-toggle=\"tab\">Agrupaciones Artisticas<\/a><\/div>\n<\/nav>\n<div id=\"nav-tabContent\" class=\"tab-content\">\n<div id=\"nav-home\" class=\"tab-pane fade show active\" role=\"tabpanel\" aria-labelledby=\"nav-home-tab\">\n<div class=\"mt-4\">\n<div class=\"conttab\">\n<p><a href=\"https:\/\/www.facebook.com\/ELMUPO\/\" target=\"_blank\" rel=\"noopener noreferrer\"><i class=\"fas fa-home\"><\/i> Museo de los Pintores Oaxaque\u00f1os<\/a><\/p>\n<\/div>\n<div class=\"conttab\">\n<p><a href=\"#\" target=\"_blank\" rel=\"noopener noreferrer\"><i class=\"fas fa-home\"><\/i> Museo Estatal de Arte Popular<\/a><\/p>\n<\/div>\n<div class=\"conttab\">\n<p><a href=\"#\" target=\"_blank\" rel=\"noopener noreferrer\"><i class=\"fas fa-home\"><\/i> Centro de Iniciaci\u00f3n Musical<\/a><\/p>\n<\/div>\n<div class=\"conttab\">\n<p><a href=\"https:\/\/www.facebook.com\/tallerrufinotamayo\" target=\"_blank\" rel=\"noopener noreferrer\"><i class=\"fas fa-home\"><\/i> Taller Rufino Tamayo<\/a><\/p>\n<\/div>\n<div class=\"conttab\">\n<p><a href=\"https:\/\/www.facebook.com\/Biblioteca-P%C3%BAblica-Central-de-Oaxaca-1412635522350337\/timeline?ref=page_internal\/\" target=\"_blank\" rel=\"noopener noreferrer\"><i class=\"fas fa-home\"><\/i> Biblioteca P\u00fablica Central BPC<\/a><\/p>\n<\/div>\n<div class=\"conttab\">\n<p><a href=\"http:\/\/sic.gob.mx\/ficha.php?table=museo&amp;table_id=1759\" target=\"_blank\" rel=\"noopener noreferrer\"><i class=\"fas fa-home\"><\/i> Museo de Sitio Erwin Frissell<\/a><\/p>\n<\/div>\n<\/div>\n<\/div>\n<div id=\"nav-profile\" class=\"tab-pane fade\" role=\"tabpanel\" aria-labelledby=\"nav-profile-tab\">\n<div class=\"mt-4\">\n<div class=\"conttab\">\n<p><a href=\"http:\/\/www.casadelacultura.oaxaca.gob.mx\/\" target=\"_blank\" rel=\"noopener noreferrer\"><i class=\"fas fa-home\"><\/i> Casa de la Cultura Oaxaque\u00f1a<\/a><\/p>\n<\/div>\n<div class=\"conttab\">\n<p><a href=\"http:\/\/www.casa.oaxaca.gob.mx\/index.php\/en\/\" target=\"_blank\" rel=\"noopener noreferrer\"><i class=\"fas fa-home\"><\/i> Centro de las Artes de San Agust\u00edn<\/a><\/p>\n<\/div>\n<div class=\"conttab\">\n<p><a href=\"http:\/\/www.inpac.oaxaca.gob.mx\/\" target=\"_blank\" rel=\"noopener noreferrer\"><i class=\"fas fa-home\"><\/i> Instituto del Patrimonio Cultural<\/a><\/p>\n<\/div>\n<\/div>\n<\/div>\n<div id=\"nav-contact\" class=\"tab-pane fade\" role=\"tabpanel\" aria-labelledby=\"nav-contact-tab\">\n<div id=\"panel-589226\" class=\"tab-pane active\">\n<div class=\"conttab\">\n<p><a class=\"titledirco\" href=\"https:\/\/www.facebook.com\/Sinf%C3%B3nica-de-Oaxaca-492365397592221\/\" target=\"_blank\" rel=\"noopener noreferrer\"><i class=\"fas fa-play\"><\/i> Orquesta Sinf\u00f3nica de Oaxaca<\/a><\/p>\n<\/div>\n<div class=\"conttab\">\n<p><a href=\"#\"><i class=\"fas fa-play\"><\/i> Marimba del Estado de Oaxaca<\/a><\/p>\n<\/div>\n<div class=\"conttab\">\n<p><a class=\"titledirco\" href=\"https:\/\/www.facebook.com\/profile.php?id=100009311447859&amp;fref=ts\" target=\"_blank\" rel=\"noopener noreferrer\"><i class=\"fas fa-play\"><\/i> Banda de M\u00fasica del Estado<\/a><\/p>\n<\/div>\n<div class=\"conttab\">\n<p><a href=\"#\"><i class=\"fas fa-play\"><\/i> Orquesta Primavera de Oaxaca<\/a><\/p>\n<\/div>\n<div class=\"conttab\">\n<p><a href=\"#\"><i class=\"fas fa-play\"><\/i> Compa\u00f1\u00eda Estatal de Danza Contempor\u00e1nea de Oaxaca<\/a><\/p>\n<\/div>\n<div class=\"conttab\">\n<p><a href=\"#\"><i class=\"fas fa-play\"><\/i> Compa\u00f1\u00eda Estatal de Danza Costumbrista de Oaxaca<\/a><\/p>\n<\/div>\n<\/div>\n<\/div>\n<\/div>\n<p><!--\n\n<hr \/>\n\n\n\n\n<h4>Organigrama<\/h4>\n\n\n&nbsp;\n[pdf-embedder url=\"https:\/\/www.oaxaca.gob.mx\/seculta\/wp-content\/uploads\/sites\/73\/2023\/09\/estructura-organica-2022-seculta-ok.pdf\" title=\"estructura organica 2022 seculta ok\"]--><\/p>\n<hr \/>\n<h4>Estructura Org\u00e1nica<\/h4>\n<p>    &nbsp;<\/p>\n<a href=\"https:\/\/www.oaxaca.gob.mx\/seculta\/wp-content\/uploads\/sites\/73\/2025\/07\/Estructura-l_250517_172237.pdf\" class=\"pdfemb-viewer\" style=\"\" data-width=\"max\" data-height=\"max\" data-toolbar=\"top\" data-toolbar-fixed=\"on\">estructura organica<\/a>\n","protected":false},"excerpt":{"rendered":"<p>Organismos Centralizados Organismos Descentralizados Agrupaciones Artisticas Museo de los Pintores Oaxaque\u00f1os Museo Estatal de Arte Popular Centro de Iniciaci\u00f3n Musical Taller Rufino Tamayo Biblioteca P\u00fablica Central BPC Museo de Sitio Erwin Frissell Casa de la Cultura Oaxaque\u00f1a Centro de las Artes de San Agust\u00edn Instituto del Patrimonio Cultural Orquesta Sinf\u00f3nica de Oaxaca Marimba del Estado [&hellip;]<\/p>\n","protected":false},"author":1,"featured_media":0,"parent":0,"menu_order":0,"comment_status":"closed","ping_status":"closed","template":"","meta":{"episode_type":"","audio_file":"","podmotor_file_id":"","podmotor_episode_id":"","cover_image":"","cover_image_id":"","duration":"","filesize":"","filesize_raw":"","date_recorded":"","explicit":"","block":"","itunes_episode_number":"","itunes_title":"","itunes_season_number":"","itunes_episode_type":"","footnotes":""},"categories":[],"tags":[],"class_list":["post-7980","page","type-page","status-publish","hentry"],"acf":[],"publishpress_future_action":{"enabled":false,"date":"2026-04-20 11:04:55","action":"change-status","newStatus":"draft","terms":[],"taxonomy":"category","extraData":[]},"publishpress_future_workflow_manual_trigger":{"enabledWorkflows":[]},"_links":{"self":[{"href":"https:\/\/www.oaxaca.gob.mx\/seculta\/wp-json\/wp\/v2\/pages\/7980","targetHints":{"allow":["GET"]}}],"collection":[{"href":"https:\/\/www.oaxaca.gob.mx\/seculta\/wp-json\/wp\/v2\/pages"}],"about":[{"href":"https:\/\/www.oaxaca.gob.mx\/seculta\/wp-json\/wp\/v2\/types\/page"}],"author":[{"embeddable":true,"href":"https:\/\/www.oaxaca.gob.mx\/seculta\/wp-json\/wp\/v2\/users\/1"}],"replies":[{"embeddable":true,"href":"https:\/\/www.oaxaca.gob.mx\/seculta\/wp-json\/wp\/v2\/comments?post=7980"}],"version-history":[{"count":3,"href":"https:\/\/www.oaxaca.gob.mx\/seculta\/wp-json\/wp\/v2\/pages\/7980\/revisions"}],"predecessor-version":[{"id":16154,"href":"https:\/\/www.oaxaca.gob.mx\/seculta\/wp-json\/wp\/v2\/pages\/7980\/revisions\/16154"}],"wp:attachment":[{"href":"https:\/\/www.oaxaca.gob.mx\/seculta\/wp-json\/wp\/v2\/media?parent=7980"}],"wp:term":[{"taxonomy":"category","embeddable":true,"href":"https:\/\/www.oaxaca.gob.mx\/seculta\/wp-json\/wp\/v2\/categories?post=7980"},{"taxonomy":"post_tag","embeddable":true,"href":"https:\/\/www.oaxaca.gob.mx\/seculta\/wp-json\/wp\/v2\/tags?post=7980"}],"curies":[{"name":"wp","href":"https:\/\/api.w.org\/{rel}","templated":true}]}}