{"id":12215,"date":"2020-08-10T13:52:55","date_gmt":"2020-08-10T18:52:55","guid":{"rendered":"https:\/\/www.oaxaca.gob.mx\/seculta\/?page_id=12215"},"modified":"2020-08-10T14:27:13","modified_gmt":"2020-08-10T19:27:13","slug":"acciones-de-gobierno","status":"publish","type":"page","link":"https:\/\/www.oaxaca.gob.mx\/seculta\/acciones-de-gobierno\/","title":{"rendered":"Acciones de Gobierno"},"content":{"rendered":"<section class=\"espaciosSeccion\">\r\n  <div class=\"container\">\r\n    <h3 class=\"titulos\">VIDEOS<\/h3>\r\n    <div class=\" w-75 m-auto\">\r\n      <div id=\"carouselVideos\" class=\"carousel slide carousel-videos\" data-ride=\"carousel\">\r\n        <div class=\"carousel-inner\">\r\n          <div class=\"carousel-item active\">\r\n            <div class=\"videos-acciones\">\r\n              <iframe loading=\"lazy\" width=\"100%\" height=\"351\"\r\n              src=\"https:\/\/www.youtube.com\/embed\/F8rn8cgKOnc\" frameborder=\"0\" allow=\"accelerometer; autoplay; encrypted-media; gyroscope; picture-in-picture\" allowfullscreen>\r\n              <\/iframe>\r\n            <\/div>\r\n          <\/div>\r\n          <div class=\"carousel-item\">\r\n            <div class=\"videos-acciones\">\r\n              <iframe loading=\"lazy\" width=\"100%\" height=\"351\" src=\"https:\/\/www.youtube.com\/embed\/8dzbFXaAaOg\" frameborder=\"0\" allow=\"accelerometer; autoplay; encrypted-media; gyroscope; picture-in-picture\" allowfullscreen><\/iframe>\r\n            <\/div>\r\n          <\/div>\r\n        <\/div>\r\n        <a class=\"carousel-control-prev\" href=\"#carouselVideos\" role=\"button\" data-slide=\"prev\"> <span class=\"carousel-control-prev-icon\" aria-hidden=\"true\"><\/span> <span class=\"sr-only\">Previous<\/span> <\/a> <a class=\"carousel-control-next\" href=\"#carouselVideos\" role=\"button\" data-slide=\"next\"> <span class=\"carousel-control-next-icon\" aria-hidden=\"true\"><\/span> <span class=\"sr-only\">Next<\/span> <\/a> \r\n      <\/div>\r\n    <\/div>\r\n  <\/div>\r\n<\/section>\n<section class=\"accionesGaleria espaciosSeccion\">\n<div class=\"container\">\n<h3 class=\"titulos text-morado\">GALERIA<\/h3>\n<div id=\"carouselGaleria\" class=\"carousel slide carousel-galeria\" data-ride=\"carousel\">\n<div class=\"carousel-inner\">\r\n<div class=\"gdgallery-gallery-container\" id=\"gdgallery-container-3\" data-id=\"3\">\r\n    \r\n<div id=\"gdgallery_container_3\" style=\"display:none;\" data-view=\"carousel\">\r\n            <a href=\"\">\r\n            <img decoding=\"async\" alt=\"Anuncia Seculta presentaci\u00f3n virtual del coro \u201cJ\u00e4\u00e4w\u00ebn, Voces del alma\u201d\"\r\n                 data-type=\"image\"\r\n                 src=\"https:\/\/www.oaxaca.gob.mx\/seculta\/wp-content\/uploads\/sites\/73\/2020\/08\/IMA06082020-copia.jpeg\"\r\n                 data-image=\"https:\/\/www.oaxaca.gob.mx\/seculta\/wp-content\/uploads\/sites\/73\/2020\/08\/IMA06082020-copia.jpeg\"\r\n                 data-description=\"\"\r\n                                 style=\"display:block\">\r\n        <\/a>\r\n            <a href=\"\">\r\n            <img decoding=\"async\" alt=\"Seculta invita a aprender sobre el lenguaje de la poes\u00eda\"\r\n                 data-type=\"image\"\r\n                 src=\"https:\/\/www.oaxaca.gob.mx\/seculta\/wp-content\/uploads\/sites\/73\/2020\/08\/seculta-4-copia.jpg\"\r\n                 data-image=\"https:\/\/www.oaxaca.gob.mx\/seculta\/wp-content\/uploads\/sites\/73\/2020\/08\/seculta-4-copia.jpg\"\r\n                 data-description=\"\"\r\n                                 style=\"display:block\">\r\n        <\/a>\r\n            <a href=\"\">\r\n            <img decoding=\"async\" alt=\"Presenta Vania Mercedes el video \u201cIm\u00e1genes de nuestro interior durante la cuarentena\u201d\"\r\n                 data-type=\"image\"\r\n                 src=\"https:\/\/www.oaxaca.gob.mx\/seculta\/wp-content\/uploads\/sites\/73\/2020\/07\/SECULTA-8.jpeg\"\r\n                 data-image=\"https:\/\/www.oaxaca.gob.mx\/seculta\/wp-content\/uploads\/sites\/73\/2020\/07\/SECULTA-8.jpeg\"\r\n                 data-description=\"\"\r\n                                 style=\"display:block\">\r\n        <\/a>\r\n            <a href=\"\">\r\n            <img decoding=\"async\" alt=\"Seculta invita a disfrutar del video \u201cD\u00e9cimas del sotavento\u201d presentado por Eveline Acosta L\u00f3pez\"\r\n                 data-type=\"image\"\r\n                 src=\"https:\/\/www.oaxaca.gob.mx\/seculta\/wp-content\/uploads\/sites\/73\/2020\/07\/SECULTA-7.jpeg\"\r\n                 data-image=\"https:\/\/www.oaxaca.gob.mx\/seculta\/wp-content\/uploads\/sites\/73\/2020\/07\/SECULTA-7.jpeg\"\r\n                 data-description=\"\"\r\n                                 style=\"display:block\">\r\n        <\/a>\r\n    <\/div>\r\n\r\n<script type=\"text\/javascript\">\r\n\r\n    (function() {\r\n        var runMyCode = function() {\r\n            jQuery(document).ready(function () {\r\n                var container = jQuery(\"#gdgallery_container_3\");\r\n                container.unitegallery({\"gallery_theme\":\"carousel\",\"carousel_space_between_tiles\":10,\"tile_width\":200,\"tile_height\":\"200\",\"tile_enable_outline\":false,\"theme_carousel_align\":\"center\",\"carousel_navigation_numtiles\":1,\"carousel_scroll_duration\":500,\"carousel_autoplay\":true,\"carousel_autoplay_timeout\":\"3000\",\"carousel_autoplay_direction\":\"right\",\"carousel_autoplay_pause_onhover\":true,\"theme_enable_navigation\":true,\"theme_navigation_position\":\"bottom\",\"theme_navigation_align\":\"center\",\"theme_navigation_enable_play\":true,\"theme_space_between_arrows\":\"20\",\"tile_enable_textpanel\":true,\"tile_textpanel_always_on\":true,\"tile_textpanel_title_text_align\":\"center\",\"tile_textpanel_title_font_size\":\"16\",\"tile_textpanel_title_color\":\"#FFFFFF\",\"tile_textpanel_bg_color\":\"#333333\",\"tile_textpanel_bg_opacity\":0.7,\"tile_enable_border\":true,\"tile_border_width\":\"0\",\"tile_border_color\":\"#333333\",\"tile_border_radius\":\"0\",\"tile_enable_overlay\":true,\"tile_enable_image_effect\":true,\"tile_image_effect_type\":\"blur\",\"tile_image_effect_reverse\":true,\"tile_enable_shadow\":false,\"tile_as_link\":false,\"tile_enable_icons\":true,\"tile_show_link_icon\":true,\"tile_textpanel_appear_type\":\"slide\",\"tile_textpanel_position\":\"inside_bottom\",\"tile_link_newpage\":true,\"lightbox_type\":\"wide\",\"lightbox_arrows_offset\":0,\"lightbox_overlay_color\":\"#000000\",\"lightbox_overlay_opacity\":1,\"lightbox_top_panel_opacity\":1,\"lightbox_show_numbers\":true,\"lightbox_numbers_size\":\"15\",\"lightbox_numbers_color\":\"#FFFFFF\",\"lightbox_slider_image_border_width\":\"0\",\"lightbox_slider_image_border_color\":\"#FFFFFF\",\"lightbox_slider_image_border_radius\":0,\"lightbox_slider_image_shadow\":true,\"lightbox_slider_control_swipe\":true,\"lightbox_slider_control_zoom\":true,\"lightbox_slider_image_border\":true,\"lightbox_show_textpanel\":true,\"lightbox_textpanel_enable_title\":true,\"lightbox_textpanel_enable_description\":false,\"lightbox_textpanel_padding_top\":5,\"lightbox_textpanel_padding_bottom\":5,\"lightbox_textpanel_padding_right\":5,\"lightbox_textpanel_padding_left\":5,\"lightbox_textpanel_title_color\":\"#FFFFFF\",\"lightbox_textpanel_title_text_align\":\"center\",\"lightbox_textpanel_title_font_size\":\"16\",\"lightbox_textpanel_desc_color\":\"#FFFFFF\",\"lightbox_textpanel_desc_text_align\":\"center\",\"lightbox_textpanel_desc_font_size\":\"14\"});\r\n            });\r\n        };\r\n        var timer = function() {\r\n            if (window.jQuery) {runMyCode(window.jQuery);}\r\n            else {window.setTimeout(timer, 100);}\r\n        };\r\n        timer();\r\n    })();\r\n\r\n\r\n<\/script><style>\r\n#gdgallery-container-3 a.ug-thumb-wrapper{\r\n    box-shadow: none !important;\r\n}\r\n\r\n.ug-lightbox .ug-lightbox-top-panel-overlay{\r\n    background-color: #000000 !important;\r\n}\r\n\r\n#gdgallery_container_3{}<\/style>\r\n<\/div>\r\n\r\n\r\n\r\n\r\n\r\n<\/div>\n<\/div>\n<\/div>\n<\/section>\n","protected":false},"excerpt":{"rendered":"<p>GALERIA<\/p>\n","protected":false},"author":81,"featured_media":0,"parent":0,"menu_order":0,"comment_status":"closed","ping_status":"closed","template":"plantillas\/template-pagina-acciones-covid.php","meta":{"episode_type":"","audio_file":"","podmotor_file_id":"","podmotor_episode_id":"","cover_image":"","cover_image_id":"","duration":"","filesize":"","filesize_raw":"","date_recorded":"","explicit":"","block":"","itunes_episode_number":"","itunes_title":"","itunes_season_number":"","itunes_episode_type":"","footnotes":""},"categories":[],"tags":[],"class_list":["post-12215","page","type-page","status-publish","hentry"],"acf":[],"publishpress_future_action":{"enabled":false,"date":"2026-04-14 02:46:40","action":"change-status","newStatus":"draft","terms":[],"taxonomy":"category","extraData":[]},"publishpress_future_workflow_manual_trigger":{"enabledWorkflows":[]},"_links":{"self":[{"href":"https:\/\/www.oaxaca.gob.mx\/seculta\/wp-json\/wp\/v2\/pages\/12215","targetHints":{"allow":["GET"]}}],"collection":[{"href":"https:\/\/www.oaxaca.gob.mx\/seculta\/wp-json\/wp\/v2\/pages"}],"about":[{"href":"https:\/\/www.oaxaca.gob.mx\/seculta\/wp-json\/wp\/v2\/types\/page"}],"author":[{"embeddable":true,"href":"https:\/\/www.oaxaca.gob.mx\/seculta\/wp-json\/wp\/v2\/users\/81"}],"replies":[{"embeddable":true,"href":"https:\/\/www.oaxaca.gob.mx\/seculta\/wp-json\/wp\/v2\/comments?post=12215"}],"version-history":[{"count":5,"href":"https:\/\/www.oaxaca.gob.mx\/seculta\/wp-json\/wp\/v2\/pages\/12215\/revisions"}],"predecessor-version":[{"id":12220,"href":"https:\/\/www.oaxaca.gob.mx\/seculta\/wp-json\/wp\/v2\/pages\/12215\/revisions\/12220"}],"wp:attachment":[{"href":"https:\/\/www.oaxaca.gob.mx\/seculta\/wp-json\/wp\/v2\/media?parent=12215"}],"wp:term":[{"taxonomy":"category","embeddable":true,"href":"https:\/\/www.oaxaca.gob.mx\/seculta\/wp-json\/wp\/v2\/categories?post=12215"},{"taxonomy":"post_tag","embeddable":true,"href":"https:\/\/www.oaxaca.gob.mx\/seculta\/wp-json\/wp\/v2\/tags?post=12215"}],"curies":[{"name":"wp","href":"https:\/\/api.w.org\/{rel}","templated":true}]}}