{"id":9549,"date":"2025-10-23T13:43:33","date_gmt":"2025-10-23T19:43:33","guid":{"rendered":"https:\/\/www.oaxaca.gob.mx\/sectur\/?page_id=9549"},"modified":"2025-11-28T11:05:17","modified_gmt":"2025-11-28T17:05:17","slug":"9549-2","status":"publish","type":"page","link":"https:\/\/www.oaxaca.gob.mx\/sectur\/tramitesyservicios","title":{"rendered":"Tramites y Servicios"},"content":{"rendered":"<section class=\"section tramites\">\n<div class=\"container\">\n<div class=\"row\">\n<div class=\"col-md-6\">\n        <a class=\"tramite\" href=\"https:\/\/www.oaxaca.gob.mx\/sectur\/canje-de-credencial\/\" role=\"button\" aria-controls=\"collapseExample\"><br \/>\n          <span class=\"icono icono-tramite\"><br \/>\n            <img decoding=\"async\" src=\"https:\/\/www.oaxaca.gob.mx\/sectur\/wp-content\/uploads\/sites\/65\/2025\/10\/icono_tramites.png\" alt=\"\"><br \/>\n          <\/span><br \/>\n          <b>Canje de credencial\u2026<\/b><br \/>\n        <\/a>\n      <\/div>\n<div class=\"col-md-6\">\n        <a class=\"tramite\" href=\"https:\/\/www.oaxaca.gob.mx\/sectur\/reposicion-por-robo-o-extravio-de-credencial-de-guia-de-turistas\/\" role=\"button\" aria-controls=\"collapseExample\"><br \/>\n          <span class=\"icono icono-tramite\"><br \/>\n            <img decoding=\"async\" src=\"https:\/\/www.oaxaca.gob.mx\/sectur\/wp-content\/uploads\/sites\/65\/2025\/10\/icono_tramites.png\" alt=\"\"><br \/>\n          <\/span><br \/>\n          <b>Reposici\u00f3n por robo o extrav\u00edo de credencial de gu\u00eda de turistas\u2026<\/b><br \/>\n        <\/a>\n      <\/div>\n<div class=\"col-md-6\">\n        <a class=\"tramite\" href=\"https:\/\/www.oaxaca.gob.mx\/sectur\/asesoria-para-la-elaboracion-de-proyectos-o-programas-de-infraestructura-y-equipamiento-turistico\/\" role=\"button\" aria-controls=\"collapseExample\"><br \/>\n          <span class=\"icono icono-tramite\"><br \/>\n            <img decoding=\"async\" src=\"https:\/\/www.oaxaca.gob.mx\/sectur\/wp-content\/uploads\/sites\/65\/2025\/10\/icono_tramites.png\" alt=\"\"><br \/>\n          <\/span><br \/>\n          <b>Asesor\u00eda para la elaboraci\u00f3n de proyectos o programas de infraestructura y equipamiento tur\u00edstico\u2026<\/b><br \/>\n        <\/a>\n      <\/div>\n<div class=\"col-md-6\">\n        <a class=\"tramite\" href=\"https:\/\/www.oaxaca.gob.mx\/sectur\/modificacion-de-los-datos-de-inscripcion-al-registro-nacional-de-turismo\/\" role=\"button\" aria-controls=\"collapseExample\"><br \/>\n          <span class=\"icono icono-tramite\"><br \/>\n            <img decoding=\"async\" src=\"https:\/\/www.oaxaca.gob.mx\/sectur\/wp-content\/uploads\/sites\/65\/2025\/10\/icono_tramites.png\" alt=\"\"><br \/>\n          <\/span><br \/>\n          <b>Modificaci\u00f3n de los datos de inscripci\u00f3n al Registro Nacional de Turismo\u2026<\/b><br \/>\n        <\/a>\n      <\/div>\n<div class=\"col-md-6\">\n        <a class=\"tramite\" href=\"https:\/\/www.oaxaca.gob.mx\/sectur\/distintivos-de-los-programas-de-calidad-turistica\/\" role=\"button\" aria-controls=\"collapseExample\"><br \/>\n          <span class=\"icono icono-tramite\"><br \/>\n            <img decoding=\"async\" src=\"https:\/\/www.oaxaca.gob.mx\/sectur\/wp-content\/uploads\/sites\/65\/2025\/10\/icono_tramites.png\" alt=\"\"><br \/>\n          <\/span><br \/>\n          <b>Distintivos de los programas de calidad tur\u00edstica\u2026<\/b><br \/>\n        <\/a>\n      <\/div>\n<div class=\"col-md-6\">\n        <a class=\"tramite\" href=\"https:\/\/www.oaxaca.gob.mx\/sectur\/baja-definitiva-de-guia-de-turistas\/\" role=\"button\" aria-controls=\"collapseExample\"><br \/>\n          <span class=\"icono icono-tramite\"><br \/>\n            <img decoding=\"async\" src=\"https:\/\/www.oaxaca.gob.mx\/sectur\/wp-content\/uploads\/sites\/65\/2025\/10\/icono_tramites.png\" alt=\"\"><br \/>\n          <\/span><br \/>\n          <b>Baja definitiva de Gu\u00eda de Turistas\u2026<\/b><br \/>\n        <\/a>\n      <\/div>\n<div class=\"col-md-6\">\n        <a class=\"tramite\" href=\"https:\/\/www.oaxaca.gob.mx\/sectur\/atencion-en-modulos-de-informacion\/\" role=\"button\" aria-controls=\"collapseExample\"><br \/>\n          <span class=\"icono icono-tramite\"><br \/>\n            <img decoding=\"async\" src=\"https:\/\/www.oaxaca.gob.mx\/sectur\/wp-content\/uploads\/sites\/65\/2025\/10\/icono_tramites.png\" alt=\"\"><br \/>\n          <\/span><br \/>\n          <b>Atenci\u00f3n en M\u00f3dulos de Informaci\u00f3n\u2026<\/b><br \/>\n        <\/a>\n      <\/div>\n<div class=\"col-md-6\">\n        <a class=\"tramite\" href=\"https:\/\/www.oaxaca.gob.mx\/sectur\/acreditacion-inicial-expedicion-de-guias-turisticos\/\" role=\"button\" aria-controls=\"collapseExample\"><br \/>\n          <span class=\"icono icono-tramite\"><br \/>\n            <img decoding=\"async\" src=\"https:\/\/www.oaxaca.gob.mx\/sectur\/wp-content\/uploads\/sites\/65\/2025\/10\/icono_tramites.png\" alt=\"\"><br \/>\n          <\/span><br \/>\n          <b>Acreditaci\u00f3n inicial\/expedici\u00f3n de gu\u00edas tur\u00edsticos\u2026<\/b><br \/>\n        <\/a>\n      <\/div>\n<div class=\"col-md-6\">\n        <a class=\"tramite\" href=\"https:\/\/www.oaxaca.gob.mx\/sectur\/asesoria-de-solicitud-o-renovacion-de-clasificacion-hotelera-o-aviso-de-cierre-de-operaciones\" role=\"button\" aria-controls=\"collapseExample\"><br \/>\n          <span class=\"icono icono-tramite\"><br \/>\n            <img decoding=\"async\" src=\"https:\/\/www.oaxaca.gob.mx\/sectur\/wp-content\/uploads\/sites\/65\/2025\/10\/icono_tramites.png\" alt=\"\"><br \/>\n          <\/span><br \/>\n          <b>Asesor\u00eda de solicitud o renovaci\u00f3n de Clasificaci\u00f3n Hotelera o aviso de cierre de operaciones\u2026<\/b><br \/>\n        <\/a>\n      <\/div>\n<div class=\"col-md-6\">\n        <a class=\"tramite\" href=\"https:\/\/www.oaxaca.gob.mx\/sectur\/cursos-de-capacitacion\/\" role=\"button\" aria-controls=\"collapseExample\"><br \/>\n          <span class=\"icono icono-tramite\"><br \/>\n            <img decoding=\"async\" src=\"https:\/\/www.oaxaca.gob.mx\/sectur\/wp-content\/uploads\/sites\/65\/2025\/10\/icono_tramites.png\" alt=\"\"><br \/>\n          <\/span><br \/>\n          <b>Cursos de Capacitaci\u00f3n\u2026<\/b><br \/>\n        <\/a>\n      <\/div>\n<div class=\"col-md-6\">\n        <a class=\"tramite\" href=\"https:\/\/www.oaxaca.gob.mx\/sectur\/inscripcion-al-registro-nacional-de-turismo\/\" role=\"button\" aria-controls=\"collapseExample\"><br \/>\n          <span class=\"icono icono-tramite\"><br \/>\n            <img decoding=\"async\" src=\"https:\/\/www.oaxaca.gob.mx\/sectur\/wp-content\/uploads\/sites\/65\/2025\/10\/icono_tramites.png\" alt=\"\"><br \/>\n          <\/span><br \/>\n          <b>Inscripci\u00f3n al Registro Nacional de Turismo\u2026<\/b><br \/>\n        <\/a>\n      <\/div>\n<div class=\"col-md-6\">\n        <a class=\"tramite\" href=\"https:\/\/www.oaxaca.gob.mx\/sectur\/refrendo-de-credencial-de-guia-de-turistas\/\" role=\"button\" aria-controls=\"collapseExample\"><br \/>\n          <span class=\"icono icono-tramite\"><br \/>\n            <img decoding=\"async\" src=\"https:\/\/www.oaxaca.gob.mx\/sectur\/wp-content\/uploads\/sites\/65\/2025\/10\/icono_tramites.png\" alt=\"\"><br \/>\n          <\/span><br \/>\n          <b>Refrendo de credencial de Gu\u00edas de Turistas\u2026<\/b><br \/>\n        <\/a>\n      <\/div>\n<div class=\"col-md-6\">\n        <a class=\"tramite\" href=\"https:\/\/www.oaxaca.gob.mx\/sectur\/renovacion-de-vigencia-al-registro-nacional-de-turismo\/\" role=\"button\" aria-controls=\"collapseExample\"><br \/>\n          <span class=\"icono icono-tramite\"><br \/>\n            <img decoding=\"async\" src=\"https:\/\/www.oaxaca.gob.mx\/sectur\/wp-content\/uploads\/sites\/65\/2025\/10\/icono_tramites.png\" alt=\"\"><br \/>\n          <\/span><br \/>\n          <b>Renovaci\u00f3n de vigencia al Registro Nacional de Turismo\u2026<\/b><br \/>\n        <\/a>\n      <\/div>\n<div class=\"col-md-6\">\n        <a class=\"tramite\" href=\"https:\/\/www.oaxaca.gob.mx\/sectur\/promocion-de-ferias-y-eventos-turisticos-locales\/\" role=\"button\" aria-controls=\"collapseExample\"><br \/>\n          <span class=\"icono icono-tramite\"><br \/>\n            <img decoding=\"async\" src=\"https:\/\/www.oaxaca.gob.mx\/sectur\/wp-content\/uploads\/sites\/65\/2025\/10\/icono_tramites.png\" alt=\"\"><br \/>\n          <\/span><br \/>\n          <b>Promoci\u00f3n de ferias y eventos tur\u00edsticos locales\u2026<\/b><br \/>\n        <\/a>\n      <\/div>\n<div class=\"col-md-6\">\n        <a class=\"tramite\" href=\"https:\/\/www.oaxaca.gob.mx\/sectur\/registro-de-prestadores-de-servicios-turisticos-pst\/\" role=\"button\" aria-controls=\"collapseExample\"><br \/>\n          <span class=\"icono icono-tramite\"><br \/>\n            <img decoding=\"async\" src=\"https:\/\/www.oaxaca.gob.mx\/sectur\/wp-content\/uploads\/sites\/65\/2025\/10\/icono_tramites.png\" alt=\"\"><br \/>\n          <\/span><br \/>\n          <b>Registro de prestadores de servicios tur\u00edsticos (PST)\u2026<\/b><br \/>\n        <\/a>\n      <\/div>\n<div class=\"col-md-6\">\n        <a class=\"tramite\" href=\"https:\/\/www.oaxaca.gob.mx\/sectur\/atencion-y-proteccion-al-turista\/\" role=\"button\" aria-controls=\"collapseExample\"><br \/>\n          <span class=\"icono icono-tramite\"><br \/>\n            <img decoding=\"async\" src=\"https:\/\/www.oaxaca.gob.mx\/sectur\/wp-content\/uploads\/sites\/65\/2025\/10\/icono_tramites.png\" alt=\"\"><br \/>\n          <\/span><br \/>\n          <b>Atenci\u00f3n y protecci\u00f3n al turista\u2026<\/b><br \/>\n        <\/a>\n      <\/div>\n<\/p><\/div>\n<div class=\"text-center\"><\/div>\n<\/p><\/div>\n<\/section>\n","protected":false},"excerpt":{"rendered":"<p>Canje de credencial\u2026 Reposici\u00f3n por robo o extrav\u00edo de credencial de gu\u00eda de turistas\u2026 Asesor\u00eda para la elaboraci\u00f3n de proyectos o programas de infraestructura y equipamiento tur\u00edstico\u2026 Modificaci\u00f3n de los datos de inscripci\u00f3n al Registro Nacional de Turismo\u2026 Distintivos de los programas de calidad tur\u00edstica\u2026 Baja definitiva de Gu\u00eda de Turistas\u2026 Atenci\u00f3n en M\u00f3dulos de [&hellip;]<\/p>\n","protected":false},"author":71,"featured_media":0,"parent":0,"menu_order":0,"comment_status":"closed","ping_status":"closed","template":"","meta":{"episode_type":"","audio_file":"","podmotor_file_id":"","podmotor_episode_id":"","cover_image":"","cover_image_id":"","duration":"","filesize":"","filesize_raw":"","date_recorded":"","explicit":"","block":"","itunes_episode_number":"","itunes_title":"","itunes_season_number":"","itunes_episode_type":"","footnotes":""},"categories":[],"tags":[],"class_list":["post-9549","page","type-page","status-publish","hentry"],"acf":[],"publishpress_future_action":{"enabled":false,"date":"2026-04-22 15:26:27","action":"change-status","newStatus":"draft","terms":[],"taxonomy":"category","extraData":[]},"publishpress_future_workflow_manual_trigger":{"enabledWorkflows":[]},"_links":{"self":[{"href":"https:\/\/www.oaxaca.gob.mx\/sectur\/wp-json\/wp\/v2\/pages\/9549","targetHints":{"allow":["GET"]}}],"collection":[{"href":"https:\/\/www.oaxaca.gob.mx\/sectur\/wp-json\/wp\/v2\/pages"}],"about":[{"href":"https:\/\/www.oaxaca.gob.mx\/sectur\/wp-json\/wp\/v2\/types\/page"}],"author":[{"embeddable":true,"href":"https:\/\/www.oaxaca.gob.mx\/sectur\/wp-json\/wp\/v2\/users\/71"}],"replies":[{"embeddable":true,"href":"https:\/\/www.oaxaca.gob.mx\/sectur\/wp-json\/wp\/v2\/comments?post=9549"}],"version-history":[{"count":3,"href":"https:\/\/www.oaxaca.gob.mx\/sectur\/wp-json\/wp\/v2\/pages\/9549\/revisions"}],"predecessor-version":[{"id":9881,"href":"https:\/\/www.oaxaca.gob.mx\/sectur\/wp-json\/wp\/v2\/pages\/9549\/revisions\/9881"}],"wp:attachment":[{"href":"https:\/\/www.oaxaca.gob.mx\/sectur\/wp-json\/wp\/v2\/media?parent=9549"}],"wp:term":[{"taxonomy":"category","embeddable":true,"href":"https:\/\/www.oaxaca.gob.mx\/sectur\/wp-json\/wp\/v2\/categories?post=9549"},{"taxonomy":"post_tag","embeddable":true,"href":"https:\/\/www.oaxaca.gob.mx\/sectur\/wp-json\/wp\/v2\/tags?post=9549"}],"curies":[{"name":"wp","href":"https:\/\/api.w.org\/{rel}","templated":true}]}}