{"id":9144,"date":"2025-05-26T11:06:38","date_gmt":"2025-05-26T17:06:38","guid":{"rendered":"https:\/\/www.oaxaca.gob.mx\/sectur\/?page_id=9144"},"modified":"2025-05-26T11:06:50","modified_gmt":"2025-05-26T17:06:50","slug":"avisos-de-privacidad","status":"publish","type":"page","link":"https:\/\/www.oaxaca.gob.mx\/sectur\/avisos-de-privacidad\/","title":{"rendered":"Avisos de privacidad"},"content":{"rendered":"\n<table id=\"tablepress-14\" class=\"tablepress tablepress-id-14\">\n<thead>\n<tr class=\"row-1\">\n\t<td class=\"column-1\"><\/td><td class=\"column-2\"><\/td>\n<\/tr>\n<\/thead>\n<tbody class=\"row-striping row-hover\">\n<tr class=\"row-2\">\n\t<td class=\"column-1\"><div style=\"background-color:#9D2449;color:white;font-weight:bold;padding:10px;margin:0\">DOCUMENTO DE SEGURIDAD<br \/>\n<\/div><\/td><td class=\"column-2\"><\/td>\n<\/tr>\n<tr class=\"row-3\">\n\t<td class=\"column-1\">Documento de Seguridad de la Secretar\u00eda de Turismo.<\/td><td class=\"column-2\"><a href=\"https:\/\/www.oaxaca.gob.mx\/sectur\/wp-content\/uploads\/sites\/65\/2025\/05\/1.-DOCUMENTO-DE-SEGURIDAD-SECTUR-OGAIPO-29-04-2025.pdf\" target=\"_blank\" rel=\"noopener noreferrer\"><i class=\"far fa-file-pdf fa-2x\"> <\/i><\/a><\/td>\n<\/tr>\n<tr class=\"row-4\">\n\t<td class=\"column-1\"><div style=\"background-color:#9D2449;color:white;font-weight:bold;padding:10px;margin:0\">AVISOS DE PRIVACIDAD SIMPLIFICADOS<\/div><\/td><td class=\"column-2\"><\/td>\n<\/tr>\n<tr class=\"row-5\">\n\t<td class=\"column-1\">Aviso de Privacidad Simplificado (General)<\/td><td class=\"column-2\"><a href=\"https:\/\/www.oaxaca.gob.mx\/sectur\/wp-content\/uploads\/sites\/65\/2025\/05\/1.-AVISO-DE-PRIVACIDAD-SIMPLIFICADO-2025.pdf\" target=\"_blank\" rel=\"noopener noreferrer\"><i class=\"far fa-file-pdf fa-2x\"> <\/i><\/a><\/td>\n<\/tr>\n<tr class=\"row-6\">\n\t<td class=\"column-1\">Aviso de Privacidad simplificado (descargable)<\/td><td class=\"column-2\"><a href=\"https:\/\/www.oaxaca.gob.mx\/sectur\/wp-content\/uploads\/sites\/65\/2025\/05\/3.-AVISO-DE-PRIVACIDAD-SIMPLIFICADO-2025-descargable.pdf\" target=\"_blank\" rel=\"noopener noreferrer\"><i class=\"far fa-file-pdf fa-2x\"> <\/i><\/a><\/td>\n<\/tr>\n<tr class=\"row-7\">\n\t<td class=\"column-1\">Aviso de Privacidad Simplificado de la Unidad de Transparencia.<\/td><td class=\"column-2\"><a href=\"https:\/\/www.oaxaca.gob.mx\/sectur\/wp-content\/uploads\/sites\/65\/2025\/05\/2.-AVISO-DE-PRIVACIDAD-INTEGRAL-UNIDAD-DE-TRANSPARENCIA.-SECTUR.pdf\" target=\"_blank\" rel=\"noopener noreferrer\"><i class=\"far fa-file-pdf fa-2x\"> <\/i><\/a><\/td>\n<\/tr>\n<tr class=\"row-8\">\n\t<td class=\"column-1\"><div style=\"background-color:#9D2449;color:white;font-weight:bold;padding:10px;margin:0\">AVISOS DE PRIVACIDAD INTEGRAL<\/div><\/td><td class=\"column-2\"><\/td>\n<\/tr>\n<tr class=\"row-9\">\n\t<td class=\"column-1\">Aviso de Privacidad Integral Secretar\u00eda Particular<\/td><td class=\"column-2\"><a href=\"https:\/\/www.oaxaca.gob.mx\/sectur\/wp-content\/uploads\/sites\/65\/2025\/05\/1.-SECRETARIA-PARTICULAR.pdf\" target=\"_blank\" rel=\"noopener noreferrer\"><i class=\"far fa-file-pdf fa-2x\"> <\/i><\/a><\/td>\n<\/tr>\n<tr class=\"row-10\">\n\t<td class=\"column-1\">Aviso de Privacidad Integral de Unidad Jur\u00eddica<\/td><td class=\"column-2\"><a href=\"https:\/\/www.oaxaca.gob.mx\/sectur\/wp-content\/uploads\/sites\/65\/2025\/05\/2.-UNIDAD-JURIDICA.pdf\" target=\"_blank\" rel=\"noopener noreferrer\"><i class=\"far fa-file-pdf fa-2x\"> <\/i><\/a><\/td>\n<\/tr>\n<tr class=\"row-11\">\n\t<td class=\"column-1\">Aviso de Privacidad Integral Departamento de Comunicaci\u00f3n y Relaciones P\u00fablicas<\/td><td class=\"column-2\"><a href=\"https:\/\/www.oaxaca.gob.mx\/sectur\/wp-content\/uploads\/sites\/65\/2025\/05\/3.-DEPARTAMENTO-DE-COMUNICACION-Y-RELACIONES-PUBLICAS.pdf\" target=\"_blank\" rel=\"noopener noreferrer\"><i class=\"far fa-file-pdf fa-2x\"> <\/i><\/a><\/td>\n<\/tr>\n<tr class=\"row-12\">\n\t<td class=\"column-1\">Aviso de privacidad Integral Direcci\u00f3n Administrativa<\/td><td class=\"column-2\"><a href=\"https:\/\/www.oaxaca.gob.mx\/sectur\/wp-content\/uploads\/sites\/65\/2025\/05\/4.-DIRECCION-ADMINISTRATIVA.pdf\" target=\"_blank\" rel=\"noopener noreferrer\"><i class=\"far fa-file-pdf fa-2x\"> <\/i><\/a><\/td>\n<\/tr>\n<tr class=\"row-13\">\n\t<td class=\"column-1\">Aviso de Privacidad Integral Direcci\u00f3n de Profesionalizaci\u00f3n Tur\u00edstica<\/td><td class=\"column-2\"><a href=\"https:\/\/www.oaxaca.gob.mx\/sectur\/wp-content\/uploads\/sites\/65\/2025\/05\/5.-DIRECCION-DE-PROFESIONALIZACION-TURISTICA.pdf\" target=\"_blank\" rel=\"noopener noreferrer\"><i class=\"far fa-file-pdf fa-2x\"> <\/i><\/a><\/td>\n<\/tr>\n<tr class=\"row-14\">\n\t<td class=\"column-1\">Aviso de  Privacidad Integral Direcci\u00f3n de Comercializaci\u00f3n Tur\u00edstica<\/td><td class=\"column-2\"><a href=\"https:\/\/www.oaxaca.gob.mx\/sectur\/wp-content\/uploads\/sites\/65\/2025\/05\/6.-DIRECCION-DE-COMERCIALIZACION-TURISTICA.pdf\" target=\"_blank\" rel=\"noopener noreferrer\"><i class=\"far fa-file-pdf fa-2x\"> <\/i><\/a><\/td>\n<\/tr>\n<tr class=\"row-15\">\n\t<td class=\"column-1\">Aviso de Privacidad Integral Direcci\u00f3n de Promoci\u00f3n Tur\u00edstica<\/td><td class=\"column-2\"><a href=\"https:\/\/www.oaxaca.gob.mx\/sectur\/wp-content\/uploads\/sites\/65\/2025\/05\/7.-DIRECCION-DE-PROMOCION-TURISTICA.pdf\" target=\"_blank\" rel=\"noopener noreferrer\"><i class=\"far fa-file-pdf fa-2x\"> <\/i><\/a><\/td>\n<\/tr>\n<tr class=\"row-16\">\n\t<td class=\"column-1\">Aviso de Privacidad Integral Direcci\u00f3n de Informaci\u00f3n y An\u00e1lisis Tur\u00edsticos<\/td><td class=\"column-2\"><a href=\"https:\/\/www.oaxaca.gob.mx\/sectur\/wp-content\/uploads\/sites\/65\/2025\/05\/8.-DIRECCION-DE-INFORMACION-Y-ANALISIS-TURISTICOS.pdf\" target=\"_blank\" rel=\"noopener noreferrer\"><i class=\"far fa-file-pdf fa-2x\"> <\/i><\/a><\/td>\n<\/tr>\n<tr class=\"row-17\">\n\t<td class=\"column-1\"><\/td><td class=\"column-2\"><\/td>\n<\/tr>\n<\/tbody>\n<\/table>\n<!-- #tablepress-14 from cache -->\n","protected":false},"excerpt":{"rendered":"","protected":false},"author":71,"featured_media":0,"parent":0,"menu_order":0,"comment_status":"closed","ping_status":"closed","template":"","meta":{"episode_type":"","audio_file":"","podmotor_file_id":"","podmotor_episode_id":"","cover_image":"","cover_image_id":"","duration":"","filesize":"","filesize_raw":"","date_recorded":"","explicit":"","block":"","itunes_episode_number":"","itunes_title":"","itunes_season_number":"","itunes_episode_type":"","footnotes":""},"categories":[9],"tags":[],"class_list":["post-9144","page","type-page","status-publish","hentry","category-transparencia"],"acf":[],"publishpress_future_action":{"enabled":false,"date":"2026-04-22 15:17:47","action":"change-status","newStatus":"draft","terms":[],"taxonomy":"category","extraData":[]},"publishpress_future_workflow_manual_trigger":{"enabledWorkflows":[]},"_links":{"self":[{"href":"https:\/\/www.oaxaca.gob.mx\/sectur\/wp-json\/wp\/v2\/pages\/9144","targetHints":{"allow":["GET"]}}],"collection":[{"href":"https:\/\/www.oaxaca.gob.mx\/sectur\/wp-json\/wp\/v2\/pages"}],"about":[{"href":"https:\/\/www.oaxaca.gob.mx\/sectur\/wp-json\/wp\/v2\/types\/page"}],"author":[{"embeddable":true,"href":"https:\/\/www.oaxaca.gob.mx\/sectur\/wp-json\/wp\/v2\/users\/71"}],"replies":[{"embeddable":true,"href":"https:\/\/www.oaxaca.gob.mx\/sectur\/wp-json\/wp\/v2\/comments?post=9144"}],"version-history":[{"count":1,"href":"https:\/\/www.oaxaca.gob.mx\/sectur\/wp-json\/wp\/v2\/pages\/9144\/revisions"}],"predecessor-version":[{"id":9145,"href":"https:\/\/www.oaxaca.gob.mx\/sectur\/wp-json\/wp\/v2\/pages\/9144\/revisions\/9145"}],"wp:attachment":[{"href":"https:\/\/www.oaxaca.gob.mx\/sectur\/wp-json\/wp\/v2\/media?parent=9144"}],"wp:term":[{"taxonomy":"category","embeddable":true,"href":"https:\/\/www.oaxaca.gob.mx\/sectur\/wp-json\/wp\/v2\/categories?post=9144"},{"taxonomy":"post_tag","embeddable":true,"href":"https:\/\/www.oaxaca.gob.mx\/sectur\/wp-json\/wp\/v2\/tags?post=9144"}],"curies":[{"name":"wp","href":"https:\/\/api.w.org\/{rel}","templated":true}]}}