{"id":822,"date":"2017-05-02T09:36:34","date_gmt":"2017-05-02T15:36:34","guid":{"rendered":"https:\/\/www.oaxaca.gob.mx\/sectur\/?page_id=822"},"modified":"2022-05-17T15:10:09","modified_gmt":"2022-05-17T20:10:09","slug":"codigo-conducta-nacional","status":"publish","type":"page","link":"https:\/\/www.oaxaca.gob.mx\/sectur\/codigo-conducta-nacional\/","title":{"rendered":"C\u00f3digo de Conducta Nacional"},"content":{"rendered":"<div>\n<p>El\u00a0<strong><em>C\u00f3digo de Conducta Nacional para la Protecci\u00f3n de las Ni\u00f1as, Ni\u00f1os y Adolescentes en el Sector de los Viajes y el Turismo<\/em><\/strong><em>\u00a0<strong>(CCN)<\/strong><\/em>, es un instrumento creado por la Secretar\u00eda de Turismo como compromiso que adquiere voluntariamente la industria tur\u00edstica, para proteger a las ni\u00f1as, ni\u00f1os y adolescentes en contra de cualquier tipo de explotaci\u00f3n, a trav\u00e9s de la implementaci\u00f3n de 6 directrices en sus establecimientos.<\/p>\n<p>El CCN compromete a los actores sociales de la industria tur\u00edstica, a mejorar la calidad de vida de las comunidades, protegiendo los derechos de las personas menores de edad, contra la explotaci\u00f3n sexual y laboral, as\u00ed como a crear conciencia en los turistas para fomentar responsabilidades y compromisos que a su vez proyecten la imagen de un turismo seguro en M\u00e9xico.<\/p>\n<p>En el Departamento de Capacitaci\u00f3n y Cultura Tur\u00edstica, adscrito a la Direcci\u00f3n de Profesionalizaci\u00f3n Tur\u00edstica, resuelve dudas en un horario de atenci\u00f3n de 09:00 a 15:00 horas, \u00a0de lunes a viernes, con el siguiente n\u00famero telef\u00f3nico\u00a0 951 502 1200, Ext. 1214.<\/p>\n<p>&nbsp;<\/p>\n<p>Realiza el registro de tu establecimiento y s\u00famate al C\u00f3digo de Conducta Nacional para la protecci\u00f3n de Ni\u00f1os, Ni\u00f1as y Adolescentes en el sector de los viajes y el turismo en el siguiente portal oficial: <strong><a href=\"http:\/\/www.ccn.sectur.gob.mx\/\" target=\"_blank\" rel=\"noopener\">www.ccn.sectur.gob.mx<\/a><\/strong><\/p>\n<p>&nbsp;<\/p>\n<p>Canales de comunicaci\u00f3n para el CCN: <strong><a href=\"mailto:atencionccn@sectur.gob.mx\" target=\"_blank\" rel=\"noopener\">atencionccn@sectur.gob.mx<\/a> <\/strong>en la Secretar\u00eda de Turismo del Gobierno de la Rep\u00fablica.<\/p>\n<\/div>\n<p><img loading=\"lazy\" decoding=\"async\" class=\"alignnone size-medium wp-image-6234\" src=\"https:\/\/www.oaxaca.gob.mx\/sectur\/wp-content\/uploads\/sites\/65\/2022\/05\/Codigo-Naciona-300x130.jpeg\" alt=\"\" width=\"300\" height=\"130\" srcset=\"https:\/\/www.oaxaca.gob.mx\/sectur\/wp-content\/uploads\/sites\/65\/2022\/05\/Codigo-Naciona-300x130.jpeg 300w, https:\/\/www.oaxaca.gob.mx\/sectur\/wp-content\/uploads\/sites\/65\/2022\/05\/Codigo-Naciona-1024x444.jpeg 1024w, https:\/\/www.oaxaca.gob.mx\/sectur\/wp-content\/uploads\/sites\/65\/2022\/05\/Codigo-Naciona-768x333.jpeg 768w, https:\/\/www.oaxaca.gob.mx\/sectur\/wp-content\/uploads\/sites\/65\/2022\/05\/Codigo-Naciona-1536x665.jpeg 1536w, https:\/\/www.oaxaca.gob.mx\/sectur\/wp-content\/uploads\/sites\/65\/2022\/05\/Codigo-Naciona.jpeg 1600w\" sizes=\"auto, (max-width: 300px) 100vw, 300px\" \/><\/p>\n","protected":false},"excerpt":{"rendered":"<p>El\u00a0C\u00f3digo de Conducta Nacional para la Protecci\u00f3n de las Ni\u00f1as, Ni\u00f1os y Adolescentes en el Sector de los Viajes y el Turismo\u00a0(CCN), es un instrumento creado por la Secretar\u00eda de Turismo como compromiso que adquiere voluntariamente la industria tur\u00edstica, para proteger a las ni\u00f1as, ni\u00f1os y adolescentes en contra de cualquier tipo de explotaci\u00f3n, a [&hellip;]<\/p>\n","protected":false},"author":1,"featured_media":2879,"parent":0,"menu_order":0,"comment_status":"closed","ping_status":"closed","template":"","meta":{"episode_type":"","audio_file":"","podmotor_file_id":"","podmotor_episode_id":"","cover_image":"","cover_image_id":"","duration":"","filesize":"","filesize_raw":"","date_recorded":"","explicit":"","block":"","itunes_episode_number":"","itunes_title":"","itunes_season_number":"","itunes_episode_type":"","footnotes":""},"categories":[],"tags":[],"class_list":["post-822","page","type-page","status-publish","has-post-thumbnail","hentry"],"acf":[],"publishpress_future_action":{"enabled":false,"date":"2026-05-23 17:03:00","action":"change-status","newStatus":"draft","terms":[],"taxonomy":"category","extraData":[]},"publishpress_future_workflow_manual_trigger":{"enabledWorkflows":[]},"_links":{"self":[{"href":"https:\/\/www.oaxaca.gob.mx\/sectur\/wp-json\/wp\/v2\/pages\/822","targetHints":{"allow":["GET"]}}],"collection":[{"href":"https:\/\/www.oaxaca.gob.mx\/sectur\/wp-json\/wp\/v2\/pages"}],"about":[{"href":"https:\/\/www.oaxaca.gob.mx\/sectur\/wp-json\/wp\/v2\/types\/page"}],"author":[{"embeddable":true,"href":"https:\/\/www.oaxaca.gob.mx\/sectur\/wp-json\/wp\/v2\/users\/1"}],"replies":[{"embeddable":true,"href":"https:\/\/www.oaxaca.gob.mx\/sectur\/wp-json\/wp\/v2\/comments?post=822"}],"version-history":[{"count":11,"href":"https:\/\/www.oaxaca.gob.mx\/sectur\/wp-json\/wp\/v2\/pages\/822\/revisions"}],"predecessor-version":[{"id":6237,"href":"https:\/\/www.oaxaca.gob.mx\/sectur\/wp-json\/wp\/v2\/pages\/822\/revisions\/6237"}],"wp:featuredmedia":[{"embeddable":true,"href":"https:\/\/www.oaxaca.gob.mx\/sectur\/wp-json\/wp\/v2\/media\/2879"}],"wp:attachment":[{"href":"https:\/\/www.oaxaca.gob.mx\/sectur\/wp-json\/wp\/v2\/media?parent=822"}],"wp:term":[{"taxonomy":"category","embeddable":true,"href":"https:\/\/www.oaxaca.gob.mx\/sectur\/wp-json\/wp\/v2\/categories?post=822"},{"taxonomy":"post_tag","embeddable":true,"href":"https:\/\/www.oaxaca.gob.mx\/sectur\/wp-json\/wp\/v2\/tags?post=822"}],"curies":[{"name":"wp","href":"https:\/\/api.w.org\/{rel}","templated":true}]}}