{"id":6653,"date":"2023-03-01T14:17:22","date_gmt":"2023-03-01T20:17:22","guid":{"rendered":"https:\/\/www.oaxaca.gob.mx\/sectur\/?page_id=6653"},"modified":"2023-03-01T14:24:15","modified_gmt":"2023-03-01T20:24:15","slug":"noticias","status":"publish","type":"page","link":"https:\/\/www.oaxaca.gob.mx\/sectur\/noticias\/","title":{"rendered":"Noticias"},"content":{"rendered":"\r\n<section class=\"section\">\r\n  <div class=\"container-md\">\r\n    <div class=\"row\">\r\n      <div class=\"col-md-8\">\r\n                <div class=\"row\">\r\n          \r\n          <!-- \/*\r\n          $paged = ( get_query_var('paged') ) ? absint(get_query_var('paged')) : 1;\r\n          \/\/$query = new WP_Query( array( 'post_type' =>  'post', 'category_name' => 'noticias', 'posts_per_page' => 10 , 'paged' => $paged ) );\r\n          $query = new WP_Query( array( 'post_type' =>  'post', 'post_status' => 'publish', 'posts_per_page' => 10 , 'paged' => $paged ) );\r\n          if ( $query->have_posts() ) :\r\n            while ( $query->have_posts() ) : $query->the_post(); *\/ \r\n          ?> -->\r\n            <div class=\"card border-0 mb-3\" style=\"width: 100%;\">\r\n              <div class=\"row g-0\">\r\n                <div class=\"col-md-4\">\r\n                                      <img decoding=\"async\" src=\"https:\/\/www.oaxaca.gob.mx\/sectur\/wp-content\/uploads\/sites\/65\/2026\/03\/guelaguetza_mazateca_banner_boletin.jpg-1.jpeg\" class=\"img-fluid\" style=\"width:300px; height:200px;\" alt=\"Celebra Huautla de Jim\u00e9nez primera Guelaguetza Mazateca \u201cNax\u00f3 Loxa\u201d\">\r\n                                  <\/div>\r\n                <div class=\"col-md-8\">\r\n                  <div class=\"card-body py-1\">\r\n                    <a href=\"https:\/\/www.oaxaca.gob.mx\/sectur\/celebra-huautla-de-jimenez-primera-guelaguetza-mazateca-naxo-loxa\/\" title=\"Celebra Huautla de Jim\u00e9nez primera Guelaguetza Mazateca \u201cNax\u00f3 Loxa\u201d\">\r\n                      <h5 class=\"card-title\">Celebra Huautla de Jim\u00e9nez primera Guelaguetza Mazateca \u201cNax\u00f3 Loxa\u201d<\/h5>\r\n                    <\/a>\r\n                    <p class=\"card-text\"><p>Nueve delegaciones compartieron bailes, danzas y cultura<\/p>\n<\/p>\r\n                  <\/div>\r\n                <\/div>\r\n              <\/div>\r\n            <\/div>\r\n            \r\n          <!-- \/*\r\n          $paged = ( get_query_var('paged') ) ? absint(get_query_var('paged')) : 1;\r\n          \/\/$query = new WP_Query( array( 'post_type' =>  'post', 'category_name' => 'noticias', 'posts_per_page' => 10 , 'paged' => $paged ) );\r\n          $query = new WP_Query( array( 'post_type' =>  'post', 'post_status' => 'publish', 'posts_per_page' => 10 , 'paged' => $paged ) );\r\n          if ( $query->have_posts() ) :\r\n            while ( $query->have_posts() ) : $query->the_post(); *\/ \r\n          ?> -->\r\n            <div class=\"card border-0 mb-3\" style=\"width: 100%;\">\r\n              <div class=\"row g-0\">\r\n                <div class=\"col-md-4\">\r\n                                      <img decoding=\"async\" src=\"https:\/\/www.oaxaca.gob.mx\/sectur\/wp-content\/uploads\/sites\/65\/2026\/03\/liderazgo_de_las_mujeres_banner.jpg.jpeg\" class=\"img-fluid\" style=\"width:300px; height:200px;\" alt=\"Liderazgo de las mujeres, motor para el desarrollo tur\u00edstico de Oaxaca: Sectur\">\r\n                                  <\/div>\r\n                <div class=\"col-md-8\">\r\n                  <div class=\"card-body py-1\">\r\n                    <a href=\"https:\/\/www.oaxaca.gob.mx\/sectur\/liderazgo-de-las-mujeres-motor-para-el-desarrollo-turistico-de-oaxaca-sectur\/\" title=\"Liderazgo de las mujeres, motor para el desarrollo tur\u00edstico de Oaxaca: Sectur\">\r\n                      <h5 class=\"card-title\">Liderazgo de las mujeres, motor para el desarrollo tur\u00edstico de Oaxaca: Sectur<\/h5>\r\n                    <\/a>\r\n                    <p class=\"card-text\"><p>La titular de la dependencia tom\u00f3 protesta a la nueva Mesa Directiva de empresarias tur\u00edsticas<\/p>\n<\/p>\r\n                  <\/div>\r\n                <\/div>\r\n              <\/div>\r\n            <\/div>\r\n            \r\n          <!-- \/*\r\n          $paged = ( get_query_var('paged') ) ? absint(get_query_var('paged')) : 1;\r\n          \/\/$query = new WP_Query( array( 'post_type' =>  'post', 'category_name' => 'noticias', 'posts_per_page' => 10 , 'paged' => $paged ) );\r\n          $query = new WP_Query( array( 'post_type' =>  'post', 'post_status' => 'publish', 'posts_per_page' => 10 , 'paged' => $paged ) );\r\n          if ( $query->have_posts() ) :\r\n            while ( $query->have_posts() ) : $query->the_post(); *\/ \r\n          ?> -->\r\n            <div class=\"card border-0 mb-3\" style=\"width: 100%;\">\r\n              <div class=\"row g-0\">\r\n                <div class=\"col-md-4\">\r\n                                      <img decoding=\"async\" src=\"https:\/\/www.oaxaca.gob.mx\/sectur\/wp-content\/uploads\/sites\/65\/2026\/03\/viaje_tuxtla_a_oaxaca_huatulco_banner.jpg.jpeg\" class=\"img-fluid\" style=\"width:300px; height:200px;\" alt=\"\u00a1Viaja de Tuxtla hacia Oaxaca o Huatulco por mil 500 pesos!\">\r\n                                  <\/div>\r\n                <div class=\"col-md-8\">\r\n                  <div class=\"card-body py-1\">\r\n                    <a href=\"https:\/\/www.oaxaca.gob.mx\/sectur\/viaja-de-tuxtla-hacia-oaxaca-o-huatulco-por-mil-500-pesos\/\" title=\"\u00a1Viaja de Tuxtla hacia Oaxaca o Huatulco por mil 500 pesos!\">\r\n                      <h5 class=\"card-title\">\u00a1Viaja de Tuxtla hacia Oaxaca o Huatulco por mil 500 pesos!<\/h5>\r\n                    <\/a>\r\n                    <p class=\"card-text\"><p>El trayecto Tuxtla \u2013 Oaxaca estar\u00e1 abierto los lunes, mi\u00e9rcoles y viernes; mientras que la v\u00eda Tuxtla \u2013 Huatulco prestar\u00e1 servicios los jueves y domingos<\/p>\n<\/p>\r\n                  <\/div>\r\n                <\/div>\r\n              <\/div>\r\n            <\/div>\r\n            \r\n          <!-- \/*\r\n          $paged = ( get_query_var('paged') ) ? absint(get_query_var('paged')) : 1;\r\n          \/\/$query = new WP_Query( array( 'post_type' =>  'post', 'category_name' => 'noticias', 'posts_per_page' => 10 , 'paged' => $paged ) );\r\n          $query = new WP_Query( array( 'post_type' =>  'post', 'post_status' => 'publish', 'posts_per_page' => 10 , 'paged' => $paged ) );\r\n          if ( $query->have_posts() ) :\r\n            while ( $query->have_posts() ) : $query->the_post(); *\/ \r\n          ?> -->\r\n            <div class=\"card border-0 mb-3\" style=\"width: 100%;\">\r\n              <div class=\"row g-0\">\r\n                <div class=\"col-md-4\">\r\n                                      <img decoding=\"async\" src=\"https:\/\/www.oaxaca.gob.mx\/sectur\/wp-content\/uploads\/sites\/65\/2026\/02\/principal_mezcal.jpg.jpeg\" class=\"img-fluid\" style=\"width:300px; height:200px;\" alt=\"Impulsa Gobierno del Estado proyecci\u00f3n tur\u00edstica del mezcal en Miahuatl\u00e1n de Porfirio D\u00edaz\">\r\n                                  <\/div>\r\n                <div class=\"col-md-8\">\r\n                  <div class=\"card-body py-1\">\r\n                    <a href=\"https:\/\/www.oaxaca.gob.mx\/sectur\/impulsa-gobierno-del-estado-proyeccion-turistica-del-mezcal-en-miahuatlan-de-porfirio-diaz\/\" title=\"Impulsa Gobierno del Estado proyecci\u00f3n tur\u00edstica del mezcal en Miahuatl\u00e1n de Porfirio D\u00edaz\">\r\n                      <h5 class=\"card-title\">Impulsa Gobierno del Estado proyecci\u00f3n tur\u00edstica del mezcal en Miahuatl\u00e1n de Porfirio D\u00edaz<\/h5>\r\n                    <\/a>\r\n                    <p class=\"card-text\"><p>Del 10 al 12 de abril, se realizar\u00e1n diversas festividades para la promoci\u00f3n de esta bebida ancestral en la agencia municipal Mengol\u00ed de Morelos<\/p>\n<\/p>\r\n                  <\/div>\r\n                <\/div>\r\n              <\/div>\r\n            <\/div>\r\n            \r\n          <!-- \/*\r\n          $paged = ( get_query_var('paged') ) ? absint(get_query_var('paged')) : 1;\r\n          \/\/$query = new WP_Query( array( 'post_type' =>  'post', 'category_name' => 'noticias', 'posts_per_page' => 10 , 'paged' => $paged ) );\r\n          $query = new WP_Query( array( 'post_type' =>  'post', 'post_status' => 'publish', 'posts_per_page' => 10 , 'paged' => $paged ) );\r\n          if ( $query->have_posts() ) :\r\n            while ( $query->have_posts() ) : $query->the_post(); *\/ \r\n          ?> -->\r\n            <div class=\"card border-0 mb-3\" style=\"width: 100%;\">\r\n              <div class=\"row g-0\">\r\n                <div class=\"col-md-4\">\r\n                                      <img decoding=\"async\" src=\"https:\/\/www.oaxaca.gob.mx\/sectur\/wp-content\/uploads\/sites\/65\/2026\/02\/prin_fin_de_semana.jpg.jpeg\" class=\"img-fluid\" style=\"width:300px; height:200px;\" alt=\"Primer fin de semana largo del a\u00f1o genera derrama de 273 mdp: Sectur Oaxaca\">\r\n                                  <\/div>\r\n                <div class=\"col-md-8\">\r\n                  <div class=\"card-body py-1\">\r\n                    <a href=\"https:\/\/www.oaxaca.gob.mx\/sectur\/primer-fin-de-semana-largo-del-ano-genera-derrama-de-273-mdp-sectur-oaxaca\/\" title=\"Primer fin de semana largo del a\u00f1o genera derrama de 273 mdp: Sectur Oaxaca\">\r\n                      <h5 class=\"card-title\">Primer fin de semana largo del a\u00f1o genera derrama de 273 mdp: Sectur Oaxaca<\/h5>\r\n                    <\/a>\r\n                    <p class=\"card-text\"><p>La capital de estado, Bah\u00edas de Huatulco y Puerto Escondido tuvieron una ocupaci\u00f3n hotelera promedio de 74.09 %; con una afluencia de 75 mil 443 visitantes<\/p>\n<\/p>\r\n                  <\/div>\r\n                <\/div>\r\n              <\/div>\r\n            <\/div>\r\n            \r\n          <!-- \/*\r\n          $paged = ( get_query_var('paged') ) ? absint(get_query_var('paged')) : 1;\r\n          \/\/$query = new WP_Query( array( 'post_type' =>  'post', 'category_name' => 'noticias', 'posts_per_page' => 10 , 'paged' => $paged ) );\r\n          $query = new WP_Query( array( 'post_type' =>  'post', 'post_status' => 'publish', 'posts_per_page' => 10 , 'paged' => $paged ) );\r\n          if ( $query->have_posts() ) :\r\n            while ( $query->have_posts() ) : $query->the_post(); *\/ \r\n          ?> -->\r\n            <div class=\"card border-0 mb-3\" style=\"width: 100%;\">\r\n              <div class=\"row g-0\">\r\n                <div class=\"col-md-4\">\r\n                                      <img decoding=\"async\" src=\"https:\/\/www.oaxaca.gob.mx\/sectur\/wp-content\/uploads\/sites\/65\/2026\/01\/principal_food_travel.jpg-1.jpeg\" class=\"img-fluid\" style=\"width:300px; height:200px;\" alt=\"\u00daltimos d\u00edas para votar por Oaxaca en los Food and Travel Reader Awards 2025\">\r\n                                  <\/div>\r\n                <div class=\"col-md-8\">\r\n                  <div class=\"card-body py-1\">\r\n                    <a href=\"https:\/\/www.oaxaca.gob.mx\/sectur\/ultimos-dias-para-votar-por-oaxaca-en-los-food-and-travel-reader-awards-2025\/\" title=\"\u00daltimos d\u00edas para votar por Oaxaca en los Food and Travel Reader Awards 2025\">\r\n                      <h5 class=\"card-title\">\u00daltimos d\u00edas para votar por Oaxaca en los Food and Travel Reader Awards 2025<\/h5>\r\n                    <\/a>\r\n                    <p class=\"card-text\"><p>Sectur estatal invita a participar en esta selecci\u00f3n de la revista especializada en turismo<\/p>\n<\/p>\r\n                  <\/div>\r\n                <\/div>\r\n              <\/div>\r\n            <\/div>\r\n            \r\n          <!-- \/*\r\n          $paged = ( get_query_var('paged') ) ? absint(get_query_var('paged')) : 1;\r\n          \/\/$query = new WP_Query( array( 'post_type' =>  'post', 'category_name' => 'noticias', 'posts_per_page' => 10 , 'paged' => $paged ) );\r\n          $query = new WP_Query( array( 'post_type' =>  'post', 'post_status' => 'publish', 'posts_per_page' => 10 , 'paged' => $paged ) );\r\n          if ( $query->have_posts() ) :\r\n            while ( $query->have_posts() ) : $query->the_post(); *\/ \r\n          ?> -->\r\n            <div class=\"card border-0 mb-3\" style=\"width: 100%;\">\r\n              <div class=\"row g-0\">\r\n                <div class=\"col-md-4\">\r\n                                      <img decoding=\"async\" src=\"https:\/\/www.oaxaca.gob.mx\/sectur\/wp-content\/uploads\/sites\/65\/2026\/01\/principal_nuevo_vuelo.jpg-1.jpeg\" class=\"img-fluid\" style=\"width:300px; height:200px;\" alt=\"Cuenta Bah\u00edas de Huatulco con nuevo vuelo ch\u00e1rter procedente de Chicago: Sectur Oaxaca\">\r\n                                  <\/div>\r\n                <div class=\"col-md-8\">\r\n                  <div class=\"card-body py-1\">\r\n                    <a href=\"https:\/\/www.oaxaca.gob.mx\/sectur\/cuenta-bahias-de-huatulco-con-nuevo-vuelo-charter-procedente-de-chicago-sectur-oaxaca\/\" title=\"Cuenta Bah\u00edas de Huatulco con nuevo vuelo ch\u00e1rter procedente de Chicago: Sectur Oaxaca\">\r\n                      <h5 class=\"card-title\">Cuenta Bah\u00edas de Huatulco con nuevo vuelo ch\u00e1rter procedente de Chicago: Sectur Oaxaca<\/h5>\r\n                    <\/a>\r\n                    <p class=\"card-text\"><p>Esta ruta tendr\u00e1 frecuencia todos los viernes y mantendr\u00e1 operaciones hasta el 3 de abril del presente a\u00f1o<\/p>\n<\/p>\r\n                  <\/div>\r\n                <\/div>\r\n              <\/div>\r\n            <\/div>\r\n            \r\n          <!-- \/*\r\n          $paged = ( get_query_var('paged') ) ? absint(get_query_var('paged')) : 1;\r\n          \/\/$query = new WP_Query( array( 'post_type' =>  'post', 'category_name' => 'noticias', 'posts_per_page' => 10 , 'paged' => $paged ) );\r\n          $query = new WP_Query( array( 'post_type' =>  'post', 'post_status' => 'publish', 'posts_per_page' => 10 , 'paged' => $paged ) );\r\n          if ( $query->have_posts() ) :\r\n            while ( $query->have_posts() ) : $query->the_post(); *\/ \r\n          ?> -->\r\n            <div class=\"card border-0 mb-3\" style=\"width: 100%;\">\r\n              <div class=\"row g-0\">\r\n                <div class=\"col-md-4\">\r\n                                      <img decoding=\"async\" src=\"https:\/\/www.oaxaca.gob.mx\/sectur\/wp-content\/uploads\/sites\/65\/2026\/01\/principal_derrama.jpg-1.jpeg\" class=\"img-fluid\" style=\"width:300px; height:200px;\" alt=\"Turistas generan una derrama econ\u00f3mica superior a 23 mil mdp durante 2025: Sectur Oaxaca\">\r\n                                  <\/div>\r\n                <div class=\"col-md-8\">\r\n                  <div class=\"card-body py-1\">\r\n                    <a href=\"https:\/\/www.oaxaca.gob.mx\/sectur\/turistas-generan-una-derrama-economica-superior-a-23-mil-mdp-durante-2025-sectur-oaxaca\/\" title=\"Turistas generan una derrama econ\u00f3mica superior a 23 mil mdp durante 2025: Sectur Oaxaca\">\r\n                      <h5 class=\"card-title\">Turistas generan una derrama econ\u00f3mica superior a 23 mil mdp durante 2025: Sectur Oaxaca<\/h5>\r\n                    <\/a>\r\n                    <p class=\"card-text\"><p>La llegada de m\u00e1s de 6 millones de visitantes nacionales e internacionales, signific\u00f3 un crecimiento de 3.71 por ciento respecto a 2024<\/p>\n<\/p>\r\n                  <\/div>\r\n                <\/div>\r\n              <\/div>\r\n            <\/div>\r\n            \r\n          <!-- \/*\r\n          $paged = ( get_query_var('paged') ) ? absint(get_query_var('paged')) : 1;\r\n          \/\/$query = new WP_Query( array( 'post_type' =>  'post', 'category_name' => 'noticias', 'posts_per_page' => 10 , 'paged' => $paged ) );\r\n          $query = new WP_Query( array( 'post_type' =>  'post', 'post_status' => 'publish', 'posts_per_page' => 10 , 'paged' => $paged ) );\r\n          if ( $query->have_posts() ) :\r\n            while ( $query->have_posts() ) : $query->the_post(); *\/ \r\n          ?> -->\r\n            <div class=\"card border-0 mb-3\" style=\"width: 100%;\">\r\n              <div class=\"row g-0\">\r\n                <div class=\"col-md-4\">\r\n                                      <img decoding=\"async\" src=\"https:\/\/www.oaxaca.gob.mx\/sectur\/wp-content\/uploads\/sites\/65\/2026\/01\/ciclismo_gob.jpg\" class=\"img-fluid\" style=\"width:300px; height:200px;\" alt=\"San Gabriel Mixtepec te espera entre monta\u00f1as y nubes\">\r\n                                  <\/div>\r\n                <div class=\"col-md-8\">\r\n                  <div class=\"card-body py-1\">\r\n                    <a href=\"https:\/\/www.oaxaca.gob.mx\/sectur\/san-gabriel-mixtepec-te-espera-entre-montanas-y-nubes\/\" title=\"San Gabriel Mixtepec te espera entre monta\u00f1as y nubes\">\r\n                      <h5 class=\"card-title\">San Gabriel Mixtepec te espera entre monta\u00f1as y nubes<\/h5>\r\n                    <\/a>\r\n                    <p class=\"card-text\"><p>Vive la experiencia de la Ruta Ciclista \u201cCerro entre Nubes\u201d, una aventura que combina naturaleza, deporte y los paisajes de la Sierra Sur de Oaxaca.<\/p>\n<\/p>\r\n                  <\/div>\r\n                <\/div>\r\n              <\/div>\r\n            <\/div>\r\n            \r\n          <!-- \/*\r\n          $paged = ( get_query_var('paged') ) ? absint(get_query_var('paged')) : 1;\r\n          \/\/$query = new WP_Query( array( 'post_type' =>  'post', 'category_name' => 'noticias', 'posts_per_page' => 10 , 'paged' => $paged ) );\r\n          $query = new WP_Query( array( 'post_type' =>  'post', 'post_status' => 'publish', 'posts_per_page' => 10 , 'paged' => $paged ) );\r\n          if ( $query->have_posts() ) :\r\n            while ( $query->have_posts() ) : $query->the_post(); *\/ \r\n          ?> -->\r\n            <div class=\"card border-0 mb-3\" style=\"width: 100%;\">\r\n              <div class=\"row g-0\">\r\n                <div class=\"col-md-4\">\r\n                                      <img decoding=\"async\" src=\"https:\/\/www.oaxaca.gob.mx\/sectur\/wp-content\/uploads\/sites\/65\/2025\/12\/operativo_de_seguridad_imagen_miniatura.png\" class=\"img-fluid\" style=\"width:300px; height:200px;\" alt=\"Arranca Gobierno del Estado operativo de seguridad por temporada decembrina 2025\">\r\n                                  <\/div>\r\n                <div class=\"col-md-8\">\r\n                  <div class=\"card-body py-1\">\r\n                    <a href=\"https:\/\/www.oaxaca.gob.mx\/sectur\/arranca-gobierno-del-estado-operativo-de-seguridad-por-temporada-decembrina-2025\/\" title=\"Arranca Gobierno del Estado operativo de seguridad por temporada decembrina 2025\">\r\n                      <h5 class=\"card-title\">Arranca Gobierno del Estado operativo de seguridad por temporada decembrina 2025<\/h5>\r\n                    <\/a>\r\n                    <p class=\"card-text\"><p>Se garantiza la tranquilidad y disfrute a m\u00e1s de 341 mil visitantes, del 19 de diciembre de 2025 al 11 de enero de 2026<\/p>\n<\/p>\r\n                  <\/div>\r\n                <\/div>\r\n              <\/div>\r\n            <\/div>\r\n            \r\n\r\n            <!--<div class=\"row\">\r\n              <div class=\"col-md-6 text-left\"><h5><\/h5><\/div>\r\n              <div class=\"col-md-6 text-right\"><h5><\/h5><\/div>\r\n            <\/div>-->\r\n            <div class=\"row\">\r\n              <div class=\"col-md-6 text-left\">\r\n                <h5><a href=\"https:\/\/www.oaxaca.gob.mx\/sectur\/wp-json\/wp\/v2\/pages\/6653\/page\/2\/\" >Noticias anteriores<\/a><\/h5>\r\n              <\/div>\r\n              <div class=\"col-md-6 text-right\">\r\n                <h5><\/h5>\r\n              <\/div>\r\n            <\/div>\r\n                  <\/div>\r\n      <\/div>\r\n    <\/div>\r\n  <\/div>\r\n<\/section>\r\n\r\n\r\n\n","protected":false},"excerpt":{"rendered":"","protected":false},"author":1,"featured_media":0,"parent":0,"menu_order":0,"comment_status":"closed","ping_status":"closed","template":"","meta":{"episode_type":"","audio_file":"","podmotor_file_id":"","podmotor_episode_id":"","cover_image":"","cover_image_id":"","duration":"","filesize":"","filesize_raw":"","date_recorded":"","explicit":"","block":"","itunes_episode_number":"","itunes_title":"","itunes_season_number":"","itunes_episode_type":"","footnotes":""},"categories":[],"tags":[],"class_list":["post-6653","page","type-page","status-publish","hentry"],"acf":[],"publishpress_future_action":{"enabled":false,"date":"2026-05-19 10:23:05","action":"change-status","newStatus":"draft","terms":[],"taxonomy":"category","extraData":[]},"publishpress_future_workflow_manual_trigger":{"enabledWorkflows":[]},"_links":{"self":[{"href":"https:\/\/www.oaxaca.gob.mx\/sectur\/wp-json\/wp\/v2\/pages\/6653","targetHints":{"allow":["GET"]}}],"collection":[{"href":"https:\/\/www.oaxaca.gob.mx\/sectur\/wp-json\/wp\/v2\/pages"}],"about":[{"href":"https:\/\/www.oaxaca.gob.mx\/sectur\/wp-json\/wp\/v2\/types\/page"}],"author":[{"embeddable":true,"href":"https:\/\/www.oaxaca.gob.mx\/sectur\/wp-json\/wp\/v2\/users\/1"}],"replies":[{"embeddable":true,"href":"https:\/\/www.oaxaca.gob.mx\/sectur\/wp-json\/wp\/v2\/comments?post=6653"}],"version-history":[{"count":4,"href":"https:\/\/www.oaxaca.gob.mx\/sectur\/wp-json\/wp\/v2\/pages\/6653\/revisions"}],"predecessor-version":[{"id":6660,"href":"https:\/\/www.oaxaca.gob.mx\/sectur\/wp-json\/wp\/v2\/pages\/6653\/revisions\/6660"}],"wp:attachment":[{"href":"https:\/\/www.oaxaca.gob.mx\/sectur\/wp-json\/wp\/v2\/media?parent=6653"}],"wp:term":[{"taxonomy":"category","embeddable":true,"href":"https:\/\/www.oaxaca.gob.mx\/sectur\/wp-json\/wp\/v2\/categories?post=6653"},{"taxonomy":"post_tag","embeddable":true,"href":"https:\/\/www.oaxaca.gob.mx\/sectur\/wp-json\/wp\/v2\/tags?post=6653"}],"curies":[{"name":"wp","href":"https:\/\/api.w.org\/{rel}","templated":true}]}}