{"id":63,"date":"2017-01-16T12:09:30","date_gmt":"2017-01-16T18:09:30","guid":{"rendered":"https:\/\/www.oaxaca.gob.mx\/sectur\/?page_id=63"},"modified":"2017-01-16T12:09:30","modified_gmt":"2017-01-16T18:09:30","slug":"ruta-de-la-fe-juquila","status":"publish","type":"page","link":"https:\/\/www.oaxaca.gob.mx\/sectur\/rutas-turisticas\/ruta-de-la-fe-juquila\/","title":{"rendered":"Ruta de la F\u00e9 Juquila"},"content":{"rendered":"<p>Estas a punto de compartir un rico patrimonio cultural y religioso con gran belleza natural, esta es realmente una tierra de una variedad deslumbrante: \u00a1Bienvenido a La Ruta Tur\u00edstica de la Fe-Juquila!<br \/>\nLa religi\u00f3n cat\u00f3lica es una fuerte influencia en la vida cotidiana de la religi\u00f3n, proporciona una cohesi\u00f3n social y ofrece un apoyo espiritual a su gente.<br \/>\nSi te motiva el fervor, est\u00e1s en uno de los mejores lugares del mundo para pasar tus vacaciones.<br \/>\nEn la Ruta de la Fe destacan dos colores que acompa\u00f1an tu recorrido: el verde, que forma parte del escenario incomparable de sus monta\u00f1as y valles, y el azul de sus r\u00edos y arroyos.<br \/>\nLa ruta forma parte de tres regiones del Estado de Oaxaca; inicia en los Valles Centrales, contin\u00faa en la Sierra Sur y termina en la regi\u00f3n de la Costa, trayecto que nos permite una diversificaci\u00f3n de atractivos naturales que no son explotados, atractivos coloniales y sobre todo el Santuario de la Virgen Inmaculada de Juquila.<br \/>\nLa Ruta Tur\u00edstica de la Fe-Juquila est\u00e1 integrada por 7 comunidades:<br \/>\n* Zimatl\u00e1n de \u00c1lvarez<br \/>\n* San Pablo Huixtepec<br \/>\n* Ayoquezco de Aldama<br \/>\n* San Sebasti\u00e1n de las Grutas<br \/>\n* Villa Sola de Vega<br \/>\n* San Pedro Juchatengo<br \/>\n* Santa Catarina Juquila<\/p>\n<p><a href=\"\/sectur\/wp-content\/uploads\/sites\/65\/2018\/04\/Gu\u00eda-Ruta-Fe-Juquila.pdf\" target=\"_blank\" rel=\"noopener noreferrer\"><img loading=\"lazy\" decoding=\"async\" class=\"aligncenter wp-image-2355 size-full\" src=\"\/sectur\/wp-content\/uploads\/sites\/65\/2018\/04\/ruta_fe_portada.jpg\" alt=\"\" width=\"305\" height=\"609\" srcset=\"https:\/\/www.oaxaca.gob.mx\/sectur\/wp-content\/uploads\/sites\/65\/2018\/04\/ruta_fe_portada.jpg 305w, https:\/\/www.oaxaca.gob.mx\/sectur\/wp-content\/uploads\/sites\/65\/2018\/04\/ruta_fe_portada-150x300.jpg 150w\" sizes=\"auto, (max-width: 305px) 100vw, 305px\" \/><\/a><\/p>\n","protected":false},"excerpt":{"rendered":"<p>Estas a punto de compartir un rico patrimonio cultural y religioso con gran belleza natural, esta es realmente una tierra de una variedad deslumbrante: \u00a1Bienvenido a La Ruta Tur\u00edstica de la Fe-Juquila! La religi\u00f3n cat\u00f3lica es una fuerte influencia en la vida cotidiana de la religi\u00f3n, proporciona una cohesi\u00f3n social y ofrece un apoyo espiritual [&hellip;]<\/p>\n","protected":false},"author":1,"featured_media":315,"parent":57,"menu_order":0,"comment_status":"closed","ping_status":"closed","template":"","meta":{"episode_type":"","audio_file":"","podmotor_file_id":"","podmotor_episode_id":"","cover_image":"","cover_image_id":"","duration":"","filesize":"","filesize_raw":"","date_recorded":"","explicit":"","block":"","itunes_episode_number":"","itunes_title":"","itunes_season_number":"","itunes_episode_type":"","footnotes":""},"categories":[],"tags":[],"class_list":["post-63","page","type-page","status-publish","has-post-thumbnail","hentry"],"acf":[],"publishpress_future_action":{"enabled":false,"date":"2026-05-16 00:39:12","action":"change-status","newStatus":"draft","terms":[],"taxonomy":"category","extraData":[]},"publishpress_future_workflow_manual_trigger":{"enabledWorkflows":[]},"_links":{"self":[{"href":"https:\/\/www.oaxaca.gob.mx\/sectur\/wp-json\/wp\/v2\/pages\/63","targetHints":{"allow":["GET"]}}],"collection":[{"href":"https:\/\/www.oaxaca.gob.mx\/sectur\/wp-json\/wp\/v2\/pages"}],"about":[{"href":"https:\/\/www.oaxaca.gob.mx\/sectur\/wp-json\/wp\/v2\/types\/page"}],"author":[{"embeddable":true,"href":"https:\/\/www.oaxaca.gob.mx\/sectur\/wp-json\/wp\/v2\/users\/1"}],"replies":[{"embeddable":true,"href":"https:\/\/www.oaxaca.gob.mx\/sectur\/wp-json\/wp\/v2\/comments?post=63"}],"version-history":[{"count":0,"href":"https:\/\/www.oaxaca.gob.mx\/sectur\/wp-json\/wp\/v2\/pages\/63\/revisions"}],"up":[{"embeddable":true,"href":"https:\/\/www.oaxaca.gob.mx\/sectur\/wp-json\/wp\/v2\/pages\/57"}],"wp:featuredmedia":[{"embeddable":true,"href":"https:\/\/www.oaxaca.gob.mx\/sectur\/wp-json\/wp\/v2\/media\/315"}],"wp:attachment":[{"href":"https:\/\/www.oaxaca.gob.mx\/sectur\/wp-json\/wp\/v2\/media?parent=63"}],"wp:term":[{"taxonomy":"category","embeddable":true,"href":"https:\/\/www.oaxaca.gob.mx\/sectur\/wp-json\/wp\/v2\/categories?post=63"},{"taxonomy":"post_tag","embeddable":true,"href":"https:\/\/www.oaxaca.gob.mx\/sectur\/wp-json\/wp\/v2\/tags?post=63"}],"curies":[{"name":"wp","href":"https:\/\/api.w.org\/{rel}","templated":true}]}}