{"id":57,"date":"2017-01-16T12:07:05","date_gmt":"2017-01-16T18:07:05","guid":{"rendered":"https:\/\/www.oaxaca.gob.mx\/sectur\/?page_id=57"},"modified":"2024-08-13T14:45:46","modified_gmt":"2024-08-13T20:45:46","slug":"rutas-turisticas","status":"publish","type":"page","link":"https:\/\/www.oaxaca.gob.mx\/sectur\/rutas-turisticas\/","title":{"rendered":"Rutas Tur\u00edsticas"},"content":{"rendered":"<div class=\"container\">\n<p><img loading=\"lazy\" decoding=\"async\" class=\"wp-image-6526 size-full aligncenter\" src=\"https:\/\/www.oaxaca.gob.mx\/sectur\/wp-content\/uploads\/sites\/65\/2022\/12\/banner-sectur.png\" alt=\"\" width=\"1024\" height=\"400\" srcset=\"https:\/\/www.oaxaca.gob.mx\/sectur\/wp-content\/uploads\/sites\/65\/2022\/12\/banner-sectur.png 1024w, https:\/\/www.oaxaca.gob.mx\/sectur\/wp-content\/uploads\/sites\/65\/2022\/12\/banner-sectur-300x117.png 300w, https:\/\/www.oaxaca.gob.mx\/sectur\/wp-content\/uploads\/sites\/65\/2022\/12\/banner-sectur-768x300.png 768w\" sizes=\"auto, (max-width: 1024px) 100vw, 1024px\" \/><\/p>\n<div class=\"row mt-4\">\n<div class=\"col-md-12 text-center\">\n<ul class=\"list-inline\">\n<li class=\"list-inline-item mb-4\"><img loading=\"lazy\" decoding=\"async\" class=\"alignnone size-full wp-image-266\" src=\"https:\/\/www.oaxaca.gob.mx\/sectur\/wp-content\/uploads\/sites\/65\/2024\/08\/logo_ruta_mezcal.png\" alt=\"\" width=\"200\" height=\"200\" \/><br \/>\n<a class=\"btn btn-morado\" role=\"button\" href=\"https:\/\/www.oaxaca.gob.mx\/sectur\/wp-content\/uploads\/sites\/65\/2024\/08\/Guia-Ruta-Mezcal.pdf\" target=\"_blank\" rel=\"noopener noreferrer\">Ver Gu\u00eda Tur\u00edstica<\/a><\/li>\n<li class=\"list-inline-item mb-4\"><img loading=\"lazy\" decoding=\"async\" class=\"alignnone size-full wp-image-260\" src=\"https:\/\/www.oaxaca.gob.mx\/sectur\/wp-content\/uploads\/sites\/65\/2024\/08\/logo_ruta_artesanias.png\" alt=\"\" width=\"200\" height=\"200\" \/><br \/>\n<a class=\"btn btn-morado\" role=\"button\" href=\"https:\/\/www.oaxaca.gob.mx\/sectur\/wp-content\/uploads\/sites\/65\/2024\/08\/GUIA-TURiSTICA-ARTESANiAS.pdf\" target=\"_blank\" rel=\"noopener noreferrer\">Ver Gu\u00eda Tur\u00edstica<\/a><\/li>\n<li class=\"list-inline-item mb-4\"><img loading=\"lazy\" decoding=\"async\" class=\"alignnone size-full wp-image-257\" src=\"https:\/\/www.oaxaca.gob.mx\/sectur\/wp-content\/uploads\/sites\/65\/2024\/08\/logo_ruta_juquila.png\" alt=\"\" width=\"200\" height=\"200\" \/><br \/>\n<a class=\"btn btn-morado\" role=\"button\" href=\"https:\/\/www.oaxaca.gob.mx\/sectur\/wp-content\/uploads\/sites\/65\/2024\/08\/Guia-Ruta-Juquila.pdf\" target=\"_blank\" rel=\"noopener noreferrer\">Ver Gu\u00eda Tur\u00edstica<\/a><\/li>\n<li class=\"list-inline-item mb-4\"><img loading=\"lazy\" decoding=\"async\" class=\"alignnone size-full wp-image-259\" src=\"https:\/\/www.oaxaca.gob.mx\/sectur\/wp-content\/uploads\/sites\/65\/2024\/08\/logo_ruta_sierra.png\" alt=\"\" width=\"200\" height=\"200\" \/><br \/>\n<a class=\"btn btn-morado\" role=\"button\" href=\"https:\/\/www.oaxaca.gob.mx\/sectur\/wp-content\/uploads\/sites\/65\/2024\/08\/Guia-Ruta-Sierra.pdf\" target=\"_blank\" rel=\"noopener noreferrer\">Ver Gu\u00eda Tur\u00edstica<\/a><\/li>\n<li class=\"list-inline-item mb-4\"><img loading=\"lazy\" decoding=\"async\" class=\"alignnone size-full wp-image-261\" src=\"https:\/\/www.oaxaca.gob.mx\/sectur\/wp-content\/uploads\/sites\/65\/2024\/08\/logo_ruta_costa-1.png\" alt=\"\" width=\"200\" height=\"200\" \/><br \/>\n<a class=\"btn btn-morado\" role=\"button\" href=\"https:\/\/www.oaxaca.gob.mx\/sectur\/wp-content\/uploads\/sites\/65\/2024\/08\/Guia-Ruta-Costa.pdf\" target=\"_blank\" rel=\"noopener noreferrer\">Ver Gu\u00eda Tur\u00edstica<\/a><\/li>\n<li class=\"list-inline-item mb-4\"><img loading=\"lazy\" decoding=\"async\" class=\"alignnone size-full wp-image-264\" src=\"https:\/\/www.oaxaca.gob.mx\/sectur\/wp-content\/uploads\/sites\/65\/2024\/08\/logo_ruta_chinantla.png\" alt=\"\" width=\"200\" height=\"200\" \/><br \/>\n<a class=\"btn btn-morado\" role=\"button\" href=\"https:\/\/www.oaxaca.gob.mx\/sectur\/wp-content\/uploads\/sites\/65\/2024\/08\/Guia-Ruta-Chinantla.pdf\" target=\"_blank\" rel=\"noopener noreferrer\">Ver Gu\u00eda Tur\u00edstica<\/a><\/li>\n<li class=\"list-inline-item mb-4\"><img loading=\"lazy\" decoding=\"async\" class=\"alignnone size-full wp-image-265\" src=\"https:\/\/www.oaxaca.gob.mx\/sectur\/wp-content\/uploads\/sites\/65\/2024\/08\/logo_ruta_mixteca.png\" alt=\"\" width=\"200\" height=\"200\" \/><br \/>\n<a class=\"btn btn-morado\" role=\"button\" href=\"https:\/\/www.oaxaca.gob.mx\/sectur\/wp-content\/uploads\/sites\/65\/2024\/08\/Guia-Ruta-Mixteca.pdf\" target=\"_blank\" rel=\"noopener noreferrer\">Ver Gu\u00eda Tur\u00edstica<\/a><\/li>\n<li class=\"list-inline-item mb-4\"><img loading=\"lazy\" decoding=\"async\" class=\"alignnone size-full wp-image-258\" src=\"https:\/\/www.oaxaca.gob.mx\/sectur\/wp-content\/uploads\/sites\/65\/2024\/08\/logo_ruta_cafe.png\" alt=\"\" width=\"200\" height=\"200\" \/><br \/>\n<a class=\"btn btn-morado\" role=\"button\" href=\"https:\/\/www.oaxaca.gob.mx\/sectur\/wp-content\/uploads\/sites\/65\/2024\/08\/Guia-Ruta-Cafe.pdf\" target=\"_blank\" rel=\"noopener noreferrer\">Ver Gu\u00eda Tur\u00edstica<\/a><\/li>\n<li class=\"list-inline-item mb-4\"><img loading=\"lazy\" decoding=\"async\" class=\"alignnone size-full wp-image-262\" src=\"https:\/\/www.oaxaca.gob.mx\/sectur\/wp-content\/uploads\/sites\/65\/2024\/08\/logo_ruta_biosfera.png\" alt=\"\" width=\"200\" height=\"200\" \/><br \/>\n<a class=\"btn btn-morado\" role=\"button\" href=\"https:\/\/www.oaxaca.gob.mx\/sectur\/wp-content\/uploads\/sites\/65\/2024\/08\/Guia-Ruta-Biosfera.pdf\" target=\"_blank\" rel=\"noopener noreferrer\">Ver Gu\u00eda Tur\u00edstica<\/a><\/li>\n<li class=\"list-inline-item mb-4\"><img loading=\"lazy\" decoding=\"async\" class=\"alignnone size-full wp-image-263\" src=\"https:\/\/www.oaxaca.gob.mx\/sectur\/wp-content\/uploads\/sites\/65\/2024\/08\/logo_ruta_istmo.png\" alt=\"\" width=\"200\" height=\"200\" \/><br \/>\n<a class=\"btn btn-morado\" role=\"button\" href=\"https:\/\/www.oaxaca.gob.mx\/sectur\/wp-content\/uploads\/sites\/65\/2024\/08\/Guia-Ruta-Istmo.pdf\" target=\"_blank\" rel=\"noopener noreferrer\">Ver Gu\u00eda Tur\u00edstica<\/a><\/li>\n<\/ul>\n<\/div>\n<\/div>\n<\/div>\n","protected":false},"excerpt":{"rendered":"<p>Ver Gu\u00eda Tur\u00edstica Ver Gu\u00eda Tur\u00edstica Ver Gu\u00eda Tur\u00edstica Ver Gu\u00eda Tur\u00edstica Ver Gu\u00eda Tur\u00edstica Ver Gu\u00eda Tur\u00edstica Ver Gu\u00eda Tur\u00edstica Ver Gu\u00eda Tur\u00edstica Ver Gu\u00eda Tur\u00edstica Ver Gu\u00eda Tur\u00edstica<\/p>\n","protected":false},"author":1,"featured_media":256,"parent":0,"menu_order":0,"comment_status":"closed","ping_status":"closed","template":"","meta":{"episode_type":"","audio_file":"","podmotor_file_id":"","podmotor_episode_id":"","cover_image":"","cover_image_id":"","duration":"","filesize":"","filesize_raw":"","date_recorded":"","explicit":"","block":"","itunes_episode_number":"","itunes_title":"","itunes_season_number":"","itunes_episode_type":"","footnotes":""},"categories":[],"tags":[],"class_list":["post-57","page","type-page","status-publish","has-post-thumbnail","hentry"],"acf":[],"publishpress_future_action":{"enabled":false,"date":"2026-05-17 16:51:04","action":"change-status","newStatus":"draft","terms":[],"taxonomy":"category","extraData":[]},"publishpress_future_workflow_manual_trigger":{"enabledWorkflows":[]},"_links":{"self":[{"href":"https:\/\/www.oaxaca.gob.mx\/sectur\/wp-json\/wp\/v2\/pages\/57","targetHints":{"allow":["GET"]}}],"collection":[{"href":"https:\/\/www.oaxaca.gob.mx\/sectur\/wp-json\/wp\/v2\/pages"}],"about":[{"href":"https:\/\/www.oaxaca.gob.mx\/sectur\/wp-json\/wp\/v2\/types\/page"}],"author":[{"embeddable":true,"href":"https:\/\/www.oaxaca.gob.mx\/sectur\/wp-json\/wp\/v2\/users\/1"}],"replies":[{"embeddable":true,"href":"https:\/\/www.oaxaca.gob.mx\/sectur\/wp-json\/wp\/v2\/comments?post=57"}],"version-history":[{"count":4,"href":"https:\/\/www.oaxaca.gob.mx\/sectur\/wp-json\/wp\/v2\/pages\/57\/revisions"}],"predecessor-version":[{"id":7415,"href":"https:\/\/www.oaxaca.gob.mx\/sectur\/wp-json\/wp\/v2\/pages\/57\/revisions\/7415"}],"wp:featuredmedia":[{"embeddable":true,"href":"https:\/\/www.oaxaca.gob.mx\/sectur\/wp-json\/wp\/v2\/media\/256"}],"wp:attachment":[{"href":"https:\/\/www.oaxaca.gob.mx\/sectur\/wp-json\/wp\/v2\/media?parent=57"}],"wp:term":[{"taxonomy":"category","embeddable":true,"href":"https:\/\/www.oaxaca.gob.mx\/sectur\/wp-json\/wp\/v2\/categories?post=57"},{"taxonomy":"post_tag","embeddable":true,"href":"https:\/\/www.oaxaca.gob.mx\/sectur\/wp-json\/wp\/v2\/tags?post=57"}],"curies":[{"name":"wp","href":"https:\/\/api.w.org\/{rel}","templated":true}]}}