{"id":55,"date":"2017-01-16T12:06:50","date_gmt":"2017-01-16T18:06:50","guid":{"rendered":"https:\/\/www.oaxaca.gob.mx\/sectur\/?page_id=55"},"modified":"2017-01-16T12:06:50","modified_gmt":"2017-01-16T18:06:50","slug":"financiamiento","status":"publish","type":"page","link":"https:\/\/www.oaxaca.gob.mx\/sectur\/programas\/financiamiento\/","title":{"rendered":"Financiamiento"},"content":{"rendered":"<h2 class=\"bottom-buffer\">Programa Mejora tu Hotel<\/h2>\n<p>Con el prop\u00f3sito de mejorar la infraestructura tur\u00edstica y elevar la calidad de los servicios que ofrecen los hoteles en M\u00e9xico tanto a los turistas nacionales como internacionales, las Secretar\u00edas de Hacienda y Cr\u00e9dito P\u00fablico (SHCP) y de Turismo (Sectur), as\u00ed como el Banco Nacional de Comercio Exterior (Bancomext) y la banca comercial, pusieron en marcha el programa \u201cMejora tu Hotel\u201d.<\/p>\n<div class=\"article-body\">\n<p>Este programa est\u00e1 destinado a la construcci\u00f3n, equipamiento y modernizaci\u00f3n de hoteles en M\u00e9xico, a trav\u00e9s de cr\u00e9ditos, y cuenta con la participaci\u00f3n tambi\u00e9n de 10 bancos comerciales:<\/p>\n<ul>\n<li><a href=\"https:\/\/www.afirme.com\/Portal\/Portal.do\">Afirme<\/a><\/li>\n<li><a href=\"https:\/\/www.banorte.com\/wps\/portal\/gfb\/Home\/inicio\/!ut\/p\/a1\/hc7LDoIwEAXQb3HBlo5QEN01kJRXxEeM0I0BgwUDlACCny8Sd75mdyfnZgYxFCJWxX3O4y4XVVw8M9NPVJkbtmqCF1ieCsTZaocd3lBsaSOIRgBfhsC__hGxiZiU2HjhAwSYKkCMtYv32lIBR3-BHydcxHghkundiFSJanDEmvSSNmkj35pxnXVd3a4kkGAYBpkLwYtUPotSLu-fOploOxS-07oM4aoVvU9mswdAsoRv\/dl5\/d5\/L2dBISEvZ0FBIS9nQSEh\/\">Banorte<\/a><\/li>\n<li><a href=\"http:\/\/www.bb.com.mx\/\">BanBaj\u00edo<\/a><\/li>\n<li><a href=\"https:\/\/www.banregio.com\/\">Banregio<\/a><\/li>\n<li><a href=\"https:\/\/www.bancomer.com\/index.jsp\">BBVA Bancomer<\/a><\/li>\n<li><a href=\"https:\/\/www.banamex.com\/\">Banamex<\/a><\/li>\n<li><a href=\"https:\/\/www.hsbc.com.mx\/1\/2\/\">HSBC<\/a><\/li>\n<li><a href=\"http:\/\/www.multiva.com.mx\/wps\/wcm\/connect\/GrupoFinanciero\/Grupo%20Financiero\/home\">Multiva<\/a><\/li>\n<li><a href=\"http:\/\/www.mifel.com.mx\/Portal\/?id_category=1\">Mifel<\/a><\/li>\n<li><a href=\"http:\/\/www.santander.com.mx\/mx\/home\/\">Santander<\/a><\/li>\n<\/ul>\n<p>En M\u00e9xico, de acuerdo con la Asociaci\u00f3n Nacional de Cadenas de Hoteles, la oferta hotelera en el pa\u00eds ha experimentado un crecimiento promedio de 3.4% en los \u00faltimos 15 a\u00f1os para llegar en 2015 a 19 mil hoteles y 700 mil cuartos.<\/p>\n<p>Los hoteles representan un eslab\u00f3n fundamental en la cadena de valor del turismo y para la Secretar\u00eda de Turismo es de gran importancia el poder trabajar de cerca con el sector hotelero para impulsar su desarrollo y competitividad. El Programa \u201cMejora Tu Hotel\u201d respaldar\u00e1 al sector hotelero en sus necesidades de financiamiento para proyectos de crecimiento e inversi\u00f3n, lo que incidir\u00e1 en la competitividad de sus establecimientos y del destino en donde se encuentren.<\/p>\n<p>Los hoteles interesados en financiamiento podr\u00e1n consultar los detalles en la p\u00e1gina de Bancomext <a href=\"http:\/\/www.bancomext.com\/\">www.bancomext.com<\/a> o pueden acudir directamente con alguno de los diez bancos que participan en el programa.<\/p>\n<p><img loading=\"lazy\" decoding=\"async\" class=\"alignnone size-medium wp-image-184\" src=\"\/sectur\/wp-content\/uploads\/sites\/65\/2017\/01\/logo_sectur-300x92.jpg\" alt=\"\" width=\"300\" height=\"92\" srcset=\"https:\/\/www.oaxaca.gob.mx\/sectur\/wp-content\/uploads\/sites\/65\/2017\/01\/logo_sectur-300x92.jpg 300w, https:\/\/www.oaxaca.gob.mx\/sectur\/wp-content\/uploads\/sites\/65\/2017\/01\/logo_sectur.jpg 406w\" sizes=\"auto, (max-width: 300px) 100vw, 300px\" \/><\/p>\n<p><a class=\"btn btn-morado\" role=\"button\" href=\"https:\/\/www.gob.mx\/sectur\/articulos\/programa-mejora-tu-hotel-29340?idiom=es\" target=\"_blank\" rel=\"noopener noreferrer\">Ver<\/a><\/p>\n<\/div>\n<p><img loading=\"lazy\" decoding=\"async\" class=\"alignnone size-medium wp-image-363\" src=\"\/sectur\/wp-content\/uploads\/sites\/65\/2017\/01\/barra_400x5-300x4.jpg\" alt=\"\" width=\"300\" height=\"4\" srcset=\"https:\/\/www.oaxaca.gob.mx\/sectur\/wp-content\/uploads\/sites\/65\/2017\/01\/barra_400x5-300x4.jpg 300w, https:\/\/www.oaxaca.gob.mx\/sectur\/wp-content\/uploads\/sites\/65\/2017\/01\/barra_400x5.jpg 400w\" sizes=\"auto, (max-width: 300px) 100vw, 300px\" \/><\/p>\n<h2>PROGRAMA DE FINANCIAMIENTO A PYMES TURISMO<\/h2>\n<p>Beneficiarios<\/p>\n<p>Empresas o personas f\u00edsicas con actividad empresarial relacionadas con el sector Turismo.<\/p>\n<p>Requisitos b\u00e1sicos<\/p>\n<ul>\n<li>Ser una empresa legalmente constituida.<\/li>\n<li>Experiencia crediticia favorable.<\/li>\n<li>Proyectos de inversi\u00f3n o proyectos en marcha que muestren viabilidad operativa, financiera, t\u00e9cnica y de mercado.<\/li>\n<li>No presentar claves de prevenci\u00f3n en Bur\u00f3 de cr\u00e9dito<\/li>\n<li>2 a\u00f1os de operaci\u00f3n y\/o experiencia en el sector.<\/li>\n<li>No estar en estado t\u00e9cnico de disoluci\u00f3n, suspensi\u00f3n de pagos o en estado de insolvencia.<\/li>\n<li>No Agencias de viajes.<\/li>\n<\/ul>\n<p>&nbsp;<\/p>\n<p>Intermediarios financieros participantes<\/p>\n<ul>\n<li>Banamex<\/li>\n<li>Banca Afirme<\/li>\n<li>Banorte<\/li>\n<li>Santander<\/li>\n<li>Proceso de contrataci\u00f3n<\/li>\n<\/ul>\n<p>Para obtener acceso a un financiamiento de PyMEs Turismo, ac\u00e9rcate al intermediario financiero de tu preferencia.<\/p>\n<p><a class=\"btn btn-morado\" role=\"button\" href=\"http:\/\/www.bancomext.com\/productos-y-servicios\/credito-pymex\/mejora-tu-hotel\" target=\"_blank\" rel=\"noopener noreferrer\">Ver<\/a><\/p>\n<p><img loading=\"lazy\" decoding=\"async\" class=\"alignnone size-medium wp-image-383\" src=\"\/sectur\/wp-content\/uploads\/sites\/65\/2017\/01\/bancomex_logo-300x86.png\" alt=\"\" width=\"300\" height=\"86\" srcset=\"https:\/\/www.oaxaca.gob.mx\/sectur\/wp-content\/uploads\/sites\/65\/2017\/01\/bancomex_logo-300x86.png 300w, https:\/\/www.oaxaca.gob.mx\/sectur\/wp-content\/uploads\/sites\/65\/2017\/01\/bancomex_logo.png 420w\" sizes=\"auto, (max-width: 300px) 100vw, 300px\" \/><\/p>\n<p><img loading=\"lazy\" decoding=\"async\" class=\"alignnone size-medium wp-image-363\" src=\"\/sectur\/wp-content\/uploads\/sites\/65\/2017\/01\/barra_400x5-300x4.jpg\" alt=\"\" width=\"300\" height=\"4\" srcset=\"https:\/\/www.oaxaca.gob.mx\/sectur\/wp-content\/uploads\/sites\/65\/2017\/01\/barra_400x5-300x4.jpg 300w, https:\/\/www.oaxaca.gob.mx\/sectur\/wp-content\/uploads\/sites\/65\/2017\/01\/barra_400x5.jpg 400w\" sizes=\"auto, (max-width: 300px) 100vw, 300px\" \/><\/p>\n<h2 class=\"bottom-buffer\">Cr\u00e9dito Ven a Comer<\/h2>\n<h3>Respaldo a la gastronom\u00eda<\/h3>\n<div class=\"article-body\">\n<div>\n<div>\n<p><strong>\u00bfQu\u00e9 es?<\/strong><\/p>\n<p>Es un programa de financiamiento dirigido a restauranteros y a empresas que brinden servicios de preparaci\u00f3n de alimentos para banquetes, para la remodelaci\u00f3n de sus locales, la adquisici\u00f3n de activos fijos y la operaci\u00f3n de sus restaurantes con el fin de impulsar la gastronom\u00eda.<\/p>\n<p><strong>\u00bfA qui\u00e9n va dirigido?<\/strong><\/p>\n<p>Restauranteros y empresas que brinden servicios de preparaci\u00f3n de alimentos para banquetes.<\/p>\n<p><strong>Nuestra oferta:<\/strong><\/p>\n<p>Financiamiento dirigido especialmente a restaurantes incluyendo servicios de preparaci\u00f3n de alimentos para banquetes.<\/p>\n<p><strong>Beneficios:<\/strong><\/p>\n<p>Impulsar el desarrollo de los negocios dedicados a la gastronom\u00eda.<\/p>\n<p><strong>Alcance:<\/strong><\/p>\n<p>Nacional.<\/p>\n<p><strong>Caracter\u00edsticas:<\/strong><\/p>\n<p><strong>Tipo de cr\u00e9dito:<\/strong>\u00a0Simple.<\/p>\n<p><strong>Monto m\u00e1ximo:<\/strong> 15 millones de pesos.<\/p>\n<p><strong>Tasa m\u00e1xima de Inter\u00e9s anual: <\/strong>Hasta 13% anual fija.<\/p>\n<p><strong>Plazo: <\/strong>3 a\u00f1os para capital de trabajo, 5 a\u00f1os para activo fijo y 7 a\u00f1os para ampliaci\u00f3n o remodelaci\u00f3n.<\/p>\n<p><strong>Garant\u00edas:<\/strong><\/p>\n<ul>\n<li>Sin garant\u00eda hipotecaria en cr\u00e9ditos hasta 2.5 millones de pesos, solo se requiere de aval u obligado solidario,<\/li>\n<li>En cr\u00e9ditos mayores a 2.5 millones de pesos, conforme a las pol\u00edticas de cada intermediario financiero.<\/li>\n<li>En cr\u00e9ditos de ampliaci\u00f3n o remodelaci\u00f3n de instalaciones se podr\u00e1n solicitar garant\u00edas reales.<\/li>\n<\/ul>\n<p><strong>Requisitos:<\/strong><\/p>\n<p>Ser un restaurante o una empresa que brinde servicio de banquetes para ocasiones especiales.<\/p>\n<p><strong>Contrataci\u00f3n:<\/strong><\/p>\n<ul>\n<li>Reunir toda la documentaci\u00f3n requerida por la promotor\u00eda de Nacional Financiera.<\/li>\n<li>Emitir la solicitud de cr\u00e9dito con el banco de su selecci\u00f3n.<\/li>\n<\/ul>\n<p><strong>Documentaci\u00f3n:<\/strong><\/p>\n<ul>\n<li>Identificaci\u00f3n oficial del solicitante o del representante legal de la empresa en caso de personas morales.<\/li>\n<li>Comprobante de domicilio de la empresa.<\/li>\n<li>C\u00e9dula de identificaci\u00f3n fiscal, RFC y\/o Alta ante Hacienda Formato R1.<\/li>\n<li>Cada intermediario financiero puede solicitar informaci\u00f3n adicional.<\/li>\n<\/ul>\n<p><strong>Para R\u00e9gimen de Incorporaci\u00f3n fiscal:<\/strong><\/p>\n<ul>\n<li>La \u00faltima declaraci\u00f3n bimestral con su respetivo pago (o comprobante de presentaci\u00f3n ante SHCP) y\/o al menos los \u00faltimos tres meses de sus estados de cuenta bancarios.<\/li>\n<\/ul>\n<p><strong>Para Personas F\u00edsicas y Personas Morales:<\/strong><\/p>\n<ul>\n<li>Estados financieros: Balance General y Estado de Resultados de los dos \u00faltimos a\u00f1os m\u00e1s el \u00faltimo parcial, los cuales deber\u00e1n venir firmados por el representante legal y el contador de la empresa.<\/li>\n<li>Estados de cuenta de cheques de 12 meses consecutivos con una antig\u00fcedad m\u00e1xima de 3 meses a partir de la fecha de entrega del expediente al intermediario financiero.<\/li>\n<\/ul>\n<p><strong>Intermediarios Financieros Participantes:<\/strong><\/p>\n<\/div>\n<ul>\n<li>Afirme<\/li>\n<li>BanBajio<\/li>\n<li>Banca Mifel<\/li>\n<li>Bancomer<\/li>\n<li>Banorte<\/li>\n<li>Banregio<\/li>\n<li>Citibanamex*<\/li>\n<li>Multiva<\/li>\n<li>Santander<\/li>\n<\/ul>\n<p>Nota: *\u00danicamente en la Ciudad de M\u00e9xico.<\/p>\n<p><strong>Contacto:<\/strong><\/p>\n<p>Para m\u00e1s informaci\u00f3n del cr\u00e9dito y su forma de contrataci\u00f3n ll\u00e1manos sin costo, en la Ciudad de M\u00e9xico o del interior, al 01 800 2000 215, de lunes a viernes de 08:00 a 19:00 horas, o escr\u00edbenos a <a href=\"mailto:info@nafin.gob.mx\">info@nafin.gob.mx<\/a>.<\/p>\n<p><a class=\"btn btn-morado\" role=\"button\" href=\"https:\/\/www.gob.mx\/nafin\/acciones-y-programas\/credito-ven-a-comer?idiom=es\" target=\"_blank\" rel=\"noopener noreferrer\">Ver<\/a><\/p>\n<p><img loading=\"lazy\" decoding=\"async\" class=\"alignnone size-medium wp-image-184\" src=\"\/sectur\/wp-content\/uploads\/sites\/65\/2017\/01\/logo_sectur-300x92.jpg\" alt=\"\" width=\"300\" height=\"92\" srcset=\"https:\/\/www.oaxaca.gob.mx\/sectur\/wp-content\/uploads\/sites\/65\/2017\/01\/logo_sectur-300x92.jpg 300w, https:\/\/www.oaxaca.gob.mx\/sectur\/wp-content\/uploads\/sites\/65\/2017\/01\/logo_sectur.jpg 406w\" sizes=\"auto, (max-width: 300px) 100vw, 300px\" \/><\/p>\n<\/div>\n<\/div>\n","protected":false},"excerpt":{"rendered":"<p>Programa Mejora tu Hotel Con el prop\u00f3sito de mejorar la infraestructura tur\u00edstica y elevar la calidad de los servicios que ofrecen los hoteles en M\u00e9xico tanto a los turistas nacionales como internacionales, las Secretar\u00edas de Hacienda y Cr\u00e9dito P\u00fablico (SHCP) y de Turismo (Sectur), as\u00ed como el Banco Nacional de Comercio Exterior (Bancomext) y la [&hellip;]<\/p>\n","protected":false},"author":1,"featured_media":2890,"parent":51,"menu_order":0,"comment_status":"closed","ping_status":"closed","template":"","meta":{"episode_type":"","audio_file":"","podmotor_file_id":"","podmotor_episode_id":"","cover_image":"","cover_image_id":"","duration":"","filesize":"","filesize_raw":"","date_recorded":"","explicit":"","block":"","itunes_episode_number":"","itunes_title":"","itunes_season_number":"","itunes_episode_type":"","footnotes":""},"categories":[],"tags":[],"class_list":["post-55","page","type-page","status-publish","has-post-thumbnail","hentry"],"acf":[],"publishpress_future_action":{"enabled":false,"date":"2026-04-11 01:11:09","action":"change-status","newStatus":"draft","terms":[],"taxonomy":"category","extraData":[]},"publishpress_future_workflow_manual_trigger":{"enabledWorkflows":[]},"_links":{"self":[{"href":"https:\/\/www.oaxaca.gob.mx\/sectur\/wp-json\/wp\/v2\/pages\/55","targetHints":{"allow":["GET"]}}],"collection":[{"href":"https:\/\/www.oaxaca.gob.mx\/sectur\/wp-json\/wp\/v2\/pages"}],"about":[{"href":"https:\/\/www.oaxaca.gob.mx\/sectur\/wp-json\/wp\/v2\/types\/page"}],"author":[{"embeddable":true,"href":"https:\/\/www.oaxaca.gob.mx\/sectur\/wp-json\/wp\/v2\/users\/1"}],"replies":[{"embeddable":true,"href":"https:\/\/www.oaxaca.gob.mx\/sectur\/wp-json\/wp\/v2\/comments?post=55"}],"version-history":[{"count":0,"href":"https:\/\/www.oaxaca.gob.mx\/sectur\/wp-json\/wp\/v2\/pages\/55\/revisions"}],"up":[{"embeddable":true,"href":"https:\/\/www.oaxaca.gob.mx\/sectur\/wp-json\/wp\/v2\/pages\/51"}],"wp:featuredmedia":[{"embeddable":true,"href":"https:\/\/www.oaxaca.gob.mx\/sectur\/wp-json\/wp\/v2\/media\/2890"}],"wp:attachment":[{"href":"https:\/\/www.oaxaca.gob.mx\/sectur\/wp-json\/wp\/v2\/media?parent=55"}],"wp:term":[{"taxonomy":"category","embeddable":true,"href":"https:\/\/www.oaxaca.gob.mx\/sectur\/wp-json\/wp\/v2\/categories?post=55"},{"taxonomy":"post_tag","embeddable":true,"href":"https:\/\/www.oaxaca.gob.mx\/sectur\/wp-json\/wp\/v2\/tags?post=55"}],"curies":[{"name":"wp","href":"https:\/\/api.w.org\/{rel}","templated":true}]}}