{"id":49,"date":"2017-01-16T12:05:49","date_gmt":"2017-01-16T18:05:49","guid":{"rendered":"https:\/\/www.oaxaca.gob.mx\/sectur\/?page_id=49"},"modified":"2020-02-21T14:42:51","modified_gmt":"2020-02-21T20:42:51","slug":"tesoros-de-mexico","status":"publish","type":"page","link":"https:\/\/www.oaxaca.gob.mx\/sectur\/capacitacion\/tesoros-de-mexico\/","title":{"rendered":"Tesoros de M\u00e9xico"},"content":{"rendered":"<p><img decoding=\"async\" class=\"img-fluid\" src=\"\/wp-content\/uploads\/sites\/65\/2018\/08\/banner_tesoros_mexico.jpg\" alt=\"Rutas Tur\u00edsticas\" \/><br \/>\nTesoros de M\u00e9xico es el programa Premium de la Secretar\u00eda de Turismo, que tiene como prop\u00f3sito:<\/p>\n<p>Impulsar la excelencia de los Hoteles y Restaurantes cuyos altos est\u00e1ndares de servicio, caracter\u00edsticas arquitect\u00f3nicas y gastron\u00f3micas, reflejan y promueven la riqueza de la Cultura Mexicana.<\/p>\n<p>Pueden participar Hoteles y Restaurantes con Altos Niveles de Calidad en el servicio, con instalaciones que han sido cuidadosamente rescatadas y restauradas por sus due\u00f1os, quienes han impreso un toque moderno conservando la esencia original.<\/p>\n<p>Los establecimientos que forman parte del Programa Tesoros de M\u00e9xico son tambi\u00e9n garant\u00eda de: Autenticidad, Cultura, Folklore, Arte y Naturaleza.<\/p>\n<p>Sus caracter\u00edsticas diferenciadoras, representan la principal ventaja competitiva de los miembros del Programa.<\/p>\n<p>&nbsp;<\/p>\n<p><img loading=\"lazy\" decoding=\"async\" class=\"alignnone size-medium wp-image-184\" src=\"\/sectur\/wp-content\/uploads\/sites\/65\/2017\/01\/logo_sectur-300x92.jpg\" alt=\"\" width=\"300\" height=\"92\" srcset=\"https:\/\/www.oaxaca.gob.mx\/sectur\/wp-content\/uploads\/sites\/65\/2017\/01\/logo_sectur-300x92.jpg 300w, https:\/\/www.oaxaca.gob.mx\/sectur\/wp-content\/uploads\/sites\/65\/2017\/01\/logo_sectur.jpg 406w\" sizes=\"auto, (max-width: 300px) 100vw, 300px\" \/><\/p>\n<p><a class=\"btn btn-morado\" role=\"button\" href=\"http:\/\/www.sectur.gob.mx\/gobmx\/tramites-y-servicios\/certificacion-turistica\/tesoros-de-mexico\/\" target=\"_blank\" rel=\"noopener noreferrer\">Visitar<\/a><\/p>\n<p>&nbsp;<\/p>\n<p>&nbsp;<\/p>\n<table>\n<tbody>\n<tr>\n<td><img loading=\"lazy\" decoding=\"async\" class=\"alignnone size-medium wp-image-346\" src=\"\/wp-content\/uploads\/sites\/65\/2017\/01\/tesoro_azul-300x178.jpg\" alt=\"\" width=\"300\" height=\"178\" srcset=\"https:\/\/www.oaxaca.gob.mx\/sectur\/wp-content\/uploads\/sites\/65\/2017\/01\/tesoro_azul-300x178.jpg 300w, https:\/\/www.oaxaca.gob.mx\/sectur\/wp-content\/uploads\/sites\/65\/2017\/01\/tesoro_azul.jpg 409w\" sizes=\"auto, (max-width: 300px) 100vw, 300px\" \/><\/td>\n<td><img loading=\"lazy\" decoding=\"async\" class=\"alignnone size-full wp-image-353\" src=\"\/wp-content\/uploads\/sites\/65\/2017\/01\/barra_50x180.jpg\" alt=\"\" width=\"50\" height=\"180\" \/><\/td>\n<td>\n<h3><img loading=\"lazy\" decoding=\"async\" class=\"alignnone size-medium wp-image-370\" src=\"\/wp-content\/uploads\/sites\/65\/2017\/01\/tesoro_sanmiguel-300x179.jpg\" alt=\"\" width=\"300\" height=\"179\" srcset=\"https:\/\/www.oaxaca.gob.mx\/sectur\/wp-content\/uploads\/sites\/65\/2017\/01\/tesoro_sanmiguel-300x179.jpg 300w, https:\/\/www.oaxaca.gob.mx\/sectur\/wp-content\/uploads\/sites\/65\/2017\/01\/tesoro_sanmiguel.jpg 410w\" sizes=\"auto, (max-width: 300px) 100vw, 300px\" \/><\/h3>\n<\/td>\n<\/tr>\n<tr>\n<td>\n<h3 style=\"text-align: left\">\u00a0Azul de Oaxaca Hotel + Galer\u00eda<\/h3>\n<div class=\"piam-h1\" style=\"text-align: left\">Hotel Boutique<\/div>\n<p>Hotel Azul Oaxaca es un concepto diferente de hotel boutique en la ciudad de Oaxaca. Es un sitio que sigue una l\u00ednea contempor\u00e1nea en su estructura y estilo, y conserva la calidez oaxaque\u00f1a al ofrecer una atm\u00f3sfera creada de forma art\u00edstica, cuidada en el m\u00e1s m\u00ednimo detalle.<\/p>\n<p><a class=\"btn btn-morado\" role=\"button\" href=\"https:\/\/www.hotelazuloaxaca.com\/\" target=\"_blank\" rel=\"noopener noreferrer\">Visitar<\/a><\/td>\n<td><img loading=\"lazy\" decoding=\"async\" class=\"alignnone size-full wp-image-353\" src=\"\/wp-content\/uploads\/sites\/65\/2017\/01\/barra_50x180.jpg\" alt=\"\" width=\"50\" height=\"180\" \/><\/td>\n<td>\n<h3 class=\"piam-detalle-title\">Hotel Boutique Parador San Miguel Oaxaca<\/h3>\n<div class=\"piam-h1\">Hotel Boutique<\/div>\n<p>Hotel boutique tradicional, Parador San Miguel Oaxaca es el hogar de la m\u00e1s diversa y distintiva colecci\u00f3n de artesan\u00edas oaxaque\u00f1as; mezcla de pasado y presente que le har\u00e1 sumergirse en la vibrante y \u00fanica ciudad de Oaxaca.<\/p>\n<p><a class=\"btn btn-morado\" role=\"button\" href=\"http:\/\/www.paradorsanmiguel.com\/e\/\" target=\"_blank\" rel=\"noopener noreferrer\">Visitar<\/a><\/td>\n<\/tr>\n<tr>\n<td><img loading=\"lazy\" decoding=\"async\" class=\"alignnone size-medium wp-image-363\" src=\"\/wp-content\/uploads\/sites\/65\/2017\/01\/barra_400x5-300x4.jpg\" alt=\"\" width=\"300\" height=\"4\" srcset=\"https:\/\/www.oaxaca.gob.mx\/sectur\/wp-content\/uploads\/sites\/65\/2017\/01\/barra_400x5-300x4.jpg 300w, https:\/\/www.oaxaca.gob.mx\/sectur\/wp-content\/uploads\/sites\/65\/2017\/01\/barra_400x5.jpg 400w\" sizes=\"auto, (max-width: 300px) 100vw, 300px\" \/><\/td>\n<td><\/td>\n<td>\u00a0<img loading=\"lazy\" decoding=\"async\" class=\"alignnone size-medium wp-image-363\" src=\"\/wp-content\/uploads\/sites\/65\/2017\/01\/barra_400x5-300x4.jpg\" alt=\"\" width=\"300\" height=\"4\" srcset=\"https:\/\/www.oaxaca.gob.mx\/sectur\/wp-content\/uploads\/sites\/65\/2017\/01\/barra_400x5-300x4.jpg 300w, https:\/\/www.oaxaca.gob.mx\/sectur\/wp-content\/uploads\/sites\/65\/2017\/01\/barra_400x5.jpg 400w\" sizes=\"auto, (max-width: 300px) 100vw, 300px\" \/><\/td>\n<\/tr>\n<tr>\n<td><img loading=\"lazy\" decoding=\"async\" class=\"alignnone size-medium wp-image-374\" src=\"\/wp-content\/uploads\/sites\/65\/2017\/01\/tesoro_Rcatedral-300x178.jpg\" alt=\"\" width=\"300\" height=\"178\" srcset=\"https:\/\/www.oaxaca.gob.mx\/sectur\/wp-content\/uploads\/sites\/65\/2017\/01\/tesoro_Rcatedral-300x178.jpg 300w, https:\/\/www.oaxaca.gob.mx\/sectur\/wp-content\/uploads\/sites\/65\/2017\/01\/tesoro_Rcatedral.jpg 409w\" sizes=\"auto, (max-width: 300px) 100vw, 300px\" \/><\/td>\n<td><img loading=\"lazy\" decoding=\"async\" class=\"alignnone size-full wp-image-353\" src=\"\/wp-content\/uploads\/sites\/65\/2017\/01\/barra_50x180.jpg\" alt=\"\" width=\"50\" height=\"180\" \/><\/td>\n<td><img loading=\"lazy\" decoding=\"async\" class=\"alignnone size-full wp-image-5033\" src=\"https:\/\/www.oaxaca.gob.mx\/sectur\/wp-content\/uploads\/sites\/65\/2020\/02\/hacienda-los-laureles-tesoro.png\" alt=\"\" width=\"300\" height=\"178\" \/><\/td>\n<\/tr>\n<tr>\n<td>\n<h3 class=\"piam-detalle-title\">Restaurante Catedral<\/h3>\n<div class=\"piam-h1\">Restaurante<\/div>\n<p>Desde su fundaci\u00f3n, en 1976, el Restaurante Catedral ha marcado la pauta en la calidad. Su\u00a0equilibro entre innovaci\u00f3n y autenticidad est\u00e1 presente en lo mejor de la comida oaxaque\u00f1a e internacional.<\/p>\n<p><a class=\"btn btn-morado\" role=\"button\" href=\"http:\/\/restaurantecatedral.com.mx\/\" target=\"_blank\" rel=\"noopener noreferrer\">Visitar<\/a><\/td>\n<td><img loading=\"lazy\" decoding=\"async\" class=\"alignnone size-full wp-image-353\" src=\"\/wp-content\/uploads\/sites\/65\/2017\/01\/barra_50x180.jpg\" alt=\"\" width=\"50\" height=\"180\" \/><\/td>\n<td>\n<h3>Hotel Hacienda Los Laureles<\/h3>\n<p>Oaxaca es una joya colonial en el sur de M\u00e9xico, la Ciudad de Oaxaca, con 450 o m\u00e1s a\u00f1os de historia hisp\u00e1nica y post colombina y m\u00e1s de 3,000 a\u00f1os de historia precolombina, palacios bien preservados y magn\u00edficas iglesias barrocas. El estilo de vida de la regi\u00f3n est\u00e1 reflejado en las habitaciones del Hotel Hacienda Los Laureles, algunas refinadas, otras r\u00fasticas, pero \u00fanicas en su propio estilo.<\/p>\n<p><a class=\"btn btn-morado\" role=\"button\" href=\"https:\/\/haciendaloslaureles.com\/\" target=\"_blank\" rel=\"noopener noreferrer\">Visitar<\/a><\/td>\n<\/tr>\n<tr>\n<td><img loading=\"lazy\" decoding=\"async\" class=\"alignnone size-medium wp-image-363\" src=\"\/wp-content\/uploads\/sites\/65\/2017\/01\/barra_400x5-300x4.jpg\" alt=\"\" width=\"300\" height=\"4\" srcset=\"https:\/\/www.oaxaca.gob.mx\/sectur\/wp-content\/uploads\/sites\/65\/2017\/01\/barra_400x5-300x4.jpg 300w, https:\/\/www.oaxaca.gob.mx\/sectur\/wp-content\/uploads\/sites\/65\/2017\/01\/barra_400x5.jpg 400w\" sizes=\"auto, (max-width: 300px) 100vw, 300px\" \/><\/td>\n<td><\/td>\n<td>\u00a0<img loading=\"lazy\" decoding=\"async\" class=\"alignnone size-medium wp-image-363\" src=\"\/wp-content\/uploads\/sites\/65\/2017\/01\/barra_400x5-300x4.jpg\" alt=\"\" width=\"300\" height=\"4\" srcset=\"https:\/\/www.oaxaca.gob.mx\/sectur\/wp-content\/uploads\/sites\/65\/2017\/01\/barra_400x5-300x4.jpg 300w, https:\/\/www.oaxaca.gob.mx\/sectur\/wp-content\/uploads\/sites\/65\/2017\/01\/barra_400x5.jpg 400w\" sizes=\"auto, (max-width: 300px) 100vw, 300px\" \/><\/td>\n<\/tr>\n<\/tbody>\n<\/table>\n<p>&nbsp;<\/p>\n","protected":false},"excerpt":{"rendered":"<p>Tesoros de M\u00e9xico es el programa Premium de la Secretar\u00eda de Turismo, que tiene como prop\u00f3sito: Impulsar la excelencia de los Hoteles y Restaurantes cuyos altos est\u00e1ndares de servicio, caracter\u00edsticas arquitect\u00f3nicas y gastron\u00f3micas, reflejan y promueven la riqueza de la Cultura Mexicana. Pueden participar Hoteles y Restaurantes con Altos Niveles de Calidad en el servicio, [&hellip;]<\/p>\n","protected":false},"author":1,"featured_media":2882,"parent":43,"menu_order":0,"comment_status":"closed","ping_status":"closed","template":"","meta":{"episode_type":"","audio_file":"","podmotor_file_id":"","podmotor_episode_id":"","cover_image":"","cover_image_id":"","duration":"","filesize":"","filesize_raw":"","date_recorded":"","explicit":"","block":"","itunes_episode_number":"","itunes_title":"","itunes_season_number":"","itunes_episode_type":"","footnotes":""},"categories":[],"tags":[],"class_list":["post-49","page","type-page","status-publish","has-post-thumbnail","hentry"],"acf":[],"publishpress_future_action":{"enabled":false,"date":"2026-05-15 08:26:09","action":"change-status","newStatus":"draft","terms":[],"taxonomy":"category","extraData":[]},"publishpress_future_workflow_manual_trigger":{"enabledWorkflows":[]},"_links":{"self":[{"href":"https:\/\/www.oaxaca.gob.mx\/sectur\/wp-json\/wp\/v2\/pages\/49","targetHints":{"allow":["GET"]}}],"collection":[{"href":"https:\/\/www.oaxaca.gob.mx\/sectur\/wp-json\/wp\/v2\/pages"}],"about":[{"href":"https:\/\/www.oaxaca.gob.mx\/sectur\/wp-json\/wp\/v2\/types\/page"}],"author":[{"embeddable":true,"href":"https:\/\/www.oaxaca.gob.mx\/sectur\/wp-json\/wp\/v2\/users\/1"}],"replies":[{"embeddable":true,"href":"https:\/\/www.oaxaca.gob.mx\/sectur\/wp-json\/wp\/v2\/comments?post=49"}],"version-history":[{"count":7,"href":"https:\/\/www.oaxaca.gob.mx\/sectur\/wp-json\/wp\/v2\/pages\/49\/revisions"}],"predecessor-version":[{"id":5035,"href":"https:\/\/www.oaxaca.gob.mx\/sectur\/wp-json\/wp\/v2\/pages\/49\/revisions\/5035"}],"up":[{"embeddable":true,"href":"https:\/\/www.oaxaca.gob.mx\/sectur\/wp-json\/wp\/v2\/pages\/43"}],"wp:featuredmedia":[{"embeddable":true,"href":"https:\/\/www.oaxaca.gob.mx\/sectur\/wp-json\/wp\/v2\/media\/2882"}],"wp:attachment":[{"href":"https:\/\/www.oaxaca.gob.mx\/sectur\/wp-json\/wp\/v2\/media?parent=49"}],"wp:term":[{"taxonomy":"category","embeddable":true,"href":"https:\/\/www.oaxaca.gob.mx\/sectur\/wp-json\/wp\/v2\/categories?post=49"},{"taxonomy":"post_tag","embeddable":true,"href":"https:\/\/www.oaxaca.gob.mx\/sectur\/wp-json\/wp\/v2\/tags?post=49"}],"curies":[{"name":"wp","href":"https:\/\/api.w.org\/{rel}","templated":true}]}}