{"id":47,"date":"2017-01-16T12:05:33","date_gmt":"2017-01-16T18:05:33","guid":{"rendered":"https:\/\/www.oaxaca.gob.mx\/sectur\/?page_id=47"},"modified":"2017-01-16T12:05:33","modified_gmt":"2017-01-16T18:05:33","slug":"distintivo-m","status":"publish","type":"page","link":"https:\/\/www.oaxaca.gob.mx\/sectur\/capacitacion\/distintivo-m\/","title":{"rendered":"Distintivo M"},"content":{"rendered":"<p>Programa de Calidad Moderniza<\/p>\n<p>El programa de calidad MODERNIZA es un sistema de gesti\u00f3n para el Mejoramiento de la Calidad, a trav\u00e9s del cual las empresas tur\u00edsticas podr\u00e1n estimular a sus colaboradores e incrementar sus \u00edndices de rentabilidad y competitividad, con base en una forma moderna de dirigir y administrar una empresa tur\u00edstica que le permitir\u00e1n satisfacer las expectativas de sus clientes.<\/p>\n<p><img loading=\"lazy\" decoding=\"async\" class=\"alignnone size-medium wp-image-184\" src=\"\/sectur\/wp-content\/uploads\/sites\/65\/2017\/01\/logo_sectur-300x92.jpg\" alt=\"\" width=\"300\" height=\"92\" srcset=\"https:\/\/www.oaxaca.gob.mx\/sectur\/wp-content\/uploads\/sites\/65\/2017\/01\/logo_sectur-300x92.jpg 300w, https:\/\/www.oaxaca.gob.mx\/sectur\/wp-content\/uploads\/sites\/65\/2017\/01\/logo_sectur.jpg 406w\" sizes=\"auto, (max-width: 300px) 100vw, 300px\" \/><\/p>\n<p><a class=\"btn btn-morado\" role=\"button\" href=\"http:\/\/www.sectur.gob.mx\/gobmx\/tramites-y-servicios\/certificacion-turistica\/distintivo-m\/\">Ver<\/a><\/p>\n","protected":false},"excerpt":{"rendered":"<p>Programa de Calidad Moderniza El programa de calidad MODERNIZA es un sistema de gesti\u00f3n para el Mejoramiento de la Calidad, a trav\u00e9s del cual las empresas tur\u00edsticas podr\u00e1n estimular a sus colaboradores e incrementar sus \u00edndices de rentabilidad y competitividad, con base en una forma moderna de dirigir y administrar una empresa tur\u00edstica que le [&hellip;]<\/p>\n","protected":false},"author":1,"featured_media":2881,"parent":43,"menu_order":0,"comment_status":"closed","ping_status":"closed","template":"","meta":{"episode_type":"","audio_file":"","podmotor_file_id":"","podmotor_episode_id":"","cover_image":"","cover_image_id":"","duration":"","filesize":"","filesize_raw":"","date_recorded":"","explicit":"","block":"","itunes_episode_number":"","itunes_title":"","itunes_season_number":"","itunes_episode_type":"","footnotes":""},"categories":[],"tags":[],"class_list":["post-47","page","type-page","status-publish","has-post-thumbnail","hentry"],"acf":[],"publishpress_future_action":{"enabled":false,"date":"2026-05-15 23:24:20","action":"change-status","newStatus":"draft","terms":[],"taxonomy":"category","extraData":[]},"publishpress_future_workflow_manual_trigger":{"enabledWorkflows":[]},"_links":{"self":[{"href":"https:\/\/www.oaxaca.gob.mx\/sectur\/wp-json\/wp\/v2\/pages\/47","targetHints":{"allow":["GET"]}}],"collection":[{"href":"https:\/\/www.oaxaca.gob.mx\/sectur\/wp-json\/wp\/v2\/pages"}],"about":[{"href":"https:\/\/www.oaxaca.gob.mx\/sectur\/wp-json\/wp\/v2\/types\/page"}],"author":[{"embeddable":true,"href":"https:\/\/www.oaxaca.gob.mx\/sectur\/wp-json\/wp\/v2\/users\/1"}],"replies":[{"embeddable":true,"href":"https:\/\/www.oaxaca.gob.mx\/sectur\/wp-json\/wp\/v2\/comments?post=47"}],"version-history":[{"count":0,"href":"https:\/\/www.oaxaca.gob.mx\/sectur\/wp-json\/wp\/v2\/pages\/47\/revisions"}],"up":[{"embeddable":true,"href":"https:\/\/www.oaxaca.gob.mx\/sectur\/wp-json\/wp\/v2\/pages\/43"}],"wp:featuredmedia":[{"embeddable":true,"href":"https:\/\/www.oaxaca.gob.mx\/sectur\/wp-json\/wp\/v2\/media\/2881"}],"wp:attachment":[{"href":"https:\/\/www.oaxaca.gob.mx\/sectur\/wp-json\/wp\/v2\/media?parent=47"}],"wp:term":[{"taxonomy":"category","embeddable":true,"href":"https:\/\/www.oaxaca.gob.mx\/sectur\/wp-json\/wp\/v2\/categories?post=47"},{"taxonomy":"post_tag","embeddable":true,"href":"https:\/\/www.oaxaca.gob.mx\/sectur\/wp-json\/wp\/v2\/tags?post=47"}],"curies":[{"name":"wp","href":"https:\/\/api.w.org\/{rel}","templated":true}]}}