{"id":45,"date":"2017-01-16T12:05:11","date_gmt":"2017-01-16T18:05:11","guid":{"rendered":"https:\/\/www.oaxaca.gob.mx\/sectur\/?page_id=45"},"modified":"2017-01-16T12:05:11","modified_gmt":"2017-01-16T18:05:11","slug":"distintivo-h","status":"publish","type":"page","link":"https:\/\/www.oaxaca.gob.mx\/sectur\/capacitacion\/distintivo-h\/","title":{"rendered":"Distintivo H"},"content":{"rendered":"<p>El Distintivo \u201cH\u201d, es un reconocimiento que otorgan la Secretar\u00eda de Turismo y la Secretar\u00eda de Salud, a aquellos establecimientos fijos de alimentos y bebidas: (restaurantes en general, restaurantes de hoteles, cafeter\u00edas, fondas etc.), por cumplir con los est\u00e1ndares de higiene que marca la Norma Mexicana NMX-F605 NORMEX 2004.<\/p>\n<p>El programa \u201cH\u201d es 100% PREVENTIVO, lo que asegura la advertencia de una contaminaci\u00f3n que pudiera causar alguna enfermedad transmitida por alimentos; este programa contempla un programa de capacitaci\u00f3n al 80% del personal operativo y al 100% del personal de mandos medios y altos, esta capacitaci\u00f3n es orientada por un consultor registrado con perfil en el \u00e1rea qu\u00edmico\u2013m\u00e9dico-biol\u00f3gica, y los conocimientos que se imparten est\u00e1n estructurados bajo lineamientos dictados por un grupo de expertos en la materia.<\/p>\n<p>&nbsp;<\/p>\n<p><img loading=\"lazy\" decoding=\"async\" class=\"alignnone size-medium wp-image-184\" src=\"\/sectur\/wp-content\/uploads\/sites\/65\/2017\/01\/logo_sectur-300x92.jpg\" alt=\"\" width=\"300\" height=\"92\" srcset=\"https:\/\/www.oaxaca.gob.mx\/sectur\/wp-content\/uploads\/sites\/65\/2017\/01\/logo_sectur-300x92.jpg 300w, https:\/\/www.oaxaca.gob.mx\/sectur\/wp-content\/uploads\/sites\/65\/2017\/01\/logo_sectur.jpg 406w\" sizes=\"auto, (max-width: 300px) 100vw, 300px\" \/><\/p>\n<p><a class=\"btn btn-morado\" href=\"http:\/\/www.sectur.gob.mx\/gobmx\/tramites-y-servicios\/certificacion-turistica\/distintivo-h\/\" role=\"button\">Ver<\/a><\/p>\n","protected":false},"excerpt":{"rendered":"<p>El Distintivo \u201cH\u201d, es un reconocimiento que otorgan la Secretar\u00eda de Turismo y la Secretar\u00eda de Salud, a aquellos establecimientos fijos de alimentos y bebidas: (restaurantes en general, restaurantes de hoteles, cafeter\u00edas, fondas etc.), por cumplir con los est\u00e1ndares de higiene que marca la Norma Mexicana NMX-F605 NORMEX 2004. El programa \u201cH\u201d es 100% PREVENTIVO, [&hellip;]<\/p>\n","protected":false},"author":1,"featured_media":2880,"parent":43,"menu_order":0,"comment_status":"closed","ping_status":"closed","template":"","meta":{"episode_type":"","audio_file":"","podmotor_file_id":"","podmotor_episode_id":"","cover_image":"","cover_image_id":"","duration":"","filesize":"","filesize_raw":"","date_recorded":"","explicit":"","block":"","itunes_episode_number":"","itunes_title":"","itunes_season_number":"","itunes_episode_type":"","footnotes":""},"categories":[],"tags":[],"class_list":["post-45","page","type-page","status-publish","has-post-thumbnail","hentry"],"acf":[],"publishpress_future_action":{"enabled":false,"date":"2026-05-23 15:54:35","action":"change-status","newStatus":"draft","terms":[],"taxonomy":"category","extraData":[]},"publishpress_future_workflow_manual_trigger":{"enabledWorkflows":[]},"_links":{"self":[{"href":"https:\/\/www.oaxaca.gob.mx\/sectur\/wp-json\/wp\/v2\/pages\/45","targetHints":{"allow":["GET"]}}],"collection":[{"href":"https:\/\/www.oaxaca.gob.mx\/sectur\/wp-json\/wp\/v2\/pages"}],"about":[{"href":"https:\/\/www.oaxaca.gob.mx\/sectur\/wp-json\/wp\/v2\/types\/page"}],"author":[{"embeddable":true,"href":"https:\/\/www.oaxaca.gob.mx\/sectur\/wp-json\/wp\/v2\/users\/1"}],"replies":[{"embeddable":true,"href":"https:\/\/www.oaxaca.gob.mx\/sectur\/wp-json\/wp\/v2\/comments?post=45"}],"version-history":[{"count":0,"href":"https:\/\/www.oaxaca.gob.mx\/sectur\/wp-json\/wp\/v2\/pages\/45\/revisions"}],"up":[{"embeddable":true,"href":"https:\/\/www.oaxaca.gob.mx\/sectur\/wp-json\/wp\/v2\/pages\/43"}],"wp:featuredmedia":[{"embeddable":true,"href":"https:\/\/www.oaxaca.gob.mx\/sectur\/wp-json\/wp\/v2\/media\/2880"}],"wp:attachment":[{"href":"https:\/\/www.oaxaca.gob.mx\/sectur\/wp-json\/wp\/v2\/media?parent=45"}],"wp:term":[{"taxonomy":"category","embeddable":true,"href":"https:\/\/www.oaxaca.gob.mx\/sectur\/wp-json\/wp\/v2\/categories?post=45"},{"taxonomy":"post_tag","embeddable":true,"href":"https:\/\/www.oaxaca.gob.mx\/sectur\/wp-json\/wp\/v2\/tags?post=45"}],"curies":[{"name":"wp","href":"https:\/\/api.w.org\/{rel}","templated":true}]}}