{"id":4415,"date":"2019-08-05T23:06:46","date_gmt":"2019-08-05T21:06:46","guid":{"rendered":"https:\/\/www.oaxaca.gob.mx\/sectur\/?page_id=4415"},"modified":"2019-08-05T23:06:46","modified_gmt":"2019-08-05T21:06:46","slug":"funciones","status":"publish","type":"page","link":"https:\/\/www.oaxaca.gob.mx\/sectur\/funciones\/","title":{"rendered":"Funciones"},"content":{"rendered":"<p>Art\u00edculo 46-B de la\u00a0Ley Org\u00e1nica del Poder Ejecutivo del Estado de Oaxaca<\/p>\n<p>A la Secretar\u00eda de Turismo le corresponde el despacho de los siguientes asuntos:<\/p>\n<p><strong>I.<\/strong> Planear, regular y fomentar el desarrollo tur\u00edstico del Estado, promoviendo las actividades y rutas tur\u00edsticas que propicien la generaci\u00f3n de bienestar social;<\/p>\n<p><strong>II.<\/strong> Proponer al Gobernador las pol\u00edticas y programas relativos al fomento de las actividades y rutas tur\u00edsticas;<\/p>\n<p><strong>III<\/strong>. Desarrollar, dirigir, coordinar y organizar la ejecuci\u00f3n de los programas de fomento y promoci\u00f3n tur\u00edstica para el desarrollo de la Entidad;<\/p>\n<p><strong>IV.<\/strong> Impulsar con diferentes actores relevantes del sector empresarial, foros y reuni\u00f3n es donde se propongan y analicen las mejores alternativas para el desarrollo tur\u00edstico;<\/p>\n<p><strong>V.<\/strong> Fomentar la comercializaci\u00f3n, promoci\u00f3n y difusi\u00f3n de las rutas y destinos tur\u00edsticos que se ofrecen en el Estado;<\/p>\n<p><strong>VI<\/strong>. Establecer los mecanismos que permitan hacer del Estado de Oaxaca el mejor destino tur\u00edstico a nivel nacional e internacional, fortaleciendo la vocaci\u00f3n tur\u00edstica como pilar del desarrollo econ\u00f3mico local;<\/p>\n<p><strong>VII<\/strong>. Promover la inversi\u00f3n nacional y extranjera en el desarrollo de infraestructura tur\u00edstica en todo el territorio oaxaque\u00f1o;<\/p>\n<p><strong>VIII<\/strong>. Impulsar la capacitaci\u00f3n permanente de los prestadores de servicios buscando con ello generar una cultura de servicio y asistencia al turista;<\/p>\n<p><strong>IX.<\/strong> Elaborar y emprender proyectos estrat\u00e9gicos, innovadores y sustentables que sean eficaces para lograr el desarrollo tur\u00edstico conservando en un \u00e1mbito de respeto el patrimonio cultural;<\/p>\n<p><strong>X.<\/strong> Promover de manera permanente y estrat\u00e9gica la imagen tur\u00edstica y las oportunidades de inversi\u00f3n en el Estado a nivel nacional e internacional;<\/p>\n<p><strong>XI.<\/strong> Desarrollar de manera permanente fuentes alternas de turismo que est\u00e9n en armon\u00eda con el entorno de vida de las diferentes comunidades;<\/p>\n<p><strong>XII.<\/strong> Promover en coordinaci\u00f3n con la Secretar\u00eda de las Culturas y Artes de Oaxaca, la realizaci\u00f3n de eventos que promuevan las expresiones y manifestaciones culturales, incrementando la afluencia tur\u00edstica;<\/p>\n<p><strong>XIII.<\/strong> Desarrollar productos tur\u00edsticos en coordinaci\u00f3n con diferentes actores de la sociedad, que coadyuven en el desarrollo sustentable de la entidad oaxaque\u00f1a;<\/p>\n<p><strong>XIV.<\/strong> Expedir o revocar previo acuerdo del Gobernador del Estado las concesiones para la explotaci\u00f3n de los recursos o infraestructura tur\u00edsticos del Estado;<\/p>\n<p><strong>XV.<\/strong> Participar y coadyuvar con los Gobiernos Municipales, as\u00ed como los sectores social y privado, dentro del proceso integral de planeaci\u00f3n tur\u00edstica Estatal;<\/p>\n<p><strong>XVI.<\/strong> Promover la celebraci\u00f3n de acuerdos, convenios de coordinaci\u00f3n y bases de colaboraci\u00f3n con otras dependencias estatales, con los gobiernos federal y municipales y con organizaciones de los sectores social y privado, a fin de facilitar e intensificar las actividades tur\u00edsticas; y<\/p>\n<p><strong>XVII.<\/strong> Las que en el \u00e1mbito de su competencia le confiera directamente el Gobernador del Estado, su Reglamento Interno y dem\u00e1s disposiciones aplicables<\/p>\n","protected":false},"excerpt":{"rendered":"<p>Art\u00edculo 46-B de la\u00a0Ley Org\u00e1nica del Poder Ejecutivo del Estado de Oaxaca A la Secretar\u00eda de Turismo le corresponde el despacho de los siguientes asuntos: I. Planear, regular y fomentar el desarrollo tur\u00edstico del Estado, promoviendo las actividades y rutas tur\u00edsticas que propicien la generaci\u00f3n de bienestar social; II. Proponer al Gobernador las pol\u00edticas y [&hellip;]<\/p>\n","protected":false},"author":1,"featured_media":0,"parent":0,"menu_order":0,"comment_status":"closed","ping_status":"closed","template":"","meta":{"episode_type":"","audio_file":"","podmotor_file_id":"","podmotor_episode_id":"","cover_image":"","cover_image_id":"","duration":"","filesize":"","filesize_raw":"","date_recorded":"","explicit":"","block":"","itunes_episode_number":"","itunes_title":"","itunes_season_number":"","itunes_episode_type":"","footnotes":""},"categories":[],"tags":[],"class_list":["post-4415","page","type-page","status-publish","hentry"],"acf":[],"publishpress_future_action":{"enabled":false,"date":"2026-04-22 15:20:57","action":"change-status","newStatus":"draft","terms":[],"taxonomy":"category","extraData":[]},"publishpress_future_workflow_manual_trigger":{"enabledWorkflows":[]},"_links":{"self":[{"href":"https:\/\/www.oaxaca.gob.mx\/sectur\/wp-json\/wp\/v2\/pages\/4415","targetHints":{"allow":["GET"]}}],"collection":[{"href":"https:\/\/www.oaxaca.gob.mx\/sectur\/wp-json\/wp\/v2\/pages"}],"about":[{"href":"https:\/\/www.oaxaca.gob.mx\/sectur\/wp-json\/wp\/v2\/types\/page"}],"author":[{"embeddable":true,"href":"https:\/\/www.oaxaca.gob.mx\/sectur\/wp-json\/wp\/v2\/users\/1"}],"replies":[{"embeddable":true,"href":"https:\/\/www.oaxaca.gob.mx\/sectur\/wp-json\/wp\/v2\/comments?post=4415"}],"version-history":[{"count":0,"href":"https:\/\/www.oaxaca.gob.mx\/sectur\/wp-json\/wp\/v2\/pages\/4415\/revisions"}],"wp:attachment":[{"href":"https:\/\/www.oaxaca.gob.mx\/sectur\/wp-json\/wp\/v2\/media?parent=4415"}],"wp:term":[{"taxonomy":"category","embeddable":true,"href":"https:\/\/www.oaxaca.gob.mx\/sectur\/wp-json\/wp\/v2\/categories?post=4415"},{"taxonomy":"post_tag","embeddable":true,"href":"https:\/\/www.oaxaca.gob.mx\/sectur\/wp-json\/wp\/v2\/tags?post=4415"}],"curies":[{"name":"wp","href":"https:\/\/api.w.org\/{rel}","templated":true}]}}