{"id":37,"date":"2017-01-16T12:03:25","date_gmt":"2017-01-16T18:03:25","guid":{"rendered":"https:\/\/www.oaxaca.gob.mx\/sectur\/?page_id=37"},"modified":"2022-12-26T12:48:40","modified_gmt":"2022-12-26T18:48:40","slug":"angeles-verdes","status":"publish","type":"page","link":"https:\/\/www.oaxaca.gob.mx\/sectur\/informacion-de-interes\/angeles-verdes\/","title":{"rendered":"\u00c1ngeles Verdes"},"content":{"rendered":"<h2 class=\"img-shadow\">Oficina Oaxaca<\/h2>\n<table width=\"98%\">\n<tbody>\n<tr>\n<td>\n<ul>\n<li><strong>Tel\u00e9fono: \u200b(951) 516 95 97 <\/strong><\/li>\n<li><strong>Celular: 55 44 55 2458<\/strong><\/li>\n<li>\n<h2>Atenci\u00f3n al Turista: 078<\/h2>\n<\/li>\n<\/ul>\n<p><em>Direcci\u00f3n: Av. Ju\u00e1rez No. 703, Col. Centro Oaxaca de Ju\u00e1rez Oaxaca, C.P. 68000<\/em><\/td>\n<td><img loading=\"lazy\" decoding=\"async\" class=\"wp-image-435 alignright\" src=\"\/sectur\/wp-content\/uploads\/sites\/65\/2017\/01\/logo-angeles-verdes-300x300.png\" alt=\"\" width=\"150\" height=\"150\" srcset=\"https:\/\/www.oaxaca.gob.mx\/sectur\/wp-content\/uploads\/sites\/65\/2017\/01\/logo-angeles-verdes-300x300.png 300w, https:\/\/www.oaxaca.gob.mx\/sectur\/wp-content\/uploads\/sites\/65\/2017\/01\/logo-angeles-verdes-150x150.png 150w, https:\/\/www.oaxaca.gob.mx\/sectur\/wp-content\/uploads\/sites\/65\/2017\/01\/logo-angeles-verdes-768x767.png 768w, https:\/\/www.oaxaca.gob.mx\/sectur\/wp-content\/uploads\/sites\/65\/2017\/01\/logo-angeles-verdes-1024x1024.png 1024w, https:\/\/www.oaxaca.gob.mx\/sectur\/wp-content\/uploads\/sites\/65\/2017\/01\/logo-angeles-verdes.png 1439w\" sizes=\"auto, (max-width: 150px) 100vw, 150px\" \/><\/td>\n<\/tr>\n<\/tbody>\n<\/table>\n<div class=\"img-shadow\"><em>\u00a0<\/em><\/div>\n<div class=\"img-shadow\"><\/div>\n<div class=\"img-shadow\">\n<p>\u00c1ngeles Verdes brinda servicios de informaci\u00f3n tur\u00edstica, asistencia mec\u00e1nica en carretera y primeros auxilios en caso de accidentes.<\/p>\n<p>\u200bContamos con un parque vehicular en el estado de 9 radiopatrullas que transitan por las carreteras principales en un horario de 08:00 a 20:00 todos los d\u00edas del a\u00f1o.<\/p>\n<p>&nbsp;<\/p>\n<\/div>\n<div class=\"img-shadow\"><\/div>\n<div class=\"img-shadow\"><img loading=\"lazy\" decoding=\"async\" class=\"alignnone size-medium wp-image-363\" src=\"\/sectur\/wp-content\/uploads\/sites\/65\/2017\/01\/barra_400x5-300x4.jpg\" alt=\"\" width=\"300\" height=\"4\" srcset=\"https:\/\/www.oaxaca.gob.mx\/sectur\/wp-content\/uploads\/sites\/65\/2017\/01\/barra_400x5-300x4.jpg 300w, https:\/\/www.oaxaca.gob.mx\/sectur\/wp-content\/uploads\/sites\/65\/2017\/01\/barra_400x5.jpg 400w\" sizes=\"auto, (max-width: 300px) 100vw, 300px\" \/><\/div>\n<div class=\"img-shadow\">\u00abDeseamos que cada persona que transite por carretera hacia un destino de M\u00e9xico, sea un portavoz no s\u00f3lo de nuestra historia, cultura, valores, riquezas naturales y atractivos tur\u00edsticos, sino tambi\u00e9n de nuestra hospitalidad, de la calidad y calidez de los servicios de orientaci\u00f3n, asistencia y auxilio tur\u00edstico que les ofrecemos.\u00bb \u00a0-\u00c1ngeles Verdes.<\/div>\n<div>\n<p>Los \u00c1ngeles Verdes de la Secretar\u00eda de Turismo, radiopatrullan un promedio de 60,000 kms. diarios y de m\u00e1s de 22 millones de kil\u00f3metros anualmente, brindan apoyo a los viajeros que transitan por las rutas carreteras del pa\u00eds con un horario de 08:00 a 18:00 hrs., los 365 d\u00edas del a\u00f1o a trav\u00e9s del n\u00famero de marcaci\u00f3n r\u00e1pida\u00a0<strong>078<\/strong>\u00a0y cubren servicios de:<\/p>\n<p>\u2022 Orientaci\u00f3n e Informaci\u00f3n de los destinos, y atractivos y servicios tur\u00edsticos estatales y regionales.<\/p>\n<p>\u2022 Asistencia mec\u00e1nica y radio comunicaci\u00f3n de emergencia.<\/p>\n<p>\u2022 Auxilio en caso de accidentes.<\/p>\n<p>\u2022 Auxilio a la poblaci\u00f3n en general en casos de desastres.<\/p>\n<\/div>\n<div>\n<p><strong>Central de Despacho y Control de Servicios<\/strong><br \/>\nPara brindar los servicios de orientaci\u00f3n y Asistencia tur\u00edstica en carreteras, a trav\u00e9s de la Corporaci\u00f3n \u00c1ngeles Verdes, se dispone de un moderno equipo de radiocomunicaci\u00f3n, que permite atender con mayor eficacia a todos los usuarios del servicio. Actualmente en la Central de Despacho y Servicios de \u00c1ngeles Verdes se cuenta con tecnolog\u00eda de punta, que permite adem\u00e1s de la comunicaci\u00f3n del radio con las patrullas de \u00c1ngeles Verdes, integrar el servicio de localizaci\u00f3n autom\u00e1tica de veh\u00edculos y la posibilidad de interconexi\u00f3n con otros equipos de comunicaci\u00f3n (UHF\/VHF) para la atenci\u00f3n de emergencias, lo cual sustituye el radio amateur con el que \u00c1ngeles Verdes ven\u00eda operando desde hace m\u00e1s de 40 a\u00f1os<\/p>\n<p>Actualmente contamos con 200 radios con sistema de localizaci\u00f3n autom\u00e1tica de veh\u00edculos en las nuevas camionetas y avanzaremos hasta lograr este equipamiento en todas las radiopatrullas de \u00c1ngeles Verdes.<\/p>\n<p>La Corporaci\u00f3n \u00c1ngeles Verdes es considerada como un servicio tur\u00edstico que desde 1960 distingue a M\u00e9xico a nivel mundial por la orientaci\u00f3n, asistencia y auxilio tur\u00edstico que en forma gratuita la Secretar\u00eda de Turismo proporciona a trav\u00e9s de esta a los turistas nacionales, extranjeros y connacionales que viajan por carretera a los diferentes destinos tur\u00edsticos, cubriendo 262 rutas carreteras de M\u00e9xico<\/p>\n<p><strong>Los \u00c1ngeles Verdes te recomiendan, a<\/strong><strong>ntes de salir a carretera:<br \/>\n<\/strong><br \/>\n\u2022 Revisar el estado de frenos, clutch, llantas y suspensi\u00f3n del veh\u00edculo.<\/p>\n<p>\u2022 Verificar que cuentes con llanta de refacci\u00f3n, gato y herramienta.<\/p>\n<p>\u2022 Checar el nivel de aceite del motor y caja de transmisi\u00f3n.<\/p>\n<p>\u2022 Revisar el sistema el\u00e9ctrico y de enfriamiento del veh\u00edculo<\/p>\n<\/div>\n<div>\n<p><strong>Los \u00c1ngeles Verdes te sugieren cuando conduzcas en carretera:<\/strong><\/p>\n<p>\u2022 Manejar con precauci\u00f3n, respetar las se\u00f1ales y evitar altas velocidades.<\/p>\n<p>\u2022 Si estas cansado no manejes.<\/p>\n<p>\u2022 Si consumiste bebidas alcoh\u00f3licas, no manejes.<\/p>\n<p>\u2022 Utiliza el cintur\u00f3n de seguridad.<\/p>\n<p>\u2022 No rebases por los acotamientos.<\/p>\n<p>\u2022 No tires basura u otros objetos en la carretera.<\/p>\n<p>\u2022 Procura viajar con luz del d\u00eda.<\/p>\n<\/div>\n<div>Recuerda:<br \/>\n<em>\u201cViaja seguro a tu destino, los \u00c1ngeles Verdes resguardan tu camino\u201d.<\/em><\/div>\n<div>Tu opini\u00f3n es importante por lo que la Corporaci\u00f3n \u00c1ngeles Verdes agradecer\u00e1 que env\u00edes tus Sugerencias, Quejas y Reconocimientos al siguiente correo electr\u00f3nico:<br \/>\n<a href=\"mailto:angelesverdes@sectur.gob.mx\" target=\"_blank\" rel=\"noopener noreferrer\">angelesverdes@sectur.gob.mx<\/a><\/div>\n<p><img decoding=\"async\" src=\"https:\/\/www.gob.mx\/cms\/uploads\/image\/file\/510802\/coberturaNacionalAV.PNG\" alt=\"Mapa \u00c1ngeles Verdes\" \/><\/p>\n","protected":false},"excerpt":{"rendered":"<p>Oficina Oaxaca Tel\u00e9fono: \u200b(951) 516 95 97 Celular: 55 44 55 2458 Atenci\u00f3n al Turista: 078 Direcci\u00f3n: Av. Ju\u00e1rez No. 703, Col. Centro Oaxaca de Ju\u00e1rez Oaxaca, C.P. 68000 \u00a0 \u00c1ngeles Verdes brinda servicios de informaci\u00f3n tur\u00edstica, asistencia mec\u00e1nica en carretera y primeros auxilios en caso de accidentes. \u200bContamos con un parque vehicular en el [&hellip;]<\/p>\n","protected":false},"author":1,"featured_media":2876,"parent":31,"menu_order":0,"comment_status":"closed","ping_status":"closed","template":"","meta":{"episode_type":"","audio_file":"","podmotor_file_id":"","podmotor_episode_id":"","cover_image":"","cover_image_id":"","duration":"","filesize":"","filesize_raw":"","date_recorded":"","explicit":"","block":"","itunes_episode_number":"","itunes_title":"","itunes_season_number":"","itunes_episode_type":"","footnotes":""},"categories":[],"tags":[],"class_list":["post-37","page","type-page","status-publish","has-post-thumbnail","hentry"],"acf":[],"publishpress_future_action":{"enabled":false,"date":"2026-05-15 21:36:52","action":"change-status","newStatus":"draft","terms":[],"taxonomy":"category","extraData":[]},"publishpress_future_workflow_manual_trigger":{"enabledWorkflows":[]},"_links":{"self":[{"href":"https:\/\/www.oaxaca.gob.mx\/sectur\/wp-json\/wp\/v2\/pages\/37","targetHints":{"allow":["GET"]}}],"collection":[{"href":"https:\/\/www.oaxaca.gob.mx\/sectur\/wp-json\/wp\/v2\/pages"}],"about":[{"href":"https:\/\/www.oaxaca.gob.mx\/sectur\/wp-json\/wp\/v2\/types\/page"}],"author":[{"embeddable":true,"href":"https:\/\/www.oaxaca.gob.mx\/sectur\/wp-json\/wp\/v2\/users\/1"}],"replies":[{"embeddable":true,"href":"https:\/\/www.oaxaca.gob.mx\/sectur\/wp-json\/wp\/v2\/comments?post=37"}],"version-history":[{"count":6,"href":"https:\/\/www.oaxaca.gob.mx\/sectur\/wp-json\/wp\/v2\/pages\/37\/revisions"}],"predecessor-version":[{"id":6533,"href":"https:\/\/www.oaxaca.gob.mx\/sectur\/wp-json\/wp\/v2\/pages\/37\/revisions\/6533"}],"up":[{"embeddable":true,"href":"https:\/\/www.oaxaca.gob.mx\/sectur\/wp-json\/wp\/v2\/pages\/31"}],"wp:featuredmedia":[{"embeddable":true,"href":"https:\/\/www.oaxaca.gob.mx\/sectur\/wp-json\/wp\/v2\/media\/2876"}],"wp:attachment":[{"href":"https:\/\/www.oaxaca.gob.mx\/sectur\/wp-json\/wp\/v2\/media?parent=37"}],"wp:term":[{"taxonomy":"category","embeddable":true,"href":"https:\/\/www.oaxaca.gob.mx\/sectur\/wp-json\/wp\/v2\/categories?post=37"},{"taxonomy":"post_tag","embeddable":true,"href":"https:\/\/www.oaxaca.gob.mx\/sectur\/wp-json\/wp\/v2\/tags?post=37"}],"curies":[{"name":"wp","href":"https:\/\/api.w.org\/{rel}","templated":true}]}}