{"id":35,"date":"2017-01-16T12:03:03","date_gmt":"2017-01-16T18:03:03","guid":{"rendered":"https:\/\/www.oaxaca.gob.mx\/sectur\/?page_id=35"},"modified":"2017-01-16T12:03:03","modified_gmt":"2017-01-16T18:03:03","slug":"guias-de-turistas","status":"publish","type":"page","link":"https:\/\/www.oaxaca.gob.mx\/sectur\/informacion-de-interes\/guias-de-turistas\/","title":{"rendered":"Gu\u00edas de Turistas"},"content":{"rendered":"<p>Acreditaci\u00f3n de Gu\u00edas de Turistas:<\/p>\n<p>Todos los prestadores de servicios tur\u00edsticos que realicen actividades de orientaci\u00f3n e informaci\u00f3n profesional sobre el patrimonio tur\u00edstico, cultural y de atractivos relacionados con el turismo, as\u00ed como servicios de asistencia; deber\u00e1n acreditarse como gu\u00edas de turistas de acuerdo a lo estipulado en los lineamientos para la Acreditaci\u00f3n de Gu\u00edas de Turistas, para desempe\u00f1ar la actividad.<\/p>\n<p>La Secretar\u00eda de Turismo del Gobierno de la Rep\u00fablica, a trav\u00e9s de la Direcci\u00f3n General de Certificaci\u00f3n Tur\u00edstica; acredita a los Gu\u00edas de Turistas de acuerdo a las Normas Mexicanas Oficiales NOM-08-TUR-2002 y NOM-09-TUR-2002.<br \/>\nLos Gu\u00edas de Turistas se clasifican de acuerdo a su especialidad, de la siguiente manera:<br \/>\n1. Gu\u00eda de Turistas General<br \/>\n2. Gu\u00eda de Turistas Especializado en Temas o Localidades espec\u00edficos de Car\u00e1cter Cultural<br \/>\n3. Gu\u00eda de Turistas Especializado en Actividades Espec\u00edficas<\/p>\n<p>En la Secretar\u00eda de Turismo, en el Departamento de Certificaci\u00f3n y Competitividad Tur\u00edstica, adscrito a la Direcci\u00f3n de Profesionalizaci\u00f3n Tur\u00edstica, \u00e1rea especializada en atenci\u00f3n y seguimiento a los diferentes procesos que realizan los prestadores de este sector, con un horario de atenci\u00f3n de 09:00 a 15:00 horas, de lunes a viernes, con el siguiente n\u00famero telef\u00f3nico 502 1200, opci\u00f3n 1 + Ext. 1502.<\/p>\n<p>&nbsp;<\/p>\n<ul>\n<li><a href=\"http:\/\/www.oaxaca.travel\/index.php?option=com_sobipro&amp;sid=53:ciudad-de-oaxaca-1&amp;Itemid=0\">Ciudad de Oaxaca<\/a><\/li>\n<li><a href=\"http:\/\/www.oaxaca.travel\/index.php?option=com_sobipro&amp;sid=54:bahias-de-huatulco-1&amp;Itemid=0\">Bah\u00edas de Huatulco<\/a><\/li>\n<li><a href=\"http:\/\/www.oaxaca.travel\/index.php?option=com_sobipro&amp;sid=55:puerto-escondido-1-1&amp;Itemid=0\">Puerto Escondido y Costa<\/a><\/li>\n<li><a href=\"http:\/\/www.oaxaca.travel\/index.php?option=com_sobipro&amp;sid=56:otras-localidades-1-1&amp;Itemid=0\">Sierra y Mixteca<\/a><\/li>\n<\/ul>\n","protected":false},"excerpt":{"rendered":"<p>Acreditaci\u00f3n de Gu\u00edas de Turistas: Todos los prestadores de servicios tur\u00edsticos que realicen actividades de orientaci\u00f3n e informaci\u00f3n profesional sobre el patrimonio tur\u00edstico, cultural y de atractivos relacionados con el turismo, as\u00ed como servicios de asistencia; deber\u00e1n acreditarse como gu\u00edas de turistas de acuerdo a lo estipulado en los lineamientos para la Acreditaci\u00f3n de Gu\u00edas [&hellip;]<\/p>\n","protected":false},"author":1,"featured_media":466,"parent":31,"menu_order":0,"comment_status":"closed","ping_status":"closed","template":"","meta":{"episode_type":"","audio_file":"","podmotor_file_id":"","podmotor_episode_id":"","cover_image":"","cover_image_id":"","duration":"","filesize":"","filesize_raw":"","date_recorded":"","explicit":"","block":"","itunes_episode_number":"","itunes_title":"","itunes_season_number":"","itunes_episode_type":"","footnotes":""},"categories":[],"tags":[],"class_list":["post-35","page","type-page","status-publish","has-post-thumbnail","hentry"],"acf":[],"publishpress_future_action":{"enabled":false,"date":"2026-05-16 00:39:11","action":"change-status","newStatus":"draft","terms":[],"taxonomy":"category","extraData":[]},"publishpress_future_workflow_manual_trigger":{"enabledWorkflows":[]},"_links":{"self":[{"href":"https:\/\/www.oaxaca.gob.mx\/sectur\/wp-json\/wp\/v2\/pages\/35","targetHints":{"allow":["GET"]}}],"collection":[{"href":"https:\/\/www.oaxaca.gob.mx\/sectur\/wp-json\/wp\/v2\/pages"}],"about":[{"href":"https:\/\/www.oaxaca.gob.mx\/sectur\/wp-json\/wp\/v2\/types\/page"}],"author":[{"embeddable":true,"href":"https:\/\/www.oaxaca.gob.mx\/sectur\/wp-json\/wp\/v2\/users\/1"}],"replies":[{"embeddable":true,"href":"https:\/\/www.oaxaca.gob.mx\/sectur\/wp-json\/wp\/v2\/comments?post=35"}],"version-history":[{"count":0,"href":"https:\/\/www.oaxaca.gob.mx\/sectur\/wp-json\/wp\/v2\/pages\/35\/revisions"}],"up":[{"embeddable":true,"href":"https:\/\/www.oaxaca.gob.mx\/sectur\/wp-json\/wp\/v2\/pages\/31"}],"wp:featuredmedia":[{"embeddable":true,"href":"https:\/\/www.oaxaca.gob.mx\/sectur\/wp-json\/wp\/v2\/media\/466"}],"wp:attachment":[{"href":"https:\/\/www.oaxaca.gob.mx\/sectur\/wp-json\/wp\/v2\/media?parent=35"}],"wp:term":[{"taxonomy":"category","embeddable":true,"href":"https:\/\/www.oaxaca.gob.mx\/sectur\/wp-json\/wp\/v2\/categories?post=35"},{"taxonomy":"post_tag","embeddable":true,"href":"https:\/\/www.oaxaca.gob.mx\/sectur\/wp-json\/wp\/v2\/tags?post=35"}],"curies":[{"name":"wp","href":"https:\/\/api.w.org\/{rel}","templated":true}]}}