{"id":33,"date":"2017-01-16T12:02:45","date_gmt":"2017-01-16T18:02:45","guid":{"rendered":"https:\/\/www.oaxaca.gob.mx\/sectur\/?page_id=33"},"modified":"2025-03-27T12:40:15","modified_gmt":"2025-03-27T18:40:15","slug":"registro-nacional-de-turismo","status":"publish","type":"page","link":"https:\/\/www.oaxaca.gob.mx\/sectur\/informacion-de-interes\/registro-nacional-de-turismo\/","title":{"rendered":"Registro Nacional de Turismo"},"content":{"rendered":"<div>\n<p>El <strong>Registro Nacional de Turismo (RNT),<\/strong> es el cat\u00e1logo de prestadores de servicios tur\u00edsticos del pa\u00eds, que contiene informaci\u00f3n acerca de las empresas que conforman la oferta tur\u00edstica nacional por entidad federativa.<\/p>\n<ul class=\"listas-geo\">\n<li>Es una Plataforma muy importante para todos los Prestadores de Servicios Tur\u00edsticos.<\/li>\n<li>Es gratuita, es obligatoria, puede tramitarse en l\u00ednea o en la Ventanilla de Atenci\u00f3n.<\/li>\n<li>Es Impulsar la transformaci\u00f3n hacia un modelo m\u00e1s sostenible y de mayor calidad.<\/li>\n<li>Es Fomentar la mejora continua en los servicios tur\u00edsticos, generando mayor competitividad.<\/li>\n<li>Es Dotar seguridad, confianza y certeza al turismo que nos visita.<\/li>\n<\/ul>\n<p>Realiza tu tr\u00e1mite de Inscripci\u00f3n o Renovaci\u00f3n en la Ventanilla de Atenci\u00f3n a Prestadores de Servicios Tur\u00edsticos del Departamento de Certificaci\u00f3n y Competitividad Tur\u00edstica adscrito a la Direcci\u00f3n de Profesionalizaci\u00f3n Tur\u00edstica, ubicada en la <strong>planta baja de las <\/strong><strong>instalaciones de la Secretar\u00eda de Turismo del Estado de Oaxaca, en <\/strong><strong>Avenida Ju\u00e1rez 703, Colonia Centro, Oaxaca de Ju\u00e1rez, Oaxaca.<\/strong><\/p>\n<p>Env\u00eda tus documentos al correo <a href=\"mailto:ventanilladeatencion@oaxaca.travel\"><strong>ventanilladeatencion@oaxaca.travel<\/strong><\/a>, o marca al 951 502 12 00 ext. 1205 y nosotros hacemos el tr\u00e1mite (Sujeto a revisi\u00f3n de documentos)<\/p>\n<\/div>\n<blockquote>\n<ul class=\"listas-geo\">\n<li>Correo electr\u00f3nico: ventanilladeatencion@oaxaca.travel<\/li>\n<li>Chat en l\u00ednea:<a href=\"http:\/\/www.oaxaca.travel\" target=\"_blank\" rel=\"noopener\"> www.oaxaca.travel<\/a><\/li>\n<\/ul>\n<\/blockquote>\n<div><em>Descarga el\u00a0Formato\u00a0de Inscripci\u00f3n al RNT: <a href=\"https:\/\/www.oaxaca.gob.mx\/sectur\/wp-content\/uploads\/sites\/65\/2025\/03\/FORMATO-DOF-27-02-2025-1.pdf\">SOLICITUD DE CERTIFICADO DE INSCRIPCI\u00d3N EN EL REGISTRO NACIONAL DE TURISMO <img decoding=\"async\" class=\"alignright size-thumbnail wp-image-7624\" src=\"https:\/\/www.oaxaca.gob.mx\/sectur\/wp-content\/uploads\/sites\/65\/2024\/10\/pdf-icon-150x150.png\" alt=\"\" width=\"50px\" height=\"50px\" \/><\/a><br \/>\n<\/em><\/div>\n<div>\n<p><a title=\"Ver los prestadores con Registro Nacional de Turismo \" href=\"https:\/\/rnt.sectur.gob.mx\/consulta\" target=\"_blank\" rel=\"noopener noreferrer\"><img loading=\"lazy\" decoding=\"async\" class=\"aligncenter wp-image-2700\" src=\"\/sectur\/wp-content\/uploads\/sites\/65\/2018\/06\/prestadores_rnt_link-1024x67.png\" alt=\"Ver los prestadores registrados en el Registro Nacional de Tur\u00edsmo\" width=\"877\" height=\"57\" srcset=\"https:\/\/www.oaxaca.gob.mx\/sectur\/wp-content\/uploads\/sites\/65\/2018\/06\/prestadores_rnt_link-1024x67.png 1024w, https:\/\/www.oaxaca.gob.mx\/sectur\/wp-content\/uploads\/sites\/65\/2018\/06\/prestadores_rnt_link-300x20.png 300w, https:\/\/www.oaxaca.gob.mx\/sectur\/wp-content\/uploads\/sites\/65\/2018\/06\/prestadores_rnt_link-768x50.png 768w\" sizes=\"auto, (max-width: 877px) 100vw, 877px\" \/><\/a><\/p>\n<\/div>\n<div>\n<hr \/>\n<\/div>\n<p><strong>\u00a0<\/strong><\/p>\n<p>Haz tu inscripci\u00f3n <a href=\"https:\/\/rnt.sectur.gob.mx\/login\">aqu\u00ed<\/a>.<\/p>\n<p>Consulta los requisitos <a href=\"https:\/\/www.gob.mx\/tramites\/ficha\/inscribete-al-registro-nacional-de-turismo\/SECTUR3109\">aqu\u00ed.<\/a><\/p>\n","protected":false},"excerpt":{"rendered":"<p>El Registro Nacional de Turismo (RNT), es el cat\u00e1logo de prestadores de servicios tur\u00edsticos del pa\u00eds, que contiene informaci\u00f3n acerca de las empresas que conforman la oferta tur\u00edstica nacional por entidad federativa. Es una Plataforma muy importante para todos los Prestadores de Servicios Tur\u00edsticos. Es gratuita, es obligatoria, puede tramitarse en l\u00ednea o en la [&hellip;]<\/p>\n","protected":false},"author":1,"featured_media":2885,"parent":31,"menu_order":0,"comment_status":"closed","ping_status":"closed","template":"","meta":{"episode_type":"","audio_file":"","podmotor_file_id":"","podmotor_episode_id":"","cover_image":"","cover_image_id":"","duration":"","filesize":"","filesize_raw":"","date_recorded":"","explicit":"","block":"","itunes_episode_number":"","itunes_title":"","itunes_season_number":"","itunes_episode_type":"","footnotes":""},"categories":[2,5],"tags":[],"class_list":["post-33","page","type-page","status-publish","has-post-thumbnail","hentry","category-boletines","category-destacado"],"acf":[],"publishpress_future_action":{"enabled":false,"date":"2026-04-22 21:33:57","action":"change-status","newStatus":"draft","terms":[],"taxonomy":"category","extraData":[]},"publishpress_future_workflow_manual_trigger":{"enabledWorkflows":[]},"_links":{"self":[{"href":"https:\/\/www.oaxaca.gob.mx\/sectur\/wp-json\/wp\/v2\/pages\/33","targetHints":{"allow":["GET"]}}],"collection":[{"href":"https:\/\/www.oaxaca.gob.mx\/sectur\/wp-json\/wp\/v2\/pages"}],"about":[{"href":"https:\/\/www.oaxaca.gob.mx\/sectur\/wp-json\/wp\/v2\/types\/page"}],"author":[{"embeddable":true,"href":"https:\/\/www.oaxaca.gob.mx\/sectur\/wp-json\/wp\/v2\/users\/1"}],"replies":[{"embeddable":true,"href":"https:\/\/www.oaxaca.gob.mx\/sectur\/wp-json\/wp\/v2\/comments?post=33"}],"version-history":[{"count":2,"href":"https:\/\/www.oaxaca.gob.mx\/sectur\/wp-json\/wp\/v2\/pages\/33\/revisions"}],"predecessor-version":[{"id":8781,"href":"https:\/\/www.oaxaca.gob.mx\/sectur\/wp-json\/wp\/v2\/pages\/33\/revisions\/8781"}],"up":[{"embeddable":true,"href":"https:\/\/www.oaxaca.gob.mx\/sectur\/wp-json\/wp\/v2\/pages\/31"}],"wp:featuredmedia":[{"embeddable":true,"href":"https:\/\/www.oaxaca.gob.mx\/sectur\/wp-json\/wp\/v2\/media\/2885"}],"wp:attachment":[{"href":"https:\/\/www.oaxaca.gob.mx\/sectur\/wp-json\/wp\/v2\/media?parent=33"}],"wp:term":[{"taxonomy":"category","embeddable":true,"href":"https:\/\/www.oaxaca.gob.mx\/sectur\/wp-json\/wp\/v2\/categories?post=33"},{"taxonomy":"post_tag","embeddable":true,"href":"https:\/\/www.oaxaca.gob.mx\/sectur\/wp-json\/wp\/v2\/tags?post=33"}],"curies":[{"name":"wp","href":"https:\/\/api.w.org\/{rel}","templated":true}]}}