{"id":325,"date":"2017-01-24T14:43:12","date_gmt":"2017-01-24T20:43:12","guid":{"rendered":"https:\/\/www.oaxaca.gob.mx\/sectur\/?page_id=325"},"modified":"2017-01-24T14:43:12","modified_gmt":"2017-01-24T20:43:12","slug":"ruta-de-la-mixteca","status":"publish","type":"page","link":"https:\/\/www.oaxaca.gob.mx\/sectur\/rutas-turisticas\/ruta-de-la-mixteca\/","title":{"rendered":"Ruta de la Mixteca"},"content":{"rendered":"<p>Ruta de la Mixteca, \u00a1Tierra del sol y encanto dominico! La regi\u00f3n Mixteca alberga en su amplio y variado territorio infinidad de testimonios, tangibles e intangibles, que dan fe de las distintas \u00e9pocas a lo largo de las cuales este aguerrido pueblo forj\u00f3 no solo un pasado pleno de una riqueza cultural invaluable &nbsp;en el que resaltan grandiosas historias, personajes \u00e9picos y la majestuosa huella del patrimonio edificado en la regi\u00f3n por la orden religiosa dominica, sino tambi\u00e9n los cimientos din\u00e1mico presente de la regi\u00f3n.<\/p>\n<p>La Ruta de la Mixteca se desarrolla en la regi\u00f3n que dio origen a una de las dos principales civilizaciones fundadoras del estado, la segunda m\u00e1s grande e importante en Oaxaca. El patrimonio cultural edificado de la orden religiosa dominica te impresionar\u00e1 con la majestuosidad de sus dieciocho casas-conventos y residencias con sus respectivos templos, en los cuales se funden elementos de las culturas europeas y mesoamericanas. Los mixtecos son el cuatro pueblo ind\u00edgena m\u00e1s numeroso de M\u00e9xico y se llaman as\u00ed mismo \u00d1uu Savi, que en espa\u00f1ol significa \u00abPueblo de la Lluvia\u00bb.<\/p>\n<p>Esta Ruta esta integrada por nueve municipios:<\/p>\n<ul>\n<li>Asunci\u00f3n Nochixtl\u00e1n,<\/li>\n<li>Santo Domingo Yanhuitl\u00e1n,<\/li>\n<li>Heroica Ciudad de Tlaxiaco,<\/li>\n<li>San Juan Bautista Coixtlahuaca,<\/li>\n<li>Santiago Apoala,<\/li>\n<li>Villa de Tamazul\u00e1pam del Progreso,<\/li>\n<li>Heroica Ciudad de Huajuapan de Le\u00f3n.<\/li>\n<\/ul>\n<p>La Ruta de la Mixteca integra en su recorrido variados atractivos naturales y culturales: manantiales, cascadas, cuevas y ca\u00f1ones, sitios arqueol\u00f3gicos, museos comunitarios, as\u00ed como ancestrales costumbres y tradiciones. Esta ruta te lleva a conocer el legado cultural mixteco en bello complemento con el aporte hispano y particularmente con la orden religiosa Dominica, cuyos emblemas son los majestuosos templos y ex conventos, hermosamente conservados. En su amplia gastronom\u00eda, sobresale el llamado \u00abmole de caderas\u00bb, elaborado con carnes de chivo y considerado como uno de los platillos m\u00e1s importantes en la regi\u00f3n. Por su parte, los Hermosos escenarios naturales de la Mixteca son considerados ecosistemas de importancia mundial por su riqueza e integridad biol\u00f3gica, con especies que no existen en ninguna otra parte del planeta.<\/p>\n<div id=\"attachment_2373\" style=\"width: 349px\" class=\"wp-caption aligncenter\"><a href=\"\/sectur\/wp-content\/uploads\/sites\/65\/2018\/04\/Gu\u00eda-Ruta-Mixteca.pdf\" target=\"_blank\" rel=\"noopener noreferrer\"><img loading=\"lazy\" decoding=\"async\" aria-describedby=\"caption-attachment-2373\" class=\"wp-image-2373 size-full\" src=\"\/sectur\/wp-content\/uploads\/sites\/65\/2018\/04\/ruta_mixteca_portada.jpg\" alt=\"\" width=\"339\" height=\"622\" srcset=\"https:\/\/www.oaxaca.gob.mx\/sectur\/wp-content\/uploads\/sites\/65\/2018\/04\/ruta_mixteca_portada.jpg 339w, https:\/\/www.oaxaca.gob.mx\/sectur\/wp-content\/uploads\/sites\/65\/2018\/04\/ruta_mixteca_portada-164x300.jpg 164w\" sizes=\"auto, (max-width: 339px) 100vw, 339px\" \/><\/a><p id=\"caption-attachment-2373\" class=\"wp-caption-text\">Ver gu\u00eda<\/p><\/div>\n","protected":false},"excerpt":{"rendered":"<p>Ruta de la Mixteca, \u00a1Tierra del sol y encanto dominico! La regi\u00f3n Mixteca alberga en su amplio y variado territorio infinidad de testimonios, tangibles e intangibles, que dan fe de las distintas \u00e9pocas a lo largo de las cuales este aguerrido pueblo forj\u00f3 no solo un pasado pleno de una riqueza cultural invaluable &nbsp;en el [&hellip;]<\/p>\n","protected":false},"author":1,"featured_media":316,"parent":57,"menu_order":0,"comment_status":"closed","ping_status":"closed","template":"","meta":{"episode_type":"","audio_file":"","podmotor_file_id":"","podmotor_episode_id":"","cover_image":"","cover_image_id":"","duration":"","filesize":"","filesize_raw":"","date_recorded":"","explicit":"","block":"","itunes_episode_number":"","itunes_title":"","itunes_season_number":"","itunes_episode_type":"","footnotes":""},"categories":[],"tags":[],"class_list":["post-325","page","type-page","status-publish","has-post-thumbnail","hentry"],"acf":[],"publishpress_future_action":{"enabled":false,"date":"2026-04-30 08:40:26","action":"change-status","newStatus":"draft","terms":[],"taxonomy":"category","extraData":[]},"publishpress_future_workflow_manual_trigger":{"enabledWorkflows":[]},"_links":{"self":[{"href":"https:\/\/www.oaxaca.gob.mx\/sectur\/wp-json\/wp\/v2\/pages\/325","targetHints":{"allow":["GET"]}}],"collection":[{"href":"https:\/\/www.oaxaca.gob.mx\/sectur\/wp-json\/wp\/v2\/pages"}],"about":[{"href":"https:\/\/www.oaxaca.gob.mx\/sectur\/wp-json\/wp\/v2\/types\/page"}],"author":[{"embeddable":true,"href":"https:\/\/www.oaxaca.gob.mx\/sectur\/wp-json\/wp\/v2\/users\/1"}],"replies":[{"embeddable":true,"href":"https:\/\/www.oaxaca.gob.mx\/sectur\/wp-json\/wp\/v2\/comments?post=325"}],"version-history":[{"count":0,"href":"https:\/\/www.oaxaca.gob.mx\/sectur\/wp-json\/wp\/v2\/pages\/325\/revisions"}],"up":[{"embeddable":true,"href":"https:\/\/www.oaxaca.gob.mx\/sectur\/wp-json\/wp\/v2\/pages\/57"}],"wp:featuredmedia":[{"embeddable":true,"href":"https:\/\/www.oaxaca.gob.mx\/sectur\/wp-json\/wp\/v2\/media\/316"}],"wp:attachment":[{"href":"https:\/\/www.oaxaca.gob.mx\/sectur\/wp-json\/wp\/v2\/media?parent=325"}],"wp:term":[{"taxonomy":"category","embeddable":true,"href":"https:\/\/www.oaxaca.gob.mx\/sectur\/wp-json\/wp\/v2\/categories?post=325"},{"taxonomy":"post_tag","embeddable":true,"href":"https:\/\/www.oaxaca.gob.mx\/sectur\/wp-json\/wp\/v2\/tags?post=325"}],"curies":[{"name":"wp","href":"https:\/\/api.w.org\/{rel}","templated":true}]}}