{"id":321,"date":"2017-01-24T14:24:26","date_gmt":"2017-01-24T20:24:26","guid":{"rendered":"https:\/\/www.oaxaca.gob.mx\/sectur\/?page_id=321"},"modified":"2017-01-24T14:24:26","modified_gmt":"2017-01-24T20:24:26","slug":"ruta-de-la-costa-oaxaquena","status":"publish","type":"page","link":"https:\/\/www.oaxaca.gob.mx\/sectur\/rutas-turisticas\/ruta-de-la-costa-oaxaquena\/","title":{"rendered":"Ruta de la Costa Oaxaque\u00f1a"},"content":{"rendered":"<p>Escucha el llamado del mar\u2026 D\u00e9jate llevar por la fresca brisa y goza la sensual caricia del sol, el mar y la arena de la costa oaxaque\u00f1a.<br \/>\nLas opciones para la aventura, la diversi\u00f3n o el descanso que la Ruta de la Costa Oaxaque\u00f1a te ofrece son amplias y diversas: disfruta los hermosos paisajes de Huatulco, primer destino de playa sustentable de M\u00e9xico; bucea en las tranquilas aguas de Puerto \u00c1ngel, el puerto m\u00e1s antiguo de la costa oaxaque\u00f1a; siente la libertad en Zipolite, la playa nudista m\u00e1s importante de M\u00e9xico, o conoce las diversas variedades de tortugas de Oaxaca en el Centro Mexicano de la Tortuga, en Mazunte.<br \/>\nSi lo que buscas es sentir la adrenalina de las actividades acu\u00e1ticas, practica surfing o boogie board en Zicatela, o sum\u00e9rgete en la aventura del buceo, el esn\u00f3rquel o la pesca deportiva en Puerto Escondido.<br \/>\nAdmira la flora y fauna de las lagunas de Chacahua y Manialtepec y marav\u00edllate con la tranquila belleza del manglar mientras las recorres a bordo de una lancha.<br \/>\nRecorre los infinitos y bellos rincones de este magn\u00edfico rinc\u00f3n del Pac\u00edfico, saborea la deliciosa gastronom\u00eda regional, disfruta sus cristalinas aguas, tan c\u00e1lidas como la hospitalidad de sus habitantes y ll\u00e9vate para siempre en la memoria los paisajes y las vivencias que te ofrece la Ruta de la Costa Oaxaque\u00f1a.<br \/>\nLa Ruta de la Costa Oaxaque\u00f1a est\u00e1 integrada por siete destinos:<br \/>\n\u2022 Huatulco<br \/>\n\u2022 Puerto \u00c1ngel<br \/>\n\u2022 Zipolite<br \/>\n\u2022 Mazunte<br \/>\n\u2022 Puerto Escondido<br \/>\n\u2022 Zicatela<br \/>\n\u2022 Lagunas de Chacahua<\/p>\n<div id=\"attachment_2363\" style=\"width: 312px\" class=\"wp-caption aligncenter\"><a href=\"\/sectur\/wp-content\/uploads\/sites\/65\/2018\/04\/Gu\u00eda-Ruta-Costa.pdf\" target=\"_blank\" rel=\"noopener noreferrer\"><img loading=\"lazy\" decoding=\"async\" aria-describedby=\"caption-attachment-2363\" class=\"wp-image-2363 size-full\" src=\"\/sectur\/wp-content\/uploads\/sites\/65\/2018\/04\/ruta_costa_portada.jpg\" alt=\"\" width=\"302\" height=\"622\" srcset=\"https:\/\/www.oaxaca.gob.mx\/sectur\/wp-content\/uploads\/sites\/65\/2018\/04\/ruta_costa_portada.jpg 302w, https:\/\/www.oaxaca.gob.mx\/sectur\/wp-content\/uploads\/sites\/65\/2018\/04\/ruta_costa_portada-146x300.jpg 146w\" sizes=\"auto, (max-width: 302px) 100vw, 302px\" \/><\/a><p id=\"caption-attachment-2363\" class=\"wp-caption-text\">Ver gu\u00eda<\/p><\/div>\n","protected":false},"excerpt":{"rendered":"<p>Escucha el llamado del mar\u2026 D\u00e9jate llevar por la fresca brisa y goza la sensual caricia del sol, el mar y la arena de la costa oaxaque\u00f1a. Las opciones para la aventura, la diversi\u00f3n o el descanso que la Ruta de la Costa Oaxaque\u00f1a te ofrece son amplias y diversas: disfruta los hermosos paisajes de [&hellip;]<\/p>\n","protected":false},"author":1,"featured_media":313,"parent":57,"menu_order":0,"comment_status":"closed","ping_status":"closed","template":"","meta":{"episode_type":"","audio_file":"","podmotor_file_id":"","podmotor_episode_id":"","cover_image":"","cover_image_id":"","duration":"","filesize":"","filesize_raw":"","date_recorded":"","explicit":"","block":"","itunes_episode_number":"","itunes_title":"","itunes_season_number":"","itunes_episode_type":"","footnotes":""},"categories":[],"tags":[],"class_list":["post-321","page","type-page","status-publish","has-post-thumbnail","hentry"],"acf":[],"publishpress_future_action":{"enabled":false,"date":"2026-04-12 08:33:37","action":"change-status","newStatus":"draft","terms":[],"taxonomy":"category","extraData":[]},"publishpress_future_workflow_manual_trigger":{"enabledWorkflows":[]},"_links":{"self":[{"href":"https:\/\/www.oaxaca.gob.mx\/sectur\/wp-json\/wp\/v2\/pages\/321","targetHints":{"allow":["GET"]}}],"collection":[{"href":"https:\/\/www.oaxaca.gob.mx\/sectur\/wp-json\/wp\/v2\/pages"}],"about":[{"href":"https:\/\/www.oaxaca.gob.mx\/sectur\/wp-json\/wp\/v2\/types\/page"}],"author":[{"embeddable":true,"href":"https:\/\/www.oaxaca.gob.mx\/sectur\/wp-json\/wp\/v2\/users\/1"}],"replies":[{"embeddable":true,"href":"https:\/\/www.oaxaca.gob.mx\/sectur\/wp-json\/wp\/v2\/comments?post=321"}],"version-history":[{"count":0,"href":"https:\/\/www.oaxaca.gob.mx\/sectur\/wp-json\/wp\/v2\/pages\/321\/revisions"}],"up":[{"embeddable":true,"href":"https:\/\/www.oaxaca.gob.mx\/sectur\/wp-json\/wp\/v2\/pages\/57"}],"wp:featuredmedia":[{"embeddable":true,"href":"https:\/\/www.oaxaca.gob.mx\/sectur\/wp-json\/wp\/v2\/media\/313"}],"wp:attachment":[{"href":"https:\/\/www.oaxaca.gob.mx\/sectur\/wp-json\/wp\/v2\/media?parent=321"}],"wp:term":[{"taxonomy":"category","embeddable":true,"href":"https:\/\/www.oaxaca.gob.mx\/sectur\/wp-json\/wp\/v2\/categories?post=321"},{"taxonomy":"post_tag","embeddable":true,"href":"https:\/\/www.oaxaca.gob.mx\/sectur\/wp-json\/wp\/v2\/tags?post=321"}],"curies":[{"name":"wp","href":"https:\/\/api.w.org\/{rel}","templated":true}]}}