{"id":319,"date":"2017-01-24T14:23:29","date_gmt":"2017-01-24T20:23:29","guid":{"rendered":"https:\/\/www.oaxaca.gob.mx\/sectur\/?page_id=319"},"modified":"2017-01-24T14:23:29","modified_gmt":"2017-01-24T20:23:29","slug":"ruta-sierra-juarez","status":"publish","type":"page","link":"https:\/\/www.oaxaca.gob.mx\/sectur\/rutas-turisticas\/ruta-sierra-juarez\/","title":{"rendered":"Ruta Sierra Ju\u00e1rez"},"content":{"rendered":"<p>La Sierra Ju\u00e1rez es una de las \u00e1reas m\u00e1s representativas de Oaxaca por su organizaci\u00f3n social, formas de vida, tradiciones y desarrollo de empresas comunitarias.<br \/>\nSu biodiversidad es una de las m\u00e1s conservadas del estado; cuenta con m\u00e1s de 400 especies de aves y 350 especies de mariposas, las cuales se pueden observar en su propio ecosistema.<br \/>\nEn los recorridos por sus senderos disfruta de actividades como tirolesa, ciclismo de monta\u00f1a, rapel, escalada, medicina tradicional, observaci\u00f3n de flora y fauna y agroturismo. Todo ello apoyado por gu\u00edas comunitarios y excelentes servicios tur\u00edsticos.<\/p>\n<div id=\"attachment_2359\" style=\"width: 314px\" class=\"wp-caption aligncenter\"><a href=\"\/sectur\/wp-content\/uploads\/sites\/65\/2018\/04\/Gu\u00eda-Ruta-Sierra.pdf\" target=\"_blank\" rel=\"noopener noreferrer\"><img loading=\"lazy\" decoding=\"async\" aria-describedby=\"caption-attachment-2359\" class=\"wp-image-2359 size-full\" src=\"\/sectur\/wp-content\/uploads\/sites\/65\/2018\/04\/ruta_sierra_portada.jpg\" alt=\"\" width=\"304\" height=\"608\" srcset=\"https:\/\/www.oaxaca.gob.mx\/sectur\/wp-content\/uploads\/sites\/65\/2018\/04\/ruta_sierra_portada.jpg 304w, https:\/\/www.oaxaca.gob.mx\/sectur\/wp-content\/uploads\/sites\/65\/2018\/04\/ruta_sierra_portada-150x300.jpg 150w\" sizes=\"auto, (max-width: 304px) 100vw, 304px\" \/><\/a><p id=\"caption-attachment-2359\" class=\"wp-caption-text\">Ver gu\u00eda<\/p><\/div>\n","protected":false},"excerpt":{"rendered":"<p>La Sierra Ju\u00e1rez es una de las \u00e1reas m\u00e1s representativas de Oaxaca por su organizaci\u00f3n social, formas de vida, tradiciones y desarrollo de empresas comunitarias. Su biodiversidad es una de las m\u00e1s conservadas del estado; cuenta con m\u00e1s de 400 especies de aves y 350 especies de mariposas, las cuales se pueden observar en su [&hellip;]<\/p>\n","protected":false},"author":1,"featured_media":314,"parent":57,"menu_order":0,"comment_status":"closed","ping_status":"closed","template":"","meta":{"episode_type":"","audio_file":"","podmotor_file_id":"","podmotor_episode_id":"","cover_image":"","cover_image_id":"","duration":"","filesize":"","filesize_raw":"","date_recorded":"","explicit":"","block":"","itunes_episode_number":"","itunes_title":"","itunes_season_number":"","itunes_episode_type":"","footnotes":""},"categories":[],"tags":[],"class_list":["post-319","page","type-page","status-publish","has-post-thumbnail","hentry"],"acf":[],"publishpress_future_action":{"enabled":false,"date":"2026-05-16 00:40:33","action":"change-status","newStatus":"draft","terms":[],"taxonomy":"category","extraData":[]},"publishpress_future_workflow_manual_trigger":{"enabledWorkflows":[]},"_links":{"self":[{"href":"https:\/\/www.oaxaca.gob.mx\/sectur\/wp-json\/wp\/v2\/pages\/319","targetHints":{"allow":["GET"]}}],"collection":[{"href":"https:\/\/www.oaxaca.gob.mx\/sectur\/wp-json\/wp\/v2\/pages"}],"about":[{"href":"https:\/\/www.oaxaca.gob.mx\/sectur\/wp-json\/wp\/v2\/types\/page"}],"author":[{"embeddable":true,"href":"https:\/\/www.oaxaca.gob.mx\/sectur\/wp-json\/wp\/v2\/users\/1"}],"replies":[{"embeddable":true,"href":"https:\/\/www.oaxaca.gob.mx\/sectur\/wp-json\/wp\/v2\/comments?post=319"}],"version-history":[{"count":0,"href":"https:\/\/www.oaxaca.gob.mx\/sectur\/wp-json\/wp\/v2\/pages\/319\/revisions"}],"up":[{"embeddable":true,"href":"https:\/\/www.oaxaca.gob.mx\/sectur\/wp-json\/wp\/v2\/pages\/57"}],"wp:featuredmedia":[{"embeddable":true,"href":"https:\/\/www.oaxaca.gob.mx\/sectur\/wp-json\/wp\/v2\/media\/314"}],"wp:attachment":[{"href":"https:\/\/www.oaxaca.gob.mx\/sectur\/wp-json\/wp\/v2\/media?parent=319"}],"wp:term":[{"taxonomy":"category","embeddable":true,"href":"https:\/\/www.oaxaca.gob.mx\/sectur\/wp-json\/wp\/v2\/categories?post=319"},{"taxonomy":"post_tag","embeddable":true,"href":"https:\/\/www.oaxaca.gob.mx\/sectur\/wp-json\/wp\/v2\/tags?post=319"}],"curies":[{"name":"wp","href":"https:\/\/api.w.org\/{rel}","templated":true}]}}