{"id":2447,"date":"2018-05-08T13:38:28","date_gmt":"2018-05-08T19:38:28","guid":{"rendered":"https:\/\/www.oaxaca.gob.mx\/sectur\/?page_id=2447"},"modified":"2023-09-14T14:15:27","modified_gmt":"2023-09-14T20:15:27","slug":"aviso-de-privacidad-integral","status":"publish","type":"page","link":"https:\/\/www.oaxaca.gob.mx\/sectur\/aviso-de-privacidad-integral\/","title":{"rendered":"Aviso de privacidad"},"content":{"rendered":"<p>La Secretar\u00eda de Turismo de Gobierno del Estado de Oaxaca, con domicilio en la calle de Av. Ju\u00e1rez 703, Colonia Centro, Oaxaca de Ju\u00e1rez, Oaxaca, es el Responsable del tratamiento de los datos personales que usted proporcione; los cuales ser\u00e1n protegidos conforme a lo dispuesto por la Ley de Datos Personales en Posesi\u00f3n de Sujetos Obligados del Estado de Oaxaca, y dem\u00e1s normatividad que resulte aplicable.<\/p>\n<nav style=\"margin-bottom: 30px\">\n<div id=\"nav-tab\" class=\"nav nav-tabs\" role=\"tablist\"><a id=\"nav_tab_uno\" class=\"nav-item nav-link active\" role=\"tab\" href=\"#nav_uno\" data-toggle=\"tab\">Aviso de Privacidad Simplificado<\/a><br \/>\n<a id=\"nav_tab_dos\" class=\"nav-item nav-link\" role=\"tab\" href=\"#nav_dos\" data-toggle=\"tab\">Aviso de Privacidad Integral<\/a><\/div>\n<\/nav>\n<div id=\"nav-tabContent\" class=\"tab-content\">\n<div id=\"nav_uno\" class=\"tab-pane fade show active\" role=\"tabpanel\" aria-labelledby=\"nav_tab_uno\">\n<h4><\/h4>\n<p><a class=\"btn btn-morado\" href=\"https:\/\/www.oaxaca.gob.mx\/sectur\/wp-content\/uploads\/sites\/65\/2023\/09\/AVISO-DE-PIVACIDAD-SIMPLIFICADO-2023.docx\">Descarga Aviso de Privacidad Simplificado en formato .DOC <\/a>\n<\/div>\n<div id=\"nav_dos\" class=\"tab-pane fade\" role=\"tabpanel\" aria-labelledby=\"nav_tab_dos\">\n<h4><\/h4>\n<p><a class=\"btn btn-morado\" href=\"https:\/\/www.oaxaca.gob.mx\/sectur\/wp-content\/uploads\/sites\/65\/2023\/09\/AVISO-DE-PIVACIDAD-INTEGRAL-2023.docx\">Descarga Aviso de Privacidad Integral en formato .DOC <\/a>\n<\/div>\n<\/div>\n<p>&nbsp;<\/p>\n<p><!--more--><\/p>\n<p><strong>\u00bfQu\u00e9 datos personales se recaban y para qu\u00e9 finalidad?<\/strong><\/p>\n<p>Los datos personales que usted proporcione ser\u00e1n utilizados para las siguientes finalidades: tr\u00e1mite y substanciaci\u00f3n de cualquier medio de impugnaci\u00f3n del que sea parte; contar con el registro de tr\u00e1mite a solicitud de capacitaci\u00f3n, asistencia a: talleres, conferencias, generar estad\u00edsticas e informes, difundir las actividades de capacitaci\u00f3n, enviar informaci\u00f3n de los eventos de la Secretaria de Turismo, confirmar fecha y hora de eventos, generar constancias; para dar tr\u00e1mite a su queja y\/o denuncia por incumplimiento contra los servidores p\u00fablicos de la Secretaria de Turismo; as\u00ed como para documentar la firma de convenios y contratos.<\/p>\n<p>&nbsp;<\/p>\n<p>Para las finalidades anteriores se solicitaran los siguientes datos:<\/p>\n<p>&nbsp;<\/p>\n<ul>\n<li><strong>Tr\u00e1mite de medios de impugnaci\u00f3n:<\/strong>Nombre, correo electr\u00f3nico y\/o domicilio para recibir notificaciones.<\/li>\n<li><strong>Registro de asistentes a eventos, talleres, conferencias, generar estad\u00edsticas e informes, difusi\u00f3n de actividades de capacitaci\u00f3n:<\/strong>nombre completo, n\u00famero telef\u00f3nico, sexo, grupo \u00e9tnico, si habla alguna lengua ind\u00edgena, Sujeto Obligado del que forma parte, cargo que ocupa, si se encuentra adscrito a la Unidad de Transparencia o forma parte del Comit\u00e9 de Transparencia, tel\u00e9fono y correo electr\u00f3nico oficiales, firma.<\/li>\n<li><strong>Presentar queja o denuncia:<\/strong>Nombre, domicilio, correo electr\u00f3nico, tel\u00e9fono y firma.<\/li>\n<li><strong>Generar constancias:<\/strong>Nombre y asistencia a la capacitaci\u00f3n.<\/li>\n<li><strong>Convenios y contratos:\u00a0<\/strong>Domicilio particular, RFC, CURP, datos generales de identificaci\u00f3n.<\/li>\n<\/ul>\n<p>&nbsp;<\/p>\n<p>Los datos personales sensibles como grupo \u00e9tnico y lengua ind\u00edgena ser\u00e1n tratados \u00fanicamente con la finalidad de generar estad\u00edsticas.<\/p>\n<p>&nbsp;<\/p>\n<p>El domicilio particular, correo electr\u00f3nico y n\u00famero telef\u00f3nico particular para la localizaci\u00f3n del suscribiente de un convenio o contrato, en caso necesario.<\/p>\n<p>&nbsp;<\/p>\n<p><strong>Fundamento para el tratamiento de datos personales<\/strong><\/p>\n<p>&nbsp;<\/p>\n<p>El fundamento para el tratamiento de los datos personales son los art\u00edculos 16,17, 18, 25 y 26 de la Ley General de Protecci\u00f3n de Datos Personales en Posesi\u00f3n de Sujetos Obligados; 09, 10, 11, 14 y 19 de la Ley de Protecci\u00f3n de Datos Personales en Posesi\u00f3n de Sujetos Obligados del Estado de Oaxaca; y 87 fracci\u00f3n VI, incisos a) y b), y fracci\u00f3n III, inciso a); y 97 fracciones XI, XV y XVII de la Ley de Transparencia y Acceso a la Informaci\u00f3n P\u00fablica para el Estado de Oaxaca.<\/p>\n<p>&nbsp;<\/p>\n<p><strong>Transferencia de datos personales<\/strong><\/p>\n<p>&nbsp;<\/p>\n<p>En caso necesario se comunicar\u00e1n los datos proporcionados al Sujeto Obligado al que est\u00e1 adscrito, con la finalidad de confirmar la asistencia a las actividades de los eventos, con fundamento en el art\u00edculo 87 fracci\u00f3n VI, inciso b) de la Ley de Transparencia y Acceso a la Informaci\u00f3n P\u00fablica para el Estado de Oaxaca. No se realizar\u00e1n transferencias adicionales, salvo aqu\u00e9llas que sean necesarias para atender requerimientos de informaci\u00f3n de una autoridad competente, que est\u00e9n debidamente fundados y motivados.<\/p>\n<p>&nbsp;<\/p>\n<p><strong>\u00bfD\u00f3nde se pueden ejercer los derechos de acceso, correcci\u00f3n\/rectificaci\u00f3n, cancelaci\u00f3n u oposici\u00f3n de datos personales (derechos ARCO)?<\/strong><\/p>\n<p>&nbsp;<\/p>\n<p>Usted podr\u00e1 ejercer sus derechos de acceso, rectificaci\u00f3n, cancelaci\u00f3n y oposici\u00f3n (ARCO) ante la Unidad de Transparencia de esta secretaria ubicada en calle Av. Ju\u00e1rez, Colonia Centro, Oaxaca de Ju\u00e1rez, Oaxaca, C\u00f3digo Postal 68000, a trav\u00e9s de la Plataforma Nacional de Transparencia (<a href=\"http:\/\/www.plataformadetransparencia.org.mx\/\">http:\/\/www.plataformadetransparencia.org.mx\/<\/a>), al correo electr\u00f3nico\u00a0<a href=\"mailto:unidadjuridicaturismo@gmail.com\">unidadjuridicaturismo@gmail.com<\/a>, y a los tel\u00e9fonos 951 5021200 ext. 1209, de lunes a viernes de 09:00 a 16:00 horas en d\u00edas h\u00e1biles.<\/p>\n<p>&nbsp;<\/p>\n<p><strong>COVID- 19<\/strong><\/p>\n<p><strong>Ante la contingencia sanitaria provocada por el virus denominado COVID-19 donde resulta necesario identificar los riesgos o amenazas a las que se puedan enfrentar los datos personales y datos personales sensibles de los particulares, la Secretaria de Turismo contara con estrictas medidas de seguridad administrativas, f\u00edsicas y t\u00e9cnicas para evitar cualquier perdida, destrucci\u00f3n, robo, extravi\u00f3, uso, da\u00f1o, modificaci\u00f3n o alteraci\u00f3n no autorizada de los mismos, protegiendo con ello la confidencialidad sobre cualquier dato personal o personal sensible relacionado con cualquier caso de COVID-19, procurando que los datos \u00a0sean exactos, completos, pertinentes, actualizados y correctos.<\/strong><\/p>\n<p><strong>\u00a0<\/strong><\/p>\n<p><strong>La Secretar\u00eda de Turismo de acuerdo con la normatividad aplicable tratara los datos personales de sus colaboradores que sean necesarios para garantizar la salud de todo su personal y evitar la propagaci\u00f3n de COVID-19, notificando cualquier vulneraci\u00f3n de seguridad al INAI o al \u00d3rgano Garante que corresponda, implementando medidas de seguridad f\u00edsicas, t\u00e9cnicas y administrativas en aquellos dispositivos m\u00f3viles, de almacenamiento, equipos de c\u00f3mputo y sistemas inform\u00e1ticos que realicen el tratamiento de datos personales protegiendo y evitando con ello en todo momento la difusi\u00f3n p\u00fablica no autorizada de informaci\u00f3n y datos personales de casos- posibles o confirmados- de COVID 19<\/strong><\/p>\n<p>&nbsp;<\/p>\n<p><strong>Cambios al aviso de privacidad<\/strong><\/p>\n<p>&nbsp;<\/p>\n<p>En caso de que exista un cambio de este aviso de privacidad, lo haremos de su conocimiento en nuestro portal de Internet\u00a0<a href=\"https:\/\/www.oaxaca.gob.mx\/sectur\/\">\/sectur\/<\/a><\/p>\n<p>&nbsp;<\/p>\n","protected":false},"excerpt":{"rendered":"<p>La Secretar\u00eda de Turismo de Gobierno del Estado de Oaxaca, con domicilio en la calle de Av. Ju\u00e1rez 703, Colonia Centro, Oaxaca de Ju\u00e1rez, Oaxaca, es el Responsable del tratamiento de los datos personales que usted proporcione; los cuales ser\u00e1n protegidos conforme a lo dispuesto por la Ley de Datos Personales en Posesi\u00f3n de Sujetos [&hellip;]<\/p>\n","protected":false},"author":1,"featured_media":2891,"parent":0,"menu_order":0,"comment_status":"closed","ping_status":"closed","template":"","meta":{"episode_type":"","audio_file":"","podmotor_file_id":"","podmotor_episode_id":"","cover_image":"","cover_image_id":"","duration":"","filesize":"","filesize_raw":"","date_recorded":"","explicit":"","block":"","itunes_episode_number":"","itunes_title":"","itunes_season_number":"","itunes_episode_type":"","footnotes":""},"categories":[],"tags":[],"class_list":["post-2447","page","type-page","status-publish","has-post-thumbnail","hentry"],"acf":[],"publishpress_future_action":{"enabled":false,"date":"2026-04-22 15:13:24","action":"change-status","newStatus":"draft","terms":[],"taxonomy":"category","extraData":[]},"publishpress_future_workflow_manual_trigger":{"enabledWorkflows":[]},"_links":{"self":[{"href":"https:\/\/www.oaxaca.gob.mx\/sectur\/wp-json\/wp\/v2\/pages\/2447","targetHints":{"allow":["GET"]}}],"collection":[{"href":"https:\/\/www.oaxaca.gob.mx\/sectur\/wp-json\/wp\/v2\/pages"}],"about":[{"href":"https:\/\/www.oaxaca.gob.mx\/sectur\/wp-json\/wp\/v2\/types\/page"}],"author":[{"embeddable":true,"href":"https:\/\/www.oaxaca.gob.mx\/sectur\/wp-json\/wp\/v2\/users\/1"}],"replies":[{"embeddable":true,"href":"https:\/\/www.oaxaca.gob.mx\/sectur\/wp-json\/wp\/v2\/comments?post=2447"}],"version-history":[{"count":3,"href":"https:\/\/www.oaxaca.gob.mx\/sectur\/wp-json\/wp\/v2\/pages\/2447\/revisions"}],"predecessor-version":[{"id":7071,"href":"https:\/\/www.oaxaca.gob.mx\/sectur\/wp-json\/wp\/v2\/pages\/2447\/revisions\/7071"}],"wp:featuredmedia":[{"embeddable":true,"href":"https:\/\/www.oaxaca.gob.mx\/sectur\/wp-json\/wp\/v2\/media\/2891"}],"wp:attachment":[{"href":"https:\/\/www.oaxaca.gob.mx\/sectur\/wp-json\/wp\/v2\/media?parent=2447"}],"wp:term":[{"taxonomy":"category","embeddable":true,"href":"https:\/\/www.oaxaca.gob.mx\/sectur\/wp-json\/wp\/v2\/categories?post=2447"},{"taxonomy":"post_tag","embeddable":true,"href":"https:\/\/www.oaxaca.gob.mx\/sectur\/wp-json\/wp\/v2\/tags?post=2447"}],"curies":[{"name":"wp","href":"https:\/\/api.w.org\/{rel}","templated":true}]}}