{"id":23,"date":"2017-01-16T11:55:31","date_gmt":"2017-01-16T17:55:31","guid":{"rendered":"https:\/\/www.oaxaca.gob.mx\/sectur\/?page_id=23"},"modified":"2024-10-11T18:58:16","modified_gmt":"2024-10-12T00:58:16","slug":"estadisticas","status":"publish","type":"page","link":"https:\/\/www.oaxaca.gob.mx\/sectur\/informacion-de-interes\/estadisticas\/","title":{"rendered":"Informaci\u00f3n y Estad\u00edstica"},"content":{"rendered":"<p>En esta secci\u00f3n encontrar\u00e1s disponibles boletines con informaci\u00f3n mensual, los cuales contienen una serie de indicadores que demuestran el desempe\u00f1o de la actividad tur\u00edstica en el estado de Oaxaca, considerados herramientas esenciales para la jerarquizaci\u00f3n de prioridades y la planeaci\u00f3n de los distintos actores del sector tur\u00edstico.<\/p>\n<p>&nbsp;<\/p>\n\n<table id=\"tablepress-tbl_estadisticas\" class=\"tablepress tablepress-id-tbl_estadisticas\">\n<thead>\n<tr class=\"row-1\">\n\t<td class=\"column-1\"><\/td><td class=\"column-2\"><\/td>\n<\/tr>\n<\/thead>\n<tbody class=\"row-striping row-hover\">\n<tr class=\"row-2\">\n\t<td class=\"column-1\">Indicadores de la Actividad Tur\u00edstica 2026 Enero - Marzo<\/td><td class=\"column-2\"><a href=\"https:\/\/www.oaxaca.gob.mx\/sectur\/wp-content\/uploads\/sites\/65\/2026\/04\/1.-Indicadores-de-la-Actividad-Turistica-2026-Enero_marzo.pdf\" target=\"_blank\" rel=\"noopener noreferrer\"><i class=\"far fa-file-pdf fa-2x\"> <\/i><\/a><\/td>\n<\/tr>\n<tr class=\"row-3\">\n\t<td class=\"column-1\">Indicadores de la Actividad Tur\u00edstica 2025 Anual<\/td><td class=\"column-2\"><a href=\"https:\/\/www.oaxaca.gob.mx\/sectur\/wp-content\/uploads\/sites\/65\/2026\/04\/1.-Indicadores-de-la-Actividad-Turistica-2025.pdf.pdf\" target=\"_blank\" rel=\"noopener noreferrer\"><i class=\"far fa-file-pdf fa-2x\"> <\/i><\/a><\/td>\n<\/tr>\n<tr class=\"row-4\">\n\t<td class=\"column-1\">Perfil y grado de satisfacci\u00f3n del turista | Comparativo 2024 - 2025<\/td><td class=\"column-2\"><a href=\"https:\/\/www.oaxaca.gob.mx\/sectur\/wp-content\/uploads\/sites\/65\/2026\/02\/Anual_Ciudad-de-Oaxaca_PGST_2024-2025-perfil.pdf\" target=\"_blank\" rel=\"noopener noreferrer\"><i class=\"far fa-file-pdf fa-2x\"> <\/i><\/a><\/td>\n<\/tr>\n<tr class=\"row-5\">\n\t<td class=\"column-1\">Indicadores de la Actividad Tur\u00edstica Enero - Septiembre 2025<\/td><td class=\"column-2\"><a href=\"https:\/\/www.oaxaca.gob.mx\/sectur\/wp-content\/uploads\/sites\/65\/2025\/11\/1.-Indicadores-de-la-Actividad-Turistica-2025-Enero-sept.pdf\" target=\"_blank\" rel=\"noopener noreferrer\"><i class=\"far fa-file-pdf fa-2x\"> <\/i><\/a><\/td>\n<\/tr>\n<tr class=\"row-6\">\n\t<td class=\"column-1\">Indicadores de la Actividad Tur\u00edstica Enero - Agosto 2025-preliminar<\/td><td class=\"column-2\"><a href=\"https:\/\/www.oaxaca.gob.mx\/sectur\/wp-content\/uploads\/sites\/65\/2025\/09\/1.-Indicadores-de-la-Actividad-Turistica-2025-Enero-agosto-preliminar-v1.pdf\" target=\"_blank\" rel=\"noopener noreferrer\"><i class=\"far fa-file-pdf fa-2x\"> <\/i><\/a><\/td>\n<\/tr>\n<tr class=\"row-7\">\n\t<td class=\"column-1\">1. Indicadores de la Actividad Turistica 2025 Enero-julio<\/td><td class=\"column-2\"><a href=\"https:\/\/www.oaxaca.gob.mx\/sectur\/wp-content\/uploads\/sites\/65\/2025\/09\/1.-Indicadores-de-la-Actividad-Turistica-2025-Enero-agosto-preliminar-v1.pdf\" target=\"_blank\" rel=\"noopener noreferrer\"><i class=\"far fa-file-pdf fa-2x\"> <\/i><\/a><\/td>\n<\/tr>\n<tr class=\"row-8\">\n\t<td class=\"column-1\">Perfil y grado de satisfacci\u00f3n del turista, Ciudad de Oaxaca, enero - abril 2025<\/td><td class=\"column-2\"><a href=\"https:\/\/www.oaxaca.gob.mx\/sectur\/wp-content\/uploads\/sites\/65\/2025\/08\/Perfil-y-grado-de-satisfaccion-del-turista-cdOaxaca-1er-cuatrimestre2025.pdf\" target=\"_blank\" rel=\"noopener noreferrer\"><i class=\"far fa-file-pdf fa-2x\"> <\/i><\/a><\/td>\n<\/tr>\n<tr class=\"row-9\">\n\t<td class=\"column-1\">Indicadores de la Actividad Turistica 2025 Enero-junio preliminar<\/td><td class=\"column-2\"><a href=\"https:\/\/www.oaxaca.gob.mx\/sectur\/wp-content\/uploads\/sites\/65\/2025\/07\/1.-Indicadores-de-la-Actividad-Turistica-2025-Enero-junio-preliminar.pdf\" target=\"_blank\" rel=\"noopener noreferrer\"><i class=\"far fa-file-pdf fa-2x\"> <\/i><\/a><\/td>\n<\/tr>\n<tr class=\"row-10\">\n\t<td class=\"column-1\">Indicadores de la Actividad Turistica 2025 Enero-abril preliminar<\/td><td class=\"column-2\"><a href=\"https:\/\/www.oaxaca.gob.mx\/sectur\/wp-content\/uploads\/sites\/65\/2025\/05\/1.-Indicadores-de-la-Actividad-Turistica-2025-Enero-abril-preliminar.pdf\" target=\"_blank\" rel=\"noopener noreferrer\"><i class=\"far fa-file-pdf fa-2x\"> <\/i><\/a><\/td>\n<\/tr>\n<tr class=\"row-11\">\n\t<td class=\"column-1\">Indicadores de la Actividad Turistica 2025 Enero-marzo <\/td><td class=\"column-2\"><a href=\"https:\/\/www.oaxaca.gob.mx\/sectur\/wp-content\/uploads\/sites\/65\/2025\/04\/1.-Indicadores-de-la-Actividad-Turistica-2025-Enero-marzo-preliminar.pdf\" target=\"_blank\" rel=\"noopener noreferrer\"><i class=\"far fa-file-pdf fa-2x\"> <\/i><\/a><\/td>\n<\/tr>\n<tr class=\"row-12\">\n\t<td class=\"column-1\">Bolet\u00edn de Indicadores de la Actividad Tur\u00edstica anual 2024<\/td><td class=\"column-2\"><a href=\"https:\/\/www.oaxaca.gob.mx\/sectur\/wp-content\/uploads\/sites\/65\/2025\/04\/1.-Indicadores-de-la-Actividad-Turistica-2024-cierre-web.pdf\" target=\"_blank\" rel=\"noopener noreferrer\"><i class=\"far fa-file-pdf fa-2x\"> <\/i><\/a><br \/>\n<\/td>\n<\/tr>\n<tr class=\"row-13\">\n\t<td class=\"column-1\">Perfil y Grado de Satisfacci\u00f3n del Turista, Ciudad de Oaxaca 2024<\/td><td class=\"column-2\"><a href=\"https:\/\/www.oaxaca.gob.mx\/sectur\/wp-content\/uploads\/sites\/65\/2025\/02\/Resultados-Perfil-del-Turista-ciudad-de-Oaxaca-2024.pdf\" target=\"_blank\" rel=\"noopener noreferrer\"><i class=\"far fa-file-pdf fa-2x\"> <\/i><\/a><\/td>\n<\/tr>\n<tr class=\"row-14\">\n\t<td class=\"column-1\">Indicadores de la Actividad Turistica 2024<\/td><td class=\"column-2\"><a href=\"https:\/\/www.oaxaca.gob.mx\/sectur\/wp-content\/uploads\/sites\/65\/2025\/02\/1.-Indicadores-de-la-Actividad-Turistica-2024-cierre-ok.pdf\" target=\"_blank\" rel=\"noopener noreferrer\"><i class=\"far fa-file-pdf fa-2x\"> <\/i><\/a><\/td>\n<\/tr>\n<tr class=\"row-15\">\n\t<td class=\"column-1\">Indicadores de la Actividad Tur\u00edstica, Enero - Octubre 2024<\/td><td class=\"column-2\"><a href=\"https:\/\/www.oaxaca.gob.mx\/sectur\/wp-content\/uploads\/sites\/65\/2024\/11\/1.-Indicadores-de-la-Actividad-Turistica-2024-enero-octubre.pdf\" target=\"_blank\" rel=\"noopener noreferrer\"><i class=\"far fa-file-pdf fa-2x\"> <\/i><\/a><\/td>\n<\/tr>\n<tr class=\"row-16\">\n\t<td class=\"column-1\">Indicadores de la Actividad Tur\u00edstica, Enero - Agosto 2024<\/td><td class=\"column-2\"><a href=\"https:\/\/www.oaxaca.gob.mx\/sectur\/wp-content\/uploads\/sites\/65\/2024\/10\/1.-Indicadores-de-la-Actividad-Turistica-2024-enero-Agosto.pdf\" target=\"_blank\" rel=\"noopener noreferrer\"><i class=\"far fa-file-pdf fa-2x\"> <\/i><\/a><\/td>\n<\/tr>\n<tr class=\"row-17\">\n\t<td class=\"column-1\">Indicadores de la Actividad Tur\u00edstica, Enero - Mayo 2024<\/td><td class=\"column-2\"><a href=\"https:\/\/www.oaxaca.gob.mx\/sectur\/wp-content\/uploads\/sites\/65\/2024\/07\/1.-Indicadores-de-la-Actividad-Turistica-2024-enero-mayo.pdf\" target=\"_blank\" rel=\"noopener noreferrer\"><i class=\"far fa-file-pdf fa-2x\"> <\/i><\/a><\/td>\n<\/tr>\n<tr class=\"row-18\">\n\t<td class=\"column-1\">Indicadores de la actividad tur\u00edstica Enero - Diciembre 2023<\/td><td class=\"column-2\"><a href=\"https:\/\/www.oaxaca.gob.mx\/sectur\/wp-content\/uploads\/sites\/65\/2024\/01\/1.-Indicadores-de-la-Actividad-Turistica-2023.pdf\" target=\"_blank\" rel=\"noopener noreferrer\"><i class=\"far fa-file-pdf fa-2x\"> <\/i><\/a><\/td>\n<\/tr>\n<tr class=\"row-19\">\n\t<td class=\"column-1\">Indicadores de la actividad tur\u00edstica Enero - Septiembre 2023<\/td><td class=\"column-2\"><a href=\"https:\/\/www.oaxaca.gob.mx\/sectur\/wp-content\/uploads\/sites\/65\/2023\/11\/Indicadores-de-la-Actividad-Turistica-2023-enero-septiembre.pdf\" target=\"_blank\" rel=\"noopener noreferrer\"><i class=\"far fa-file-pdf fa-2x\"> <\/i><\/a><\/td>\n<\/tr>\n<tr class=\"row-20\">\n\t<td class=\"column-1\">Indicadores de la actividad tur\u00edstica 2022<\/td><td class=\"column-2\"><a href=\"https:\/\/www.oaxaca.gob.mx\/sectur\/wp-content\/uploads\/sites\/65\/2023\/05\/1.-Indicadores-de-la-Actividad-Turistica-2022-2.pdf\" target=\"_blank\" rel=\"noopener noreferrer\"><i class=\"far fa-file-pdf fa-2x\"> <\/i><\/a><\/td>\n<\/tr>\n<tr class=\"row-21\">\n\t<td class=\"column-1\">Indicadores de la actividad tur\u00edstica 2021<\/td><td class=\"column-2\"><a href=\"https:\/\/www.oaxaca.gob.mx\/sectur\/wp-content\/uploads\/sites\/65\/2022\/08\/Actividad-turistica-2021ok-cierre-1.pdf\" target=\"_blank\" rel=\"noopener noreferrer\"><i class=\"far fa-file-pdf fa-2x\"> <\/i><\/a><\/td>\n<\/tr>\n<tr class=\"row-22\">\n\t<td class=\"column-1\">Indicadores de la actividad tur\u00edstica Enero - Diciembre 2020<\/td><td class=\"column-2\"><a href=\"https:\/\/www.oaxaca.gob.mx\/sectur\/wp-content\/uploads\/sites\/65\/2021\/06\/Boletin-de-Indicadores-de-la-Actividad-Turistica-2020.pdf\" target=\"_blank\" rel=\"noopener noreferrer\"><i class=\"far fa-file-pdf fa-2x\"> <\/i><\/a><\/td>\n<\/tr>\n<tr class=\"row-23\">\n\t<td class=\"column-1\">Indicadores de la actividad tur\u00edstica Enero - Diciembre 2019<\/td><td class=\"column-2\"><a href=\"\/sectur\/wp-content\/uploads\/sites\/65\/2020\/01\/Informe-estadistico-2019-enero-diciembre.pdf\" target=\"_blank\" rel=\"noopener noreferrer\"><i class=\"far fa-file-pdf fa-2x\">\u00a0<\/i><\/a><\/td>\n<\/tr>\n<tr class=\"row-24\">\n\t<td class=\"column-1\">Indicadores de la actividad tur\u00edstica, 2018<\/td><td class=\"column-2\"><a href=\"https:\/\/www.oaxaca.gob.mx\/sectur\/wp-content\/uploads\/sites\/65\/2019\/05\/Actividad-turistica-2018-cierre-web.pdf\" target=\"_blank\" rel=\"noopener noreferrer\"><i class=\"far fa-file-pdf fa-2x\">\u00a0<\/i><\/a><\/td>\n<\/tr>\n<tr class=\"row-25\">\n\t<td class=\"column-1\"><\/td><td class=\"column-2\"><\/td>\n<\/tr>\n<tr class=\"row-26\">\n\t<td class=\"column-1\"><\/td><td class=\"column-2\"><\/td>\n<\/tr>\n<\/tbody>\n<\/table>\n<!-- #tablepress-tbl_estadisticas from cache -->\n<hr \/>\n<div class=\"row\">\n<div class=\"col-md-12 text-center\">\n<ul class=\"list-inline\">\n<li class=\"list-inline-item\"><a href=\"\/sectur\/wp-content\/uploads\/sites\/65\/2018\/03\/01.indicadores-turismo-2017-Cierre-definitivo.pdf\" target=\"_blank\" rel=\"noopener noreferrer\"><br \/>\n<img decoding=\"async\" class=\"\" src=\"\/sectur\/wp-content\/uploads\/sites\/65\/2018\/03\/icono-indicadores-turisticos-2017.png\" alt=\"\" width=\"auto\" height=\"auto\" \/><br \/>\n<\/a><\/li>\n<li class=\"list-inline-item\"><a href=\"\/sectur\/wp-content\/uploads\/sites\/65\/2017\/01\/indicadores-turismo-2016-Cierre.pdf\" target=\"_blank\" rel=\"noopener noreferrer\"><br \/>\n<img decoding=\"async\" class=\"\" src=\"\/sectur\/wp-content\/uploads\/sites\/65\/2017\/01\/icono-indicadores-turisticos-02.png\" alt=\"\" width=\"auto\" height=\"auto\" \/><br \/>\n<\/a><\/li>\n<li class=\"list-inline-item\"><a href=\"\/sectur\/wp-content\/uploads\/sites\/65\/2017\/09\/estadisticas-de-capacitacion.pdf\" target=\"_blank\" rel=\"noopener noreferrer\"><br \/>\n<img decoding=\"async\" class=\"\" src=\"\/sectur\/wp-content\/uploads\/sites\/65\/2017\/09\/icono-almanaque-01.png\" alt=\"\" width=\"auto\" height=\"auto\" \/><br \/>\n<\/a><\/li>\n<\/ul>\n<\/div>\n<\/div>\n<hr \/>\n<div class=\"row justify-content-center\">\n<div class=\"col-lg-6 col-md-12 col-sm-12\">\n<h3><a href=\"https:\/\/www.oaxaca.gob.mx\/sectur\/wp-content\/uploads\/sites\/65\/2024\/10\/INDICADORES_ESTATEGICOS_SECTUR_241011_181242.pdf\" target=\"_blank\" rel=\"noopener\">Reporte de los Indicadores Estrat\u00e9gicos\u00a0 <img loading=\"lazy\" decoding=\"async\" class=\"wp-image-7624 alignleft\" src=\"https:\/\/www.oaxaca.gob.mx\/sectur\/wp-content\/uploads\/sites\/65\/2024\/10\/pdf-icon.png\" alt=\"\" width=\"58\" height=\"60\" srcset=\"https:\/\/www.oaxaca.gob.mx\/sectur\/wp-content\/uploads\/sites\/65\/2024\/10\/pdf-icon.png 840w, https:\/\/www.oaxaca.gob.mx\/sectur\/wp-content\/uploads\/sites\/65\/2024\/10\/pdf-icon-293x300.png 293w, https:\/\/www.oaxaca.gob.mx\/sectur\/wp-content\/uploads\/sites\/65\/2024\/10\/pdf-icon-768x785.png 768w\" sizes=\"auto, (max-width: 58px) 100vw, 58px\" \/><\/a><\/h3>\n<p>&nbsp;<\/p>\n<div class=\"text-center\"><a href=\"\/sectur\/wp-content\/uploads\/sites\/65\/2017\/09\/estadisticas-de-capacitacion.pdf\" target=\"_blank\" rel=\"noopener noreferrer\"><img decoding=\"async\" class=\"aligncenter wp-image-1479 size-full\" src=\"\/sectur\/wp-content\/uploads\/sites\/65\/2017\/01\/icono-capacitacion-03.png\" alt=\"\" width=\"auto\" height=\"auto\" srcset=\"https:\/\/www.oaxaca.gob.mx\/sectur\/wp-content\/uploads\/sites\/65\/2017\/01\/icono-capacitacion-03.png 313w, https:\/\/www.oaxaca.gob.mx\/sectur\/wp-content\/uploads\/sites\/65\/2017\/01\/icono-capacitacion-03-150x150.png 150w, https:\/\/www.oaxaca.gob.mx\/sectur\/wp-content\/uploads\/sites\/65\/2017\/01\/icono-capacitacion-03-300x300.png 300w\" sizes=\"(max-width: 313px) 100vw, 313px\" \/><\/a><\/div>\n<\/div>\n<\/div>\n","protected":false},"excerpt":{"rendered":"<p>En esta secci\u00f3n encontrar\u00e1s disponibles boletines con informaci\u00f3n mensual, los cuales contienen una serie de indicadores que demuestran el desempe\u00f1o de la actividad tur\u00edstica en el estado de Oaxaca, considerados herramientas esenciales para la jerarquizaci\u00f3n de prioridades y la planeaci\u00f3n de los distintos actores del sector tur\u00edstico. &nbsp; Reporte de los Indicadores Estrat\u00e9gicos\u00a0 &nbsp;<\/p>\n","protected":false},"author":1,"featured_media":2883,"parent":31,"menu_order":0,"comment_status":"closed","ping_status":"closed","template":"","meta":{"episode_type":"","audio_file":"","podmotor_file_id":"","podmotor_episode_id":"","cover_image":"","cover_image_id":"","duration":"","filesize":"","filesize_raw":"","date_recorded":"","explicit":"","block":"","itunes_episode_number":"","itunes_title":"","itunes_season_number":"","itunes_episode_type":"","footnotes":""},"categories":[],"tags":[],"class_list":["post-23","page","type-page","status-publish","has-post-thumbnail","hentry"],"acf":[],"publishpress_future_action":{"enabled":false,"date":"2026-05-16 00:26:30","action":"change-status","newStatus":"draft","terms":[],"taxonomy":"category","extraData":[]},"publishpress_future_workflow_manual_trigger":{"enabledWorkflows":[]},"_links":{"self":[{"href":"https:\/\/www.oaxaca.gob.mx\/sectur\/wp-json\/wp\/v2\/pages\/23","targetHints":{"allow":["GET"]}}],"collection":[{"href":"https:\/\/www.oaxaca.gob.mx\/sectur\/wp-json\/wp\/v2\/pages"}],"about":[{"href":"https:\/\/www.oaxaca.gob.mx\/sectur\/wp-json\/wp\/v2\/types\/page"}],"author":[{"embeddable":true,"href":"https:\/\/www.oaxaca.gob.mx\/sectur\/wp-json\/wp\/v2\/users\/1"}],"replies":[{"embeddable":true,"href":"https:\/\/www.oaxaca.gob.mx\/sectur\/wp-json\/wp\/v2\/comments?post=23"}],"version-history":[{"count":2,"href":"https:\/\/www.oaxaca.gob.mx\/sectur\/wp-json\/wp\/v2\/pages\/23\/revisions"}],"predecessor-version":[{"id":7625,"href":"https:\/\/www.oaxaca.gob.mx\/sectur\/wp-json\/wp\/v2\/pages\/23\/revisions\/7625"}],"up":[{"embeddable":true,"href":"https:\/\/www.oaxaca.gob.mx\/sectur\/wp-json\/wp\/v2\/pages\/31"}],"wp:featuredmedia":[{"embeddable":true,"href":"https:\/\/www.oaxaca.gob.mx\/sectur\/wp-json\/wp\/v2\/media\/2883"}],"wp:attachment":[{"href":"https:\/\/www.oaxaca.gob.mx\/sectur\/wp-json\/wp\/v2\/media?parent=23"}],"wp:term":[{"taxonomy":"category","embeddable":true,"href":"https:\/\/www.oaxaca.gob.mx\/sectur\/wp-json\/wp\/v2\/categories?post=23"},{"taxonomy":"post_tag","embeddable":true,"href":"https:\/\/www.oaxaca.gob.mx\/sectur\/wp-json\/wp\/v2\/tags?post=23"}],"curies":[{"name":"wp","href":"https:\/\/api.w.org\/{rel}","templated":true}]}}