{"id":19,"date":"2017-01-16T11:54:54","date_gmt":"2017-01-16T17:54:54","guid":{"rendered":"https:\/\/www.oaxaca.gob.mx\/sectur\/?page_id=19"},"modified":"2024-11-29T13:49:06","modified_gmt":"2024-11-29T19:49:06","slug":"mision-y-vision","status":"publish","type":"page","link":"https:\/\/www.oaxaca.gob.mx\/sectur\/mision-y-vision\/","title":{"rendered":"Misi\u00f3n, visi\u00f3n y objetivos"},"content":{"rendered":"<p><strong>MISI\u00d3N<\/strong><\/p>\n<p>Fomentar e impulsar el desarrollo tur\u00edstico del estado, promoviendo y ejecutando acciones que permitan el fortalecimiento, integraci\u00f3n y crecimiento del sector productivo en beneficio de la poblaci\u00f3n oaxaque\u00f1a.<\/p>\n<p>&nbsp;<\/p>\n<p><strong>VISI\u00d3N<\/strong><\/p>\n<p>Que Oaxaca sea reconocido como uno de los principales destinos tur\u00edsticos en el \u00e1mbito nacional e internacional por la diversidad de productos tur\u00edsticos que ofrece en sus ocho regiones, y un centro de desarrollo confiable para las inversiones que se realizan de manera que genere derrama econ\u00f3mica para todos sus habitantes.<\/p>\n<p>&nbsp;<\/p>\n<p><strong>OBJETIVO GENERAL DE LA UNIDAD RESPONSABLE.<\/strong><\/p>\n<p>Incrementar la afluencia tur\u00edstica y derrama econ\u00f3mica mediante una promoci\u00f3n asertiva en beneficio de las 8 regiones del estado considerando las 16 etnias que conforman el estado, ampliando la oferta de productos tur\u00edsticos, la infraestructura tur\u00edstica y elevando la conectividad; asi como aumentar la competitividad del sector econ\u00f3mico del estado a trav\u00e9s de financiamiento, acceso a mercados y la profesionalizaci\u00f3n.<\/p>\n<p>&nbsp;<\/p>\n<p><strong>OBJETIVO ESTRAT\u00c9GICO.<\/strong><\/p>\n<p>Contribuir a impulsar el desarrollo tur\u00edstico, fortaleciendo, incrementando y diversificando la oferta tur\u00edstica, profesionalizando los servicios para alcanzar excelencia y competitividad a efecto de que sean consistentes y duradera, mediante sistemas eficientes y actualizados para las 8 regiones del estado que tienen vocaci\u00f3n tur\u00edstica.<\/p>\n","protected":false},"excerpt":{"rendered":"<p>MISI\u00d3N Fomentar e impulsar el desarrollo tur\u00edstico del estado, promoviendo y ejecutando acciones que permitan el fortalecimiento, integraci\u00f3n y crecimiento del sector productivo en beneficio de la poblaci\u00f3n oaxaque\u00f1a. &nbsp; VISI\u00d3N Que Oaxaca sea reconocido como uno de los principales destinos tur\u00edsticos en el \u00e1mbito nacional e internacional por la diversidad de productos tur\u00edsticos que [&hellip;]<\/p>\n","protected":false},"author":1,"featured_media":2758,"parent":0,"menu_order":0,"comment_status":"closed","ping_status":"closed","template":"","meta":{"episode_type":"","audio_file":"","podmotor_file_id":"","podmotor_episode_id":"","cover_image":"","cover_image_id":"","duration":"","filesize":"","filesize_raw":"","date_recorded":"","explicit":"","block":"","itunes_episode_number":"","itunes_title":"","itunes_season_number":"","itunes_episode_type":"","footnotes":""},"categories":[],"tags":[],"class_list":["post-19","page","type-page","status-publish","has-post-thumbnail","hentry"],"acf":[],"publishpress_future_action":{"enabled":false,"date":"2026-05-11 06:06:47","action":"change-status","newStatus":"draft","terms":[],"taxonomy":"category","extraData":[]},"publishpress_future_workflow_manual_trigger":{"enabledWorkflows":[]},"_links":{"self":[{"href":"https:\/\/www.oaxaca.gob.mx\/sectur\/wp-json\/wp\/v2\/pages\/19","targetHints":{"allow":["GET"]}}],"collection":[{"href":"https:\/\/www.oaxaca.gob.mx\/sectur\/wp-json\/wp\/v2\/pages"}],"about":[{"href":"https:\/\/www.oaxaca.gob.mx\/sectur\/wp-json\/wp\/v2\/types\/page"}],"author":[{"embeddable":true,"href":"https:\/\/www.oaxaca.gob.mx\/sectur\/wp-json\/wp\/v2\/users\/1"}],"replies":[{"embeddable":true,"href":"https:\/\/www.oaxaca.gob.mx\/sectur\/wp-json\/wp\/v2\/comments?post=19"}],"version-history":[{"count":2,"href":"https:\/\/www.oaxaca.gob.mx\/sectur\/wp-json\/wp\/v2\/pages\/19\/revisions"}],"predecessor-version":[{"id":8105,"href":"https:\/\/www.oaxaca.gob.mx\/sectur\/wp-json\/wp\/v2\/pages\/19\/revisions\/8105"}],"wp:featuredmedia":[{"embeddable":true,"href":"https:\/\/www.oaxaca.gob.mx\/sectur\/wp-json\/wp\/v2\/media\/2758"}],"wp:attachment":[{"href":"https:\/\/www.oaxaca.gob.mx\/sectur\/wp-json\/wp\/v2\/media?parent=19"}],"wp:term":[{"taxonomy":"category","embeddable":true,"href":"https:\/\/www.oaxaca.gob.mx\/sectur\/wp-json\/wp\/v2\/categories?post=19"},{"taxonomy":"post_tag","embeddable":true,"href":"https:\/\/www.oaxaca.gob.mx\/sectur\/wp-json\/wp\/v2\/tags?post=19"}],"curies":[{"name":"wp","href":"https:\/\/api.w.org\/{rel}","templated":true}]}}