{"id":1613,"date":"2017-10-24T10:58:53","date_gmt":"2017-10-24T16:58:53","guid":{"rendered":"https:\/\/www.oaxaca.gob.mx\/sectur\/?page_id=1613"},"modified":"2023-03-01T17:41:09","modified_gmt":"2023-03-01T23:41:09","slug":"acreditacion-de-guias-de-turistas","status":"publish","type":"page","link":"https:\/\/www.oaxaca.gob.mx\/sectur\/capacitacion\/acreditacion-de-guias-de-turistas\/","title":{"rendered":"Acreditaci\u00f3n de gu\u00edas de turistas"},"content":{"rendered":"<p>Los Gu\u00edas de Turistas ofrecen el servicio de orientaci\u00f3n e informaci\u00f3n profesional y especializada en los Atractivos Tur\u00edsticos y el Patrimonio Cultural y Natural de M\u00e9xico en las diferentes Entidades Federativas.<\/p>\n<p>Contesta nuestra encuesta de satisfacci\u00f3n.<\/p>\n<p>&nbsp;<\/p>\n<p>La Secretaria de Turismo del Gobierno de la Rep\u00fablica, a trav\u00e9s de la Secretar\u00eda de Turismo del Gobierno del Estado de Oaxaca; acredita a los Gu\u00edas de Turistas de acuerdo a las Normas Mexicanas Oficiales NOM-08-TUR-2002 y NOM-09-TUR-2002.<\/p>\n<p>Los Gu\u00edas de Turistas se clasifican de acuerdo a su especialidad, de la siguiente manera:<\/p>\n<ol>\n<li>Gu\u00eda de Turistas General<\/li>\n<li>Gu\u00eda de Turistas Especializado en Temas o Localidades espec\u00edficos de Car\u00e1cter Cultural<\/li>\n<li>Gu\u00eda de Turistas Especializado en Actividades Espec\u00edficas<\/li>\n<\/ol>\n<p>&nbsp;<\/p>\n<p>Para realizar el tr\u00e1mite de acreditaci\u00f3n de gu\u00edas de turistas, se debe acudir al Departamento de Certificaci\u00f3n y Competitividad Tur\u00edstica a cargo del C. Humberto Altamirano Cruz, de lunes a viernes en el horario de 09:00 a 15:00 horas, tel\u00e9fono 9515021200 ext.1205.<\/p>\n<p><strong>\u00a0<\/strong><\/p>\n","protected":false},"excerpt":{"rendered":"<p>Los Gu\u00edas de Turistas ofrecen el servicio de orientaci\u00f3n e informaci\u00f3n profesional y especializada en los Atractivos Tur\u00edsticos y el Patrimonio Cultural y Natural de M\u00e9xico en las diferentes Entidades Federativas. Contesta nuestra encuesta de satisfacci\u00f3n. &nbsp; La Secretaria de Turismo del Gobierno de la Rep\u00fablica, a trav\u00e9s de la Secretar\u00eda de Turismo del Gobierno [&hellip;]<\/p>\n","protected":false},"author":1,"featured_media":2875,"parent":43,"menu_order":0,"comment_status":"closed","ping_status":"closed","template":"","meta":{"episode_type":"","audio_file":"","podmotor_file_id":"","podmotor_episode_id":"","cover_image":"","cover_image_id":"","duration":"","filesize":"","filesize_raw":"","date_recorded":"","explicit":"","block":"","itunes_episode_number":"","itunes_title":"","itunes_season_number":"","itunes_episode_type":"","footnotes":""},"categories":[],"tags":[],"class_list":["post-1613","page","type-page","status-publish","has-post-thumbnail","hentry"],"acf":[],"publishpress_future_action":{"enabled":false,"date":"2026-05-16 00:26:37","action":"change-status","newStatus":"draft","terms":[],"taxonomy":"category","extraData":[]},"publishpress_future_workflow_manual_trigger":{"enabledWorkflows":[]},"_links":{"self":[{"href":"https:\/\/www.oaxaca.gob.mx\/sectur\/wp-json\/wp\/v2\/pages\/1613","targetHints":{"allow":["GET"]}}],"collection":[{"href":"https:\/\/www.oaxaca.gob.mx\/sectur\/wp-json\/wp\/v2\/pages"}],"about":[{"href":"https:\/\/www.oaxaca.gob.mx\/sectur\/wp-json\/wp\/v2\/types\/page"}],"author":[{"embeddable":true,"href":"https:\/\/www.oaxaca.gob.mx\/sectur\/wp-json\/wp\/v2\/users\/1"}],"replies":[{"embeddable":true,"href":"https:\/\/www.oaxaca.gob.mx\/sectur\/wp-json\/wp\/v2\/comments?post=1613"}],"version-history":[{"count":2,"href":"https:\/\/www.oaxaca.gob.mx\/sectur\/wp-json\/wp\/v2\/pages\/1613\/revisions"}],"predecessor-version":[{"id":6733,"href":"https:\/\/www.oaxaca.gob.mx\/sectur\/wp-json\/wp\/v2\/pages\/1613\/revisions\/6733"}],"up":[{"embeddable":true,"href":"https:\/\/www.oaxaca.gob.mx\/sectur\/wp-json\/wp\/v2\/pages\/43"}],"wp:featuredmedia":[{"embeddable":true,"href":"https:\/\/www.oaxaca.gob.mx\/sectur\/wp-json\/wp\/v2\/media\/2875"}],"wp:attachment":[{"href":"https:\/\/www.oaxaca.gob.mx\/sectur\/wp-json\/wp\/v2\/media?parent=1613"}],"wp:term":[{"taxonomy":"category","embeddable":true,"href":"https:\/\/www.oaxaca.gob.mx\/sectur\/wp-json\/wp\/v2\/categories?post=1613"},{"taxonomy":"post_tag","embeddable":true,"href":"https:\/\/www.oaxaca.gob.mx\/sectur\/wp-json\/wp\/v2\/tags?post=1613"}],"curies":[{"name":"wp","href":"https:\/\/api.w.org\/{rel}","templated":true}]}}