{"id":1605,"date":"2017-10-24T09:10:53","date_gmt":"2017-10-24T15:10:53","guid":{"rendered":"https:\/\/www.oaxaca.gob.mx\/sectur\/?page_id=1605"},"modified":"2023-03-01T17:44:18","modified_gmt":"2023-03-01T23:44:18","slug":"punto-limpio","status":"publish","type":"page","link":"https:\/\/www.oaxaca.gob.mx\/sectur\/capacitacion\/punto-limpio\/","title":{"rendered":"Punto Limpio"},"content":{"rendered":"<p>El Programa de Buenas Pr\u00e1cticas para la Calidad Higi\u00e9nica tiene como objetivo apoyar a los Micro, Peque\u00f1os y Medianos empresarios tur\u00edsticos para conducir sus negocios hacia la incorporaci\u00f3n de buenas pr\u00e1cticas de higiene en los modelos de gesti\u00f3n de las MIPYMES Tur\u00edsticas, con la finalidad de proteger la salud de sus clientes, de sus trabajadores, de las comunidades receptoras, as\u00ed como promover la cultura de la <em>Calidad Higi\u00e9nica<\/em> en las MIPYMES Tur\u00edsticas.<\/p>\n<p>&nbsp;<\/p>\n<p>El Sello de Calidad \u201cPunto Limpio\u201d, es un reconocimiento que otorga la Secretar\u00eda de Turismo, a las Micro, Peque\u00f1as y Medianas Empresas del Sector Tur\u00edstico (restaurantes, hoteles, cafeter\u00edas, agencias de viajes, arrendadoras de autos, operadoras de buceo, centros de ocio y entretenimiento, entre otros.), por haber implementado la metodolog\u00eda desarrollada por SECTUR \u00a0y aplicada por consultores especializados, registrados ante la Secretaria a efecto de obtener el Sello de Calidad. Que eval\u00faa los puntos de: Formaci\u00f3n de Gestores, Calidad Higi\u00e9nica, Buenas Pr\u00e1cticas por Unidad de Negocio, Aseguramiento de Calidad, Asesor\u00eda y Validaci\u00f3n.<\/p>\n<p>&nbsp;<\/p>\n<p>Para mayor informaci\u00f3n contactar al C. Humberto Altamirano Cruz, Jefe del Departamento de Certificaci\u00f3n y Competitividad Tur\u00edstica, de lunes a viernes en el horario de 09:00 a 15:00 horas, tel\u00e9fono 9515021200 ext.1205.<\/p>\n","protected":false},"excerpt":{"rendered":"<p>El Programa de Buenas Pr\u00e1cticas para la Calidad Higi\u00e9nica tiene como objetivo apoyar a los Micro, Peque\u00f1os y Medianos empresarios tur\u00edsticos para conducir sus negocios hacia la incorporaci\u00f3n de buenas pr\u00e1cticas de higiene en los modelos de gesti\u00f3n de las MIPYMES Tur\u00edsticas, con la finalidad de proteger la salud de sus clientes, de sus trabajadores, [&hellip;]<\/p>\n","protected":false},"author":1,"featured_media":2756,"parent":43,"menu_order":4,"comment_status":"closed","ping_status":"closed","template":"","meta":{"episode_type":"","audio_file":"","podmotor_file_id":"","podmotor_episode_id":"","cover_image":"","cover_image_id":"","duration":"","filesize":"","filesize_raw":"","date_recorded":"","explicit":"","block":"","itunes_episode_number":"","itunes_title":"","itunes_season_number":"","itunes_episode_type":"","footnotes":""},"categories":[],"tags":[],"class_list":["post-1605","page","type-page","status-publish","has-post-thumbnail","hentry"],"acf":[],"publishpress_future_action":{"enabled":false,"date":"2026-05-24 06:24:14","action":"change-status","newStatus":"draft","terms":[],"taxonomy":"category","extraData":[]},"publishpress_future_workflow_manual_trigger":{"enabledWorkflows":[]},"_links":{"self":[{"href":"https:\/\/www.oaxaca.gob.mx\/sectur\/wp-json\/wp\/v2\/pages\/1605","targetHints":{"allow":["GET"]}}],"collection":[{"href":"https:\/\/www.oaxaca.gob.mx\/sectur\/wp-json\/wp\/v2\/pages"}],"about":[{"href":"https:\/\/www.oaxaca.gob.mx\/sectur\/wp-json\/wp\/v2\/types\/page"}],"author":[{"embeddable":true,"href":"https:\/\/www.oaxaca.gob.mx\/sectur\/wp-json\/wp\/v2\/users\/1"}],"replies":[{"embeddable":true,"href":"https:\/\/www.oaxaca.gob.mx\/sectur\/wp-json\/wp\/v2\/comments?post=1605"}],"version-history":[{"count":2,"href":"https:\/\/www.oaxaca.gob.mx\/sectur\/wp-json\/wp\/v2\/pages\/1605\/revisions"}],"predecessor-version":[{"id":6735,"href":"https:\/\/www.oaxaca.gob.mx\/sectur\/wp-json\/wp\/v2\/pages\/1605\/revisions\/6735"}],"up":[{"embeddable":true,"href":"https:\/\/www.oaxaca.gob.mx\/sectur\/wp-json\/wp\/v2\/pages\/43"}],"wp:featuredmedia":[{"embeddable":true,"href":"https:\/\/www.oaxaca.gob.mx\/sectur\/wp-json\/wp\/v2\/media\/2756"}],"wp:attachment":[{"href":"https:\/\/www.oaxaca.gob.mx\/sectur\/wp-json\/wp\/v2\/media?parent=1605"}],"wp:term":[{"taxonomy":"category","embeddable":true,"href":"https:\/\/www.oaxaca.gob.mx\/sectur\/wp-json\/wp\/v2\/categories?post=1605"},{"taxonomy":"post_tag","embeddable":true,"href":"https:\/\/www.oaxaca.gob.mx\/sectur\/wp-json\/wp\/v2\/tags?post=1605"}],"curies":[{"name":"wp","href":"https:\/\/api.w.org\/{rel}","templated":true}]}}