{"id":1165,"date":"2017-07-04T18:41:04","date_gmt":"2017-07-05T00:41:04","guid":{"rendered":"https:\/\/www.oaxaca.gob.mx\/sectur\/?page_id=1165"},"modified":"2023-03-01T17:31:09","modified_gmt":"2023-03-01T23:31:09","slug":"normas-aplicables","status":"publish","type":"page","link":"https:\/\/www.oaxaca.gob.mx\/sectur\/normas-aplicables\/","title":{"rendered":"Normalizaci\u00f3n Tur\u00edstica"},"content":{"rendered":"<p>Las Normas Oficiales Mexicanas (NOM\u00b4s) son regulaciones t\u00e9cnicas obligatorias que establecen especificaciones y procedimientos para garantizar que los productos, procesos y servicios cumplan con requisitos m\u00ednimos de informaci\u00f3n, seguridad, calidad, entre otros aspectos. Las NMX, por su parte son instrumentos t\u00e9cnicos de car\u00e1cter voluntario, que establecen especificaciones de calidad.<\/p>\n<p>&nbsp;<\/p>\n<p>La funci\u00f3n de la normalizaci\u00f3n recae en las Dependencias de la Administraci\u00f3n P\u00fablica Federal, entre las que encontramos a la SECTUR, que a trav\u00e9s del\u00a0<strong><em>Comit\u00e9 Consultivo Nacional de Normalizaci\u00f3n Tur\u00edstica<\/em><\/strong><em>\u00a0<\/em>(CCNNT), sus Subcomit\u00e9s y Grupos de Trabajo, revisa, modifica, expide y cancela las Normas Oficiales Mexicanas Tur\u00edsticas.<\/p>\n<p>&nbsp;<\/p>\n<p>Actualmente contamos con las siguientes NOM tur\u00edsticas vigentes:<\/p>\n\n<table id=\"tablepress-tbl_normas_aplicables\" class=\"tablepress tablepress-id-tbl_normas_aplicables\">\n<thead>\n<tr class=\"row-1\">\n\t<th class=\"column-1\">        Norma Oficial Mexicana<br \/>\n      <\/th><th class=\"column-2\">        Concepto<br \/>\n      <\/th><th class=\"column-3\">        Dirigido a<br \/>\n      <\/th><th class=\"column-4\">        Descargar<br \/>\n      <\/th>\n<\/tr>\n<\/thead>\n<tbody class=\"row-striping row-hover\">\n<tr class=\"row-2\">\n\t<td class=\"column-1\">        NOM-06-TUR-2009<br \/>\n      <\/td><td class=\"column-2\">        Requisitos de informaci\u00f3n, higiene y seguridad para prestadores de servicios tur\u00edsticos de campamentos.<br \/>\n      <\/td><td class=\"column-3\">        Prestadores de servicios tur\u00edsticos de campamentos<br \/>\n      <\/td><td class=\"column-4\">        <a href=\"http:\/\/www.gob.mx\/cms\/uploads\/attachment\/file\/12888\/NOM-06-TUR-2009.pdf\" target=\"_blank\"><i class=\"far fa-file-pdf fa-2x\">\u00a0<\/i><\/a><br \/>\n      <\/td>\n<\/tr>\n<tr class=\"row-3\">\n\t<td class=\"column-1\">        NOM-07-TUR-2002<br \/>\n      <\/td><td class=\"column-2\">        Elementos normativos del seguro de responsabilidad civil que deben contratar los prestadores de servicios tur\u00edsticos de hospedaje para la protecci\u00f3n y seguridad de los turistas y usuarios.<br \/>\n      <\/td><td class=\"column-3\">        Prestadores de servicios tur\u00edsticos de hospedaje<br \/>\n      <\/td><td class=\"column-4\">        <a href=\"http:\/\/www.gob.mx\/cms\/uploads\/attachment\/file\/12889\/NOM-07-TUR-2002.pdf\" target=\"_blank\"><i class=\"far fa-file-pdf fa-2x\">\u00a0<\/i><\/a><br \/>\n      <\/td>\n<\/tr>\n<tr class=\"row-4\">\n\t<td class=\"column-1\">        NOM-08-TUR-2002<br \/>\n      <\/td><td class=\"column-2\">        Elementos a los que deben de sujetarse los gu\u00edas generales y especializados en temas o localidades espec\u00edficas de car\u00e1cter cultural.<br \/>\n      <\/td><td class=\"column-3\">        Gu\u00edas de Turistas Generales y especializados<br \/>\n      <\/td><td class=\"column-4\">        <a href=\"http:\/\/www.gob.mx\/cms\/uploads\/attachment\/file\/12891\/NOM-08-TUR-2002.pdf\" target=\"_blank\"><i class=\"far fa-file-pdf fa-2x\">\u00a0<\/i><\/a><br \/>\n      <\/td>\n<\/tr>\n<tr class=\"row-5\">\n\t<td class=\"column-1\">        NOM-09-TUR-2002<br \/>\n      <\/td><td class=\"column-2\">        Elementos a los que deben de sujetarse los gu\u00edas especializados en actividades espec\u00edficas.<br \/>\n      <\/td><td class=\"column-3\">        Gu\u00edas de Turistas especializados en actividades espec\u00edficas<br \/>\n      <\/td><td class=\"column-4\">        <a href=\"http:\/\/www.gob.mx\/cms\/uploads\/attachment\/file\/12893\/NOM-09-TUR-2002.pdf\" target=\"_blank\"><i class=\"far fa-file-pdf fa-2x\">\u00a0<\/i><\/a><br \/>\n      <\/td>\n<\/tr>\n<tr class=\"row-6\">\n\t<td class=\"column-1\">        NOM-010-TUR-2011<br \/>\n      <\/td><td class=\"column-2\">        Requisitos que deben contener los contratos que celebran los prestadores de servicios tur\u00edsticos con los usuarios-turistas.<br \/>\n      <\/td><td class=\"column-3\">        Todos los prestadores de servicios tur\u00edsticos<br \/>\n      <\/td><td class=\"column-4\">        <a href=\"http:\/\/www.gob.mx\/cms\/uploads\/attachment\/file\/12894\/NOM-010-TUR-2001.pdf\" target=\"_blank\"><i class=\"far fa-file-pdf fa-2x\">\u00a0<\/i><\/a><br \/>\n      <\/td>\n<\/tr>\n<tr class=\"row-7\">\n\t<td class=\"column-1\">        NOM-011-TUR-2001<br \/>\n      <\/td><td class=\"column-2\">        Requisitos de seguridad, informaci\u00f3n y operaci\u00f3n que deben de cumplir los prestadores de servicios tur\u00edsticos de Turismo de Aventura<br \/>\n      <\/td><td class=\"column-3\">        Prestadores de servicios de turismo de aventura<br \/>\n      <\/td><td class=\"column-4\">        <a href=\"http:\/\/www.gob.mx\/cms\/uploads\/attachment\/file\/12895\/NOM-011-TUR-2001.pdf\" target=\"_blank\"><i class=\"far fa-file-pdf fa-2x\">\u00a0<\/i><\/a><br \/>\n      <\/td>\n<\/tr>\n<tr class=\"row-8\">\n\t<td class=\"column-1\">        NOM-012-TUR-2016<br \/>\n      <\/td><td class=\"column-2\">        Requisitos\u00a0 m\u00ednimos de seguridad a que deben sujetarse las operadoras de buceo para garantizar la prestaci\u00f3n del servicio.<br \/>\n      <\/td><td class=\"column-3\">        Operadoras de\u00a0 actividades de buceo<br \/>\n      <\/td><td class=\"column-4\">        <a href=\"http:\/\/www.gob.mx\/cms\/uploads\/attachment\/file\/182040\/NOM-012-TUR-2016.pdf\" target=\"_blank\"><i class=\"far fa-file-pdf fa-2x\">\u00a0<\/i><\/a><br \/>\n      <\/td>\n<\/tr>\n<\/tbody>\n<\/table>\n<!-- #tablepress-tbl_normas_aplicables from cache -->\n<p>Para mayor informaci\u00f3n contactar al C. Humberto Altamirano Cruz, Jefe del Departamento de Certificaci\u00f3n y Competitividad Tur\u00edstica, de lunes a viernes en el horario de 09:00 a 15:00 horas, al tel\u00e9fono 9515021200 ext. 1205<\/p>\n","protected":false},"excerpt":{"rendered":"<p>Las Normas Oficiales Mexicanas (NOM\u00b4s) son regulaciones t\u00e9cnicas obligatorias que establecen especificaciones y procedimientos para garantizar que los productos, procesos y servicios cumplan con requisitos m\u00ednimos de informaci\u00f3n, seguridad, calidad, entre otros aspectos. Las NMX, por su parte son instrumentos t\u00e9cnicos de car\u00e1cter voluntario, que establecen especificaciones de calidad. &nbsp; La funci\u00f3n de la normalizaci\u00f3n [&hellip;]<\/p>\n","protected":false},"author":1,"featured_media":2753,"parent":0,"menu_order":0,"comment_status":"closed","ping_status":"closed","template":"","meta":{"episode_type":"","audio_file":"","podmotor_file_id":"","podmotor_episode_id":"","cover_image":"","cover_image_id":"","duration":"","filesize":"","filesize_raw":"","date_recorded":"","explicit":"","block":"","itunes_episode_number":"","itunes_title":"","itunes_season_number":"","itunes_episode_type":"","footnotes":""},"categories":[],"tags":[],"class_list":["post-1165","page","type-page","status-publish","has-post-thumbnail","hentry"],"acf":[],"publishpress_future_action":{"enabled":false,"date":"2026-05-04 14:39:18","action":"change-status","newStatus":"draft","terms":[],"taxonomy":"category","extraData":[]},"publishpress_future_workflow_manual_trigger":{"enabledWorkflows":[]},"_links":{"self":[{"href":"https:\/\/www.oaxaca.gob.mx\/sectur\/wp-json\/wp\/v2\/pages\/1165","targetHints":{"allow":["GET"]}}],"collection":[{"href":"https:\/\/www.oaxaca.gob.mx\/sectur\/wp-json\/wp\/v2\/pages"}],"about":[{"href":"https:\/\/www.oaxaca.gob.mx\/sectur\/wp-json\/wp\/v2\/types\/page"}],"author":[{"embeddable":true,"href":"https:\/\/www.oaxaca.gob.mx\/sectur\/wp-json\/wp\/v2\/users\/1"}],"replies":[{"embeddable":true,"href":"https:\/\/www.oaxaca.gob.mx\/sectur\/wp-json\/wp\/v2\/comments?post=1165"}],"version-history":[{"count":3,"href":"https:\/\/www.oaxaca.gob.mx\/sectur\/wp-json\/wp\/v2\/pages\/1165\/revisions"}],"predecessor-version":[{"id":6729,"href":"https:\/\/www.oaxaca.gob.mx\/sectur\/wp-json\/wp\/v2\/pages\/1165\/revisions\/6729"}],"wp:featuredmedia":[{"embeddable":true,"href":"https:\/\/www.oaxaca.gob.mx\/sectur\/wp-json\/wp\/v2\/media\/2753"}],"wp:attachment":[{"href":"https:\/\/www.oaxaca.gob.mx\/sectur\/wp-json\/wp\/v2\/media?parent=1165"}],"wp:term":[{"taxonomy":"category","embeddable":true,"href":"https:\/\/www.oaxaca.gob.mx\/sectur\/wp-json\/wp\/v2\/categories?post=1165"},{"taxonomy":"post_tag","embeddable":true,"href":"https:\/\/www.oaxaca.gob.mx\/sectur\/wp-json\/wp\/v2\/tags?post=1165"}],"curies":[{"name":"wp","href":"https:\/\/api.w.org\/{rel}","templated":true}]}}