{"id":1161,"date":"2017-07-04T18:15:31","date_gmt":"2017-07-05T00:15:31","guid":{"rendered":"https:\/\/www.oaxaca.gob.mx\/sectur\/?page_id=1161"},"modified":"2023-03-01T17:39:47","modified_gmt":"2023-03-01T23:39:47","slug":"ventanilla-de-atencion","status":"publish","type":"page","link":"https:\/\/www.oaxaca.gob.mx\/sectur\/ventanilla-de-atencion\/","title":{"rendered":"Ventanilla de Atenci\u00f3n"},"content":{"rendered":"<p>Ventanilla de Atenci\u00f3n a Prestadores de Servicios Tur\u00edsticos<\/p>\n<p>La Ventanilla de Atenci\u00f3n a Prestadores de Servicios Tur\u00edsticos se reabri\u00f3 en febrero de 2017 con la intenci\u00f3n de facilitar los tr\u00e1mites del Registro Nacional de Turismo (RNT) y Sistema de Clasificaci\u00f3n Hotelera (SCH) y de acercar la informaci\u00f3n acerca de programas de apoyo para las empresas de la actividad tur\u00edstica.<\/p>\n<p>Lunes a viernes de 9:00 a 15:00 horas<\/p>\n<p>Correo electr\u00f3nico: ventanilladeatencion@oaxaca.travel<\/p>\n<p>&nbsp;<\/p>\n<p>&nbsp;<\/p>\n","protected":false},"excerpt":{"rendered":"<p>Ventanilla de Atenci\u00f3n a Prestadores de Servicios Tur\u00edsticos La Ventanilla de Atenci\u00f3n a Prestadores de Servicios Tur\u00edsticos se reabri\u00f3 en febrero de 2017 con la intenci\u00f3n de facilitar los tr\u00e1mites del Registro Nacional de Turismo (RNT) y Sistema de Clasificaci\u00f3n Hotelera (SCH) y de acercar la informaci\u00f3n acerca de programas de apoyo para las empresas [&hellip;]<\/p>\n","protected":false},"author":1,"featured_media":2888,"parent":0,"menu_order":0,"comment_status":"closed","ping_status":"closed","template":"","meta":{"episode_type":"","audio_file":"","podmotor_file_id":"","podmotor_episode_id":"","cover_image":"","cover_image_id":"","duration":"","filesize":"","filesize_raw":"","date_recorded":"","explicit":"","block":"","itunes_episode_number":"","itunes_title":"","itunes_season_number":"","itunes_episode_type":"","footnotes":""},"categories":[],"tags":[],"class_list":["post-1161","page","type-page","status-publish","has-post-thumbnail","hentry"],"acf":[],"publishpress_future_action":{"enabled":false,"date":"2026-05-21 09:05:05","action":"change-status","newStatus":"draft","terms":[],"taxonomy":"category","extraData":[]},"publishpress_future_workflow_manual_trigger":{"enabledWorkflows":[]},"_links":{"self":[{"href":"https:\/\/www.oaxaca.gob.mx\/sectur\/wp-json\/wp\/v2\/pages\/1161","targetHints":{"allow":["GET"]}}],"collection":[{"href":"https:\/\/www.oaxaca.gob.mx\/sectur\/wp-json\/wp\/v2\/pages"}],"about":[{"href":"https:\/\/www.oaxaca.gob.mx\/sectur\/wp-json\/wp\/v2\/types\/page"}],"author":[{"embeddable":true,"href":"https:\/\/www.oaxaca.gob.mx\/sectur\/wp-json\/wp\/v2\/users\/1"}],"replies":[{"embeddable":true,"href":"https:\/\/www.oaxaca.gob.mx\/sectur\/wp-json\/wp\/v2\/comments?post=1161"}],"version-history":[{"count":1,"href":"https:\/\/www.oaxaca.gob.mx\/sectur\/wp-json\/wp\/v2\/pages\/1161\/revisions"}],"predecessor-version":[{"id":6732,"href":"https:\/\/www.oaxaca.gob.mx\/sectur\/wp-json\/wp\/v2\/pages\/1161\/revisions\/6732"}],"wp:featuredmedia":[{"embeddable":true,"href":"https:\/\/www.oaxaca.gob.mx\/sectur\/wp-json\/wp\/v2\/media\/2888"}],"wp:attachment":[{"href":"https:\/\/www.oaxaca.gob.mx\/sectur\/wp-json\/wp\/v2\/media?parent=1161"}],"wp:term":[{"taxonomy":"category","embeddable":true,"href":"https:\/\/www.oaxaca.gob.mx\/sectur\/wp-json\/wp\/v2\/categories?post=1161"},{"taxonomy":"post_tag","embeddable":true,"href":"https:\/\/www.oaxaca.gob.mx\/sectur\/wp-json\/wp\/v2\/tags?post=1161"}],"curies":[{"name":"wp","href":"https:\/\/api.w.org\/{rel}","templated":true}]}}