{"id":1158,"date":"2017-07-04T17:43:10","date_gmt":"2017-07-04T23:43:10","guid":{"rendered":"https:\/\/www.oaxaca.gob.mx\/sectur\/?page_id=1158"},"modified":"2017-07-04T17:43:10","modified_gmt":"2017-07-04T23:43:10","slug":"mesas-de-interlocucion","status":"publish","type":"page","link":"https:\/\/www.oaxaca.gob.mx\/sectur\/mesas-de-interlocucion\/","title":{"rendered":"Mesas de Interlocuci\u00f3n"},"content":{"rendered":"<p>Mesas de Interlocuci\u00f3n Empresarial Tur\u00edstica (MIET)<\/p>\n<p>Las Mesas de Interlocuci\u00f3n Empresarial Tur\u00edstica (MIET) son un espacio para generar las condiciones de di\u00e1logo y los mecanismos para el logro de acuerdos y consensos en favor de la competitividad y profesionalizaci\u00f3n de los servicios tur\u00edsticos.<\/p>\n<p>\u00bfQui\u00e9nes la integran?<\/p>\n<p>La integran el Secretario de Turismo, quien funge como Presidente Honorario de la misma; el Subsecretario de Operaci\u00f3n Tur\u00edstica como Coordinador Ejecutivo y representante del Presidente Honorario en su ausencia; los Directores de Comercializaci\u00f3n y de Profesionalizaci\u00f3n como vocales y los representantes de las C\u00e1maras o Asociaciones empresariales de las diferentes regiones del Estado de Oaxaca, que de manera voluntaria pero comprometida deseen integrarse a los trabajos, en su calidad de miembros de la mesa.<\/p>\n<p>\u00bfMe puedo integrar?<\/p>\n<p>Si eres un l\u00edder empresarial o un representante de alg\u00fan municipio en materia de turismo puedes hacerlo. Si eres un empresario te recomendamos afiliarte a alguna asociaci\u00f3n o c\u00e1mara de tu regi\u00f3n, municipio o localidad e invitar a su representante a que se una.<\/p>\n<p>\u00bfC\u00f3mo lo hago?<\/p>\n<p>1.- Lee los <a title=\"Descarga los linemientos\" href=\"\/sectur\/wp-content\/uploads\/sites\/65\/2017\/07\/Lineamientos-MIET.pdf\" target=\"_blank\" rel=\"noopener noreferrer\">lineamientos&nbsp;<\/a><\/p>\n<p>2.- Descarga, imprime y rellena la <a title=\"Descarga la C\u00e9dula de Registro\" href=\"\/sectur\/wp-content\/uploads\/sites\/65\/2017\/07\/cedula-de-registro-general.pdf\">c\u00e9dula de registro<\/a><\/p>\n<p>3.- Acude a una reuni\u00f3n de la MIET y entr\u00e9gala; o env\u00edala escaneada al correo&nbsp;<a href=\"mailto:arturo.acevedo@oaxaca.gob.mx\">arturo.acevedo@oaxaca.gob.mx<\/a>&nbsp;con el asunto ADHESI\u00d3N A MIET<\/p>\n<p>\u00bfCu\u00e1ndo se realizan?<\/p>\n<p>Las reuniones de trabajo de las MIET se realizan cada trimestre en la fecha consensada con los integrantes, aunque tambi\u00e9n existen reuniones extraordinarias a petici\u00f3n de los mismos para tratar temas puntuales. Puedes contactar a la Direcci\u00f3n de Comercializaci\u00f3n Tur\u00edstica para conocer las fechas.<\/p>\n<p>\u00bfQu\u00e9 temas se tratan?<\/p>\n<p>Se tratan temas exclusivamente de turismo, especializ\u00e1ndose en la comercializaci\u00f3n y profesionalizaci\u00f3n de dicha actividad.<\/p>\n<p>\u00bfD\u00f3nde se encuentran?<\/p>\n<p>Las MIET son itinerantes, de acuerdo a las propuestas de los municipio o empresarios para recibirnos, aunque tienen sede en los municipios nodales del turismo en Oaxaca:<\/p>\n<ol>\n<li>Salina Cruz (Istmo de Tehuantepec)<\/li>\n<li>Oaxaca de Ju\u00e1rez (Valles Centrales y Sierra Norte)<\/li>\n<li>Huajuapan de Le\u00f3n (Mixteca y Ca\u00f1ada)<\/li>\n<li>San Juan Bautista Tuxtepec (Papaloapan),<\/li>\n<li>Puerto Escondido (Costa y Sierra Sur)<\/li>\n<li>Bah\u00edas de Huatulco (Costa).<\/li>\n<\/ol>\n","protected":false},"excerpt":{"rendered":"<p>Mesas de Interlocuci\u00f3n Empresarial Tur\u00edstica (MIET) Las Mesas de Interlocuci\u00f3n Empresarial Tur\u00edstica (MIET) son un espacio para generar las condiciones de di\u00e1logo y los mecanismos para el logro de acuerdos y consensos en favor de la competitividad y profesionalizaci\u00f3n de los servicios tur\u00edsticos. \u00bfQui\u00e9nes la integran? La integran el Secretario de Turismo, quien funge como [&hellip;]<\/p>\n","protected":false},"author":1,"featured_media":2884,"parent":0,"menu_order":0,"comment_status":"closed","ping_status":"closed","template":"","meta":{"episode_type":"","audio_file":"","podmotor_file_id":"","podmotor_episode_id":"","cover_image":"","cover_image_id":"","duration":"","filesize":"","filesize_raw":"","date_recorded":"","explicit":"","block":"","itunes_episode_number":"","itunes_title":"","itunes_season_number":"","itunes_episode_type":"","footnotes":""},"categories":[],"tags":[],"class_list":["post-1158","page","type-page","status-publish","has-post-thumbnail","hentry"],"acf":[],"publishpress_future_action":{"enabled":false,"date":"2026-05-16 00:41:00","action":"change-status","newStatus":"draft","terms":[],"taxonomy":"category","extraData":[]},"publishpress_future_workflow_manual_trigger":{"enabledWorkflows":[]},"_links":{"self":[{"href":"https:\/\/www.oaxaca.gob.mx\/sectur\/wp-json\/wp\/v2\/pages\/1158","targetHints":{"allow":["GET"]}}],"collection":[{"href":"https:\/\/www.oaxaca.gob.mx\/sectur\/wp-json\/wp\/v2\/pages"}],"about":[{"href":"https:\/\/www.oaxaca.gob.mx\/sectur\/wp-json\/wp\/v2\/types\/page"}],"author":[{"embeddable":true,"href":"https:\/\/www.oaxaca.gob.mx\/sectur\/wp-json\/wp\/v2\/users\/1"}],"replies":[{"embeddable":true,"href":"https:\/\/www.oaxaca.gob.mx\/sectur\/wp-json\/wp\/v2\/comments?post=1158"}],"version-history":[{"count":0,"href":"https:\/\/www.oaxaca.gob.mx\/sectur\/wp-json\/wp\/v2\/pages\/1158\/revisions"}],"wp:featuredmedia":[{"embeddable":true,"href":"https:\/\/www.oaxaca.gob.mx\/sectur\/wp-json\/wp\/v2\/media\/2884"}],"wp:attachment":[{"href":"https:\/\/www.oaxaca.gob.mx\/sectur\/wp-json\/wp\/v2\/media?parent=1158"}],"wp:term":[{"taxonomy":"category","embeddable":true,"href":"https:\/\/www.oaxaca.gob.mx\/sectur\/wp-json\/wp\/v2\/categories?post=1158"},{"taxonomy":"post_tag","embeddable":true,"href":"https:\/\/www.oaxaca.gob.mx\/sectur\/wp-json\/wp\/v2\/tags?post=1158"}],"curies":[{"name":"wp","href":"https:\/\/api.w.org\/{rel}","templated":true}]}}