{"id":9143,"date":"2023-12-06T16:44:30","date_gmt":"2023-12-06T22:44:30","guid":{"rendered":"https:\/\/www.oaxaca.gob.mx\/sebienti\/?page_id=9143"},"modified":"2023-12-06T16:45:14","modified_gmt":"2023-12-06T22:45:14","slug":"mapa-del-sitio","status":"publish","type":"page","link":"https:\/\/www.oaxaca.gob.mx\/sebienti\/mapa-del-sitio\/","title":{"rendered":"Mapa del Sitio"},"content":{"rendered":"<div class=\"wsp-container\"><h2 class=\"wsp-pages-title\">P\u00e1ginas<\/h2>\n<ul class=\"wsp-pages-list\">\n<li class=\"page_item page-item-4211\"><a href=\"https:\/\/www.oaxaca.gob.mx\/sebienti\/mision-y-vision-2\/\">\u00bfQu\u00e9 hacemos?, Misi\u00f3n, Visi\u00f3n, Objetivos y Principios.<\/a><\/li>\n<li class=\"page_item page-item-1743\"><a href=\"https:\/\/www.oaxaca.gob.mx\/sebienti\/apoyo\/\">Apoyo<\/a><\/li>\n<li class=\"page_item page-item-1170\"><a href=\"https:\/\/www.oaxaca.gob.mx\/sebienti\/apoyo-2\/\">Apoyo a Personas con Discapacidad<\/a><\/li>\n<li class=\"page_item page-item-7848\"><a href=\"https:\/\/www.oaxaca.gob.mx\/sebienti\/areas_responsables\/\">Areas Responsables<\/a><\/li>\n<li class=\"page_item page-item-2255\"><a href=\"https:\/\/www.oaxaca.gob.mx\/sebienti\/areas-responsables\/\">\u00c1reas Responsables<\/a><\/li>\n<li class=\"page_item page-item-8820\"><a href=\"https:\/\/www.oaxaca.gob.mx\/sebienti\/atencion-a-quejas-denuncias-y-peticiones-ciudadanas\">Atenci\u00f3n a Quejas, Denuncias y Peticiones Ciudadanas<\/a><\/li>\n<li class=\"page_item page-item-6107\"><a href=\"https:\/\/www.oaxaca.gob.mx\/sebienti\/atencion-a-quejas-denuncias-y-o-sugerencias\/\">Atenci\u00f3n a Quejas, Denuncias y\/o Sugerencias.<\/a><\/li>\n<li class=\"page_item page-item-4161\"><a href=\"https:\/\/www.oaxaca.gob.mx\/sebienti\/aviso-de-privacidad\/\">Aviso de privacidad<\/a><\/li>\n<li class=\"page_item page-item-5169\"><a href=\"https:\/\/www.oaxaca.gob.mx\/sebienti\/becas-4\/\">Becas 4<\/a><\/li>\n<li class=\"page_item page-item-5943\"><a href=\"https:\/\/www.oaxaca.gob.mx\/sebienti\/calendar\/\">Calendar<\/a><\/li>\n<li class=\"page_item page-item-6119\"><a href=\"https:\/\/www.oaxaca.gob.mx\/sebienti\/calendar-2\/\">Calendar<\/a><\/li>\n<li class=\"page_item page-item-7261\"><a href=\"https:\/\/www.oaxaca.gob.mx\/sebienti\/citas\/\">Citas<\/a><\/li>\n<li class=\"page_item page-item-6251\"><a href=\"https:\/\/www.oaxaca.gob.mx\/sebienti\/comite-de-control-interno\/\">COCOI<\/a><\/li>\n<li class=\"page_item page-item-5686\"><a href=\"https:\/\/www.oaxaca.gob.mx\/sebienti\/codigo-de-etica-3\/\">C\u00f3digo de \u00c9tica 3<\/a><\/li>\n<li class=\"page_item page-item-10649\"><a href=\"https:\/\/www.oaxaca.gob.mx\/sebienti\/comite-de-bienestar\/\">Comit\u00e9 de Bienestar<\/a><\/li>\n<li class=\"page_item page-item-7581\"><a href=\"https:\/\/www.oaxaca.gob.mx\/sebienti\/comite-de-etica-2\/\">Comit\u00e9 de \u00c9tica<\/a><\/li>\n<li class=\"page_item page-item-9548\"><a href=\"https:\/\/www.oaxaca.gob.mx\/sebienti\/comite-de-transparencia\/\">COMITE DE TRANSPARENCIA<\/a><\/li>\n<li class=\"page_item page-item-1159\"><a href=\"https:\/\/www.oaxaca.gob.mx\/sebienti\/contacto\/\">Contacto<\/a><\/li>\n<li class=\"page_item page-item-4521\"><a href=\"https:\/\/www.oaxaca.gob.mx\/sebienti\/transparencia\/\">CUMPLIMIENTO DE OBLIGACIONES DE TRANSPARENCIA<\/a><\/li>\n<li class=\"page_item page-item-7371\"><a href=\"https:\/\/www.oaxaca.gob.mx\/sebienti\/cumplimiento-lgtaip-sebien\/\">CUMPLIMIENTO DE OBLIGACIONES DE TRANSPARENCIA SEBIEN<\/a><\/li>\n<li class=\"page_item page-item-5580\"><a href=\"https:\/\/www.oaxaca.gob.mx\/sebienti\/cumplimiento-obligaciones-lgtaip\/\">CUMPLIMIENTO DE OBLIGACIONES DE TRANSPARENCIA SEDESOH<\/a><\/li>\n<li class=\"page_item page-item-3734\"><a href=\"https:\/\/www.oaxaca.gob.mx\/sebienti\/curriculum-vitae-mandos-medios-y-superiores\/\">Curriculum vitae mandos medios y superiores<\/a><\/li>\n<li class=\"page_item page-item-11098\"><a href=\"https:\/\/www.oaxaca.gob.mx\/sebienti\/declaracion-patrimonial-y-de-intereses\/\">DECLARACION PATRIMONIAL Y DE INTER\u00c9SES<\/a><\/li>\n<li class=\"page_item page-item-3972\"><a href=\"https:\/\/www.oaxaca.gob.mx\/sebienti\/declaraciones_patrimoniales\/\">Declaraciones patrimoniales<\/a><\/li>\n<li class=\"page_item page-item-1251\"><a href=\"https:\/\/www.oaxaca.gob.mx\/sebienti\/directorio\/\">Directorio<\/a><\/li>\n<li class=\"page_item page-item-9564\"><a href=\"https:\/\/www.oaxaca.gob.mx\/sebienti\/directorio-general-sebienti\/\">DIRECTORIO GENERAL SEBIENTI<\/a><\/li>\n<li class=\"page_item page-item-1732\"><a href=\"https:\/\/www.oaxaca.gob.mx\/sebienti\/documentacion\/\">Documentaci\u00f3n<\/a><\/li>\n<li class=\"page_item page-item-5435\"><a href=\"https:\/\/www.oaxaca.gob.mx\/sebienti\/documentos-de-opinion\/\">Documentos de opini\u00f3n<\/a><\/li>\n<li class=\"page_item page-item-6756\"><a href=\"https:\/\/www.oaxaca.gob.mx\/sebienti\/%C3%89tica+e+Integridad+P%C3%BAblica\/\">\u00c9tica e Integridad P\u00fablica<\/a><\/li>\n<li class=\"page_item page-item-6220\"><a href=\"https:\/\/www.oaxaca.gob.mx\/sebienti\/evaluacion-estrategica-de-la-politica-de-desarrollo-social-del-estado-de-oaxaca\/\">EVALUACI\u00d3N ESTRAT\u00c9GICA DE LA POL\u00cdTICA DE DESARROLLO SOCIAL DEL ESTADO DE OAXACA.<\/a><\/li>\n<li class=\"page_item page-item-5484\"><a href=\"https:\/\/www.oaxaca.gob.mx\/sebienti\/evaluacion-estrategica-de-la-politica-social-2\/\">Evaluaci\u00f3n estrat\u00e9gica de la pol\u00edtica social 2<\/a><\/li>\n<li class=\"page_item page-item-5410\"><a href=\"https:\/\/www.oaxaca.gob.mx\/sebienti\/evaluaciones-2\/\">Evaluaciones<\/a><\/li>\n<li class=\"page_item page-item-3233\"><a href=\"https:\/\/www.oaxaca.gob.mx\/sebienti\/evaluaciones\/\">Evaluaciones<\/a><\/li>\n<li class=\"page_item page-item-5429\"><a href=\"https:\/\/www.oaxaca.gob.mx\/sebienti\/evaluaciones-2017\/\">Evaluaciones 2017<\/a><\/li>\n<li class=\"page_item page-item-5479\"><a href=\"https:\/\/www.oaxaca.gob.mx\/sebienti\/evaluaciones-2018\/\">Evaluaciones 2018<\/a><\/li>\n<li class=\"page_item page-item-5464\"><a href=\"https:\/\/www.oaxaca.gob.mx\/sebienti\/evaluaciones-de-diagnostico\/\">Evaluaciones de diagnostico<\/a><\/li>\n<li class=\"page_item page-item-5491\"><a href=\"https:\/\/www.oaxaca.gob.mx\/sebienti\/evaluaciones-de-diagnostico-2-2\/\">Evaluaciones de diagnostico 2 2<\/a><\/li>\n<li class=\"page_item page-item-5474\"><a href=\"https:\/\/www.oaxaca.gob.mx\/sebienti\/evaluaciones-de-diseno-2\/\">Evaluaciones de dise\u00f1o 2<\/a><\/li>\n<li class=\"page_item page-item-8650 page_item_has_children\"><a href=\"https:\/\/www.oaxaca.gob.mx\/sebienti\/eventos\/\">Eventos<\/a>\n<ul class='children'>\n\t<li class=\"page_item page-item-8652\"><a href=\"https:\/\/www.oaxaca.gob.mx\/sebienti\/eventos\/categorias\/\">Categor\u00edas<\/a><\/li>\n\t<li class=\"page_item page-item-8653\"><a href=\"https:\/\/www.oaxaca.gob.mx\/sebienti\/eventos\/etiquetas\/\">Etiquetas<\/a><\/li>\n\t<li class=\"page_item page-item-8654\"><a href=\"https:\/\/www.oaxaca.gob.mx\/sebienti\/eventos\/mis-reservas\/\">Mis Reservas<\/a><\/li>\n\t<li class=\"page_item page-item-8651\"><a href=\"https:\/\/www.oaxaca.gob.mx\/sebienti\/eventos\/ubicaciones\/\">Ubicaciones<\/a><\/li>\n<\/ul>\n<\/li>\n<li class=\"page_item page-item-6231\"><a href=\"https:\/\/www.oaxaca.gob.mx\/sebienti\/fichas-de-difusion-de-resultados\/\">FICHAS DE DIFUSI\u00d3N DE RESULTADOS<\/a><\/li>\n<li class=\"page_item page-item-4478\"><a href=\"https:\/\/www.oaxaca.gob.mx\/sebienti\/formatos\/\">Formatos<\/a><\/li>\n<li class=\"page_item page-item-5762\"><a href=\"https:\/\/www.oaxaca.gob.mx\/sebienti\/funciones\/\">Funciones<\/a><\/li>\n<li class=\"page_item page-item-10489\"><a href=\"https:\/\/www.oaxaca.gob.mx\/sebienti\/informacion-contable-presupuestaria-y-programatica\/\">Informaci\u00f3n contable, Presupuestaria y program\u00e1tica.<\/a><\/li>\n<li class=\"page_item page-item-9927\"><a href=\"https:\/\/www.oaxaca.gob.mx\/sebienti\/informacion-del-tramite\/\">Informacion del Tramite<\/a><\/li>\n<li class=\"page_item page-item-9145\"><a href=\"https:\/\/www.oaxaca.gob.mx\/sebienti\/informacion-tramite\/\">Informaci\u00f3n del Tr\u00e1mite<\/a><\/li>\n<li class=\"page_item page-item-5728\"><a href=\"https:\/\/www.oaxaca.gob.mx\/sebienti\/\">Inicio<\/a><\/li>\n<li class=\"page_item page-item-5138\"><a href=\"https:\/\/www.oaxaca.gob.mx\/sebienti\/investigaciones-para-el-desarrollo\/\">Investigaciones para el desarrollo<\/a><\/li>\n<li class=\"page_item page-item-2627\"><a href=\"https:\/\/www.oaxaca.gob.mx\/sebienti\/juntos-a-la-escuela\/\">Juntos a la Escuela<\/a><\/li>\n<li class=\"page_item page-item-5942\"><a href=\"https:\/\/www.oaxaca.gob.mx\/sebienti\/loginpress\/\">LoginPress<\/a><\/li>\n<li class=\"page_item page-item-5808\"><a href=\"https:\/\/www.oaxaca.gob.mx\/sebienti\/manual-de-organizacion\/\">Manual de organizaci\u00f3n<\/a><\/li>\n<li class=\"page_item page-item-9143\"><a href=\"https:\/\/www.oaxaca.gob.mx\/sebienti\/mapa-del-sitio\/\">Mapa del Sitio<\/a><\/li>\n<li class=\"page_item page-item-8111\"><a href=\"https:\/\/www.oaxaca.gob.mx\/sebienti\/marco-juridico\/\">Marco Jur\u00eddico<\/a><\/li>\n<li class=\"page_item page-item-4182\"><a href=\"https:\/\/www.oaxaca.gob.mx\/sebienti\/mas-informacion\/\">M\u00e1s informaci\u00f3n<\/a><\/li>\n<li class=\"page_item page-item-3921\"><a href=\"https:\/\/www.oaxaca.gob.mx\/sebienti\/medios-de-verificacion\/\">Modelos de verificaci\u00f3n<\/a><\/li>\n<li class=\"page_item page-item-1762\"><a href=\"https:\/\/www.oaxaca.gob.mx\/sebienti\/multimedia\/\">Multimedia<\/a><\/li>\n<li class=\"page_item page-item-1166\"><a href=\"https:\/\/www.oaxaca.gob.mx\/sebienti\/normatividad\/\">Normatividad<\/a><\/li>\n<li class=\"page_item page-item-5337\"><a href=\"https:\/\/www.oaxaca.gob.mx\/sebienti\/prensa\/\">Noticias<\/a><\/li>\n<li class=\"page_item page-item-4217\"><a href=\"https:\/\/www.oaxaca.gob.mx\/sebienti\/objetivo\/\">Objetivo<\/a><\/li>\n<li class=\"page_item page-item-5805\"><a href=\"https:\/\/www.oaxaca.gob.mx\/sebienti\/estructura\/\">Organigrama<\/a><\/li>\n<li class=\"page_item page-item-3212\"><a href=\"https:\/\/www.oaxaca.gob.mx\/sebienti\/palabra-de-mujer\/\">Palabra de Mujer<\/a><\/li>\n<li class=\"page_item page-item-4821\"><a href=\"https:\/\/www.oaxaca.gob.mx\/sebienti\/plan-sectorial\/\">Plan sectorial<\/a><\/li>\n<li class=\"page_item page-item-1864\"><a href=\"https:\/\/www.oaxaca.gob.mx\/sebienti\/programas-sociales\/\">Programas Sociales<\/a><\/li>\n<li class=\"page_item page-item-2995\"><a href=\"https:\/\/www.oaxaca.gob.mx\/sebienti\/reglamentos\/\">Reglamentos<\/a><\/li>\n<li class=\"page_item page-item-2999\"><a href=\"https:\/\/www.oaxaca.gob.mx\/sebienti\/reglas-de-operacion\/\">Reglas de operaci\u00f3n<\/a><\/li>\n<li class=\"page_item page-item-1829\"><a href=\"https:\/\/www.oaxaca.gob.mx\/sebienti\/reglas17\/\">Reglas de Operaci\u00f3n 2017<\/a><\/li>\n<li class=\"page_item page-item-1826\"><a href=\"https:\/\/www.oaxaca.gob.mx\/sebienti\/reglas15-16\/\">Reglas de Operaci\u00f3n de los a\u00f1os 2015 y 2016<\/a><\/li>\n<li class=\"page_item page-item-5540\"><a href=\"https:\/\/www.oaxaca.gob.mx\/sebienti\/sala-de-prensa\/\">Sala de Prensa<\/a><\/li>\n<li class=\"page_item page-item-6844\"><a href=\"https:\/\/www.oaxaca.gob.mx\/sebienti\/sia\/\">Sistema Institucional de Archivos<\/a><\/li>\n<li class=\"page_item page-item-3032\"><a href=\"https:\/\/www.oaxaca.gob.mx\/sebienti\/tablas\/\">Tablas<\/a><\/li>\n<li class=\"page_item page-item-10927\"><a href=\"https:\/\/www.oaxaca.gob.mx\/sebienti\/tandas-mujer-primavera\/\">TANDAS \u00abMUJER PRIMAVERA\u00bb<\/a><\/li>\n<li class=\"page_item page-item-5764\"><a href=\"https:\/\/www.oaxaca.gob.mx\/sebienti\/titular\/\">Titular de la Dependencia<\/a><\/li>\n<li class=\"page_item page-item-5951\"><a href=\"https:\/\/www.oaxaca.gob.mx\/sebienti\/tramites-y-servicios\/\">Tr\u00e1mites y Servicios<\/a><\/li>\n<li class=\"page_item page-item-1840\"><a href=\"https:\/\/www.oaxaca.gob.mx\/sebienti\/unidades-moviles\/\">Unidades Moviles<\/a><\/li>\n<li class=\"page_item page-item-7785\"><a href=\"https:\/\/www.oaxaca.gob.mx\/sebienti\/prensa-2\/\">Videos<\/a><\/li>\n<li class=\"page_item page-item-6945\"><a href=\"https:\/\/www.oaxaca.gob.mx\/sebienti\/slide-anything-popup-preview\/\">Slide Anything Popup Preview<\/a><\/li>\n<\/ul>\n<\/div>\n","protected":false},"excerpt":{"rendered":"","protected":false},"author":1,"featured_media":0,"parent":0,"menu_order":0,"comment_status":"closed","ping_status":"closed","template":"","meta":{"episode_type":"","audio_file":"","podmotor_file_id":"","podmotor_episode_id":"","cover_image":"","cover_image_id":"","duration":"","filesize":"","filesize_raw":"","date_recorded":"","explicit":"","block":"","itunes_episode_number":"","itunes_title":"","itunes_season_number":"","itunes_episode_type":"","footnotes":""},"categories":[],"tags":[],"class_list":["post-9143","page","type-page","status-publish","hentry"],"acf":[],"publishpress_future_action":{"enabled":false,"date":"2026-05-07 11:17:10","action":"change-status","newStatus":"draft","terms":[],"taxonomy":"category","extraData":[]},"publishpress_future_workflow_manual_trigger":{"enabledWorkflows":[]},"_links":{"self":[{"href":"https:\/\/www.oaxaca.gob.mx\/sebienti\/wp-json\/wp\/v2\/pages\/9143","targetHints":{"allow":["GET"]}}],"collection":[{"href":"https:\/\/www.oaxaca.gob.mx\/sebienti\/wp-json\/wp\/v2\/pages"}],"about":[{"href":"https:\/\/www.oaxaca.gob.mx\/sebienti\/wp-json\/wp\/v2\/types\/page"}],"author":[{"embeddable":true,"href":"https:\/\/www.oaxaca.gob.mx\/sebienti\/wp-json\/wp\/v2\/users\/1"}],"replies":[{"embeddable":true,"href":"https:\/\/www.oaxaca.gob.mx\/sebienti\/wp-json\/wp\/v2\/comments?post=9143"}],"version-history":[{"count":1,"href":"https:\/\/www.oaxaca.gob.mx\/sebienti\/wp-json\/wp\/v2\/pages\/9143\/revisions"}],"predecessor-version":[{"id":9144,"href":"https:\/\/www.oaxaca.gob.mx\/sebienti\/wp-json\/wp\/v2\/pages\/9143\/revisions\/9144"}],"wp:attachment":[{"href":"https:\/\/www.oaxaca.gob.mx\/sebienti\/wp-json\/wp\/v2\/media?parent=9143"}],"wp:term":[{"taxonomy":"category","embeddable":true,"href":"https:\/\/www.oaxaca.gob.mx\/sebienti\/wp-json\/wp\/v2\/categories?post=9143"},{"taxonomy":"post_tag","embeddable":true,"href":"https:\/\/www.oaxaca.gob.mx\/sebienti\/wp-json\/wp\/v2\/tags?post=9143"}],"curies":[{"name":"wp","href":"https:\/\/api.w.org\/{rel}","templated":true}]}}