{"id":8820,"date":"2023-09-08T12:57:29","date_gmt":"2023-09-08T18:57:29","guid":{"rendered":"https:\/\/www.oaxaca.gob.mx\/sebienti\/?page_id=8820"},"modified":"2024-01-04T14:13:01","modified_gmt":"2024-01-04T20:13:01","slug":"atencion-a-quejas-denuncias-y-peticiones-ciudadanas","status":"publish","type":"page","link":"https:\/\/www.oaxaca.gob.mx\/sebienti\/atencion-a-quejas-denuncias-y-peticiones-ciudadanas","title":{"rendered":"Atenci\u00f3n a Quejas, Denuncias y Peticiones Ciudadanas"},"content":{"rendered":"<p>Las Quejas, Denuncias, inconformidades, peticiones o sugerencias respecto de la operaci\u00f3n de los programas y acciones o alg\u00fan otro aspecto relacionado con los servidores p\u00fablicos de la Secretar\u00eda de Bienestar, Tequio e Inclusi\u00f3n podr\u00e1n ser presentadas por las personas beneficiarias y por la ciudadan\u00eda en general ante la Secretar\u00eda de Honestidad, Transparencia y Funci\u00f3n P\u00fablica:<\/p>\n<p>\u2022\tA trav\u00e9s de escrito presentado ante la oficial\u00eda de partes de la Secretar\u00eda de Honestidad, Transparencia y Funci\u00f3n P\u00fablica, ubicada en Carretera internacional Oaxaca-Istmo Km. 11.5, Ciudad Administrativa, Edificio 2, planta baja, en Tlalixtac de Cabrera, Oaxaca, de lunes a viernes de las 9:00 a las 15:00 horas.<br \/>\n\u2022\tAl correo electr\u00f3nico quejas.honestidad@oaxaca.gob.mx, as\u00ed como al n\u00famero telef\u00f3nico 951 501 5000 extensi\u00f3n 10479. <\/p>\n<p>El formato de Queja o Denuncia se encuentra disponible en la p\u00e1gina web de la Secretar\u00eda de Honestidad<br \/>\n<a href=\"https:\/\/www.oaxaca.gob.mx\/honestidad\/formato-de-queja-y-o-denuncia\/\"><\/a><a href=\"https:\/\/www.oaxaca.gob.mx\/honestidad\/formato-de-queja-y-o-denuncia\/.\">https:\/\/www.oaxaca.gob.mx\/honestidad\/formato-de-queja-y-o-denuncia\/.<\/a><\/p>\n<p>Para mayor informaci\u00f3n podr\u00e1 consultar la p\u00e1gina web de la Secretar\u00eda de Honestidad, Transparencia y Funci\u00f3n P\u00fablica, en la siguiente liga: <\/p>\n<p><a href=\"https:\/\/www.oaxaca.gob.mx\/honestidad\/\">https:\/\/www.oaxaca.gob.mx\/honestidad\/<\/a><\/p>\n","protected":false},"excerpt":{"rendered":"<p>Las Quejas, Denuncias, inconformidades, peticiones o sugerencias respecto de la operaci\u00f3n de los programas y acciones o alg\u00fan otro aspecto relacionado con los servidores p\u00fablicos de la Secretar\u00eda de Bienestar, Tequio e Inclusi\u00f3n podr\u00e1n ser presentadas por las personas beneficiarias y por la ciudadan\u00eda en general ante la Secretar\u00eda de Honestidad, Transparencia y Funci\u00f3n P\u00fablica: [&hellip;]<\/p>\n","protected":false},"author":31,"featured_media":0,"parent":0,"menu_order":0,"comment_status":"closed","ping_status":"closed","template":"","meta":{"episode_type":"","audio_file":"","podmotor_file_id":"","podmotor_episode_id":"","cover_image":"","cover_image_id":"","duration":"","filesize":"","filesize_raw":"","date_recorded":"","explicit":"","block":"","itunes_episode_number":"","itunes_title":"","itunes_season_number":"","itunes_episode_type":"","footnotes":""},"categories":[],"tags":[],"class_list":["post-8820","page","type-page","status-publish","hentry"],"acf":[],"publishpress_future_action":{"enabled":false,"date":"2026-05-17 03:14:02","action":"change-status","newStatus":"draft","terms":[],"taxonomy":"category","extraData":[]},"publishpress_future_workflow_manual_trigger":{"enabledWorkflows":[]},"_links":{"self":[{"href":"https:\/\/www.oaxaca.gob.mx\/sebienti\/wp-json\/wp\/v2\/pages\/8820","targetHints":{"allow":["GET"]}}],"collection":[{"href":"https:\/\/www.oaxaca.gob.mx\/sebienti\/wp-json\/wp\/v2\/pages"}],"about":[{"href":"https:\/\/www.oaxaca.gob.mx\/sebienti\/wp-json\/wp\/v2\/types\/page"}],"author":[{"embeddable":true,"href":"https:\/\/www.oaxaca.gob.mx\/sebienti\/wp-json\/wp\/v2\/users\/31"}],"replies":[{"embeddable":true,"href":"https:\/\/www.oaxaca.gob.mx\/sebienti\/wp-json\/wp\/v2\/comments?post=8820"}],"version-history":[{"count":3,"href":"https:\/\/www.oaxaca.gob.mx\/sebienti\/wp-json\/wp\/v2\/pages\/8820\/revisions"}],"predecessor-version":[{"id":9222,"href":"https:\/\/www.oaxaca.gob.mx\/sebienti\/wp-json\/wp\/v2\/pages\/8820\/revisions\/9222"}],"wp:attachment":[{"href":"https:\/\/www.oaxaca.gob.mx\/sebienti\/wp-json\/wp\/v2\/media?parent=8820"}],"wp:term":[{"taxonomy":"category","embeddable":true,"href":"https:\/\/www.oaxaca.gob.mx\/sebienti\/wp-json\/wp\/v2\/categories?post=8820"},{"taxonomy":"post_tag","embeddable":true,"href":"https:\/\/www.oaxaca.gob.mx\/sebienti\/wp-json\/wp\/v2\/tags?post=8820"}],"curies":[{"name":"wp","href":"https:\/\/api.w.org\/{rel}","templated":true}]}}