{"id":7848,"date":"2022-08-18T16:11:16","date_gmt":"2022-08-18T21:11:16","guid":{"rendered":"https:\/\/www.oaxaca.gob.mx\/sebien\/?page_id=7848"},"modified":"2022-08-25T11:55:26","modified_gmt":"2022-08-25T16:55:26","slug":"areas_responsables","status":"publish","type":"page","link":"https:\/\/www.oaxaca.gob.mx\/sebienti\/areas_responsables\/","title":{"rendered":"Areas Responsables"},"content":{"rendered":"<nav>\n<div id=\"nav-tab\" class=\"nav nav-tabs\" role=\"tablist\"><\/div>\n<\/nav>\n<div id=\"nav-tabContent\" class=\"tab-content\"><\/div>\n<nav style=\"margin-bottom: 30px\">\n<div id=\"nav-tab\" class=\"nav nav-tabs\" role=\"tablist\"><a id=\"nav_tab_uno\" class=\"nav-item nav-link active\" style=\"font-size: 10px\" role=\"tab\" href=\"#nav_uno\" data-toggle=\"tab\">Direcci\u00f3n Administrativa<\/a><br \/>\n<a id=\"nav_tab_dos\" class=\"nav-item nav-link\" style=\"font-size: 10px\" role=\"tab\" href=\"#nav_dos\" data-toggle=\"tab\">Unidad Jur\u00eddica<\/a><br \/>\n<a id=\"nav_tab_tres\" class=\"nav-item nav-link\" style=\"font-size: 10px\" role=\"tab\" href=\"#nav_tres\" data-toggle=\"tab\">Direcci\u00f3n de Atenci\u00f3n a Grupos Prioritarios y Proyectos Especiales<\/a><br \/>\n<a id=\"nav_tab_cuatro\" class=\"nav-item nav-link\" style=\"font-size: 10px\" role=\"tab\" href=\"#nav_cuatro\" data-toggle=\"tab\">Recursos Humanos<\/a><br \/>\n<a id=\"nav_tab_cinco\" class=\"nav-item nav-link\" style=\"font-size: 10px\" role=\"tab\" href=\"#nav_cinco\" data-toggle=\"tab\">Transparencia<\/a> <\/div>\n<\/nav>\n<div id=\"nav-tabContent\" class=\"tab-content\">\n<div id=\"nav_uno\" class=\"tab-pane fade show active\" role=\"tabpanel\" aria-labelledby=\"nav_tab_uno\">\n<h4>Direcci\u00f3n Administrativa<\/h4>\n[table \u201c43\u201d not found \/]<br \/>\n\n<\/div>\n<div id=\"nav_dos\" class=\"tab-pane fade\" role=\"tabpanel\" aria-labelledby=\"nav_tab_dos\">\n<h4>Unidad Jur\u00eddica<\/h4>\n[table \u201c44\u201d not found \/]<br \/>\n\n<\/div>\n<div id=\"nav_tres\" class=\"tab-pane fade\" role=\"tabpanel\" aria-labelledby=\"nav_tab_tres\">\n<h4>Direcci\u00f3n de Atenci\u00f3n a Grupos Prioritarios y Proyectos Especiales<\/h4>\n[table \u201c45\u201d not found \/]<br \/>\n\n<\/div>\n<div id=\"nav_cuatro\" class=\"tab-pane fade\" role=\"tabpanel\" aria-labelledby=\"nav_tab_cuatro\">\n<h4>Recursos Humanos<\/h4>\n[table \u201c46\u201d not found \/]<br \/>\n\n<\/div>\n<div id=\"nav_cinco\" class=\"tab-pane fade\" role=\"tabpanel\" aria-labelledby=\"nav_tab_cinco\">\n<h4>Transparencia<\/h4>\n[table \u201c47\u201d not found \/]<br \/>\n\n<\/div>\n<\/div>\n","protected":false},"excerpt":{"rendered":"<p>Direcci\u00f3n Administrativa Unidad Jur\u00eddica Direcci\u00f3n de Atenci\u00f3n a Grupos Prioritarios y Proyectos Especiales Recursos Humanos Transparencia Direcci\u00f3n Administrativa Unidad Jur\u00eddica Direcci\u00f3n de Atenci\u00f3n a Grupos Prioritarios y Proyectos Especiales Recursos Humanos Transparencia<\/p>\n","protected":false},"author":31,"featured_media":0,"parent":0,"menu_order":0,"comment_status":"closed","ping_status":"closed","template":"","meta":{"episode_type":"","audio_file":"","podmotor_file_id":"","podmotor_episode_id":"","cover_image":"","cover_image_id":"","duration":"","filesize":"","filesize_raw":"","date_recorded":"","explicit":"","block":"","itunes_episode_number":"","itunes_title":"","itunes_season_number":"","itunes_episode_type":"","footnotes":""},"categories":[],"tags":[],"class_list":["post-7848","page","type-page","status-publish","hentry"],"acf":[],"publishpress_future_action":{"enabled":false,"date":"2026-05-20 12:35:03","action":"change-status","newStatus":"draft","terms":[],"taxonomy":"category","extraData":[]},"publishpress_future_workflow_manual_trigger":{"enabledWorkflows":[]},"_links":{"self":[{"href":"https:\/\/www.oaxaca.gob.mx\/sebienti\/wp-json\/wp\/v2\/pages\/7848","targetHints":{"allow":["GET"]}}],"collection":[{"href":"https:\/\/www.oaxaca.gob.mx\/sebienti\/wp-json\/wp\/v2\/pages"}],"about":[{"href":"https:\/\/www.oaxaca.gob.mx\/sebienti\/wp-json\/wp\/v2\/types\/page"}],"author":[{"embeddable":true,"href":"https:\/\/www.oaxaca.gob.mx\/sebienti\/wp-json\/wp\/v2\/users\/31"}],"replies":[{"embeddable":true,"href":"https:\/\/www.oaxaca.gob.mx\/sebienti\/wp-json\/wp\/v2\/comments?post=7848"}],"version-history":[{"count":40,"href":"https:\/\/www.oaxaca.gob.mx\/sebienti\/wp-json\/wp\/v2\/pages\/7848\/revisions"}],"predecessor-version":[{"id":7898,"href":"https:\/\/www.oaxaca.gob.mx\/sebienti\/wp-json\/wp\/v2\/pages\/7848\/revisions\/7898"}],"wp:attachment":[{"href":"https:\/\/www.oaxaca.gob.mx\/sebienti\/wp-json\/wp\/v2\/media?parent=7848"}],"wp:term":[{"taxonomy":"category","embeddable":true,"href":"https:\/\/www.oaxaca.gob.mx\/sebienti\/wp-json\/wp\/v2\/categories?post=7848"},{"taxonomy":"post_tag","embeddable":true,"href":"https:\/\/www.oaxaca.gob.mx\/sebienti\/wp-json\/wp\/v2\/tags?post=7848"}],"curies":[{"name":"wp","href":"https:\/\/api.w.org\/{rel}","templated":true}]}}