{"id":6756,"date":"2019-12-12T12:16:38","date_gmt":"2019-12-12T18:16:38","guid":{"rendered":"https:\/\/www.oaxaca.gob.mx\/sedesoh\/?page_id=6756"},"modified":"2020-07-08T00:47:55","modified_gmt":"2020-07-08T05:47:55","slug":"comite-de-etica","status":"publish","type":"page","link":"https:\/\/www.oaxaca.gob.mx\/sebienti\/%C3%89tica+e+Integridad+P%C3%BAblica\/","title":{"rendered":"\u00c9tica e Integridad P\u00fablica"},"content":{"rendered":"<nav>\n<div id=\"nav-tab\" class=\"nav nav-tabs\" role=\"tablist\"><\/div>\n<\/nav>\n<div id=\"nav-tabContent\" class=\"tab-content\"><\/div>\n<nav style=\"margin-bottom: 30px\">\n<div id=\"nav-tab\" class=\"nav nav-tabs\" role=\"tablist\"><a id=\"nav_tab_uno\" class=\"nav-item nav-link active\" style=\"font-size: 10px\" role=\"tab\" href=\"#nav_uno\" data-toggle=\"tab\">Integrantes del Comit\u00e9 de \u00c9tica<\/a><br \/>\n<a id=\"nav_tab_dos\" class=\"nav-item nav-link\" style=\"font-size: 10px\" role=\"tab\" href=\"#nav_dos\" data-toggle=\"tab\">Marco Jur\u00eddico<\/a><br \/>\n<a id=\"nav_tab_tres\" class=\"nav-item nav-link\" style=\"font-size: 10px\" role=\"tab\" href=\"#nav_tres\" data-toggle=\"tab\">Plan de Trabajo Anual<\/a><br \/>\n<a id=\"nav_tab_cuatro\" class=\"nav-item nav-link\" style=\"font-size: 10px\" role=\"tab\" href=\"#nav_cuatro\" data-toggle=\"tab\">Informe Anual de Trabajo<\/a><br \/>\n<a id=\"nav_tab_cinco\" class=\"nav-item nav-link\" style=\"font-size: 10px\" role=\"tab\" href=\"#nav_cinco\" data-toggle=\"tab\">Actas<\/a><br \/>\n<a id=\"nav_tab_seis\" class=\"nav-item nav-link\" style=\"font-size: 10px\" role=\"tab\" href=\"#nav_seis\" data-toggle=\"tab\">Acciones de Sensibilizaci\u00f3n<\/a><br \/>\n<a id=\"nav_tab_siete\" class=\"nav-item nav-link\" style=\"font-size: 10px\" role=\"tab\" href=\"#nav_siete\" data-toggle=\"tab\">C\u00f3digo de Conducta<\/a>\n<\/div>\n<\/nav>\n<div id=\"nav-tabContent\" class=\"tab-content\">\n<div id=\"nav_uno\" class=\"tab-pane fade show active\" role=\"tabpanel\" aria-labelledby=\"nav_tab_uno\">\n<h4>Integrantes del Comit\u00e9 de \u00c9tica<\/h4>\n\n<table id=\"tablepress-37\" class=\"tablepress tablepress-id-37\">\n<thead>\n<tr class=\"row-1\">\n\t<th class=\"column-1\">T\u00edtulo<\/th><th class=\"column-2\">Periodo<\/th><th class=\"column-3\">Descargar<\/th>\n<\/tr>\n<\/thead>\n<tbody class=\"row-striping row-hover\">\n<tr class=\"row-2\">\n\t<td class=\"column-1\">Integrantes del Comit\u00e9 de \u00c9tica<\/td><td class=\"column-2\">2019-2020<\/td><td class=\"column-3\"><a target=\"_blank\" href=\"https:\/\/www.oaxaca.gob.mx\/sebien\/wp-content\/uploads\/sites\/30\/2021\/03\/Integrantes-del-Comite-de-Etica-SEBIEN-.pdf\" rel=\"noopener noreferrer\"><i class=\"far fa-file-pdf fa-2x\">&nbsp;<\/i><\/a><\/td>\n<\/tr>\n<tr class=\"row-3\">\n\t<td class=\"column-1\">Integrantes del Comit\u00e9 de \u00c9tica<\/td><td class=\"column-2\">2021<\/td><td class=\"column-3\"><a target=\"_blank\" href=\"https:\/\/www.oaxaca.gob.mx\/sebien\/wp-content\/uploads\/sites\/30\/2021\/03\/INTEGRANTES-DEL-COMITE-DE-\u00b4ETICA-1.pdf\" rel=\"noopener noreferrer\"><i class=\"far fa-file-pdf fa-2x\">&nbsp;<\/i><\/a><\/td>\n<\/tr>\n<\/tbody>\n<\/table>\n<!-- #tablepress-37 from cache -->\n<\/div>\n<div id=\"nav_dos\" class=\"tab-pane fade\" role=\"tabpanel\" aria-labelledby=\"nav_tab_dos\">\n<h4>Marco Jur\u00eddico<\/h4>\n\n<table id=\"tablepress-35\" class=\"tablepress tablepress-id-35\">\n<thead>\n<tr class=\"row-1\">\n\t<th class=\"column-1\">T\u00edtulo<\/th><th class=\"column-2\">Periodo<\/th><th class=\"column-3\">Descargar<\/th>\n<\/tr>\n<\/thead>\n<tbody class=\"row-striping row-hover\">\n<tr class=\"row-2\">\n\t<td class=\"column-1\">Acuerdo por el que se expide el C\u00f3digo de \u00c9tica para Servidoras y Servidores P\u00fablicos-del Poder Ejecutivo del Estado de Oaxaca<\/td><td class=\"column-2\">2019<\/td><td class=\"column-3\"><a target=\"_blank\" href=\"https:\/\/www.oaxaca.gob.mx\/sedesoh\/wp-content\/uploads\/sites\/30\/2020\/03\/CODIGO-DE-CONDUCTA.pdf\" rel=\"noopener noreferrer\"><i class=\"far fa-file-pdf fa-2x\">&nbsp;<\/i><\/a><\/td>\n<\/tr>\n<tr class=\"row-3\">\n\t<td class=\"column-1\">Acuerdo por el que se emiten los Lineamientos Generales del C\u00f3digo de \u00c9tica para Servidoras y Servidores P\u00fablicos del Poder Ejecutivo del Estado de Oaxaca<\/td><td class=\"column-2\">2019<\/td><td class=\"column-3\"><a target=\"_blank\" href=\"https:\/\/www.oaxaca.gob.mx\/sebien\/wp-content\/uploads\/sites\/30\/2020\/07\/Acuerdo-por-el-que-se-emiten-los-Lineamientos-Generales-del-C\u00f3digo-de-\u00c9tica-para-Servidoras-y-Servidores-P\u00fablicos-del-Poder-Ejecutivo-del-Estado-de-Oaxaca.pdf\" rel=\"noopener noreferrer\"><i class=\"far fa-file-pdf fa-2x\">&nbsp;<\/i><\/a><\/td>\n<\/tr>\n<tr class=\"row-4\">\n\t<td class=\"column-1\">Acuerdo por el que se emiten las Reglas de Integridad para Servidoras y Servidores P\u00fablicos del Poder Ejecutivo del Estado de Oaxaca<\/td><td class=\"column-2\">2019<\/td><td class=\"column-3\"><a target=\"_blank\" href=\"https:\/\/www.oaxaca.gob.mx\/sebien\/wp-content\/uploads\/sites\/30\/2020\/07\/Acuerdo-por-el-que-se-emiten-las-Reglas-de-Integridad-para-Servidoras-y-Servidores-P\u00fablicos-del-Poder-Ejecutivo-del-Estado-de-Oaxaca.pdf\" rel=\"noopener noreferrer\"><i class=\"far fa-file-pdf fa-2x\">&nbsp;<\/i><\/a><\/td>\n<\/tr>\n<\/tbody>\n<\/table>\n<!-- #tablepress-35 from cache -->\n<\/div>\n<div id=\"nav_tres\" class=\"tab-pane fade\" role=\"tabpanel\" aria-labelledby=\"nav_tab_tres\">\n<h4>Plan de Trabajo Anual<\/h4>\n\n<table id=\"tablepress-36\" class=\"tablepress tablepress-id-36\">\n<thead>\n<tr class=\"row-1\">\n\t<th class=\"column-1\">T\u00edtulo<\/th><th class=\"column-2\">Periodo<\/th><th class=\"column-3\">Descargar<\/th>\n<\/tr>\n<\/thead>\n<tbody class=\"row-striping row-hover\">\n<tr class=\"row-2\">\n\t<td class=\"column-1\">Plan Anual de Trabajo<\/td><td class=\"column-2\">2020<\/td><td class=\"column-3\"><a target=\"_blank\" href=\"https:\/\/www.oaxaca.gob.mx\/sebien\/wp-content\/uploads\/sites\/30\/2020\/07\/PROGRAMA-ANUAL-DE-TRABAJO-DEL-COMIT\u00c9-DE-\u00c9TICA-2020-SEDESOH.pdf\" rel=\"noopener noreferrer\"><i class=\"far fa-file-pdf fa-2x\">&nbsp;<\/i><\/a><\/td>\n<\/tr>\n<tr class=\"row-3\">\n\t<td class=\"column-1\">Plan Anual de Trabajo<\/td><td class=\"column-2\">2021<\/td><td class=\"column-3\"><a target=\"_blank\" href=\"https:\/\/www.oaxaca.gob.mx\/sebien\/wp-content\/uploads\/sites\/30\/2021\/03\/PLAN-ANUAL-DE-TRABAJO-DEL-COMITE-DE-ETICA-2021-SEBIEN.pdf\" rel=\"noopener noreferrer\"><i class=\"far fa-file-pdf fa-2x\">&nbsp;<\/i><\/a><\/td>\n<\/tr>\n<\/tbody>\n<\/table>\n<!-- #tablepress-36 from cache -->\n<\/div>\n<div id=\"nav_cuatro\" class=\"tab-pane fade\" role=\"tabpanel\" aria-labelledby=\"nav_tab_cuatro\">\n<h4>Informe Anual de Trabajo<\/h4>\n\n<table id=\"tablepress-38\" class=\"tablepress tablepress-id-38\">\n<thead>\n<tr class=\"row-1\">\n\t<th class=\"column-1\">T\u00edtulo<\/th><th class=\"column-2\">Periodo<\/th><th class=\"column-3\">Descargar<\/th>\n<\/tr>\n<\/thead>\n<tbody class=\"row-striping row-hover\">\n<tr class=\"row-2\">\n\t<td class=\"column-1\">Informe Anual de Actividades<\/td><td class=\"column-2\">2019<\/td><td class=\"column-3\"><a target=\"_blank\" href=\"https:\/\/www.oaxaca.gob.mx\/sebien\/wp-content\/uploads\/sites\/30\/2020\/07\/INFORME-ANUAL-DE-ACTIVIDADES.pdf\" rel=\"noopener noreferrer\"><i class=\"far fa-file-pdf fa-2x\">&nbsp;<\/i><\/a><\/td>\n<\/tr>\n<\/tbody>\n<\/table>\n<!-- #tablepress-38 from cache -->\n<\/div>\n<div id=\"nav_cinco\" class=\"tab-pane fade\" role=\"tabpanel\" aria-labelledby=\"nav_tab_cinco\">\n<h4>Actas<\/h4>\n\n<table id=\"tablepress-40\" class=\"tablepress tablepress-id-40\">\n<thead>\n<tr class=\"row-1\">\n\t<th class=\"column-1\">T\u00edtulo<\/th><th class=\"column-2\">Periodo<\/th><th class=\"column-3\">Descargar<\/th>\n<\/tr>\n<\/thead>\n<tbody class=\"row-striping row-hover\">\n<tr class=\"row-2\">\n\t<td class=\"column-1\">Acta de Integraci\u00f3n<\/td><td class=\"column-2\">2019<\/td><td class=\"column-3\"><a target=\"_blank\" href=\"https:\/\/www.oaxaca.gob.mx\/sebien\/wp-content\/uploads\/sites\/30\/2020\/07\/ACTA-DE-INTEGRACI\u00d3N.pdf\" rel=\"noopener noreferrer\"><i class=\"far fa-file-pdf fa-2x\">&nbsp;<\/i><\/a><\/td>\n<\/tr>\n<tr class=\"row-3\">\n\t<td class=\"column-1\">Acta de Primera Sesi\u00f3n<\/td><td class=\"column-2\">2019<\/td><td class=\"column-3\"><a target=\"_blank\" href=\"https:\/\/www.oaxaca.gob.mx\/sebien\/wp-content\/uploads\/sites\/30\/2020\/07\/acta-primera-sesi\u00f3n.pdf\" rel=\"noopener noreferrer\"><i class=\"far fa-file-pdf fa-2x\">&nbsp;<\/i><\/a><\/td>\n<\/tr>\n<tr class=\"row-4\">\n\t<td class=\"column-1\">Acta de Segunda Sesi\u00f3n<\/td><td class=\"column-2\">2019<\/td><td class=\"column-3\"><a target=\"_blank\" href=\"https:\/\/www.oaxaca.gob.mx\/sebien\/wp-content\/uploads\/sites\/30\/2020\/07\/acta-segunda-sesi\u00f3n.pdf\" rel=\"noopener noreferrer\"><i class=\"far fa-file-pdf fa-2x\">&nbsp;<\/i><\/a><\/td>\n<\/tr>\n<tr class=\"row-5\">\n\t<td class=\"column-1\">Acta de Primera Sesi\u00f3n extraodinariia<\/td><td class=\"column-2\">2019<\/td><td class=\"column-3\"><a target=\"_blank\" href=\"https:\/\/www.oaxaca.gob.mx\/sebien\/wp-content\/uploads\/sites\/30\/2020\/07\/acta-1a.-extraordinaria-comit\u00e9-de-\u00e9tica.pdf\" rel=\"noopener noreferrer\"><i class=\"far fa-file-pdf fa-2x\">&nbsp;<\/i><\/a><\/td>\n<\/tr>\n<tr class=\"row-6\">\n\t<td class=\"column-1\">Acta de Tercera Sesi\u00f3n<\/td><td class=\"column-2\">2019<\/td><td class=\"column-3\"><a target=\"_blank\" href=\"https:\/\/www.oaxaca.gob.mx\/sebien\/wp-content\/uploads\/sites\/30\/2020\/07\/acta-tercera-sesi\u00f3n.pdf\" rel=\"noopener noreferrer\"><i class=\"far fa-file-pdf fa-2x\">&nbsp;<\/i><\/a><\/td>\n<\/tr>\n<tr class=\"row-7\">\n\t<td class=\"column-1\">Acta de Instalaci\u00f3n SEBIEN Comit\u00e9 de \u00e9tica 2020<\/td><td class=\"column-2\">2020<\/td><td class=\"column-3\"><a target=\"_blank\" href=\"https:\/\/www.oaxaca.gob.mx\/sebien\/wp-content\/uploads\/sites\/30\/2021\/03\/ACTA-DE-INSTALACION-SEBIEN-COMITE-DE-ETICA-20203.pdf\" rel=\"noopener noreferrer\"><i class=\"far fa-file-pdf fa-2x\">&nbsp;<\/i><\/a><\/td>\n<\/tr>\n<tr class=\"row-8\">\n\t<td class=\"column-1\">Acta de Primera Sesi\u00f3n<\/td><td class=\"column-2\">2020<\/td><td class=\"column-3\"><a target=\"_blank\" href=\"https:\/\/www.oaxaca.gob.mx\/sebien\/wp-content\/uploads\/sites\/30\/2020\/07\/acta-de-1-sesion.pdf\" rel=\"noopener noreferrer\"><i class=\"far fa-file-pdf fa-2x\">&nbsp;<\/i><\/a><\/td>\n<\/tr>\n<tr class=\"row-9\">\n\t<td class=\"column-1\">Acta de la Segunda Sesi\u00f3n<\/td><td class=\"column-2\">2020<\/td><td class=\"column-3\"><a target=\"_blank\" href=\"https:\/\/www.oaxaca.gob.mx\/sebien\/wp-content\/uploads\/sites\/30\/2021\/03\/2a-sesion-ordinaria-2020.pdf\" rel=\"noopener noreferrer\"><i class=\"far fa-file-pdf fa-2x\">&nbsp;<\/i><\/a><\/td>\n<\/tr>\n<tr class=\"row-10\">\n\t<td class=\"column-1\">Acta de la Tercera Sesi\u00f3n<\/td><td class=\"column-2\">2020<\/td><td class=\"column-3\"><a target=\"_blank\" href=\"https:\/\/www.oaxaca.gob.mx\/sebien\/wp-content\/uploads\/sites\/30\/2021\/03\/3era-sesion-ordinaria-2020.pdf\" rel=\"noopener noreferrer\"><i class=\"far fa-file-pdf fa-2x\">&nbsp;<\/i><\/a><\/td>\n<\/tr>\n<tr class=\"row-11\">\n\t<td class=\"column-1\">Acta de Primera Sesi\u00f3n<\/td><td class=\"column-2\">2021<\/td><td class=\"column-3\"><a target=\"_blank\" href=\"https:\/\/www.oaxaca.gob.mx\/sebien\/wp-content\/uploads\/sites\/30\/2021\/03\/1ERRA-SESION-2021.pdf\" rel=\"noopener noreferrer\"><i class=\"far fa-file-pdf fa-2x\">&nbsp;<\/i><\/a><\/td>\n<\/tr>\n<tr class=\"row-12\">\n\t<td class=\"column-1\">Acta de Instalaci\u00f3n del Comit\u00e9 de \u00c9tica<\/td><td class=\"column-2\">2023<\/td><td class=\"column-3\"><a target=\"_blank\" href=\"https:\/\/www.oaxaca.gob.mx\/sebienti\/wp-content\/uploads\/sites\/30\/2023\/04\/ACTA-DE-INSTALACION-2023.pdf\" rel=\"noopener noreferrer\"><i class=\"far fa-file-pdf fa-2x\">&nbsp;<\/i><\/a><\/td>\n<\/tr>\n<tr class=\"row-13\">\n\t<td class=\"column-1\">Acta de Primera Sesi\u00f3n Extraordinaria<\/td><td class=\"column-2\">2023<\/td><td class=\"column-3\"><a target=\"_blank\" href=\"https:\/\/www.oaxaca.gob.mx\/sebienti\/wp-content\/uploads\/sites\/30\/2023\/04\/1a-SESION-EXTRAORDINARIA-2023.pdf\" rel=\"noopener noreferrer\"><i class=\"far fa-file-pdf fa-2x\">&nbsp;<\/i><\/a><\/td>\n<\/tr>\n<\/tbody>\n<\/table>\n<!-- #tablepress-40 from cache -->\n<\/div>\n<div id=\"nav_seis\" class=\"tab-pane fade\" role=\"tabpanel\" aria-labelledby=\"nav_tab_seis\">\n<h4>Acciones de Sensibilizaci\u00f3n<\/h4>\n\n<table id=\"tablepress-41\" class=\"tablepress tablepress-id-41\">\n<thead>\n<tr class=\"row-1\">\n\t<th class=\"column-1\">T\u00edtulo<\/th><th class=\"column-2\">Periodo<\/th><th class=\"column-3\">Descargar<\/th>\n<\/tr>\n<\/thead>\n<tbody class=\"row-striping row-hover\">\n<tr class=\"row-2\">\n\t<td class=\"column-1\">Acciones de Sensibilizaci\u00f3n<\/td><td class=\"column-2\">2019<\/td><td class=\"column-3\"><a target=\"_blank\" href=\"https:\/\/www.oaxaca.gob.mx\/sebien\/wp-content\/uploads\/sites\/30\/2020\/06\/6.pdf\" rel=\"noopener noreferrer\"><i class=\"far fa-file-pdf fa-2x\">&nbsp;<\/i><\/a><\/td>\n<\/tr>\n<\/tbody>\n<\/table>\n<!-- #tablepress-41 from cache -->\n<\/div>\n<div id=\"nav_siete\" class=\"tab-pane fade\" role=\"tabpanel\" aria-labelledby=\"nav_tab_tres\">\n<h4>C\u00d3DIGO DE CONDUCTA<\/h4>\n\n<table id=\"tablepress-42\" class=\"tablepress tablepress-id-42\">\n<thead>\n<tr class=\"row-1\">\n\t<th class=\"column-1\">T\u00edtulo<\/th><th class=\"column-2\">Periodo<\/th><th class=\"column-3\">Descargar<\/th>\n<\/tr>\n<\/thead>\n<tbody class=\"row-striping row-hover\">\n<tr class=\"row-2\">\n\t<td class=\"column-1\">C\u00f3digo de Conducta<\/td><td class=\"column-2\">2019<\/td><td class=\"column-3\"><a target=\"_blank\" href=\"https:\/\/www.oaxaca.gob.mx\/sebien\/wp-content\/uploads\/sites\/30\/2020\/07\/CODIGO-DE-CONDUCTA-SEBIEN.pdf\" rel=\"noopener noreferrer\"><i class=\"far fa-file-pdf fa-2x\">&nbsp;<\/i><\/a><\/td>\n<\/tr>\n<tr class=\"row-3\">\n\t<td class=\"column-1\"><\/td><td class=\"column-2\"><\/td><td class=\"column-3\"><\/td>\n<\/tr>\n<tr class=\"row-4\">\n\t<td class=\"column-1\"><\/td><td class=\"column-2\"><\/td><td class=\"column-3\"><\/td>\n<\/tr>\n<\/tbody>\n<\/table>\n<!-- #tablepress-42 from cache -->\n<\/div>\n<\/div>\n","protected":false},"excerpt":{"rendered":"<p>Integrantes del Comit\u00e9 de \u00c9tica Marco Jur\u00eddico Plan de Trabajo Anual Informe Anual de Trabajo Actas Acciones de Sensibilizaci\u00f3n C\u00f3digo de Conducta Integrantes del Comit\u00e9 de \u00c9tica Marco Jur\u00eddico Plan de Trabajo Anual Informe Anual de Trabajo Actas Acciones de Sensibilizaci\u00f3n C\u00d3DIGO DE CONDUCTA<\/p>\n","protected":false},"author":31,"featured_media":0,"parent":0,"menu_order":0,"comment_status":"closed","ping_status":"closed","template":"","meta":{"episode_type":"","audio_file":"","podmotor_file_id":"","podmotor_episode_id":"","cover_image":"","cover_image_id":"","duration":"","filesize":"","filesize_raw":"","date_recorded":"","explicit":"","block":"","itunes_episode_number":"","itunes_title":"","itunes_season_number":"","itunes_episode_type":"","footnotes":""},"categories":[],"tags":[],"class_list":["post-6756","page","type-page","status-publish","hentry"],"acf":[],"publishpress_future_action":{"enabled":false,"date":"2026-05-16 07:06:19","action":"change-status","newStatus":"draft","terms":[],"taxonomy":"category","extraData":[]},"publishpress_future_workflow_manual_trigger":{"enabledWorkflows":[]},"_links":{"self":[{"href":"https:\/\/www.oaxaca.gob.mx\/sebienti\/wp-json\/wp\/v2\/pages\/6756","targetHints":{"allow":["GET"]}}],"collection":[{"href":"https:\/\/www.oaxaca.gob.mx\/sebienti\/wp-json\/wp\/v2\/pages"}],"about":[{"href":"https:\/\/www.oaxaca.gob.mx\/sebienti\/wp-json\/wp\/v2\/types\/page"}],"author":[{"embeddable":true,"href":"https:\/\/www.oaxaca.gob.mx\/sebienti\/wp-json\/wp\/v2\/users\/31"}],"replies":[{"embeddable":true,"href":"https:\/\/www.oaxaca.gob.mx\/sebienti\/wp-json\/wp\/v2\/comments?post=6756"}],"version-history":[{"count":16,"href":"https:\/\/www.oaxaca.gob.mx\/sebienti\/wp-json\/wp\/v2\/pages\/6756\/revisions"}],"predecessor-version":[{"id":7162,"href":"https:\/\/www.oaxaca.gob.mx\/sebienti\/wp-json\/wp\/v2\/pages\/6756\/revisions\/7162"}],"wp:attachment":[{"href":"https:\/\/www.oaxaca.gob.mx\/sebienti\/wp-json\/wp\/v2\/media?parent=6756"}],"wp:term":[{"taxonomy":"category","embeddable":true,"href":"https:\/\/www.oaxaca.gob.mx\/sebienti\/wp-json\/wp\/v2\/categories?post=6756"},{"taxonomy":"post_tag","embeddable":true,"href":"https:\/\/www.oaxaca.gob.mx\/sebienti\/wp-json\/wp\/v2\/tags?post=6756"}],"curies":[{"name":"wp","href":"https:\/\/api.w.org\/{rel}","templated":true}]}}