{"id":6251,"date":"2019-09-17T13:00:30","date_gmt":"2019-09-17T18:00:30","guid":{"rendered":"https:\/\/www.oaxaca.gob.mx\/sedesoh\/?page_id=6251"},"modified":"2019-12-12T12:15:39","modified_gmt":"2019-12-12T18:15:39","slug":"cocoi","status":"publish","type":"page","link":"https:\/\/www.oaxaca.gob.mx\/sebienti\/comite-de-control-interno\/","title":{"rendered":"COCOI"},"content":{"rendered":"<p style=\"text-align: center\"><h2 id=\"tablepress-31-name\" class=\"tablepress-table-name tablepress-table-name-id-31\">Comit\u00e9 de Control Interno de la Secretar\u00eda de Bienestar, Tequio e Inclusi\u00f3n.<\/h2>\n\n<table id=\"tablepress-31\" class=\"tablepress tablepress-id-31\" aria-labelledby=\"tablepress-31-name\">\n<thead>\n<tr class=\"row-1\">\n\t<th class=\"column-1\">T\u00edtulo<\/th><th class=\"column-2\">Periodo<\/th><th class=\"column-3\">Descargar<\/th>\n<\/tr>\n<\/thead>\n<tbody class=\"row-striping row-hover\">\n<tr class=\"row-2\">\n\t<td class=\"column-1\">Acta de Instalaci\u00f3n<\/td><td class=\"column-2\">2017<\/td><td class=\"column-3\"><a target=\"_blank\" href=\"https:\/\/www.oaxaca.gob.mx\/sebien\/wp-content\/uploads\/sites\/30\/2021\/09\/9.-Acta-de-Instalacion-de-Comite-del-Control-Interno.pdf\" rel=\"noopener noreferrer\"><i class=\"far fa-file-pdf fa-2x\">&nbsp;<\/i><\/a><\/td>\n<\/tr>\n<tr class=\"row-3\">\n\t<td class=\"column-1\">1\u00aa Sesi\u00f3n Ordinaria<\/td><td class=\"column-2\">2019<\/td><td class=\"column-3\"><a target=\"_blank\" href=\"https:\/\/www.oaxaca.gob.mx\/sedesoh\/wp-content\/uploads\/sites\/30\/2019\/09\/2019.pdf\" rel=\"noopener noreferrer\"><i class=\"far fa-file-pdf fa-2x\">&nbsp;<\/i><\/a><\/td>\n<\/tr>\n<tr class=\"row-4\">\n\t<td class=\"column-1\">2\u00aa Sesi\u00f3n Ordinaria<\/td><td class=\"column-2\">2019<\/td><td class=\"column-3\"><a target=\"_blank\" href=\"https:\/\/www.oaxaca.gob.mx\/sedesoh\/wp-content\/uploads\/sites\/30\/2019\/09\/2019-1.pdf\" rel=\"noopener noreferrer\"><i class=\"far fa-file-pdf fa-2x\">&nbsp;<\/i><\/a><\/td>\n<\/tr>\n<tr class=\"row-5\">\n\t<td class=\"column-1\">3\u00aa Sesi\u00f3n Ordinaria<\/td><td class=\"column-2\">2019<\/td><td class=\"column-3\"><a target=\"_blank\" href=\"https:\/\/www.oaxaca.gob.mx\/sedesoh\/wp-content\/uploads\/sites\/30\/2019\/09\/2019-2.pdf\" rel=\"noopener noreferrer\"><i class=\"far fa-file-pdf fa-2x\">&nbsp;<\/i><\/a><\/td>\n<\/tr>\n<tr class=\"row-6\">\n\t<td class=\"column-1\">4\u00aa Sesi\u00f3n Ordinaria<\/td><td class=\"column-2\">2019<\/td><td class=\"column-3\"><a target=\"_blank\" href=\"https:\/\/www.oaxaca.gob.mx\/sedesoh\/wp-content\/uploads\/sites\/30\/2020\/01\/acta-cuarta-sesion.pdf\" rel=\"noopener noreferrer\"><i class=\"far fa-file-pdf fa-2x\">&nbsp;<\/i><\/a><\/td>\n<\/tr>\n<tr class=\"row-7\">\n\t<td class=\"column-1\">Evaluaci\u00f3n de CI<\/td><td class=\"column-2\">2019<\/td><td class=\"column-3\"><a target=\"_blank\" href=\"https:\/\/www.oaxaca.gob.mx\/sebien\/wp-content\/uploads\/sites\/30\/2020\/10\/AcuseEVALSCISEDESOH-1.pdf\" rel=\"noopener noreferrer\"><i class=\"far fa-file-pdf fa-2x\">&nbsp;<\/i><\/a><\/td>\n<\/tr>\n<tr class=\"row-8\">\n\t<td class=\"column-1\">Evaluaci\u00f3n de CI<\/td><td class=\"column-2\">2020<\/td><td class=\"column-3\"><a target=\"_blank\" href=\"https:\/\/www.oaxaca.gob.mx\/sebien\/wp-content\/uploads\/sites\/30\/2021\/04\/Acuse-Evaluacion-CI.pdf\" rel=\"noopener noreferrer\"><i class=\"far fa-file-pdf fa-2x\">&nbsp;<\/i><\/a><\/td>\n<\/tr>\n<tr class=\"row-9\">\n\t<td class=\"column-1\">1\u00aa Sesi\u00f3n Ordinaria<\/td><td class=\"column-2\">2020<\/td><td class=\"column-3\"><a target=\"_blank\" href=\"https:\/\/www.oaxaca.gob.mx\/sebien\/wp-content\/uploads\/sites\/30\/2020\/12\/ACTA-PRIMERA-SESION-2020-COCOI.pdf\" rel=\"noopener noreferrer\"><i class=\"far fa-file-pdf fa-2x\">&nbsp;<\/i><\/a><\/td>\n<\/tr>\n<tr class=\"row-10\">\n\t<td class=\"column-1\">2da. Sesi\u00f3n Ordinaria<\/td><td class=\"column-2\">2020<\/td><td class=\"column-3\"><a target=\"_blank\" href=\"https:\/\/www.oaxaca.gob.mx\/sebien\/wp-content\/uploads\/sites\/30\/2021\/06\/2da-sesion-ordinaria-2020.pdf\" rel=\"noopener noreferrer\"><i class=\"far fa-file-pdf fa-2x\">&nbsp;<\/i><\/a><\/td>\n<\/tr>\n<tr class=\"row-11\">\n\t<td class=\"column-1\">1\u00aa Sesi\u00f3n Ordinaria<\/td><td class=\"column-2\">2021<\/td><td class=\"column-3\"><a target=\"_blank\" href=\"https:\/\/www.oaxaca.gob.mx\/sebien\/wp-content\/uploads\/sites\/30\/2021\/06\/1ra-sesion-ordinaria-2021.pdf\" rel=\"noopener noreferrer\"><i class=\"far fa-file-pdf fa-2x\">&nbsp;<\/i><\/a><\/td>\n<\/tr>\n<tr class=\"row-12\">\n\t<td class=\"column-1\">2\u00aa Sesi\u00f3n Ordinaria<\/td><td class=\"column-2\">2021<\/td><td class=\"column-3\"><a target=\"_blank\" href=\"https:\/\/www.oaxaca.gob.mx\/sebien\/wp-content\/uploads\/sites\/30\/2021\/08\/2da-sesion-ordinaria-2021.pdf\" rel=\"noopener noreferrer\"><i class=\"far fa-file-pdf fa-2x\">&nbsp;<\/i><\/a><\/td>\n<\/tr>\n<tr class=\"row-13\">\n\t<td class=\"column-1\">Evaluaci\u00f3n de CI<\/td><td class=\"column-2\">2021<\/td><td class=\"column-3\"><a target=\"_blank\" href=\"https:\/\/www.oaxaca.gob.mx\/sebienti\/wp-content\/uploads\/sites\/30\/2023\/03\/2021.pdf\" rel=\"noopener noreferrer\"><i class=\"far fa-file-pdf fa-2x\">&nbsp;<\/i><\/a><\/td>\n<\/tr>\n<tr class=\"row-14\">\n\t<td class=\"column-1\">3\u00aa Sesi\u00f3n Ordinaria<\/td><td class=\"column-2\">2021<\/td><td class=\"column-3\"><a target=\"_blank\" href=\"https:\/\/www.oaxaca.gob.mx\/sebien\/wp-content\/uploads\/sites\/30\/2021\/10\/acta-3ra-sesion-2021.pdf\" rel=\"noopener noreferrer\"><i class=\"far fa-file-pdf fa-2x\">&nbsp;<\/i><\/a><\/td>\n<\/tr>\n<tr class=\"row-15\">\n\t<td class=\"column-1\">4\u00aa Sesi\u00f3n Ordinaria<\/td><td class=\"column-2\">2021<\/td><td class=\"column-3\"><a target=\"_blank\" href=\"https:\/\/www.oaxaca.gob.mx\/sebien\/wp-content\/uploads\/sites\/30\/2022\/01\/acta-4ta-sesion.pdf\" rel=\"noopener noreferrer\"><i class=\"far fa-file-pdf fa-2x\">&nbsp;<\/i><\/a><\/td>\n<\/tr>\n<tr class=\"row-16\">\n\t<td class=\"column-1\">1\u00aa Sesi\u00f3n Ordinaria<\/td><td class=\"column-2\">2022<\/td><td class=\"column-3\"><a target=\"_blank\" href=\"https:\/\/www.oaxaca.gob.mx\/sebien\/wp-content\/uploads\/sites\/30\/2022\/03\/primera-sesion-cocoi-2022.pdf\" rel=\"noopener noreferrer\"><i class=\"far fa-file-pdf fa-2x\">&nbsp;<\/i><\/a><\/td>\n<\/tr>\n<tr class=\"row-17\">\n\t<td class=\"column-1\">2da. Sesi\u00f3n Ordinaria<\/td><td class=\"column-2\">2022<\/td><td class=\"column-3\"><a target=\"_blank\" href=\"https:\/\/www.oaxaca.gob.mx\/sebien\/wp-content\/uploads\/sites\/30\/2022\/07\/ACTASEBIEN2ORD2022.pdf\" rel=\"noopener noreferrer\"><i class=\"far fa-file-pdf fa-2x\">&nbsp;<\/i><\/a><\/td>\n<\/tr>\n<tr class=\"row-18\">\n\t<td class=\"column-1\">3\u00aa Sesi\u00f3n Ordinaria<\/td><td class=\"column-2\">2022<\/td><td class=\"column-3\"><a target=\"_blank\" href=\"https:\/\/www.oaxaca.gob.mx\/sebien\/wp-content\/uploads\/sites\/30\/2022\/10\/acta-de-la-tercera-sesion.pdf\" rel=\"noopener noreferrer\"><i class=\"far fa-file-pdf fa-2x\">&nbsp;<\/i><\/a><\/td>\n<\/tr>\n<tr class=\"row-19\">\n\t<td class=\"column-1\">Evaluaci\u00f3n de CI<\/td><td class=\"column-2\">2022<\/td><td class=\"column-3\"><a target=\"_blank\" href=\"https:\/\/www.oaxaca.gob.mx\/sebienti\/wp-content\/uploads\/sites\/30\/2023\/03\/2022.pdf\" rel=\"noopener noreferrer\"><i class=\"far fa-file-pdf fa-2x\">&nbsp;<\/i><\/a><\/td>\n<\/tr>\n<tr class=\"row-20\">\n\t<td class=\"column-1\">4\u00aa Sesi\u00f3n Ordinaria<\/td><td class=\"column-2\">2022<\/td><td class=\"column-3\"><a target=\"_blank\" href=\"https:\/\/www.oaxaca.gob.mx\/sebien\/wp-content\/uploads\/sites\/30\/2022\/11\/acta-de-la-4-sesion-del-comite-de-control-interno.pdf\" rel=\"noopener noreferrer\"><i class=\"far fa-file-pdf fa-2x\">&nbsp;<\/i><\/a><\/td>\n<\/tr>\n<tr class=\"row-21\">\n\t<td class=\"column-1\">1\u00aa Sesi\u00f3n Extraordinaria<\/td><td class=\"column-2\">2023<\/td><td class=\"column-3\"><a target=\"_blank\" href=\"https:\/\/www.oaxaca.gob.mx\/sebienti\/wp-content\/uploads\/sites\/30\/2023\/03\/ACTA-PRIMERA-SESION-EXTRAORDINARIA.pdf\" rel=\"noopener noreferrer\"><i class=\"far fa-file-pdf fa-2x\">&nbsp;<\/i><\/a><\/td>\n<\/tr>\n<tr class=\"row-22\">\n\t<td class=\"column-1\">1\u00aa Sesi\u00f3n Ordinaria<\/td><td class=\"column-2\">2023<\/td><td class=\"column-3\"><a target=\"_blank\" href=\"https:\/\/www.oaxaca.gob.mx\/sebienti\/wp-content\/uploads\/sites\/30\/2023\/04\/PRIMERA-SESION-COCOI-2023.pdf\" rel=\"noopener noreferrer\"><i class=\"far fa-file-pdf fa-2x\">&nbsp;<\/i><\/a><\/td>\n<\/tr>\n<tr class=\"row-23\">\n\t<td class=\"column-1\">2da. Sesi\u00f3n Ordinaria<\/td><td class=\"column-2\">2023<\/td><td class=\"column-3\"><a target=\"_blank\" href=\"https:\/\/www.oaxaca.gob.mx\/sebienti\/wp-content\/uploads\/sites\/30\/2023\/08\/ACTA-DE-LA-2DA-SESION-ORD-DE-COCOI-2023-VP.pdf\" rel=\"noopener noreferrer\"><i class=\"far fa-file-pdf fa-2x\">&nbsp;<\/i><\/a><\/td>\n<\/tr>\n<tr class=\"row-24\">\n\t<td class=\"column-1\">1\u00aa Sesi\u00f3n Ordinaria<\/td><td class=\"column-2\">2024<\/td><td class=\"column-3\"><\/td>\n<\/tr>\n<tr class=\"row-25\">\n\t<td class=\"column-1\">2\u00aa Sesi\u00f3n Ordinaria<\/td><td class=\"column-2\">2024<\/td><td class=\"column-3\"><a target=\"_blank\" href=\"https:\/\/www.oaxaca.gob.mx\/sebienti\/wp-content\/uploads\/sites\/30\/2024\/06\/ACta-segunda-sesion-2024-con-firmas.pdf\" rel=\"noopener noreferrer\"><i class=\"far fa-file-pdf fa-2x\">&nbsp;<\/i><\/a><\/td>\n<\/tr>\n<tr class=\"row-26\">\n\t<td class=\"column-1\">3\u00aa Sesi\u00f3n Ordinaria<\/td><td class=\"column-2\">2024<\/td><td class=\"column-3\"><a target=\"_blank\" href=\"https:\/\/www.oaxaca.gob.mx\/sebienti\/wp-content\/uploads\/sites\/30\/2024\/09\/Acta-tercera-sesion-cocoi.pdf\" rel=\"noopener noreferrer\"><i class=\"far fa-file-pdf fa-2x\">&nbsp;<\/i><\/a><\/td>\n<\/tr>\n<\/tbody>\n<\/table>\n<!-- #tablepress-31 from cache -->\n","protected":false},"excerpt":{"rendered":"","protected":false},"author":31,"featured_media":0,"parent":0,"menu_order":0,"comment_status":"closed","ping_status":"closed","template":"","meta":{"episode_type":"","audio_file":"","podmotor_file_id":"","podmotor_episode_id":"","cover_image":"","cover_image_id":"","duration":"","filesize":"","filesize_raw":"","date_recorded":"","explicit":"","block":"","itunes_episode_number":"","itunes_title":"","itunes_season_number":"","itunes_episode_type":"","footnotes":""},"categories":[],"tags":[],"class_list":["post-6251","page","type-page","status-publish","hentry"],"acf":[],"publishpress_future_action":{"enabled":false,"date":"2026-05-12 21:57:14","action":"change-status","newStatus":"draft","terms":[],"taxonomy":"category","extraData":[]},"publishpress_future_workflow_manual_trigger":{"enabledWorkflows":[]},"_links":{"self":[{"href":"https:\/\/www.oaxaca.gob.mx\/sebienti\/wp-json\/wp\/v2\/pages\/6251","targetHints":{"allow":["GET"]}}],"collection":[{"href":"https:\/\/www.oaxaca.gob.mx\/sebienti\/wp-json\/wp\/v2\/pages"}],"about":[{"href":"https:\/\/www.oaxaca.gob.mx\/sebienti\/wp-json\/wp\/v2\/types\/page"}],"author":[{"embeddable":true,"href":"https:\/\/www.oaxaca.gob.mx\/sebienti\/wp-json\/wp\/v2\/users\/31"}],"replies":[{"embeddable":true,"href":"https:\/\/www.oaxaca.gob.mx\/sebienti\/wp-json\/wp\/v2\/comments?post=6251"}],"version-history":[{"count":5,"href":"https:\/\/www.oaxaca.gob.mx\/sebienti\/wp-json\/wp\/v2\/pages\/6251\/revisions"}],"predecessor-version":[{"id":6759,"href":"https:\/\/www.oaxaca.gob.mx\/sebienti\/wp-json\/wp\/v2\/pages\/6251\/revisions\/6759"}],"wp:attachment":[{"href":"https:\/\/www.oaxaca.gob.mx\/sebienti\/wp-json\/wp\/v2\/media?parent=6251"}],"wp:term":[{"taxonomy":"category","embeddable":true,"href":"https:\/\/www.oaxaca.gob.mx\/sebienti\/wp-json\/wp\/v2\/categories?post=6251"},{"taxonomy":"post_tag","embeddable":true,"href":"https:\/\/www.oaxaca.gob.mx\/sebienti\/wp-json\/wp\/v2\/tags?post=6251"}],"curies":[{"name":"wp","href":"https:\/\/api.w.org\/{rel}","templated":true}]}}