{"id":6107,"date":"2019-07-23T15:00:38","date_gmt":"2019-07-23T20:00:38","guid":{"rendered":"https:\/\/www.oaxaca.gob.mx\/sedesoh\/?page_id=6107"},"modified":"2023-09-08T12:54:49","modified_gmt":"2023-09-08T18:54:49","slug":"atencion-a-quejas-denuncias-y-o-sugerencias","status":"publish","type":"page","link":"https:\/\/www.oaxaca.gob.mx\/sebienti\/atencion-a-quejas-denuncias-y-o-sugerencias\/","title":{"rendered":"Atenci\u00f3n a Quejas, Denuncias y\/o Sugerencias."},"content":{"rendered":"<p>De Manera personal.<\/p>\n<p>Podr\u00e1s presentar tu queja, denuncia y\/o sugerencia a trav\u00e9s del formato anexo a esta pagina, refiri\u00e9ndolo ante la oficial\u00eda de partes de la Secretaria de Bienestar del Estado de Oaxaca, ubicada en Carretera Internacional Oaxaca-Istmo km. 11.5, Tlalixtac de Cabrera, Oaxaca, Ciudad Administrativa Edificio 5, Nivel 2.<\/p>\n<p>Por correo electr\u00f3nico.<\/p>\n<p>De igual forma podr\u00e1s enviar tu queja, denuncia y\/o sugerencia a trav\u00e9s del correo electr\u00f3nico institucional dirigido a la direcci\u00f3n electr\u00f3nica: sebien@oaxaca.gob.mx<\/p>\n<p><a href=\"https:\/\/www.oaxaca.gob.mx\/sebienti\/wp-content\/uploads\/sites\/30\/2023\/02\/Formato-de-quejas-denuncias-sugerencias.pdf\">Formato de Quejas, Denuncias y\/o Sugerencias<\/a><\/p>\n","protected":false},"excerpt":{"rendered":"<p>De Manera personal. Podr\u00e1s presentar tu queja, denuncia y\/o sugerencia a trav\u00e9s del formato anexo a esta pagina, refiri\u00e9ndolo ante la oficial\u00eda de partes de la Secretaria de Bienestar del Estado de Oaxaca, ubicada en Carretera Internacional Oaxaca-Istmo km. 11.5, Tlalixtac de Cabrera, Oaxaca, Ciudad Administrativa Edificio 5, Nivel 2. Por correo electr\u00f3nico. De igual [&hellip;]<\/p>\n","protected":false},"author":31,"featured_media":0,"parent":0,"menu_order":0,"comment_status":"closed","ping_status":"closed","template":"","meta":{"episode_type":"","audio_file":"","podmotor_file_id":"","podmotor_episode_id":"","cover_image":"","cover_image_id":"","duration":"","filesize":"","filesize_raw":"","date_recorded":"","explicit":"","block":"","itunes_episode_number":"","itunes_title":"","itunes_season_number":"","itunes_episode_type":"","footnotes":""},"categories":[],"tags":[],"class_list":["post-6107","page","type-page","status-publish","hentry"],"acf":[],"publishpress_future_action":{"enabled":false,"date":"2026-05-04 12:52:44","action":"change-status","newStatus":"draft","terms":[],"taxonomy":"category","extraData":[]},"publishpress_future_workflow_manual_trigger":{"enabledWorkflows":[]},"_links":{"self":[{"href":"https:\/\/www.oaxaca.gob.mx\/sebienti\/wp-json\/wp\/v2\/pages\/6107","targetHints":{"allow":["GET"]}}],"collection":[{"href":"https:\/\/www.oaxaca.gob.mx\/sebienti\/wp-json\/wp\/v2\/pages"}],"about":[{"href":"https:\/\/www.oaxaca.gob.mx\/sebienti\/wp-json\/wp\/v2\/types\/page"}],"author":[{"embeddable":true,"href":"https:\/\/www.oaxaca.gob.mx\/sebienti\/wp-json\/wp\/v2\/users\/31"}],"replies":[{"embeddable":true,"href":"https:\/\/www.oaxaca.gob.mx\/sebienti\/wp-json\/wp\/v2\/comments?post=6107"}],"version-history":[{"count":12,"href":"https:\/\/www.oaxaca.gob.mx\/sebienti\/wp-json\/wp\/v2\/pages\/6107\/revisions"}],"predecessor-version":[{"id":8821,"href":"https:\/\/www.oaxaca.gob.mx\/sebienti\/wp-json\/wp\/v2\/pages\/6107\/revisions\/8821"}],"wp:attachment":[{"href":"https:\/\/www.oaxaca.gob.mx\/sebienti\/wp-json\/wp\/v2\/media?parent=6107"}],"wp:term":[{"taxonomy":"category","embeddable":true,"href":"https:\/\/www.oaxaca.gob.mx\/sebienti\/wp-json\/wp\/v2\/categories?post=6107"},{"taxonomy":"post_tag","embeddable":true,"href":"https:\/\/www.oaxaca.gob.mx\/sebienti\/wp-json\/wp\/v2\/tags?post=6107"}],"curies":[{"name":"wp","href":"https:\/\/api.w.org\/{rel}","templated":true}]}}