{"id":5429,"date":"2019-02-22T17:29:07","date_gmt":"2019-02-22T17:29:07","guid":{"rendered":"https:\/\/www.oaxaca.gob.mx\/sedesoh\/?page_id=5429"},"modified":"2024-01-04T13:40:44","modified_gmt":"2024-01-04T19:40:44","slug":"evaluaciones-2017","status":"publish","type":"page","link":"https:\/\/www.oaxaca.gob.mx\/sebienti\/evaluaciones-2017\/","title":{"rendered":"Evaluaciones 2017"},"content":{"rendered":"<div class=\"btn-group\">\n<p><a href=\"\/sebienti\/documentos-de-opinion\/\"><br \/>\n<button class=\"btn btn-danger pointer\" style=\"margin-left: 100px;background-color: #00bfff;border-color: #00BFFF\" title=\"\"> DOCUMENTOS DE OPINI\u00d3N<br \/>\n<i class=\"fa fa-arrow-circle-down\" style=\"font-size: 36px\"><br \/>\n<\/i><br \/>\n<\/button><br \/>\n<\/a><\/p>\n<p><a href=\"\/sebienti\/evaluaciones-de-diagnostico\/\"><br \/>\n<button class=\"btn btn-danger pointer\" style=\"margin-left: 100px;background-color: #00bfff;border-color: #00BFFF\" title=\"\"> EVALUACIONES DE DIAGN\u00d3STICO<br \/>\n<i class=\"fa fa-arrow-circle-down\" style=\"font-size: 36px\"><br \/>\n<\/i><br \/>\n<\/button><br \/>\n<\/a><\/p>\n<p><a href=\"\/sebienti\/evaluaciones-de-diseno\/\"><br \/>\n<button class=\"btn btn-danger pointer\" style=\"margin-left: 100px;background-color: #00bfff;border-color: #00BFFF\" title=\"\"> EVALUACIONES DE DISE\u00d1O<br \/>\n<i class=\"fa fa-arrow-circle-down\" style=\"font-size: 36px\"><br \/>\n<\/i><br \/>\n<\/button><br \/>\n<\/a><\/p>\n<\/div>\n","protected":false},"excerpt":{"rendered":"<p>DOCUMENTOS DE OPINI\u00d3N EVALUACIONES DE DIAGN\u00d3STICO EVALUACIONES DE DISE\u00d1O<\/p>\n","protected":false},"author":1,"featured_media":0,"parent":0,"menu_order":0,"comment_status":"closed","ping_status":"closed","template":"","meta":{"episode_type":"","audio_file":"","podmotor_file_id":"","podmotor_episode_id":"","cover_image":"","cover_image_id":"","duration":"","filesize":"","filesize_raw":"","date_recorded":"","explicit":"","block":"","itunes_episode_number":"","itunes_title":"","itunes_season_number":"","itunes_episode_type":"","footnotes":""},"categories":[],"tags":[],"class_list":["post-5429","page","type-page","status-publish","hentry"],"acf":[],"publishpress_future_action":{"enabled":false,"date":"2026-05-16 07:30:37","action":"change-status","newStatus":"draft","terms":[],"taxonomy":"category","extraData":[]},"publishpress_future_workflow_manual_trigger":{"enabledWorkflows":[]},"_links":{"self":[{"href":"https:\/\/www.oaxaca.gob.mx\/sebienti\/wp-json\/wp\/v2\/pages\/5429","targetHints":{"allow":["GET"]}}],"collection":[{"href":"https:\/\/www.oaxaca.gob.mx\/sebienti\/wp-json\/wp\/v2\/pages"}],"about":[{"href":"https:\/\/www.oaxaca.gob.mx\/sebienti\/wp-json\/wp\/v2\/types\/page"}],"author":[{"embeddable":true,"href":"https:\/\/www.oaxaca.gob.mx\/sebienti\/wp-json\/wp\/v2\/users\/1"}],"replies":[{"embeddable":true,"href":"https:\/\/www.oaxaca.gob.mx\/sebienti\/wp-json\/wp\/v2\/comments?post=5429"}],"version-history":[{"count":2,"href":"https:\/\/www.oaxaca.gob.mx\/sebienti\/wp-json\/wp\/v2\/pages\/5429\/revisions"}],"predecessor-version":[{"id":9211,"href":"https:\/\/www.oaxaca.gob.mx\/sebienti\/wp-json\/wp\/v2\/pages\/5429\/revisions\/9211"}],"wp:attachment":[{"href":"https:\/\/www.oaxaca.gob.mx\/sebienti\/wp-json\/wp\/v2\/media?parent=5429"}],"wp:term":[{"taxonomy":"category","embeddable":true,"href":"https:\/\/www.oaxaca.gob.mx\/sebienti\/wp-json\/wp\/v2\/categories?post=5429"},{"taxonomy":"post_tag","embeddable":true,"href":"https:\/\/www.oaxaca.gob.mx\/sebienti\/wp-json\/wp\/v2\/tags?post=5429"}],"curies":[{"name":"wp","href":"https:\/\/api.w.org\/{rel}","templated":true}]}}