{"id":4217,"date":"2018-10-10T03:15:49","date_gmt":"2018-10-10T03:15:49","guid":{"rendered":"https:\/\/www.oaxaca.gob.mx\/sedesoh\/?page_id=4217"},"modified":"2018-10-10T03:15:49","modified_gmt":"2018-10-10T03:15:49","slug":"objetivo","status":"publish","type":"page","link":"https:\/\/www.oaxaca.gob.mx\/sebienti\/objetivo\/","title":{"rendered":"Objetivo"},"content":{"rendered":"<p>\t\t\t\tOBJETIVO GENERAL.<\/p>\n<p>Establecer e impulsar, acciones, programas y pol\u00edticas p\u00fablicas en materia de Desarrollo Social y Humano, para dar cumplimiento a lo establecido en el Plan Estatal de Desarrollo en el marco del combate a la pobreza, la desigualdad y la marginaci\u00f3n; fomentando la participaci\u00f3n ciudadana y la inserci\u00f3n productiva, favoreciendo a las comunidades en estado de vulnerabilidad, en el \u00e1mbito de su competencia; as\u00ed como encausar el buen funcionamiento de las \u00e1reas administrativas de la Secretar\u00eda.\t\t<\/p>\n","protected":false},"excerpt":{"rendered":"<p>OBJETIVO GENERAL. Establecer e impulsar, acciones, programas y pol\u00edticas p\u00fablicas en materia de Desarrollo Social y Humano, para dar cumplimiento a lo establecido en el Plan Estatal de Desarrollo en el marco del combate a la pobreza, la desigualdad y la marginaci\u00f3n; fomentando la participaci\u00f3n ciudadana y la inserci\u00f3n productiva, favoreciendo a las comunidades en [&hellip;]<\/p>\n","protected":false},"author":1,"featured_media":0,"parent":0,"menu_order":0,"comment_status":"closed","ping_status":"closed","template":"","meta":{"episode_type":"","audio_file":"","podmotor_file_id":"","podmotor_episode_id":"","cover_image":"","cover_image_id":"","duration":"","filesize":"","filesize_raw":"","date_recorded":"","explicit":"","block":"","itunes_episode_number":"","itunes_title":"","itunes_season_number":"","itunes_episode_type":"","footnotes":""},"categories":[],"tags":[],"class_list":["post-4217","page","type-page","status-publish","hentry"],"acf":[],"publishpress_future_action":{"enabled":false,"date":"2026-05-16 07:08:32","action":"change-status","newStatus":"draft","terms":[],"taxonomy":"category","extraData":[]},"publishpress_future_workflow_manual_trigger":{"enabledWorkflows":[]},"_links":{"self":[{"href":"https:\/\/www.oaxaca.gob.mx\/sebienti\/wp-json\/wp\/v2\/pages\/4217","targetHints":{"allow":["GET"]}}],"collection":[{"href":"https:\/\/www.oaxaca.gob.mx\/sebienti\/wp-json\/wp\/v2\/pages"}],"about":[{"href":"https:\/\/www.oaxaca.gob.mx\/sebienti\/wp-json\/wp\/v2\/types\/page"}],"author":[{"embeddable":true,"href":"https:\/\/www.oaxaca.gob.mx\/sebienti\/wp-json\/wp\/v2\/users\/1"}],"replies":[{"embeddable":true,"href":"https:\/\/www.oaxaca.gob.mx\/sebienti\/wp-json\/wp\/v2\/comments?post=4217"}],"version-history":[{"count":0,"href":"https:\/\/www.oaxaca.gob.mx\/sebienti\/wp-json\/wp\/v2\/pages\/4217\/revisions"}],"wp:attachment":[{"href":"https:\/\/www.oaxaca.gob.mx\/sebienti\/wp-json\/wp\/v2\/media?parent=4217"}],"wp:term":[{"taxonomy":"category","embeddable":true,"href":"https:\/\/www.oaxaca.gob.mx\/sebienti\/wp-json\/wp\/v2\/categories?post=4217"},{"taxonomy":"post_tag","embeddable":true,"href":"https:\/\/www.oaxaca.gob.mx\/sebienti\/wp-json\/wp\/v2\/tags?post=4217"}],"curies":[{"name":"wp","href":"https:\/\/api.w.org\/{rel}","templated":true}]}}