{"id":4211,"date":"2018-10-10T03:06:45","date_gmt":"2018-10-10T03:06:45","guid":{"rendered":"https:\/\/www.oaxaca.gob.mx\/sedesoh\/?page_id=4211"},"modified":"2023-12-18T16:55:45","modified_gmt":"2023-12-18T22:55:45","slug":"mision-y-vision-2","status":"publish","type":"page","link":"https:\/\/www.oaxaca.gob.mx\/sebienti\/mision-y-vision-2\/","title":{"rendered":"\u00bfQu\u00e9 hacemos?, Misi\u00f3n, Visi\u00f3n, Objetivos y Principios."},"content":{"rendered":"<p><b> <strong> \u00bfQu\u00e9 hacemos? <\/strong> <\/b><\/p>\n<p>La Secretar\u00eda de Bienestar, Tequio e Inclusi\u00f3n es la instancia rectora de la pol\u00edtica social y las estrategias de bienestar, orientadas a reducir las brechas de desigualdad hist\u00f3rica, la pobreza y la pobreza extrema en Oaxaca.<\/p>\n<p><b> <strong> Misi\u00f3n <\/strong> <\/b><\/p>\n<p>Avanzar en un estado de bienestar en el que todas las personas accedan a sus derechos sociales fundamentales, a trav\u00e9s de estrategias que fortalezcan el grado de inclusi\u00f3n y cohesi\u00f3n social de los grupos de atenci\u00f3n prioritaria.<\/p>\n<p><b> <strong> Visi\u00f3n <\/strong> <\/b><\/p>\n<p>Garantizar el estado de bienestar de los pueblos y comunidades de Oaxaca, implementando las pol\u00edticas p\u00fablicas y programas sociales que reduzcan la pobreza multidimensional y erradiquen la pobreza extrema, para que nadie se quede atr\u00e1s y nadie se quede fuera.<\/p>\n<p><b> <strong> Objetivos <\/strong> <\/b><\/p>\n<p>\u2022 Reducir los niveles de pobreza, pobreza extrema y rezago social en la entidad.<br \/>\n\u2022 Impulsar una pol\u00edtica social inclusiva para los grupos de atenci\u00f3n prioritaria.<br \/>\n\u2022 Generar acciones de bienestar comunitario a trav\u00e9s de mecanismos que refuercen la cohesi\u00f3n social como el tequio.<br \/>\n\u2022 Reducir las brechas de desigualdad econ\u00f3mica y productiva, especialmente de los grupos de atenci\u00f3n prioritaria.<br \/>\n\u2022 Acercar los servicios y acciones de gobierno que contribuyan al bienestar de las comunidades m\u00e1s alejadas del estado.<br \/>\n\u2022 Contribuir a mejorar el ingreso de las jefas de familia en situaci\u00f3n de pobreza extrema y sus dependientes.<\/p>\n<p><b> <strong> Principios <\/strong> <\/b><\/p>\n<p>\u2022 Austeridad<br \/>\n\u2022 Bien com\u00fan<br \/>\n\u2022 Cohesi\u00f3n social<br \/>\n\u2022 Honestidad<br \/>\n\u2022 Igualdad<br \/>\n\u2022 Imparcialidad<br \/>\n\u2022 Inclusi\u00f3n<br \/>\n\u2022 Interculturalidad<br \/>\n\u2022 Perspectiva de g\u00e9nero<br \/>\n\u2022 Profesionalismo<br \/>\n\u2022 Transparencia<\/p>\n<p>&nbsp;<\/p>\n<div class=\"icon-wrapper\"><a href=\"https:\/\/www.oaxaca.gob.mx\/sebienti\/wp-content\/uploads\/sites\/30\/2023\/05\/Filosofia-Institucional-SEBIENTI.pdf\" target=\"_blank\" rel=\"noopener noreferrer\"><button class=\"btn btn-danger pointer\" style=\"background-color: #0e803d;border-color: #ffffff\" title=\"\">DESCARGA<br \/>\n<\/button><\/a><\/div>\n","protected":false},"excerpt":{"rendered":"<p>\u00bfQu\u00e9 hacemos? La Secretar\u00eda de Bienestar, Tequio e Inclusi\u00f3n es la instancia rectora de la pol\u00edtica social y las estrategias de bienestar, orientadas a reducir las brechas de desigualdad hist\u00f3rica, la pobreza y la pobreza extrema en Oaxaca. Misi\u00f3n Avanzar en un estado de bienestar en el que todas las personas accedan a sus derechos [&hellip;]<\/p>\n","protected":false},"author":1,"featured_media":0,"parent":0,"menu_order":0,"comment_status":"closed","ping_status":"closed","template":"","meta":{"episode_type":"","audio_file":"","podmotor_file_id":"","podmotor_episode_id":"","cover_image":"","cover_image_id":"","duration":"","filesize":"","filesize_raw":"","date_recorded":"","explicit":"","block":"","itunes_episode_number":"","itunes_title":"","itunes_season_number":"","itunes_episode_type":"","footnotes":""},"categories":[],"tags":[],"class_list":["post-4211","page","type-page","status-publish","hentry"],"acf":[],"publishpress_future_action":{"enabled":false,"date":"2026-05-20 12:22:16","action":"change-status","newStatus":"draft","terms":[],"taxonomy":"category","extraData":[]},"publishpress_future_workflow_manual_trigger":{"enabledWorkflows":[]},"_links":{"self":[{"href":"https:\/\/www.oaxaca.gob.mx\/sebienti\/wp-json\/wp\/v2\/pages\/4211","targetHints":{"allow":["GET"]}}],"collection":[{"href":"https:\/\/www.oaxaca.gob.mx\/sebienti\/wp-json\/wp\/v2\/pages"}],"about":[{"href":"https:\/\/www.oaxaca.gob.mx\/sebienti\/wp-json\/wp\/v2\/types\/page"}],"author":[{"embeddable":true,"href":"https:\/\/www.oaxaca.gob.mx\/sebienti\/wp-json\/wp\/v2\/users\/1"}],"replies":[{"embeddable":true,"href":"https:\/\/www.oaxaca.gob.mx\/sebienti\/wp-json\/wp\/v2\/comments?post=4211"}],"version-history":[{"count":1,"href":"https:\/\/www.oaxaca.gob.mx\/sebienti\/wp-json\/wp\/v2\/pages\/4211\/revisions"}],"predecessor-version":[{"id":9178,"href":"https:\/\/www.oaxaca.gob.mx\/sebienti\/wp-json\/wp\/v2\/pages\/4211\/revisions\/9178"}],"wp:attachment":[{"href":"https:\/\/www.oaxaca.gob.mx\/sebienti\/wp-json\/wp\/v2\/media?parent=4211"}],"wp:term":[{"taxonomy":"category","embeddable":true,"href":"https:\/\/www.oaxaca.gob.mx\/sebienti\/wp-json\/wp\/v2\/categories?post=4211"},{"taxonomy":"post_tag","embeddable":true,"href":"https:\/\/www.oaxaca.gob.mx\/sebienti\/wp-json\/wp\/v2\/tags?post=4211"}],"curies":[{"name":"wp","href":"https:\/\/api.w.org\/{rel}","templated":true}]}}