{"id":3233,"date":"2017-10-09T21:49:03","date_gmt":"2017-10-09T21:49:03","guid":{"rendered":"https:\/\/www.oaxaca.gob.mx\/sedesoh\/?page_id=3233"},"modified":"2017-10-09T21:49:03","modified_gmt":"2017-10-09T21:49:03","slug":"evaluaciones","status":"publish","type":"page","link":"https:\/\/www.oaxaca.gob.mx\/sebienti\/evaluaciones\/","title":{"rendered":"Evaluaciones"},"content":{"rendered":"<h1 style=\"text-align: center\">EVALUACIONES.<\/h1>\n<p>&nbsp;<\/p>\n<ul>\n<li>\n<h4><a href=\"\/sedesoh\/wp-content\/uploads\/2017\/10\/Informe-Final-evaluaci\u00f3n-Programa-Bienestar-de-Utiles-y-Uniformes-2014.pdf\">Informe Final evaluaci\u00f3n Programa Bienestar de Utiles y Uniformes 2014<\/a><\/h4>\n<\/li>\n<li>\n<h4><a href=\"\/sedesoh\/wp-content\/uploads\/2017\/10\/Informe-final-evaluaci\u00f3n-Programa-de-Bienestar-de-Microfinanciamiento-a-la-Econom\u00eda-Familiar-con-Perspectiva-de-G\u00e9nero.pdf\">Informe final evaluaci\u00f3n Programa de Bienestar de Microfinanciamiento a la Econom\u00eda Familiar con Perspectiva de G\u00e9nero<\/a><\/h4>\n<\/li>\n<\/ul>\n<p>&nbsp;<\/p>\n<p>&nbsp;<\/p>\n<p>&nbsp;\t\t<\/p>\n","protected":false},"excerpt":{"rendered":"<p>EVALUACIONES. &nbsp; Informe Final evaluaci\u00f3n Programa Bienestar de Utiles y Uniformes 2014 Informe final evaluaci\u00f3n Programa de Bienestar de Microfinanciamiento a la Econom\u00eda Familiar con Perspectiva de G\u00e9nero &nbsp; &nbsp; &nbsp;<\/p>\n","protected":false},"author":1,"featured_media":0,"parent":0,"menu_order":0,"comment_status":"closed","ping_status":"closed","template":"","meta":{"episode_type":"","audio_file":"","podmotor_file_id":"","podmotor_episode_id":"","cover_image":"","cover_image_id":"","duration":"","filesize":"","filesize_raw":"","date_recorded":"","explicit":"","block":"","itunes_episode_number":"","itunes_title":"","itunes_season_number":"","itunes_episode_type":"","footnotes":""},"categories":[],"tags":[],"class_list":["post-3233","page","type-page","status-publish","hentry"],"acf":[],"publishpress_future_action":{"enabled":false,"date":"2026-05-16 07:27:53","action":"change-status","newStatus":"draft","terms":[],"taxonomy":"category","extraData":[]},"publishpress_future_workflow_manual_trigger":{"enabledWorkflows":[]},"_links":{"self":[{"href":"https:\/\/www.oaxaca.gob.mx\/sebienti\/wp-json\/wp\/v2\/pages\/3233","targetHints":{"allow":["GET"]}}],"collection":[{"href":"https:\/\/www.oaxaca.gob.mx\/sebienti\/wp-json\/wp\/v2\/pages"}],"about":[{"href":"https:\/\/www.oaxaca.gob.mx\/sebienti\/wp-json\/wp\/v2\/types\/page"}],"author":[{"embeddable":true,"href":"https:\/\/www.oaxaca.gob.mx\/sebienti\/wp-json\/wp\/v2\/users\/1"}],"replies":[{"embeddable":true,"href":"https:\/\/www.oaxaca.gob.mx\/sebienti\/wp-json\/wp\/v2\/comments?post=3233"}],"version-history":[{"count":0,"href":"https:\/\/www.oaxaca.gob.mx\/sebienti\/wp-json\/wp\/v2\/pages\/3233\/revisions"}],"wp:attachment":[{"href":"https:\/\/www.oaxaca.gob.mx\/sebienti\/wp-json\/wp\/v2\/media?parent=3233"}],"wp:term":[{"taxonomy":"category","embeddable":true,"href":"https:\/\/www.oaxaca.gob.mx\/sebienti\/wp-json\/wp\/v2\/categories?post=3233"},{"taxonomy":"post_tag","embeddable":true,"href":"https:\/\/www.oaxaca.gob.mx\/sebienti\/wp-json\/wp\/v2\/tags?post=3233"}],"curies":[{"name":"wp","href":"https:\/\/api.w.org\/{rel}","templated":true}]}}