{"id":2999,"date":"2017-09-18T23:17:12","date_gmt":"2017-09-18T23:17:12","guid":{"rendered":"https:\/\/www.oaxaca.gob.mx\/sedesoh\/?page_id=2999"},"modified":"2017-09-18T23:17:12","modified_gmt":"2017-09-18T23:17:12","slug":"reglas-de-operacion","status":"publish","type":"page","link":"https:\/\/www.oaxaca.gob.mx\/sebienti\/reglas-de-operacion\/","title":{"rendered":"Reglas de operaci\u00f3n"},"content":{"rendered":"<h1 style=\"text-align: center\">LINEAMIENTOS.<\/h1>\n<p>&nbsp;<\/p>\n<div>\n<p><a href=\"\/sedesoh\/wp-content\/uploads\/2017\/09\/Lineamientos-ROP-y-PUB_SEDESOH.pdf\"><br \/>\n<button class=\"btn btn-danger pointer\" style=\"margin-left: 20px;background-color: #ba2020;border-color: #00A097\" title=\"\">LINEAMIENTOS ROP y PUB_SEDESOH<br \/>\n<i class=\"fa fa-arrow-circle-down\" style=\"font-size: 36px\"><br \/>\n<\/i><br \/>\n<\/button><br \/>\n<\/a><\/p>\n<p><a href=\"\/sedesoh\/wp-content\/uploads\/2017\/09\/Formato-editable-para-la-elaboraci\u00f3n-de-Reglas-de-Operaci\u00f3n-de-Programas-Sociales.docx\"><br \/>\n<button class=\"btn btn-danger pointer\" style=\"margin-left: 20px;background-color: #0e803d;border-color: #5E2C6E\" title=\"\"> FORMATO EDITABLE PARA LA ELABORACI\u00d3N DE REGLAS DE OPERACI\u00d3N DE PROGRAMAS SOCIALES<br \/>\n<i class=\"fa fa-arrow-circle-down\" style=\"font-size: 36px\"><br \/>\n<\/i><br \/>\n<\/button><br \/>\n<\/a><\/p>\n<\/div>\n<p>&nbsp;<\/p>\n<p style=\"text-align: center\"><a href=\"\/sedesoh\/wp-content\/uploads\/2017\/09\/PDF.png\"><img loading=\"lazy\" decoding=\"async\" class=\"size-full wp-image-2920 alignleft\" src=\"\/sedesoh\/wp-content\/uploads\/2017\/09\/PDF.png\" alt=\"\" width=\"90\" height=\"90\" \/><\/a><\/p>\n<h1 style=\"text-align: center\"><\/h1>\n<h1 style=\"text-align: center\"><span style=\"color: #000000\"><em><strong>2017<\/strong><\/em><\/span><\/h1>\n<div>\n<p><a href=\"\/sedesoh\/wp-content\/uploads\/2017\/09\/Reglas-de-Operaci\u00f3n-del-Programa-Vamos-Juntos-a-la-Escuela-para-el.pdf\"><br \/>\n<button class=\"btn btn-danger pointer\" style=\"margin-left: 20px;background-color: #0e803d;border-color: #5E2C6E\" title=\"\">REGLAS DE OPERACI\u00d3N DEL PROGRAMA &#8211; VAMOS JUNTOS A LA ESCUELA<br \/>\n<i class=\"fa fa-arrow-circle-down\" style=\"font-size: 36px\"><br \/>\n<\/i><br \/>\n<\/button><br \/>\n<\/a><\/p>\n<p><a href=\"\/sedesoh\/wp-content\/uploads\/2017\/09\/REGLAS-DE-OPERACI\u00d3N-PALABRA-DE-MUJER1.pdf\"><br \/>\n<button class=\"btn btn-danger pointer\" style=\"margin-left: 20px;background-color: #0e803d;border-color: #5E2C6E\" title=\"\"> REGLAS-DE-OPERACI\u00d3N-PALABRA-DE-MUJER<br \/>\n<i class=\"fa fa-arrow-circle-down\" style=\"font-size: 36px\"><br \/>\n<\/i><br \/>\n<\/button><br \/>\n<\/a><\/p>\n<\/div>\n<div><a href=\"\/sedesoh\/wp-content\/uploads\/2017\/09\/Reglas-de-Operacio\u0301n-Programas-Bienestar-_2015-1.pdf\"><br \/>\n<button class=\"btn btn-danger pointer\" style=\"margin-left: 20px;background-color: #0e803d;border-color: #5E2C6E\" title=\"\"> REGLAS-DE-OPERACIO\u0301N-PROGRAMAS-BIENESTAR-_2015<br \/>\n<i class=\"fa fa-arrow-circle-down\" style=\"font-size: 36px\"><br \/>\n<\/i><br \/>\n<\/button><br \/>\n<\/a><br \/>\n<a href=\"\/sedesoh\/wp-content\/uploads\/2017\/09\/Reglas-de-Operacio\u0301n-Programas-Bienestar_2016-11.pdf\"><br \/>\n<button class=\"btn btn-danger pointer\" style=\"margin-left: 20px;background-color: #0e803d;border-color: #5E2C6E\" title=\"\"> REGLAS-DE-OPERACIO\u0301N-PROGRAMAS-BIENESTAR_2016<br \/>\n<i class=\"fa fa-arrow-circle-down\" style=\"font-size: 36px\"><br \/>\n<\/i><br \/>\n<\/button><br \/>\n<\/a><\/div>\n<h1 style=\"text-align: center\"><span style=\"color: #000000\"><em><strong>2018<\/strong><\/em><\/span><\/h1>\n<div><a href=\"\/sedesoh\/wp-content\/uploads\/2017\/09\/CONVOCATORIA-PALABRA-DE-MUJER-2018.pdf\"><br \/>\n<button class=\"btn btn-danger pointer\" style=\"margin-left: 20px;background-color: #0e803d;border-color: #5E2C6E\" title=\"\">CONVOCATORIA PALABRA DE MUJER 2018<br \/>\n<i class=\"fa fa-arrow-circle-down\" style=\"font-size: 36px\"><br \/>\n<\/i><br \/>\n<\/button><br \/>\n<\/a><br \/>\n<a href=\"\/sedesoh\/wp-content\/uploads\/2017\/09\/Fe-de-erratas-1.pdf\"><br \/>\n<button class=\"btn btn-danger pointer\" style=\"margin-left: 20px;background-color: #0e803d;border-color: #5E2C6E\" title=\"\">FE DE ERRATAS REGLAS DE OPERACI\u00d3N \u00abVAMOS JUNTOS A LA ESCUELA 2018<br \/>\n<i class=\"fa fa-arrow-circle-down\" style=\"font-size: 36px\"><br \/>\n<\/i><br \/>\n<\/button><br \/>\n<\/a><\/div>\n<div><a href=\"\/sedesoh\/wp-content\/uploads\/2017\/09\/CREDITO-A-LA-PALABRA-DE-LA-MUJER-2018.pdf\"><br \/>\n<button class=\"btn btn-danger pointer\" style=\"margin-left: 20px;background-color: #0e803d;border-color: #5E2C6E\" title=\"\">CR\u00c9DITO A LA PALABRA DE LA MUJER 2018<br \/>\n<i class=\"fa fa-arrow-circle-down\" style=\"font-size: 36px\"><br \/>\n<\/i><br \/>\n<\/button><br \/>\n<\/a><br \/>\n<a href=\"\/sedesoh\/wp-content\/uploads\/2017\/09\/CONVOCATORIA-DIF-2018.pdf\"><br \/>\n<button class=\"btn btn-danger pointer\" style=\"margin-left: 20px;background-color: #0e803d;border-color: #5E2C6E\" title=\"\">CONVOCATORIA DIF 2018<br \/>\n<i class=\"fa fa-arrow-circle-down\" style=\"font-size: 36px\"><br \/>\n<\/i><br \/>\n<\/button><br \/>\n<\/a><br \/>\n<a href=\"\/sedesoh\/wp-content\/uploads\/2017\/09\/CONVOCATORIA-DIF-2018.pdf\"><br \/>\n<button class=\"btn btn-danger pointer\" style=\"margin-left: 20px;background-color: #0e803d;border-color: #5E2C6E\" title=\"\">CONVOCATORIA DIF 2018<br \/>\n<i class=\"fa fa-arrow-circle-down\" style=\"font-size: 36px\"><br \/>\n<\/i><br \/>\n<\/button><br \/>\n<\/a><\/div>\n<div><a href=\"\/sedesoh\/wp-content\/uploads\/2017\/09\/REGLAS-DE-OPERACI\u00d3N-VAMOS-JUNTOS-A-LA-ESCUELA-2018.pdf\"><br \/>\n<button class=\"btn btn-danger pointer\" style=\"margin-left: 20px;background-color: #0e803d;border-color: #5E2C6E\" title=\"\">REGLAS DE OPERACI\u00d3N VAMOS JUNTOS A LA ESCUELA 2018<br \/>\n<i class=\"fa fa-arrow-circle-down\" style=\"font-size: 36px\"><br \/>\n<\/i><br \/>\n<\/button><br \/>\n<\/a><br \/>\n<a href=\"\/sedesoh\/wp-content\/uploads\/2017\/09\/Fe-de-erratas-2.pdf\"><br \/>\n<button class=\"btn btn-danger pointer\" style=\"margin-left: 15px;background-color: #0e803d;border-color: #5E2C6E\" title=\"\">FE DE ERRATAS 2 REGLAS DE OPERACI\u00d3N \u00abVAMOS JUNTOs A LA ESCUELA 2018<br \/>\n<i class=\"fa fa-arrow-circle-down\" style=\"font-size: 36px\"><br \/>\n<\/i><br \/>\n<\/button><br \/>\n<\/a><\/div>\n<h1 style=\"text-align: center\">2019<\/h1>\n<div>\n<a href=\"\/sedesoh\/wp-content\/uploads\/2017\/09\/PERIODICO-OFIC.-REGLAS-DE-OPERACION-VAMOS-JUNTOS-A-LA-ESCUELA-1.pdf\"><br \/>\n<button class=\"btn btn-danger pointer\" style=\"margin-left: 15px;background-color: #0e803d;border-color: #5E2C6E\" title=\"\">PERI\u00d3DICO OFICIAL REGLAS DE OPERACI\u00d3N VAMOS JUNTOS A LA ESCUELA 1<br \/>\n<i class=\"fa fa-arrow-circle-down\" style=\"font-size: 36px\"><br \/>\n<\/i><br \/>\n<\/button><br \/>\n<\/a><br \/>\n<a href=\"\/sedesoh\/wp-content\/uploads\/2019\/02\/ROP-PALABRA-DE-MUJER-2019-PUBLICACI\u00d3N.pdf\"><br \/>\n<button class=\"btn btn-danger pointer\" style=\"margin-left: 15px;background-color: #0e803d;border-color: #5E2C6E\" title=\"\">ROP PALABRA DE MUJER 2019 PUBLICACI\u00d3N<br \/>\n<i class=\"fa fa-arrow-circle-down\" style=\"font-size: 36px\"><br \/>\n<\/i><br \/>\n<\/button><br \/>\n<\/a><br \/>\n<a href=\"\/sedesoh\/wp-content\/uploads\/2017\/05\/CONVOCATORIA.pdf\"><br \/>\n<button class=\"btn btn-danger pointer\" style=\"margin-left: 15px;background-color: #0e803d;border-color: #5E2C6E\" title=\"\">CONVOCATORIA PALABRA DE MUJER 2019<br \/>\n<i class=\"fa fa-arrow-circle-down\" style=\"font-size: 36px\"><br \/>\n<\/i><br \/>\n<\/button><br \/>\n<\/a>\n<\/div>\n<h3>REUTILIZABLES.<\/h3>\n<p><a href=\"\/sedesoh\/wp-content\/uploads\/2017\/09\/word.png\"><img loading=\"lazy\" decoding=\"async\" class=\"alignnone wp-image-3044\" src=\"\/sedesoh\/wp-content\/uploads\/2017\/09\/word-300x300.png\" alt=\"\" width=\"109\" height=\"109\" srcset=\"https:\/\/www.oaxaca.gob.mx\/sebienti\/wp-content\/uploads\/sites\/30\/2017\/09\/word-300x300.png 300w, https:\/\/www.oaxaca.gob.mx\/sebienti\/wp-content\/uploads\/sites\/30\/2017\/09\/word-150x150.png 150w, https:\/\/www.oaxaca.gob.mx\/sebienti\/wp-content\/uploads\/sites\/30\/2017\/09\/word.png 512w\" sizes=\"auto, (max-width: 109px) 100vw, 109px\" \/><\/a><\/p>\n<div><a href=\"\/sedesoh\/wp-content\/uploads\/2017\/09\/REGLAS-DE-OPERACI\u00d3N-PERSONAS-CON-DISCAPACIDAD.docx\"><br \/>\n<button class=\"btn btn-danger pointer\" style=\"margin-left: 15px;background-color: #c14422;border-color: #C14422\" title=\"\">REGLAS DE OPERACI\u00d3N PERSONAS CON DISCAPACIDAD<br \/>\n<i class=\"fa fa-arrow-circle-down\" style=\"font-size: 36px\"><br \/>\n<\/i><br \/>\n<\/button><br \/>\n<\/a><\/p>\n<div><a href=\"\/sedesoh\/wp-content\/uploads\/2017\/09\/REGLAS-DE-OPERACI\u00d3N-DEL-PROGRAMA-VAMOS-JUNTOS-A-LA-ESCUELA-PARA-EL.docx\"><br \/>\n<button class=\"btn btn-danger pointer\" style=\"margin-left: 15px;background-color: #c14422;border-color: #C14422\" title=\"\">REGLAS DE OPERACI\u00d3N DEL PROGRAMA &#8211; (VAMOS JUNTOS A LA ESCUELA- PARA EL)<br \/>\n<i class=\"fa fa-arrow-circle-down\" style=\"font-size: 36px\"><br \/>\n<\/i><br \/>\n<\/button><br \/>\n<\/a><\/div>\n<div><a href=\"\/sedesoh\/wp-content\/uploads\/2017\/09\/REGLAS-DE-OPERACI\u00d3N-PERSONAS-CON-DISCAPACIDAD-1.docx\"><br \/>\n<button class=\"btn btn-danger pointer\" style=\"margin-left: 15px;background-color: #c14422;border-color: #C14422\" title=\"\">REGLAS DE OPERACI\u00d3N PERSONAS CON DISCAPACIDAD<br \/>\n<i class=\"fa fa-arrow-circle-down\" style=\"font-size: 36px\"><br \/>\n<\/i><br \/>\n<\/button><br \/>\n<\/a><a href=\"\/sedesoh\/wp-content\/uploads\/2017\/09\/REGLAS-DE-OPERACI\u00d3N-PALABRA-DE-MUJER1.docx\"><br \/>\n<button class=\"btn btn-danger pointer\" style=\"margin-left: 15px;background-color: #c14422;border-color: #C14422\" title=\"\">REGLAS-DE-OPERACI\u00d3N-PALABRA-DE-MUJER(1)<br \/>\n<i class=\"fa fa-arrow-circle-down\" style=\"font-size: 36px\"><br \/>\n<\/i><br \/>\n<\/button><br \/>\n<\/a><a href=\"\/sedesoh\/wp-content\/uploads\/2017\/09\/REGLAS-DE-OPERACIO\u0301N-PROGRAMAS-BIENESTAR-_2015-1.docx\"><br \/>\n<button class=\"btn btn-danger pointer\" style=\"margin-left: 15px;background-color: #c14422;border-color: #C14422\" title=\"\">REGLAS-DE-OPERACIO\u0301N-PROGRAMAS-BIENESTAR-_2015-1<br \/>\n<i class=\"fa fa-arrow-circle-down\" style=\"font-size: 36px\"><br \/>\n<\/i><br \/>\n<\/button><br \/>\n<\/a><\/p>\n<\/div>\n<\/div>\n","protected":false},"excerpt":{"rendered":"<p>LINEAMIENTOS. &nbsp; LINEAMIENTOS ROP y PUB_SEDESOH FORMATO EDITABLE PARA LA ELABORACI\u00d3N DE REGLAS DE OPERACI\u00d3N DE PROGRAMAS SOCIALES &nbsp; 2017 REGLAS DE OPERACI\u00d3N DEL PROGRAMA &#8211; VAMOS JUNTOS A LA ESCUELA REGLAS-DE-OPERACI\u00d3N-PALABRA-DE-MUJER REGLAS-DE-OPERACIO\u0301N-PROGRAMAS-BIENESTAR-_2015 REGLAS-DE-OPERACIO\u0301N-PROGRAMAS-BIENESTAR_2016 2018 CONVOCATORIA PALABRA DE MUJER 2018 FE DE ERRATAS REGLAS DE OPERACI\u00d3N \u00abVAMOS JUNTOS A LA ESCUELA 2018 CR\u00c9DITO A LA [&hellip;]<\/p>\n","protected":false},"author":1,"featured_media":0,"parent":0,"menu_order":0,"comment_status":"closed","ping_status":"closed","template":"","meta":{"episode_type":"","audio_file":"","podmotor_file_id":"","podmotor_episode_id":"","cover_image":"","cover_image_id":"","duration":"","filesize":"","filesize_raw":"","date_recorded":"","explicit":"","block":"","itunes_episode_number":"","itunes_title":"","itunes_season_number":"","itunes_episode_type":"","footnotes":""},"categories":[],"tags":[],"class_list":["post-2999","page","type-page","status-publish","hentry"],"acf":[],"publishpress_future_action":{"enabled":false,"date":"2026-05-04 18:37:01","action":"change-status","newStatus":"draft","terms":[],"taxonomy":"category","extraData":[]},"publishpress_future_workflow_manual_trigger":{"enabledWorkflows":[]},"_links":{"self":[{"href":"https:\/\/www.oaxaca.gob.mx\/sebienti\/wp-json\/wp\/v2\/pages\/2999","targetHints":{"allow":["GET"]}}],"collection":[{"href":"https:\/\/www.oaxaca.gob.mx\/sebienti\/wp-json\/wp\/v2\/pages"}],"about":[{"href":"https:\/\/www.oaxaca.gob.mx\/sebienti\/wp-json\/wp\/v2\/types\/page"}],"author":[{"embeddable":true,"href":"https:\/\/www.oaxaca.gob.mx\/sebienti\/wp-json\/wp\/v2\/users\/1"}],"replies":[{"embeddable":true,"href":"https:\/\/www.oaxaca.gob.mx\/sebienti\/wp-json\/wp\/v2\/comments?post=2999"}],"version-history":[{"count":0,"href":"https:\/\/www.oaxaca.gob.mx\/sebienti\/wp-json\/wp\/v2\/pages\/2999\/revisions"}],"wp:attachment":[{"href":"https:\/\/www.oaxaca.gob.mx\/sebienti\/wp-json\/wp\/v2\/media?parent=2999"}],"wp:term":[{"taxonomy":"category","embeddable":true,"href":"https:\/\/www.oaxaca.gob.mx\/sebienti\/wp-json\/wp\/v2\/categories?post=2999"},{"taxonomy":"post_tag","embeddable":true,"href":"https:\/\/www.oaxaca.gob.mx\/sebienti\/wp-json\/wp\/v2\/tags?post=2999"}],"curies":[{"name":"wp","href":"https:\/\/api.w.org\/{rel}","templated":true}]}}