{"id":1166,"date":"2017-04-10T12:38:52","date_gmt":"2017-04-10T12:38:52","guid":{"rendered":"https:\/\/www.oaxaca.gob.mx\/sedesoh\/?page_id=1166"},"modified":"2017-04-10T12:38:52","modified_gmt":"2017-04-10T12:38:52","slug":"normatividad","status":"publish","type":"page","link":"https:\/\/www.oaxaca.gob.mx\/sebienti\/normatividad\/","title":{"rendered":"Normatividad"},"content":{"rendered":"<nav style=\"margin-bottom: 30px\">\n<div id=\"nav-tab\" class=\"nav nav-tabs\" role=\"tablist\">\n<a style=\"font-size: 10px\" id=\"nav_tab_uno\" class=\"nav-item nav-link active\" role=\"tab\" href=\"#nav_uno\" data-toggle=\"tab\">Normatividad<\/a><br \/>\n<a style=\"font-size: 10px\" id=\"nav_tab_dos\" class=\"nav-item nav-link\" role=\"tab\" href=\"#nav_dos\" data-toggle=\"tab\">Tratados Inter.<\/a><br \/>\n<a style=\"font-size: 10px\" id=\"nav_tab_tres\" class=\"nav-item nav-link\" role=\"tab\" href=\"#nav_tres\" data-toggle=\"tab\">Constituci\u00f3n<\/a><br \/>\n<a style=\"font-size: 10px\" id=\"nav_tab_cuatro\" class=\"nav-item nav-link\" role=\"tab\" href=\"#nav_cuatro\" data-toggle=\"tab\">Leyes<\/a><br \/>\n<a style=\"font-size: 10px\" id=\"nav_tab_cinco\" class=\"nav-item nav-link\" role=\"tab\" href=\"#nav_cinco\" data-toggle=\"tab\">C\u00f3digos<\/a><br \/>\n<a style=\"font-size: 10px\" id=\"nav_tab_seis\" class=\"nav-item nav-link\" role=\"tab\" href=\"#nav_seis\" data-toggle=\"tab\">Reglamentos<\/a><br \/>\n<a style=\"font-size: 10px\" id=\"nav_tab_siete\" class=\"nav-item nav-link\" role=\"tab\" href=\"#nav_siete\" data-toggle=\"tab\">Reglas de Operaci\u00f3n<\/a><br \/>\n<a style=\"font-size: 10px\" id=\"nav_tab_ocho\" class=\"nav-item nav-link\" role=\"tab\" href=\"#nav_ocho\" data-toggle=\"tab\">Doctos Normativos<\/a><br \/>\n<a style=\"font-size: 10px\" id=\"nav_tab_nueve\" class=\"nav-item nav-link\" role=\"tab\" href=\"#nav_nueve\" data-toggle=\"tab\">Plan Estrat\u00e9gico Sectorial<\/a><br \/>\n<a style=\"font-size: 10px\" id=\"nav_tab_diez\" class=\"nav-item nav-link\" role=\"tab\" href=\"#nav_diez\" data-toggle=\"tab\">Estrategia Nac. de Inclusi\u00f3n<\/a>\n<\/div>\n<\/nav>\n<div id=\"nav-tabContent\" class=\"tab-content\">\n<div id=\"nav_uno\" class=\"tab-pane fade show active\" role=\"tabpanel\" aria-labelledby=\"nav_tab_uno\">\n<h4>Normatividad<\/h4>\n[table \u201cnormatividad\u201d not found \/]<br \/>\n<\/div>\n<div id=\"nav_dos\" class=\"tab-pane fade\" role=\"tabpanel\" aria-labelledby=\"nav_tab_dos\">\n<h4>Tratados Internacionales<\/h4>\n[table \u201ctratados_internacionales\u201d not found \/]<br \/>\n<\/div>\n<div id=\"nav_tres\" class=\"tab-pane fade\" role=\"tabpanel\" aria-labelledby=\"nav_tab_tres\">\n<h4>Constituci\u00f3n<\/h4>\n[table \u201cconstitucion\u201d not found \/]<br \/>\n<\/div>\n<div id=\"nav_cuatro\" class=\"tab-pane fade\" role=\"tabpanel\" aria-labelledby=\"nav_tab_cuatro\">\n<h4>Leyes Estatales<\/h4>\n[table \u201cleyes_estatales\u201d not found \/]<br \/>\n\n<h4 style=\"margin-top: 70px\">Leyes Federales<\/h4>\n[table \u201cleyes_federales\u201d not found \/]<br \/>\n\n<h4 style=\"margin-top: 70px\">Leyes Generales<\/h4>\n[table \u201cleyes_generales\u201d not found \/]<br \/>\n<\/div>\n<div id=\"nav_cinco\" class=\"tab-pane fade\" role=\"tabpanel\" aria-labelledby=\"nav_tab_cinco\">\n<h4>C\u00f3digos<\/h4>\n[table \u201ccodigos\u201d not found \/]<br \/>\n<\/div>\n<div id=\"nav_seis\" class=\"tab-pane fade\" role=\"tabpanel\" aria-labelledby=\"nav_tab_seis\">\n<h4>Reglamentos<\/h4>\n[table \u201creglamento_interno\u201d not found \/]<br \/>\n\n<h4>Facultades Mandos Medios y Superiores<\/h4>\n[table \u201cfacultades_mandos_medios\u201d not found \/]<br \/>\n<\/div>\n<div id=\"nav_siete\" class=\"tab-pane fade\" role=\"tabpanel\" aria-labelledby=\"nav_tab_siete\">\n<h4>Reglas de Operaci\u00f3n<\/h4>\n<div id=\"accordion\">\n<div class=\"card\">\n<div class=\"card-header\" id=\"headingZero\">\n<h5 class=\"mb-0\"><button class=\"btn btn-link collapsed\" data-toggle=\"collapse\" data-target=\"#collapseZero\">Lineamientos<\/button><\/h5>\n<\/div>\n<div id=\"collapseZero\" class=\"collapse\" aria-labelledby=\"headingZero\" data-parent=\"#accordion\">\n<div class=\"card-body\">\n<div>\n<ul class=\"listas-geo\">\n<li><a target=\"_blank\" href=\"\/sedesoh\/wp-content\/uploads\/sites\/30\/2017\/09\/Lineamientos-ROP-y-PUB_SEDESOH.pdf\" rel=\"noopener noreferrer\">Lineamientos ROP y PUB_SEDESOH<\/a><\/li>\n<li><a target=\"_blank\" href=\"\/sedesoh\/wp-content\/uploads\/sites\/30\/2017\/09\/Formato-editable-para-la-elaboraci%C3%B3n-de-Reglas-de-Operaci%C3%B3n-de-Programas-Sociales.docx\" rel=\"noopener noreferrer\">Reglas de Operaci\u00f3n de Programas Sociales<\/a><\/li>\n<\/ul>\n<\/div>\n<\/div>\n<\/div>\n<\/div>\n<div class=\"card\">\n<div class=\"card-header\" id=\"headingOne\">\n<h5 class=\"mb-0\"><button class=\"btn btn-link\" data-toggle=\"collapse\" data-target=\"#collapseOne\">Ejercicio 2017<\/button><\/h5>\n<\/div>\n<div id=\"collapseOne\" class=\"collapse\" aria-labelledby=\"headingOne\" data-parent=\"#accordion\">\n<div class=\"card-body\">\n<div>\n<ul class=\"listas-geo\">\n<li><a target=\"_blank\" href=\"\/sedesoh\/wp-content\/uploads\/sites\/30\/2017\/09\/Reglas-de-Operaci%C3%B3n-del-Programa-Vamos-Juntos-a-la-Escuela-para-el.pdf\" rel=\"noopener noreferrer\">Reglas de Operaci\u00f3n del Programa \u00abVamos Juntos a la Escuela\u00bb<\/a><\/li>\n<li><a target=\"_blank\" href=\"\/sedesoh\/wp-content\/uploads\/sites\/30\/2017\/09\/REGLAS-DE-OPERACI%C3%93N-PALABRA-DE-MUJER1.pdf\" rel=\"noopener noreferrer\">Reglas de Operaci\u00f3n del Programa \u00abPalabra de Mujer\u00bb<\/a><\/li>\n<li><a target=\"_blank\" href=\"\/sedesoh\/wp-content\/uploads\/sites\/30\/2017\/09\/Reglas-de-Operacio%CC%81n-Programas-Bienestar-_2015-1.pdf\" rel=\"noopener noreferrer\">Reglas de Operaci\u00f3n del Programa \u00abBienestar 2015\u00bb<\/a><\/li>\n<li><a target=\"_blank\" href=\"\/sedesoh\/wp-content\/uploads\/sites\/30\/2017\/09\/Reglas-de-Operacio%CC%81n-Programas-Bienestar_2016-11.pdff\" rel=\"noopener noreferrer\">Reglas de Operaci\u00f3n del Programa \u00abBienestar 2016<\/a><\/li>\n<\/ul>\n<\/div>\n<\/div>\n<\/div>\n<\/div>\n<div class=\"card\">\n<div class=\"card-header\" id=\"headingTwo\">\n<h5 class=\"mb-0\"><button class=\"btn btn-link\" data-toggle=\"collapse\" data-target=\"#collapseTwo\">Ejercicio 2018<\/button><\/h5>\n<\/div>\n<div id=\"collapseTwo\" class=\"collapse\" aria-labelledby=\"headingTwo\" data-parent=\"#accordion\">\n<div class=\"card-body\">\n<div>\n<ul class=\"listas-geo\">\n<li><a target=\"_blank\" href=\"\/sedesoh\/wp-content\/uploads\/sites\/30\/2017\/09\/CONVOCATORIA-PALABRA-DE-MUJER-2018.pdf\" rel=\"noopener noreferrer\">Convocatoria Palabra de Mujer 2018<\/a><\/li>\n<li><a target=\"_blank\" href=\"\/sedesoh\/wp-content\/uploads\/sites\/30\/2017\/09\/Fe-de-erratas-1.pdf\" rel=\"noopener noreferrer\">Fe de Erratas, Reglas de Operaci\u00f3n \u00abVamos Juntos a la Escuela 2018\u00bb<\/a><\/li>\n<li><a target=\"_blank\" href=\"\/sedesoh\/wp-content\/uploads\/sites\/30\/2017\/09\/CREDITO-A-LA-PALABRA-DE-LA-MUJER-2018.pdf\" rel=\"noopener noreferrer\">Cr\u00e9dito a la Palabra de la Mujer 2018<\/a><\/li>\n<li><a target=\"_blank\" href=\"\/sedesoh\/wp-content\/uploads\/sites\/30\/2017\/09\/CONVOCATORIA-DIF-2018.pdf\" rel=\"noopener noreferrer\">Convocatoria DIF 2018<\/a><\/li>\n<li><a target=\"_blank\" href=\"\/sedesoh\/wp-content\/uploads\/sites\/30\/2017\/09\/REGLAS-DE-OPERACI%C3%93N-VAMOS-JUNTOS-A-LA-ESCUELA-2018.pdff\" rel=\"noopener noreferrer\">Reglas de Operaci\u00f3n \u00abVamos Juntos a la Escuela 2018\u00bb<\/a><\/li>\n<li><a target=\"_blank\" href=\"\/sedesoh\/wp-content\/uploads\/sites\/30\/2017\/09\/Fe-de-erratas-2.pdf\" rel=\"noopener noreferrer\">Fe de Erratas 2, Reglas de Operaci\u00f3n \u00abVamos Juntos a la Escuela 2018\u00bb<\/a><\/li>\n<\/ul>\n<\/div>\n<\/div>\n<\/div>\n<\/div>\n<div class=\"card\">\n<div class=\"card-header\" id=\"headingThree\">\n<h5 class=\"mb-0\"><button class=\"btn btn-link\" data-toggle=\"collapse\" data-target=\"#collapseThree\">Ejercicio 2019<\/button><\/h5>\n<\/div>\n<div id=\"collapseThree\" class=\"collapse\" aria-labelledby=\"headingThree\" data-parent=\"#accordion\">\n<div class=\"card-body\">\n<div>\n<ul class=\"listas-geo\">\n<li><a target=\"_blank\" href=\"\/sedesoh\/wp-content\/uploads\/sites\/30\/2017\/09\/PERIODICO-OFIC.-REGLAS-DE-OPERACION-VAMOS-JUNTOS-A-LA-ESCUELA-1.pdf\" rel=\"noopener noreferrer\">Peri\u00f3dico Oficial de Operaci\u00f3n Vamos Juntos a la Escuela 1<\/a><\/li>\n<li><a target=\"_blank\" href=\"\/sedesoh\/wp-content\/uploads\/sites\/30\/2019\/02\/ROP-PALABRA-DE-MUJER-2019-PUBLICACI%C3%93N.pdf\" rel=\"noopener noreferrer\">ROP Palabra de Mujer 2019 Publicaci\u00f3n<\/a><\/li>\n<li><a target=\"_blank\" href=\"\/sedesoh\/wp-content\/uploads\/sites\/30\/2017\/05\/CONVOCATORIA.pdf\" rel=\"noopener noreferrer\">Convocatoria Palabra de Mujer 2019<\/a><\/li>\n<\/ul>\n<\/div>\n<\/div>\n<\/div>\n<\/div>\n<\/div>\n<\/div>\n<div id=\"nav_ocho\" class=\"tab-pane fade\" role=\"tabpanel\" aria-labelledby=\"nav_tab_ocho\">\n<h4>Documentos Normativos<\/h4>\n[table \u201cotros_documentos_normativos\u201d not found \/]<br \/>\n<\/div>\n<div id=\"nav_nueve\" class=\"tab-pane fade\" role=\"tabpanel\" aria-labelledby=\"nav_tab_nueve\">\n<h4>Plan Estrat\u00e9gico Sectorial<\/h4>\n[pdf]\/sedesoh\/wp-content\/uploads\/sites\/30\/2018\/12\/PES_DesarrolloSocial_enlinea.pdf[\/pdf]\n<\/p><\/div>\n<div id=\"nav_diez\" class=\"tab-pane fade\" role=\"tabpanel\" aria-labelledby=\"nav_tab_diez\">\n<h4>Estrategia Nacional de Inclusi\u00f3n<\/h4>\n[table \u201cdocumentos_normativos\u201d not found \/]<br \/>\n<\/div>\n<\/div>\n","protected":false},"excerpt":{"rendered":"<p>Normatividad Tratados Inter. Constituci\u00f3n Leyes C\u00f3digos Reglamentos Reglas de Operaci\u00f3n Doctos Normativos Plan Estrat\u00e9gico Sectorial Estrategia Nac. de Inclusi\u00f3n Normatividad Tratados Internacionales Constituci\u00f3n Leyes Estatales Leyes Federales Leyes Generales C\u00f3digos Reglamentos Facultades Mandos Medios y Superiores Reglas de Operaci\u00f3n Lineamientos Lineamientos ROP y PUB_SEDESOH Reglas de Operaci\u00f3n de Programas Sociales Ejercicio 2017 Reglas de Operaci\u00f3n [&hellip;]<\/p>\n","protected":false},"author":1,"featured_media":0,"parent":0,"menu_order":0,"comment_status":"closed","ping_status":"closed","template":"","meta":{"episode_type":"","audio_file":"","podmotor_file_id":"","podmotor_episode_id":"","cover_image":"","cover_image_id":"","duration":"","filesize":"","filesize_raw":"","date_recorded":"","explicit":"","block":"","itunes_episode_number":"","itunes_title":"","itunes_season_number":"","itunes_episode_type":"","footnotes":""},"categories":[],"tags":[],"class_list":["post-1166","page","type-page","status-publish","hentry"],"acf":[],"publishpress_future_action":{"enabled":false,"date":"2026-05-16 07:08:16","action":"change-status","newStatus":"draft","terms":[],"taxonomy":"category","extraData":[]},"publishpress_future_workflow_manual_trigger":{"enabledWorkflows":[]},"_links":{"self":[{"href":"https:\/\/www.oaxaca.gob.mx\/sebienti\/wp-json\/wp\/v2\/pages\/1166","targetHints":{"allow":["GET"]}}],"collection":[{"href":"https:\/\/www.oaxaca.gob.mx\/sebienti\/wp-json\/wp\/v2\/pages"}],"about":[{"href":"https:\/\/www.oaxaca.gob.mx\/sebienti\/wp-json\/wp\/v2\/types\/page"}],"author":[{"embeddable":true,"href":"https:\/\/www.oaxaca.gob.mx\/sebienti\/wp-json\/wp\/v2\/users\/1"}],"replies":[{"embeddable":true,"href":"https:\/\/www.oaxaca.gob.mx\/sebienti\/wp-json\/wp\/v2\/comments?post=1166"}],"version-history":[{"count":1,"href":"https:\/\/www.oaxaca.gob.mx\/sebienti\/wp-json\/wp\/v2\/pages\/1166\/revisions"}],"predecessor-version":[{"id":9188,"href":"https:\/\/www.oaxaca.gob.mx\/sebienti\/wp-json\/wp\/v2\/pages\/1166\/revisions\/9188"}],"wp:attachment":[{"href":"https:\/\/www.oaxaca.gob.mx\/sebienti\/wp-json\/wp\/v2\/media?parent=1166"}],"wp:term":[{"taxonomy":"category","embeddable":true,"href":"https:\/\/www.oaxaca.gob.mx\/sebienti\/wp-json\/wp\/v2\/categories?post=1166"},{"taxonomy":"post_tag","embeddable":true,"href":"https:\/\/www.oaxaca.gob.mx\/sebienti\/wp-json\/wp\/v2\/tags?post=1166"}],"curies":[{"name":"wp","href":"https:\/\/api.w.org\/{rel}","templated":true}]}}