{"id":9822,"date":"2020-10-23T13:10:02","date_gmt":"2020-10-23T18:10:02","guid":{"rendered":"https:\/\/www.oaxaca.gob.mx\/salud\/?page_id=9822"},"modified":"2020-10-23T13:10:02","modified_gmt":"2020-10-23T18:10:02","slug":"volumen-7-numero-2-abril-junio-2020","status":"publish","type":"page","link":"https:\/\/www.oaxaca.gob.mx\/salud\/volumen-7-numero-2-abril-junio-2020\/","title":{"rendered":"Volumen 7, N\u00famero 2, (Abril-Junio 2020)"},"content":{"rendered":"<p>Portada N\u00fam. 2 Vol. 7 2020 <a href=\"https:\/\/www.oaxaca.gob.mx\/salud\/wp-content\/uploads\/sites\/32\/2020\/10\/Portada-abril-junio-2020.pdf\" target=\"_blank\" rel=\"noopener noreferrer\"><i class=\"far fa-file-pdf fa-2x\">\u00a0<\/i><\/a><br \/>\nVolumen 7, N\u00famero 2 2020<br \/>\nEditorial Sr. Gobernador<a href=\"https:\/\/www.oaxaca.gob.mx\/salud\/wp-content\/uploads\/sites\/32\/2020\/10\/Editorial-Sr-Gobernador.pdf\" target=\"_blank\" rel=\"noopener noreferrer\"><i class=\"far fa-file-pdf fa-2x\">\u00a0<\/i><\/a><br \/>\nVolumen 7, N\u00famero 2 2020<br \/>\nEditorial Secretario de Salud <a href=\"https:\/\/www.oaxaca.gob.mx\/salud\/wp-content\/uploads\/sites\/32\/2020\/10\/Editorial-Sr.-Secretario.pdf\" target=\"_blank\" rel=\"noopener noreferrer\"><i class=\"far fa-file-pdf fa-2x\">\u00a0<\/i><\/a><br \/>\nVolumen 7, N\u00famero 2 2020<br \/>\nComit\u00e9 Editorial <a href=\"https:\/\/www.oaxaca.gob.mx\/salud\/wp-content\/uploads\/sites\/32\/2020\/10\/Comite-editorial-actualizado-abril-junio-2020.pdf\" target=\"_blank\" rel=\"noopener noreferrer\"><i class=\"far fa-file-pdf fa-2x\">\u00a0<\/i><\/a><br \/>\nVolumen 7, N\u00famero 2 2020<br \/>\nContenido <a href=\"https:\/\/www.oaxaca.gob.mx\/salud\/wp-content\/uploads\/sites\/32\/2020\/10\/Contenido-abril-junio-2020.pdf\" target=\"_blank\" rel=\"noopener noreferrer\"><i class=\"far fa-file-pdf fa-2x\">\u00a0<\/i><\/a><\/p>\n<p>Volumen 7, N\u00famero 2 2020 ( Art\u00edculo Original )<br \/>\nArt\u00edculo Original Sem\u00e1foro de riesgo.<br \/>\n<a href=\"https:\/\/www.oaxaca.gob.mx\/salud\/wp-content\/uploads\/sites\/32\/2020\/10\/Articulo-Original_Semaforo-de-riesgo.pdf\" target=\"_blank\" rel=\"noopener noreferrer\"><i class=\"far fa-file-pdf fa-2x\">\u00a0<\/i><\/a><\/p>\n<p>Volumen 7, N\u00famero 2 2020 ( Articulo Especial )<br \/>\nComando operativo. <a href=\"https:\/\/www.oaxaca.gob.mx\/salud\/wp-content\/uploads\/sites\/32\/2020\/10\/Articulo-especial_Comando-operativo.pdf\" target=\"_blank\" rel=\"noopener noreferrer\"><i class=\"far fa-file-pdf fa-2x\">\u00a0<\/i><\/a><\/p>\n","protected":false},"excerpt":{"rendered":"<p>Portada N\u00fam. 2 Vol. 7 2020 \u00a0 Volumen 7, N\u00famero 2 2020 Editorial Sr. Gobernador\u00a0 Volumen 7, N\u00famero 2 2020 Editorial Secretario de Salud \u00a0 Volumen 7, N\u00famero 2 2020 Comit\u00e9 Editorial \u00a0 Volumen 7, N\u00famero 2 2020 Contenido \u00a0 Volumen 7, N\u00famero 2 2020 ( Art\u00edculo Original ) Art\u00edculo Original Sem\u00e1foro de riesgo. \u00a0 [&hellip;]<\/p>\n","protected":false},"author":41,"featured_media":0,"parent":0,"menu_order":0,"comment_status":"closed","ping_status":"closed","template":"","meta":{"episode_type":"","audio_file":"","podmotor_file_id":"","podmotor_episode_id":"","cover_image":"","cover_image_id":"","duration":"","filesize":"","filesize_raw":"","date_recorded":"","explicit":"","block":"","itunes_episode_number":"","itunes_title":"","itunes_season_number":"","itunes_episode_type":"","footnotes":""},"categories":[],"tags":[],"class_list":["post-9822","page","type-page","status-publish","hentry"],"acf":[],"publishpress_future_action":{"enabled":false,"date":"2026-05-11 07:40:21","action":"change-status","newStatus":"draft","terms":[],"taxonomy":"category","extraData":[]},"publishpress_future_workflow_manual_trigger":{"enabledWorkflows":[]},"_links":{"self":[{"href":"https:\/\/www.oaxaca.gob.mx\/salud\/wp-json\/wp\/v2\/pages\/9822","targetHints":{"allow":["GET"]}}],"collection":[{"href":"https:\/\/www.oaxaca.gob.mx\/salud\/wp-json\/wp\/v2\/pages"}],"about":[{"href":"https:\/\/www.oaxaca.gob.mx\/salud\/wp-json\/wp\/v2\/types\/page"}],"author":[{"embeddable":true,"href":"https:\/\/www.oaxaca.gob.mx\/salud\/wp-json\/wp\/v2\/users\/41"}],"replies":[{"embeddable":true,"href":"https:\/\/www.oaxaca.gob.mx\/salud\/wp-json\/wp\/v2\/comments?post=9822"}],"version-history":[{"count":1,"href":"https:\/\/www.oaxaca.gob.mx\/salud\/wp-json\/wp\/v2\/pages\/9822\/revisions"}],"predecessor-version":[{"id":9823,"href":"https:\/\/www.oaxaca.gob.mx\/salud\/wp-json\/wp\/v2\/pages\/9822\/revisions\/9823"}],"wp:attachment":[{"href":"https:\/\/www.oaxaca.gob.mx\/salud\/wp-json\/wp\/v2\/media?parent=9822"}],"wp:term":[{"taxonomy":"category","embeddable":true,"href":"https:\/\/www.oaxaca.gob.mx\/salud\/wp-json\/wp\/v2\/categories?post=9822"},{"taxonomy":"post_tag","embeddable":true,"href":"https:\/\/www.oaxaca.gob.mx\/salud\/wp-json\/wp\/v2\/tags?post=9822"}],"curies":[{"name":"wp","href":"https:\/\/api.w.org\/{rel}","templated":true}]}}