{"id":9647,"date":"2020-08-03T10:45:41","date_gmt":"2020-08-03T15:45:41","guid":{"rendered":"https:\/\/www.oaxaca.gob.mx\/salud\/?page_id=9647"},"modified":"2020-08-03T10:47:46","modified_gmt":"2020-08-03T15:47:46","slug":"volumen-7-numero-1-enero-marzo-2020","status":"publish","type":"page","link":"https:\/\/www.oaxaca.gob.mx\/salud\/volumen-7-numero-1-enero-marzo-2020\/","title":{"rendered":"Volumen 7, N\u00famero 1, (Enero-Marzo 2020)"},"content":{"rendered":"<p>Portada N\u00fam. 1 Vol. 7 2020 <a href=\"https:\/\/www.oaxaca.gob.mx\/salud\/wp-content\/uploads\/sites\/32\/2020\/08\/ACS201-PORTADA.pdf\" target=\"_blank\" rel=\"noopener noreferrer\"><i class=\"far fa-file-pdf fa-2x\">\u00a0<\/i><\/a><br \/>\nVolumen 7, N\u00famero 1 2020<br \/>\nComit\u00e9 Editorial <a href=\"https:\/\/www.oaxaca.gob.mx\/salud\/wp-content\/uploads\/sites\/32\/2020\/08\/ACS201-01E.pdf\" target=\"_blank\" rel=\"noopener noreferrer\"><i class=\"far fa-file-pdf fa-2x\">\u00a0<\/i><\/a><br \/>\nVolumen 7, N\u00famero 1 2020<br \/>\nContenido <a href=\"https:\/\/www.oaxaca.gob.mx\/salud\/wp-content\/uploads\/sites\/32\/2020\/08\/ACS201-CONTENIDO.pdf\" target=\"_blank\" rel=\"noopener noreferrer\"><i class=\"far fa-file-pdf fa-2x\">\u00a0<\/i><\/a><\/p>\n<p>Volumen 7, N\u00famero 1 2020 ( Art\u00edculo Original )<br \/>\nFactores asociados a la prevalencia de tuberculosis en la Jurisdicci\u00f3n Sanitaria 3, La Paz, Baja California Sur.<br \/>\n<a href=\"https:\/\/www.oaxaca.gob.mx\/salud\/wp-content\/uploads\/sites\/32\/2020\/08\/ACS201-02I.pdf\" target=\"_blank\" rel=\"noopener noreferrer\"><i class=\"far fa-file-pdf fa-2x\">\u00a0<\/i><\/a><br \/>\nNavarro-Canchola Daniela Alejandra1, Ram\u00edrez-Bustos Manuel Ezequiel1, 1Jurisdicci\u00f3n Sanitaria No. 3, La Paz, Baja California Sur, M\u00e9xico.<\/p>\n<p>Volumen 7, N\u00famero 1 2020 ( Caso Cl\u00ednico )<br \/>\nQuiste dent\u00edgero. Reporte de un caso. <a href=\"https:\/\/www.oaxaca.gob.mx\/salud\/wp-content\/uploads\/sites\/32\/2020\/08\/ACS201-05C.pdf\" target=\"_blank\" rel=\"noopener noreferrer\"><i class=\"far fa-file-pdf fa-2x\">\u00a0<\/i><\/a><br \/>\nCenteno-Jim\u00e9nez Leticia Jasibe,1 Pe\u00f1a-Fern\u00e1ndez Rodolfo,1 Sosa-Velasco Taurino Am\u00edlcar,2 S\u00e1nchez-S\u00e1nchez Manuel,2 Hern\u00e1ndez-Antonio Alicia.<\/p>\n<p>Volumen 7, N\u00famero 1 2020 ( Caso Cl\u00ednico )<br \/>\nFistula g\u00e1strica recidivante en \u00falcera p\u00e9ptica perforada, manejada exitosamente con gastrostom\u00eda y parche de Graham. <a href=\"https:\/\/www.oaxaca.gob.mx\/salud\/wp-content\/uploads\/sites\/32\/2020\/08\/ACS201-04C.pdf\" target=\"_blank\" rel=\"noopener noreferrer\"><i class=\"far fa-file-pdf fa-2x\">\u00a0<\/i><\/a><br \/>\nSerna-Cortez Giovanni1, 1Servicio de Cirug\u00eda General. Hospital General de Putla Villa de Guerrero, Oaxaca.<\/p>\n<p>Volumen 7, N\u00famero 1 2020 (Art\u00edculo en Revisi\u00f3n )<br \/>\nEl suicidio: estudio documental desde la socioformaci\u00f3n. <a href=\"https:\/\/www.oaxaca.gob.mx\/salud\/wp-content\/uploads\/sites\/32\/2020\/08\/ACS201-03O.pdf\" target=\"_blank\" rel=\"noopener noreferrer\"><i class=\"far fa-file-pdf fa-2x\">\u00a0<\/i><\/a><br \/>\nHern\u00e1ndez-Jim\u00e9nez Alfredo,1 Rodr\u00edguez-Peralta Mar\u00eda de Lourdes2, 1Hospital Psiqui\u00e1trico \u201cCruz del Sur\u201d. Servicios de Salud de Oaxaca.<br \/>\n2Instituto Polit\u00e9cnico Nacional.<\/p>\n<p>Volumen 7, N\u00famero 1 2020 (Novedades en Salud)<br \/>\nOsteos\u00edntesis costal mediante sistema Stracos\u00ae: Reporte del primer caso realizado en el estado de Oaxaca <a href=\"https:\/\/www.oaxaca.gob.mx\/salud\/wp-content\/uploads\/sites\/32\/2020\/08\/ACS201-06O.pdf\" target=\"_blank\" rel=\"noopener noreferrer\"><i class=\"far fa-file-pdf fa-2x\">\u00a0<\/i><\/a><br \/>\nVillanueva-Rustri\u00e1n Filiberto,1 Garc\u00eda-Manzano Roberto Armando,2 Mart\u00ednez-Santiago Nalley Ytandehui,3 D\u00e1vila Ru\u00edz Ediel Osvaldo.2<\/p>\n","protected":false},"excerpt":{"rendered":"<p>Portada N\u00fam. 1 Vol. 7 2020 \u00a0 Volumen 7, N\u00famero 1 2020 Comit\u00e9 Editorial \u00a0 Volumen 7, N\u00famero 1 2020 Contenido \u00a0 Volumen 7, N\u00famero 1 2020 ( Art\u00edculo Original ) Factores asociados a la prevalencia de tuberculosis en la Jurisdicci\u00f3n Sanitaria 3, La Paz, Baja California Sur. \u00a0 Navarro-Canchola Daniela Alejandra1, Ram\u00edrez-Bustos Manuel Ezequiel1, [&hellip;]<\/p>\n","protected":false},"author":41,"featured_media":0,"parent":0,"menu_order":0,"comment_status":"closed","ping_status":"closed","template":"","meta":{"episode_type":"","audio_file":"","podmotor_file_id":"","podmotor_episode_id":"","cover_image":"","cover_image_id":"","duration":"","filesize":"","filesize_raw":"","date_recorded":"","explicit":"","block":"","itunes_episode_number":"","itunes_title":"","itunes_season_number":"","itunes_episode_type":"","footnotes":""},"categories":[],"tags":[],"class_list":["post-9647","page","type-page","status-publish","hentry"],"acf":[],"publishpress_future_action":{"enabled":false,"date":"2026-05-11 12:00:42","action":"change-status","newStatus":"draft","terms":[],"taxonomy":"category","extraData":[]},"publishpress_future_workflow_manual_trigger":{"enabledWorkflows":[]},"_links":{"self":[{"href":"https:\/\/www.oaxaca.gob.mx\/salud\/wp-json\/wp\/v2\/pages\/9647","targetHints":{"allow":["GET"]}}],"collection":[{"href":"https:\/\/www.oaxaca.gob.mx\/salud\/wp-json\/wp\/v2\/pages"}],"about":[{"href":"https:\/\/www.oaxaca.gob.mx\/salud\/wp-json\/wp\/v2\/types\/page"}],"author":[{"embeddable":true,"href":"https:\/\/www.oaxaca.gob.mx\/salud\/wp-json\/wp\/v2\/users\/41"}],"replies":[{"embeddable":true,"href":"https:\/\/www.oaxaca.gob.mx\/salud\/wp-json\/wp\/v2\/comments?post=9647"}],"version-history":[{"count":2,"href":"https:\/\/www.oaxaca.gob.mx\/salud\/wp-json\/wp\/v2\/pages\/9647\/revisions"}],"predecessor-version":[{"id":9650,"href":"https:\/\/www.oaxaca.gob.mx\/salud\/wp-json\/wp\/v2\/pages\/9647\/revisions\/9650"}],"wp:attachment":[{"href":"https:\/\/www.oaxaca.gob.mx\/salud\/wp-json\/wp\/v2\/media?parent=9647"}],"wp:term":[{"taxonomy":"category","embeddable":true,"href":"https:\/\/www.oaxaca.gob.mx\/salud\/wp-json\/wp\/v2\/categories?post=9647"},{"taxonomy":"post_tag","embeddable":true,"href":"https:\/\/www.oaxaca.gob.mx\/salud\/wp-json\/wp\/v2\/tags?post=9647"}],"curies":[{"name":"wp","href":"https:\/\/api.w.org\/{rel}","templated":true}]}}