{"id":8814,"date":"2019-11-19T08:53:18","date_gmt":"2019-11-19T14:53:18","guid":{"rendered":"https:\/\/www.oaxaca.gob.mx\/salud\/?page_id=8814"},"modified":"2025-11-11T09:50:21","modified_gmt":"2025-11-11T15:50:21","slug":"p-o-a","status":"publish","type":"page","link":"https:\/\/www.oaxaca.gob.mx\/salud\/p-o-a\/","title":{"rendered":"P.O.A."},"content":{"rendered":"<p><b>PROGRAMA ANUAL OPERATIVO<\/b><b>.<\/b><br \/>\n<b>DIRECCI\u00d3N DE PLANEACI\u00d3N Y DESARROLLO<\/b><b>.<\/b><br \/>\n<b>DEPARTAMENTO DE PLANEACI\u00d3N Y PROGRAMACI\u00d3N<\/b><b>.<\/b><\/p>\n<p>&nbsp;<\/p>\n<p>&nbsp;<\/p>\n<table border=\"0\" width=\"550\" align=\"center\">\n<tbody>\n<tr>\n<td align=\"left\"><strong>A\u00f1o 2026<\/strong><\/td>\n<\/tr>\n<tr>\n<td><strong>DECRETO DE PRESUPUESTO DE EGRESOS DEL ESTADO DE OAXACA<\/strong><\/td>\n<\/tr>\n<tr>\n<td><strong>PRESUPUESTO DE EGRESOS DEL ESTADO (P.O.A ESTATAL)<\/strong><\/p>\n<p><a href=\"https:\/\/www.oaxaca.gob.mx\/salud\/wp-content\/uploads\/sites\/32\/2025\/11\/POA-2026.zip\" target=\"_blank\" rel=\"noopener noreferrer\">-Programa Operativo Anual.<\/a><\/td>\n<\/tr>\n<tr>\n<td align=\"left\"><strong>A\u00f1o 2025<\/strong><\/td>\n<\/tr>\n<tr>\n<td><strong>DECRETO DE PRESUPUESTO DE EGRESOS DEL ESTADO DE OAXACA<\/strong><\/td>\n<\/tr>\n<tr>\n<td><strong>PRESUPUESTO DE EGRESOS DEL ESTADO (P.O.A ESTATAL)<\/strong><\/p>\n<p><a href=\"https:\/\/www.oaxaca.gob.mx\/salud\/wp-content\/uploads\/sites\/32\/2025\/01\/enrelacinalenvodelp0a2025-1.zip\" target=\"_blank\" rel=\"noopener noreferrer\">-Programa Operativo Anual.<\/a><\/td>\n<\/tr>\n<tr>\n<td><\/td>\n<\/tr>\n<tr>\n<td><strong>PRESUPUESTO DE EGRESOS FEDERAL (P.A.T)<\/strong><br \/>\n<a href=\"https:\/\/www.oaxaca.gob.mx\/salud\/wp-content\/uploads\/sites\/32\/2025\/01\/OF.-2885-29_11_024-POA-2025.pdf\" target=\"_blank\" rel=\"noopener noreferrer\">-Oficio POA<\/a><br \/>\n<a href=\"https:\/\/www.oaxaca.gob.mx\/salud\/wp-content\/uploads\/sites\/32\/2025\/01\/REPORTES-RECIBIDOS-SEFIN-29_11_024-POA-2025.pdf\" target=\"_blank\" rel=\"noopener noreferrer\">-Reportes 2025.<\/a><br \/>\n<a href=\"https:\/\/www.oaxaca.gob.mx\/salud\/wp-content\/uploads\/sites\/32\/2025\/02\/P.A.T.-FEDERAL-20250204T234507Z-001.zip\" target=\"_blank\" rel=\"noopener noreferrer\">-Calendario y Anexos<\/a><\/td>\n<\/tr>\n<tr>\n<td align=\"left\"><strong>A\u00f1o 2024<\/strong><\/td>\n<\/tr>\n<tr>\n<td><strong>DECRETO DE PRESUPUESTO DE EGRESOS DEL ESTADO DE OAXACA<\/strong><\/p>\n<p><a href=\"https:\/\/www.oaxaca.gob.mx\/salud\/wp-content\/uploads\/sites\/32\/2024\/03\/1.-Presupuesto-de-Egresos-2024-ESTATAL.pdf\" target=\"_blank\" rel=\"noopener noreferrer\">-2024.<\/a><\/td>\n<\/tr>\n<tr>\n<td><strong>PRESUPUESTO DE EGRESOS DEL ESTADO (P.O.A ESTATAL)<\/strong><\/p>\n<p><a href=\"https:\/\/www.oaxaca.gob.mx\/salud\/wp-content\/uploads\/sites\/32\/2024\/03\/SF-SECyT-1517-2023-COMUNICADO-PRESUPUESTO-2024-SEFIN.pdf\" target=\"_blank\" rel=\"noopener noreferrer\">-Oficio SF-SECyT-1517-2023.<\/a><br \/>\n<a href=\"https:\/\/www.oaxaca.gob.mx\/salud\/wp-content\/uploads\/sites\/32\/2024\/08\/POA-2024.pdf\" target=\"_blank\" rel=\"noopener noreferrer\">-POA 2024.<\/a><\/td>\n<\/tr>\n<tr>\n<td><\/td>\n<\/tr>\n<tr>\n<td><strong>PRESUPUESTO DE EGRESOS FEDERAL (P.A.T)<\/strong><\/p>\n<p><a href=\"https:\/\/www.oaxaca.gob.mx\/salud\/wp-content\/uploads\/sites\/32\/2024\/03\/2.-OFICIO-DGPyP-2748-2023.pdf\" target=\"_blank\" rel=\"noopener noreferrer\">-OFICIO DGPyP-2748-2023.<\/a><br \/>\n<a href=\"https:\/\/www.oaxaca.gob.mx\/salud\/wp-content\/uploads\/sites\/32\/2024\/03\/3.-EPEF_I220.pdf\" target=\"_blank\" rel=\"noopener noreferrer\">-Estructura Program\u00e1tica de la Entidad Federativa.<\/a><br \/>\n<a href=\"https:\/\/www.oaxaca.gob.mx\/salud\/wp-content\/uploads\/sites\/32\/2024\/03\/4.-PCA_I220.pdf\" target=\"_blank\" rel=\"noopener noreferrer\">-Detalle del Presupuesto Calendarizado Ajustado a Techo.<\/a><br \/>\n<a href=\"https:\/\/www.oaxaca.gob.mx\/salud\/wp-content\/uploads\/sites\/32\/2024\/03\/5.-RST_I220.pdf\" target=\"_blank\" rel=\"noopener noreferrer\">-Resumen de Actividad Institucional Estatal.<\/a><br \/>\n<a href=\"https:\/\/www.oaxaca.gob.mx\/salud\/wp-content\/uploads\/sites\/32\/2024\/03\/7.-AIECA_I220.pdf\" target=\"_blank\" rel=\"noopener noreferrer\">-Resumen por Actividad Institucional y Capitulo.<\/a><br \/>\n<a href=\"https:\/\/www.oaxaca.gob.mx\/salud\/wp-content\/uploads\/sites\/32\/2024\/03\/6.-SFCA_I220.pdf\" target=\"_blank\" rel=\"noopener noreferrer\">-Resumen por Subfunci\u00f3n y Capitulo.<\/a><br \/>\n<a href=\"https:\/\/www.oaxaca.gob.mx\/salud\/wp-content\/uploads\/sites\/32\/2024\/03\/8.-GOGI_I220-1.xlsx\" target=\"_blank\" rel=\"noopener noreferrer\">-GOGI_I220.<\/a><br \/>\n<a href=\"https:\/\/www.oaxaca.gob.mx\/salud\/wp-content\/uploads\/sites\/32\/2024\/03\/9.-PEFAC_I220-2.xlsx\" target=\"_blank\" rel=\"noopener noreferrer\">-Ppto: Autorizado 2024.<\/a><\/td>\n<\/tr>\n<tr>\n<td align=\"left\"><strong>A\u00f1o 2023<\/strong><\/td>\n<\/tr>\n<tr>\n<td><strong>DECRETO DE PRESUPUESTO DE EGRESOS DEL ESTADO DE OAXACA<\/strong><\/p>\n<p><a href=\"https:\/\/www.oaxaca.gob.mx\/salud\/wp-content\/uploads\/sites\/32\/2023\/02\/PRESUPUESTO-DE-EGRESOS-EJERCICIO-FISCAL-2023.pdf\" target=\"_blank\" rel=\"noopener noreferrer\">-2023.<\/a><\/td>\n<\/tr>\n<tr>\n<td><strong>PRESUPUESTO DE EGRESOS DEL ESTADO (P.O.A ESTATAL)<\/strong><\/p>\n<p><a href=\"https:\/\/www.oaxaca.gob.mx\/salud\/wp-content\/uploads\/sites\/32\/2023\/02\/OFICIO-SF-OS-069-2023-PRESUP-AUTRIZADO.pdf\" target=\"_blank\" rel=\"noopener noreferrer\">-Oficio SF-OS-069-2023.<\/a><br \/>\n<a href=\"https:\/\/www.oaxaca.gob.mx\/salud\/wp-content\/uploads\/sites\/32\/2023\/02\/POA-2023.pdf\" target=\"_blank\" rel=\"noopener noreferrer\">-POA 2023.<\/a><\/td>\n<\/tr>\n<tr>\n<td><\/td>\n<\/tr>\n<tr>\n<td><strong>PRESUPUESTO DE EGRESOS FEDERAL (P.A.T)<\/strong><\/p>\n<p><a href=\"https:\/\/www.oaxaca.gob.mx\/salud\/wp-content\/uploads\/sites\/32\/2023\/02\/1.-DGPyP-2109-2022-OFICIO-DE-AUTORIZACION-PRESUPUESTO-2023.pdf\" target=\"_blank\" rel=\"noopener noreferrer\">-OFICIO DGPYP-2109-2022.<\/a><br \/>\n<a href=\"https:\/\/www.oaxaca.gob.mx\/salud\/wp-content\/uploads\/sites\/32\/2023\/02\/2.-ACEPTACION-DEL-AFEP-2023.pdf\" target=\"_blank\" rel=\"noopener noreferrer\">-Folio Aceptaci\u00f3n del APOEF 2023.<\/a><br \/>\n<a href=\"https:\/\/www.oaxaca.gob.mx\/salud\/wp-content\/uploads\/sites\/32\/2023\/02\/3.-ESTRUCTURA-PROGRAMATICA-DE-LA-ENTIDAD-FEDERATIVA.pdf\" target=\"_blank\" rel=\"noopener noreferrer\">-Estructura Program\u00e1tica de la Entidad Federativa.<\/a><br \/>\n<a href=\"https:\/\/www.oaxaca.gob.mx\/salud\/wp-content\/uploads\/sites\/32\/2023\/02\/4.-DETALLE-DEL-PRESUPUESTO-CALENDARIZADO-AJUSTADO-AL-TECHO.pdf\" target=\"_blank\" rel=\"noopener noreferrer\">-Detalle del Presupuesto Calendarizado Ajustado a Techo.<\/a><br \/>\n<a href=\"https:\/\/www.oaxaca.gob.mx\/salud\/wp-content\/uploads\/sites\/32\/2023\/02\/5.-RESUMEN-POR-ACTIVIDAD-INSTITUCIONAL-ESTATAL.pdf\" target=\"_blank\" rel=\"noopener noreferrer\">-Resumen de Actividad Institucional Estatal.<\/a><br \/>\n<a href=\"https:\/\/www.oaxaca.gob.mx\/salud\/wp-content\/uploads\/sites\/32\/2023\/02\/6.-RESUMEN-POR-SUBFUNCION-Y-CAPITULO.pdf\" target=\"_blank\" rel=\"noopener noreferrer\">-Resumen por Actividad Institucional y Capitulo.<\/a><br \/>\n<a href=\"https:\/\/www.oaxaca.gob.mx\/salud\/wp-content\/uploads\/sites\/32\/2023\/02\/7.-RESUMEN-POR-ACTIVIDAD-INSTITUCIONAL-Y-CAPITULO.pdf\" target=\"_blank\" rel=\"noopener noreferrer\">-Resumen por Subfunci\u00f3n y Capitulo.<\/a><br \/>\n<a href=\"https:\/\/www.oaxaca.gob.mx\/salud\/wp-content\/uploads\/sites\/32\/2023\/02\/GOGI_I220-2023.xlsx\" target=\"_blank\" rel=\"noopener noreferrer\">-GOGI_I220.<\/a><br \/>\n<a href=\"https:\/\/www.oaxaca.gob.mx\/salud\/wp-content\/uploads\/sites\/32\/2023\/02\/PPTO.-AUTORIZADO-2023.xlsx\" target=\"_blank\" rel=\"noopener noreferrer\">-Ppto: Autorizado 2023.<\/a><\/td>\n<\/tr>\n<tr>\n<td align=\"left\"><strong>A\u00f1o 2022<\/strong><\/td>\n<\/tr>\n<tr>\n<td><strong>DECRETO DE PRESUPUESTO DE EGRESOS DEL ESTADO DE OAXACA<\/strong><\/p>\n<p><a href=\"https:\/\/www.oaxaca.gob.mx\/salud\/wp-content\/uploads\/sites\/32\/2022\/10\/Decreto-Presupuesto-de-Egresos-del-Estado-de-Oaxaca-Ejercicio-2022.pdf\" target=\"_blank\" rel=\"noopener noreferrer\">-2022.<\/a><\/td>\n<\/tr>\n<tr>\n<td><strong>PRESUPUESTO DE EGRESOS DEL ESTADO (P.O.A ESTATAL)<\/strong><\/p>\n<p><a href=\"https:\/\/www.oaxaca.gob.mx\/salud\/wp-content\/uploads\/sites\/32\/2022\/01\/POA-2022.pdf\" target=\"_blank\" rel=\"noopener noreferrer\">-POA 2022.<\/a><\/td>\n<\/tr>\n<tr>\n<td><\/td>\n<\/tr>\n<tr>\n<td><strong>PRESUPUESTO DE EGRESOS FEDERAL (P.A.T)<\/strong><\/p>\n<p><a href=\"https:\/\/www.oaxaca.gob.mx\/salud\/wp-content\/uploads\/sites\/32\/2022\/01\/1.-OFICIO-DE-AUTORIZACION-EJERCICIO-2022.pdf\" target=\"_blank\" rel=\"noopener noreferrer\">-OFICIO DGPYP-2386-2021.<\/a><br \/>\n<a href=\"https:\/\/www.oaxaca.gob.mx\/salud\/wp-content\/uploads\/sites\/32\/2022\/01\/2.-FOLIO-DE-ACEPTACION-DEL-EPEF.pdf\" target=\"_blank\" rel=\"noopener noreferrer\">-Folio Aceptaci\u00f3n del APOEF 2022.<\/a><br \/>\n<a href=\"https:\/\/www.oaxaca.gob.mx\/salud\/wp-content\/uploads\/sites\/32\/2022\/01\/3.-ESTRUCTURA-PROGRAMATICA-FEDERAL.pdf\" target=\"_blank\" rel=\"noopener noreferrer\">-Estructura Program\u00e1tica de la Entidad Federativa.<\/a><br \/>\n<a href=\"https:\/\/www.oaxaca.gob.mx\/salud\/wp-content\/uploads\/sites\/32\/2022\/01\/4.-PRESUPUESTO-CALENDARIZADO.pdf\" target=\"_blank\" rel=\"noopener noreferrer\">-Presupuesto Calendarizado Ajustado a Techo.<\/a><br \/>\n<a href=\"https:\/\/www.oaxaca.gob.mx\/salud\/wp-content\/uploads\/sites\/32\/2022\/01\/5.-RESUMEN-POR-ACTIVIDAD-INSTITUCIONAL.pdf\" target=\"_blank\" rel=\"noopener noreferrer\">-Resumen de Actividad Institucional Estatal.<\/a><br \/>\n<a href=\"https:\/\/www.oaxaca.gob.mx\/salud\/wp-content\/uploads\/sites\/32\/2022\/01\/6.-RESUMEN-POR-ACTIVIDAD-INSTITUCIONAL-Y-CAPITULO.pdf\" target=\"_blank\" rel=\"noopener noreferrer\">-Resumen por Actividad Institucional y Capitulo.<\/a><br \/>\n<a href=\"https:\/\/www.oaxaca.gob.mx\/salud\/wp-content\/uploads\/sites\/32\/2022\/01\/7.-RESUMEN-POR-SUBFUCION-Y-CAPITULO.pdf\" target=\"_blank\" rel=\"noopener noreferrer\">-Resumen por Subfunci\u00f3n y Capitulo.<\/a><br \/>\n<a href=\"https:\/\/www.oaxaca.gob.mx\/salud\/wp-content\/uploads\/sites\/32\/2022\/01\/8.-GOGI_I220.xlsx\" target=\"_blank\" rel=\"noopener noreferrer\">-GOGI_I220.<\/a><br \/>\n<a href=\"https:\/\/www.oaxaca.gob.mx\/salud\/wp-content\/uploads\/sites\/32\/2022\/01\/9.-PEFAC_I220.xlsx\" target=\"_blank\" rel=\"noopener noreferrer\">-PEFAC:I220.<\/a><\/td>\n<\/tr>\n<tr>\n<td align=\"left\"><strong>A\u00f1o 2021<\/strong><\/td>\n<\/tr>\n<tr>\n<td><strong>DECRETO DE PRESUPUESTO DE EGRESOS DEL ESTADO DE OAXACA<\/strong><\/p>\n<p><a href=\"https:\/\/www.oaxaca.gob.mx\/salud\/wp-content\/uploads\/sites\/32\/2022\/10\/Decreto-de-Presupuesto-de-Egresos-del-Estado-de-Oaxaca-Ejercicio-2021.pdf\" target=\"_blank\" rel=\"noopener noreferrer\">-2021.<\/a><\/td>\n<\/tr>\n<tr>\n<td><strong>PRESUPUESTO DE EGRESOS DEL ESTADO (P.O.A ESTATAL)<\/strong><\/p>\n<p><a href=\"https:\/\/www.oaxaca.gob.mx\/salud\/wp-content\/uploads\/sites\/32\/2022\/01\/POA-2021.pdf\" target=\"_blank\" rel=\"noopener noreferrer\">-POA 2021.<\/a><\/td>\n<\/tr>\n<tr>\n<td align=\"left\"><strong>A\u00f1o 2020<\/strong><\/td>\n<\/tr>\n<tr>\n<td><strong>DECRETO DE PRESUPUESTO DE EGRESOS DEL ESTADO DE OAXACA<\/strong><\/p>\n<p><a href=\"https:\/\/www.oaxaca.gob.mx\/salud\/wp-content\/uploads\/sites\/32\/2022\/10\/Decreto-Presupuesto-Egresos-del-Estado-de-Oaxaca-Ejercicio-2020.pdf\" target=\"_blank\" rel=\"noopener noreferrer\">-2020.<\/a><\/td>\n<\/tr>\n<tr>\n<td><strong>PRESUPUESTO DE EGRESOS DEL ESTADO (P.O.A ESTATAL)<\/strong><\/p>\n<p><a href=\"https:\/\/www.oaxaca.gob.mx\/salud\/wp-content\/uploads\/sites\/32\/2020\/06\/MINUTA-ENTREGA-POA-2020.pdf\" target=\"_blank\" rel=\"noopener noreferrer\">-MINUTA ENTREGA POA 2020.<\/a><br \/>\n<a href=\"https:\/\/www.oaxaca.gob.mx\/salud\/wp-content\/uploads\/sites\/32\/2020\/06\/OFICIO-9C-0287-2019-ENTREGA-POA-2020.pdf\" target=\"_blank\" rel=\"noopener noreferrer\">-OFICIO 9C-0287-2019 (ENTREGA POA 2020).<\/a><br \/>\n<a href=\"https:\/\/www.oaxaca.gob.mx\/salud\/wp-content\/uploads\/sites\/32\/2020\/06\/OFICIO-SF-SECYT-072-2020-OFICIO-DE-POA-2020.pdf\" target=\"_blank\" rel=\"noopener noreferrer\">-OFICIO SF-SECYT-072-2020 (OFICIO DE POA 2020).<\/a><br \/>\n<a href=\"https:\/\/www.oaxaca.gob.mx\/salud\/wp-content\/uploads\/sites\/32\/2020\/06\/OFICIO-SF-SECYT-111-2020-RESPUESTA-SEFIN-TOMOS-I-IV.pdf\" target=\"_blank\" rel=\"noopener noreferrer\">-OFICIO SF-SECYT-111-2020 (RESPUESTA SEFIN TOMOS I-IV).<\/a><br \/>\n<a href=\"https:\/\/www.oaxaca.gob.mx\/salud\/wp-content\/uploads\/sites\/32\/2020\/06\/POA-I-2020-PRIMERA-PARTE.pdf\" target=\"_blank\" rel=\"noopener noreferrer\">-POA I 2020 PRIMERA PARTE.<\/a><br \/>\n<a href=\"https:\/\/www.oaxaca.gob.mx\/salud\/wp-content\/uploads\/sites\/32\/2020\/06\/POA-I-2020-SEGUNDA-PARTE.pdf\" target=\"_blank\" rel=\"noopener noreferrer\">-POA I 2020 SEGUNDA PARTE.<\/a><br \/>\n<a href=\"https:\/\/www.oaxaca.gob.mx\/salud\/wp-content\/uploads\/sites\/32\/2020\/06\/POA-I-2020-TERCERA-PARTE.pdf\" target=\"_blank\" rel=\"noopener noreferrer\">-POA I 2020 TERCERA PARTE.<\/a><br \/>\n<a href=\"https:\/\/www.oaxaca.gob.mx\/salud\/wp-content\/uploads\/sites\/32\/2020\/06\/POA-I-2020-CUARTA-PARTE.pdf\" target=\"_blank\" rel=\"noopener noreferrer\">-POA I 2020 CUARTA PARTE.<\/a><br \/>\n<a href=\"https:\/\/www.oaxaca.gob.mx\/salud\/wp-content\/uploads\/sites\/32\/2020\/06\/POA-II-2020.pdf\" target=\"_blank\" rel=\"noopener noreferrer\">-POA II 2020.<\/a><br \/>\n<a href=\"https:\/\/www.oaxaca.gob.mx\/salud\/wp-content\/uploads\/sites\/32\/2020\/06\/POA-III-2020.pdf\" target=\"_blank\" rel=\"noopener noreferrer\">-POA III 2020.<\/a><br \/>\n<a href=\"https:\/\/www.oaxaca.gob.mx\/salud\/wp-content\/uploads\/sites\/32\/2020\/06\/POA-IV-2020.pdf\" target=\"_blank\" rel=\"noopener noreferrer\">-POA IV 2020.<\/a><\/td>\n<\/tr>\n<tr>\n<td><\/td>\n<\/tr>\n<tr>\n<td><strong>PRESUPUESTO DE EGRESOS FEDERAL (P.A.T)<\/strong><\/p>\n<p><a href=\"https:\/\/www.oaxaca.gob.mx\/salud\/wp-content\/uploads\/sites\/32\/2020\/06\/OFICIO-DGPYP-06-3623.pdf\" target=\"_blank\" rel=\"noopener noreferrer\">-OFICIO DGPYP-06-3623.<\/a><br \/>\n<a href=\"https:\/\/www.oaxaca.gob.mx\/salud\/wp-content\/uploads\/sites\/32\/2020\/06\/PAT-2020-GASTOS-DE-OPERACI\u00d3N-E-INVERSION.pdf\" target=\"_blank\" rel=\"noopener noreferrer\">-PAT 2020 (GASTOS DE OPERACI\u00d3N E INVERSI\u00d3N).<\/a><\/td>\n<\/tr>\n<tr>\n<td><\/td>\n<\/tr>\n<tr>\n<td align=\"left\"><strong>A\u00f1o 2019<\/strong><\/td>\n<\/tr>\n<tr>\n<td><strong>DECRETO DE PRESUPUESTO DE EGRESOS DEL ESTADO DE OAXACA<\/strong><\/p>\n<p><a href=\"https:\/\/www.oaxaca.gob.mx\/salud\/wp-content\/uploads\/sites\/32\/2022\/10\/Decreto-de-Presupuesto-de-Egresos-del-Estado-de-Oaxaca-Ejercicio-2019.pdf\" target=\"_blank\" rel=\"noopener noreferrer\">-2019.<\/a><\/td>\n<\/tr>\n<tr>\n<td><strong>PRESUPUESTO DE EGRESOS DEL ESTADO (P.O.A ESTATAL)<\/strong><\/p>\n<p><a href=\"https:\/\/www.oaxaca.gob.mx\/salud\/wp-content\/uploads\/sites\/32\/2019\/11\/1.-OFICIO-PRESUPUESTO-APROBADO2.pdf\" target=\"_blank\" rel=\"noopener noreferrer\">-OFICIO PRESUPUESTO APROBADO.<\/a><br \/>\n<a href=\"https:\/\/www.oaxaca.gob.mx\/salud\/wp-content\/uploads\/sites\/32\/2019\/11\/2.-RESPUESTA-A-OFIC.-2019ADICIONALES.pdf\" target=\"_blank\" rel=\"noopener noreferrer\">-RESPUESTA A OFIC. 2019(ADICIONALES).<\/a><br \/>\n<a href=\"https:\/\/www.oaxaca.gob.mx\/salud\/wp-content\/uploads\/sites\/32\/2019\/11\/3.-ENTREGA-POA-2019.pdf\" target=\"_blank\" rel=\"noopener noreferrer\">-ENTREGA POA 2019.<\/a><br \/>\n<a href=\"https:\/\/www.oaxaca.gob.mx\/salud\/wp-content\/uploads\/sites\/32\/2019\/11\/4.-MINUTA-ENTREGA-RECEPCION-POA-2019.pdf\" target=\"_blank\" rel=\"noopener noreferrer\">-MINUTA ENTREGA RECEPCI\u00d3N POA 2019.<\/a><br \/>\n<a href=\"https:\/\/www.oaxaca.gob.mx\/salud\/wp-content\/uploads\/sites\/32\/2019\/11\/5.-POA-2019-TOMO-I.pdf\" target=\"_blank\" rel=\"noopener noreferrer\">-POA 2019 TOMO I.<\/a><br \/>\n<a href=\"https:\/\/www.oaxaca.gob.mx\/salud\/wp-content\/uploads\/sites\/32\/2019\/11\/6.-POA-2019-TOMO-II.pdf\" target=\"_blank\" rel=\"noopener noreferrer\">-POA 2019 TOMO II.<\/a><br \/>\n<a href=\"https:\/\/www.oaxaca.gob.mx\/salud\/wp-content\/uploads\/sites\/32\/2019\/11\/7.-POA-2019-TOMO-III.pdf\" target=\"_blank\" rel=\"noopener noreferrer\">-POA 2019 TOMO III.<\/a><br \/>\n<a href=\"https:\/\/www.oaxaca.gob.mx\/salud\/wp-content\/uploads\/sites\/32\/2019\/11\/8.-POA-2019-TOMO-IV.pdf\" target=\"_blank\" rel=\"noopener noreferrer\">-POA 2019 TOMO IV.<\/a><\/td>\n<\/tr>\n<tr>\n<td><\/td>\n<\/tr>\n<\/tbody>\n<\/table>\n","protected":false},"excerpt":{"rendered":"<p>PROGRAMA ANUAL OPERATIVO. DIRECCI\u00d3N DE PLANEACI\u00d3N Y DESARROLLO. DEPARTAMENTO DE PLANEACI\u00d3N Y PROGRAMACI\u00d3N. &nbsp; &nbsp; A\u00f1o 2026 DECRETO DE PRESUPUESTO DE EGRESOS DEL ESTADO DE OAXACA PRESUPUESTO DE EGRESOS DEL ESTADO (P.O.A ESTATAL) -Programa Operativo Anual. A\u00f1o 2025 DECRETO DE PRESUPUESTO DE EGRESOS DEL ESTADO DE OAXACA PRESUPUESTO DE EGRESOS DEL ESTADO (P.O.A ESTATAL) -Programa [&hellip;]<\/p>\n","protected":false},"author":41,"featured_media":0,"parent":0,"menu_order":0,"comment_status":"closed","ping_status":"closed","template":"","meta":{"episode_type":"","audio_file":"","podmotor_file_id":"","podmotor_episode_id":"","cover_image":"","cover_image_id":"","duration":"","filesize":"","filesize_raw":"","date_recorded":"","explicit":"","block":"","itunes_episode_number":"","itunes_title":"","itunes_season_number":"","itunes_episode_type":"","footnotes":""},"categories":[],"tags":[],"class_list":["post-8814","page","type-page","status-publish","hentry"],"acf":[],"publishpress_future_action":{"enabled":false,"date":"2026-05-11 06:09:32","action":"change-status","newStatus":"draft","terms":[],"taxonomy":"category","extraData":[]},"publishpress_future_workflow_manual_trigger":{"enabledWorkflows":[]},"_links":{"self":[{"href":"https:\/\/www.oaxaca.gob.mx\/salud\/wp-json\/wp\/v2\/pages\/8814","targetHints":{"allow":["GET"]}}],"collection":[{"href":"https:\/\/www.oaxaca.gob.mx\/salud\/wp-json\/wp\/v2\/pages"}],"about":[{"href":"https:\/\/www.oaxaca.gob.mx\/salud\/wp-json\/wp\/v2\/types\/page"}],"author":[{"embeddable":true,"href":"https:\/\/www.oaxaca.gob.mx\/salud\/wp-json\/wp\/v2\/users\/41"}],"replies":[{"embeddable":true,"href":"https:\/\/www.oaxaca.gob.mx\/salud\/wp-json\/wp\/v2\/comments?post=8814"}],"version-history":[{"count":2,"href":"https:\/\/www.oaxaca.gob.mx\/salud\/wp-json\/wp\/v2\/pages\/8814\/revisions"}],"predecessor-version":[{"id":12108,"href":"https:\/\/www.oaxaca.gob.mx\/salud\/wp-json\/wp\/v2\/pages\/8814\/revisions\/12108"}],"wp:attachment":[{"href":"https:\/\/www.oaxaca.gob.mx\/salud\/wp-json\/wp\/v2\/media?parent=8814"}],"wp:term":[{"taxonomy":"category","embeddable":true,"href":"https:\/\/www.oaxaca.gob.mx\/salud\/wp-json\/wp\/v2\/categories?post=8814"},{"taxonomy":"post_tag","embeddable":true,"href":"https:\/\/www.oaxaca.gob.mx\/salud\/wp-json\/wp\/v2\/tags?post=8814"}],"curies":[{"name":"wp","href":"https:\/\/api.w.org\/{rel}","templated":true}]}}