{"id":8753,"date":"2019-10-08T12:19:10","date_gmt":"2019-10-08T17:19:10","guid":{"rendered":"https:\/\/www.oaxaca.gob.mx\/salud\/?page_id=8753"},"modified":"2019-10-08T12:24:43","modified_gmt":"2019-10-08T17:24:43","slug":"volumen-6-numero-3-julio-septiembre-2019","status":"publish","type":"page","link":"https:\/\/www.oaxaca.gob.mx\/salud\/volumen-6-numero-3-julio-septiembre-2019\/","title":{"rendered":"Volumen 6, N\u00famero 3, (Julio-Septiembre 2019)"},"content":{"rendered":"<p>Portada N\u00fam. 3 Vol. 6 2019 <a href=\"https:\/\/www.oaxaca.gob.mx\/salud\/wp-content\/uploads\/sites\/32\/2019\/10\/portada-julio-septiembre-2019-.pdf\" target=\"_blank\" rel=\"noopener noreferrer\"><i class=\"far fa-file-pdf fa-2x\">\u00a0<\/i><\/a><br \/>\nVolumen 6, N\u00famero 3 2019<br \/>\nComit\u00e9 Editorial <a href=\"https:\/\/www.oaxaca.gob.mx\/salud\/wp-content\/uploads\/sites\/32\/2019\/10\/comite-editorial.pdf\" target=\"_blank\" rel=\"noopener noreferrer\"><i class=\"far fa-file-pdf fa-2x\">\u00a0<\/i><\/a><br \/>\nVolumen 6, N\u00famero 3 2019<br \/>\nContenido <a href=\"https:\/\/www.oaxaca.gob.mx\/salud\/wp-content\/uploads\/sites\/32\/2019\/10\/contenido.pdf\" target=\"_blank\" rel=\"noopener noreferrer\"><i class=\"far fa-file-pdf fa-2x\">\u00a0<\/i><\/a><\/p>\n<p>Volumen 6, N\u00famero 3 2019 ( Art\u00edculo Original 1)<br \/>\nEl duelo en pacientes con diagn\u00f3stico reciente de diabetes mellitus tipo 2 en la UMF 65 del IMSS,Oaxaca.<br \/>\n<a href=\"https:\/\/www.oaxaca.gob.mx\/salud\/wp-content\/uploads\/sites\/32\/2019\/10\/Art\u00edculo-Original_Duelo-y-diabetes.pdf\" target=\"_blank\" rel=\"noopener noreferrer\"><i class=\"far fa-file-pdf fa-2x\">\u00a0<\/i><\/a><br \/>\nMarcial-Ventura GA,1 Lugo-Radillo A,2,3 Elizarrar\u00e1s-Rivas J,3,4 Contreras-Garc\u00eda CM,5 Elizarrar\u00e1s-Cruz JD,3 Herrera-Lugo KG,6 Cruz-Jim\u00e9nez FE,7 Escobar-V\u00e1zquez M.8<\/p>\n<p>Volumen 6, N\u00famero 3 2019 ( Art\u00edculo Original 2)<br \/>\nEficacia de la detenci\u00f3n de la cabeza fetal vs maniobra de Ritgen modificada para evitar trauma perineal en la atenci\u00f3n de parto.<a href=\"https:\/\/www.oaxaca.gob.mx\/salud\/wp-content\/uploads\/sites\/32\/2019\/10\/Art\u00edculo-Original_Eficacia-maniobra-Ritgen.pdf\" target=\"_blank\" rel=\"noopener noreferrer\"><i class=\"far fa-file-pdf fa-2x\">\u00a0<\/i><\/a><br \/>\nS\u00e1nchez-Sarabia D,1 Ruiz-Hern\u00e1ndez E,2 G\u00f3ngora-Carl\u00edn MA,3 Hern\u00e1ndez-Bernardino G,4 S\u00e1nchez-S\u00e1nchez M,5 Vel\u00e1squez-Paz AL6<\/p>\n<p>Volumen 6, N\u00famero 3 2019 (Art\u00edculo Original 3)<br \/>\nMorbilidad y mortalidad obst\u00e9trica en un hospital de segundo nivel del estado de Oaxaca. <a href=\"https:\/\/www.oaxaca.gob.mx\/salud\/wp-content\/uploads\/sites\/32\/2019\/10\/Art\u00edculo-Original_Morbimortalidad-obst\u00e9trica.pdf\" target=\"_blank\" rel=\"noopener noreferrer\"><i class=\"far fa-file-pdf fa-2x\">\u00a0<\/i><\/a><br \/>\nHern\u00e1ndez-Hern\u00e1ndez S,1 R\u00edos-Arias G,2 Hern\u00e1ndez-Bernardino G,3 S\u00e1nchez-S\u00e1nchez M,4 Vel\u00e1squez-Paz AL5<\/p>\n<p>Volumen 6, N\u00famero 3 2019 (Caso Cl\u00ednico 4)<br \/>\nPerforaci\u00f3n espont\u00e1nea neonatal de \u00edleon proximal secundaria a angiodisplasia intestinal:Reporte de un caso. <a href=\"https:\/\/www.oaxaca.gob.mx\/salud\/wp-content\/uploads\/sites\/32\/2019\/10\/Caso-clinico_Perforaci\u00f3n-espont\u00e1nea-neonatal.pdf\" target=\"_blank\" rel=\"noopener noreferrer\"><i class=\"far fa-file-pdf fa-2x\">\u00a0<\/i><\/a><br \/>\nL\u00f3pez-Cruz G,1,2 Pacheco-Barete CF,1 L\u00f3pez-D\u00edas AV,3 Rodr\u00edguez-Garc\u00eda J,1 Ju\u00e1rez- Mesinas D,4 Reyes-G\u00f3mez U,5 L\u00f3pez SS,6 Montes-Rivera L,6 Coronado-Garc\u00eda R,7 Reyes- Hern\u00e1ndez K5<\/p>\n","protected":false},"excerpt":{"rendered":"<p>Portada N\u00fam. 3 Vol. 6 2019 \u00a0 Volumen 6, N\u00famero 3 2019 Comit\u00e9 Editorial \u00a0 Volumen 6, N\u00famero 3 2019 Contenido \u00a0 Volumen 6, N\u00famero 3 2019 ( Art\u00edculo Original 1) El duelo en pacientes con diagn\u00f3stico reciente de diabetes mellitus tipo 2 en la UMF 65 del IMSS,Oaxaca. \u00a0 Marcial-Ventura GA,1 Lugo-Radillo A,2,3 Elizarrar\u00e1s-Rivas [&hellip;]<\/p>\n","protected":false},"author":41,"featured_media":0,"parent":0,"menu_order":0,"comment_status":"closed","ping_status":"closed","template":"","meta":{"episode_type":"","audio_file":"","podmotor_file_id":"","podmotor_episode_id":"","cover_image":"","cover_image_id":"","duration":"","filesize":"","filesize_raw":"","date_recorded":"","explicit":"","block":"","itunes_episode_number":"","itunes_title":"","itunes_season_number":"","itunes_episode_type":"","footnotes":""},"categories":[],"tags":[],"class_list":["post-8753","page","type-page","status-publish","hentry"],"acf":[],"publishpress_future_action":{"enabled":false,"date":"2026-05-11 07:40:19","action":"change-status","newStatus":"draft","terms":[],"taxonomy":"category","extraData":[]},"publishpress_future_workflow_manual_trigger":{"enabledWorkflows":[]},"_links":{"self":[{"href":"https:\/\/www.oaxaca.gob.mx\/salud\/wp-json\/wp\/v2\/pages\/8753","targetHints":{"allow":["GET"]}}],"collection":[{"href":"https:\/\/www.oaxaca.gob.mx\/salud\/wp-json\/wp\/v2\/pages"}],"about":[{"href":"https:\/\/www.oaxaca.gob.mx\/salud\/wp-json\/wp\/v2\/types\/page"}],"author":[{"embeddable":true,"href":"https:\/\/www.oaxaca.gob.mx\/salud\/wp-json\/wp\/v2\/users\/41"}],"replies":[{"embeddable":true,"href":"https:\/\/www.oaxaca.gob.mx\/salud\/wp-json\/wp\/v2\/comments?post=8753"}],"version-history":[{"count":2,"href":"https:\/\/www.oaxaca.gob.mx\/salud\/wp-json\/wp\/v2\/pages\/8753\/revisions"}],"predecessor-version":[{"id":8756,"href":"https:\/\/www.oaxaca.gob.mx\/salud\/wp-json\/wp\/v2\/pages\/8753\/revisions\/8756"}],"wp:attachment":[{"href":"https:\/\/www.oaxaca.gob.mx\/salud\/wp-json\/wp\/v2\/media?parent=8753"}],"wp:term":[{"taxonomy":"category","embeddable":true,"href":"https:\/\/www.oaxaca.gob.mx\/salud\/wp-json\/wp\/v2\/categories?post=8753"},{"taxonomy":"post_tag","embeddable":true,"href":"https:\/\/www.oaxaca.gob.mx\/salud\/wp-json\/wp\/v2\/tags?post=8753"}],"curies":[{"name":"wp","href":"https:\/\/api.w.org\/{rel}","templated":true}]}}